{"id":1157,"date":"2020-08-24T12:53:00","date_gmt":"2020-08-24T12:53:00","guid":{"rendered":"https:\/\/info.cashtocode.com\/?page_id=1157"},"modified":"2026-01-14T05:56:27","modified_gmt":"2026-01-14T05:56:27","slug":"cashtocode-paypal","status":"publish","type":"page","link":"https:\/\/info.cashtocode.com\/de\/bezahlen\/cashtocode-paypal\/","title":{"rendered":"Kann ich CashtoCode per Paypal kaufen?"},"content":{"rendered":"\n<p>CashtoCode per Paypal bezahlen ist nicht m\u00f6glich und widerspricht dem Konzept von CashtoCode \u201e<strong><a href=\"https:\/\/info.cashtocode.com\/de\/bezahlen\/diskret-bezahlen-im-internet\/\">bar im Internet bezahlen<\/a><\/strong>\u201c. Daher ist ein Kauf von CashtoCode \u00fcber Paypal nicht m\u00f6glich.\u00a0<\/p>\n\n\n\n<p>Im Gegensatz zu anderen Bezahlmethoden bietet <a href=\"https:\/\/info.cashtocode.com\/de\/\">Cash to Code<\/a> den Vorteil, dass du keine sensiblen Daten angeben musst, wenn du CashtoCode als Bezahlmethode im Internet verwendest. Das hat den Vorteil, dass du vollkommen sicher bar im Internet bezahlen kannst, ohne Kreditkarteninformationen oder Bankdetails angeben zu m\u00fcssen. W\u00fcrdest du CashtoCode per Paypal bezahlen, dann w\u00e4re eben dieser Vorteil hinf\u00e4llig.<\/p>\n\n\n\n<p><strong>Zusammengefasst: <\/strong>Cash to Code online kaufen mit PayPal ist nicht m\u00f6glich. Es gibt keinen Voucher, den du online kaufen kannst. Vielmehr bietet Cash to Code dir die M\u00f6glichkeit, direkt vor Ort in einer der \u00fcber 550.000 Filialen zu bezahlen. <\/p>\n\n\n\n<h2 class=\"wp-block-heading\" id=\"cashtocode-und-paypal-unterschiede-und-gemeinsamkeiten\">CashtoCode und Paypal: Unterschiede und Gemeinsamkeiten<\/h2>\n\n\n\n<p>Sowohl CashtoCode als auch Paypal gelten als <strong>sichere Bezahlmethoden.<\/strong> Dabei ist Paypal im Vergleich zu CashtoCode wie ein digitales Portemonnaie. Du erstellst bei Paypal ein Konto und hinterlegst dort deine Bankdaten oder Kreditkarteninformationen. Die Zahlung erfolgt dann durch Einloggen mit E-Mail-Adresse und Passwort. Obwohl beim Bezahlvorgang keine Bank- oder Kreditkartendaten angegeben werden m\u00fcssen, sind diese mit dem Paypal-Konto verkn\u00fcpft, wodurch eine anonyme Zahlung nicht m\u00f6glich ist.<\/p>\n\n\n\n<p>CashtoCode hingegen setzt auf eine g\u00e4nzlich andere Methode: F\u00fcr die Nutzung von CashtoCode ist keine Kontoerstellung oder Registrierung erforderlich, und es m\u00fcssen keine pers\u00f6nlichen Daten angegeben werden. Die Zahlungen erfolgen in einer der vielen CashtoCode Verkaufsstellen, entweder in bar oder mit einer Debitkarte, ohne dass eine Guthabenkarte erworben werden muss. Diese Art der Zahlung ist vollkommen diskret und nicht nachverfolgbar, wodurch <a href=\"https:\/\/info.cashtocode.com\/de\/bezahlen\/paypal-alternative\/\">CashtoCode im Vergleich zu PayPal <\/a>zur idealen Option f\u00fcr vertrauliche Online-Zahlungen wird.<\/p>\n\n\n\n<h2 class=\"wp-block-heading\" id=\"cashtocode-paypal-paysafecard-die-unterschiede\">CashtoCode, Paypal & Paysafecard: Die Unterschiede<\/h2>\n\n\n\n<h3 class=\"wp-block-heading\" id=\"paypal-im-vergleich-zu-cashtocode\">Paypal im Vergleich zu CashtoCode<\/h3>\n\n\n\n<p>\u00dcber Paypal k\u00f6nnen Kunden online bezahlen und \u00fcber die Nutzeroberfl\u00e4che von Paypal selbst in vielen Webshops ihre K\u00e4ufe t\u00e4tigen. Hier m\u00fcssen keine Kreditkarten oder Bankkarten direkt bei der Bezahlung eingegeben werden, allerdings m\u00fcssen diese hinterlegt werden im Paypal-Konto, d.&nbsp;h. indirekt werden diese Zahlungsdetails trotzdem ben\u00f6tigt. Diskretes Zahlen ist bei Paypal nicht m\u00f6glich, da in dem Konto pers\u00f6nliche Daten wie die Adresse oder Bankdetails hinterlegt werden m\u00fcssen.<\/p>\n\n\n\n<h3 class=\"wp-block-heading\" id=\"paysafecard-und-cashtocode-die-unterschiede\">Paysafecard und CashtoCode: Die Unterschiede<\/h3>\n\n\n\n<p>Im Gegensatz zu Paypal kann man sowohl mit Paysafecard als auch mit CashtoCode sicher online bar bezahlen, ohne dabei Kontoverbindungen oder Kreditkartennummern beim Zahlen einzugeben. Der Hauptunterschied zwischen beiden Bezahlmethoden ist, dass mit CashtoCode weitaus h\u00f6here Betr\u00e4ge pro Transaktion get\u00e4tigt werden k\u00f6nnen als mit Paysafecard. <\/p>\n\n\n\n<p>Ein weiterer Vorteil von CashtoCode ist die einfache Handhabung, da kein 16-stelliger Code eingegeben werden muss. Stattdessen erfolgt die Bezahlung direkt und unkompliziert in einer der vielen CashtoCode Filialen. Obwohl es sich bei beiden Optionen um Prepaid-L\u00f6sungen handelt, bietet die <a href=\"https:\/\/info.cashtocode.com\/de\/bezahlen\/paysafecard-alternative\/\">Paysafecard Alternative CashtoCode<\/a> daher einige entscheidende Vorteile. <\/p>\n\n\n\n<div class=\"wp-block-greenshift-blocks-button gspb_button_wrapper gspb_button-id-gsbp-183a01ad-e2c6 button-internal-linking-bottom-margin\" id=\"gspb_button-id-gsbp-183a01ad-e2c6\"><a class=\"gspb-buttonbox\" href=\"https:\/\/info.cashtocode.com\/de-de\/cashtocode-verwenden\/\" rel=\"noopener\"><span class=\"gspb-buttonbox-textwrap\"><span class=\"gspb-buttonbox-text\"><span class=\"gspb-buttonbox-title\">CashtoCode verwenden<\/span><\/span><\/span><\/a><\/div>\n\n\n\n<h2 class=\"wp-block-heading\" id=\"faq\">FAQ<\/h2>\n\n\n\n<div class=\"schema-faq wp-block-yoast-faq-block\"><div class=\"schema-faq-section\" id=\"faq-question-1681907510739\"><strong class=\"schema-faq-question\">Kann ich CashtoCode mit PayPal kaufen?<\/strong> <p class=\"schema-faq-answer\">CashtoCode mit Paypal kaufen ist nicht m\u00f6glich. F\u00fcr jede Einzahlung erstellst du mit CashtoCode einen sicheren Barcode, den du vor Ort in einer der \u00fcber 550.000 CashtoCode Filialen vorzeigst und bar einzahlst.<\/p> <\/div> <div class=\"schema-faq-section\" id=\"faq-question-1681923634910\"><strong class=\"schema-faq-question\">Ist CashtoCode genauso sicher wie PayPal?<\/strong> <p class=\"schema-faq-answer\">Ja! CashtoCode ist 100% sicher, da du deine Einzahlungen bar in einer der Filialen vornimmst. Dadurch erfolgt deine Bezahlung diskret und kann nicht von Dritten eingesehen werden.<\/p> <\/div> <div class=\"schema-faq-section\" id=\"faq-question-1681923655555\"><strong class=\"schema-faq-question\">Kann ich mit PayPal CashtoCode Guthaben kaufen?<\/strong> <p class=\"schema-faq-answer\">Es gibt kein CashtoCode Guthaben und daher ist ein CashtoCode Guthaben Kauf mit Paypal auch nicht m\u00f6glich. Mit CashtoCode kannst du diskret im Internet bezahlen. Du erstellst f\u00fcr jede Einzahlung einen Barcode, den du vor Ort in einer der Filialen vorzeigst und anschlie\u00dfend bar einzahlst.<\/p> <\/div> <div class=\"schema-faq-section\" id=\"faq-question-1681923678498\"><strong class=\"schema-faq-question\">Ist CashtoCode im Gegensatz zu PayPal eine diskrete Bezahlmethode?<\/strong> <p class=\"schema-faq-answer\">CashtoCode ist 100% sicher und diskret. Deine Einzahlungen erfolgen bar in einer\u00a0<a href=\"https:\/\/info.cashtocode.com\/de\/hilfe\/verkaufsstellen\/filialen\/\">CashtoCode Filiale<\/a>. Ein Konto musst du bei CashtoCode nicht erstellen und auch eine Registrierung ist nicht notwendig. Beim Bezahlen mit CashtoCode werden keinerlei pers\u00f6nliche oder sensible Daten offengelegt.<\/p> <\/div> <\/div>\n","protected":false},"excerpt":{"rendered":"<p>CashtoCode per Paypal bezahlen ist nicht m\u00f6glich und widerspricht dem Konzept von CashtoCode \u201ebar im Internet bezahlen\u201c. Daher ist ein Kauf von CashtoCode \u00fcber Paypal nicht m\u00f6glich.\u00a0 Im Gegensatz zu anderen Bezahlmethoden bietet Cash to Code den Vorteil, dass du keine sensiblen Daten angeben musst, wenn du CashtoCode als Bezahlmethode im Internet verwendest. Das hat [&hellip;]<\/p>\n","protected":false},"author":18,"featured_media":634245,"parent":615426,"menu_order":0,"comment_status":"closed","ping_status":"closed","template":"","meta":{"_acf_changed":false,"_gspb_post_css":".gspb_button-id-gsbp-183a01ad-e2c6{display:flex;justify-content:flex-start}.gspb_button-id-gsbp-183a01ad-e2c6 .gspb-buttonbox-text{display:flex;flex-direction:column}.gspb_button-id-gsbp-183a01ad-e2c6>.gspb-buttonbox{display:inline-block;padding:13px 26px;background-color:#00d084;text-decoration:none!important;color:#fff;font-size:16px;line-height:16px;position:relative;z-index:0;cursor:pointer;box-sizing:border-box}","footnotes":""},"categories":[],"tags":[],"class_list":["post-1157","page","type-page","status-publish","has-post-thumbnail","hentry"],"acf":[],"yoast_head":"<!-- This site is optimized with the Yoast SEO Premium plugin v26.3 (Yoast SEO v26.3) - https:\/\/yoast.com\/wordpress\/plugins\/seo\/ -->\n<title>CashtoCode per Paypal kaufen? | Diskret bezahlen in 2026<\/title>\n<meta name=\"description\" content=\"Erfahre, warum du CashtoCode nicht per Paypal kaufen kannst und worin sich die beiden Bezahlmethoden unterscheiden.\" \/>\n<meta name=\"robots\" content=\"index, follow, max-snippet:-1, max-image-preview:large, max-video-preview:-1\" \/>\n<link rel=\"canonical\" href=\"https:\/\/info.cashtocode.com\/de\/bezahlen\/cashtocode-paypal\/\" \/>\n<meta name=\"twitter:card\" content=\"summary_large_image\" \/>\n<meta name=\"twitter:title\" content=\"CashtoCode per Paypal kaufen? | Diskret bezahlen in 2026\" \/>\n<meta name=\"twitter:description\" content=\"Erfahre, warum du CashtoCode nicht per Paypal kaufen kannst und worin sich die beiden Bezahlmethoden unterscheiden.\" \/>\n<meta name=\"twitter:image\" content=\"https:\/\/info.cashtocode.com\/wp-content\/uploads\/2023\/12\/CashtoCode-per-Paypal-kaufen.jpg\" \/>\n<meta name=\"twitter:label1\" content=\"Gesch\u00e4tzte Lesezeit\" \/>\n\t<meta name=\"twitter:data1\" content=\"3\u00a0Minuten\" \/>\n<script type=\"application\/ld+json\" class=\"yoast-schema-graph\">{\"@context\":\"https:\/\/schema.org\",\"@graph\":[{\"@type\":[\"WebPage\",\"FAQPage\"],\"@id\":\"https:\/\/info.cashtocode.com\/de\/bezahlen\/cashtocode-paypal\/\",\"url\":\"https:\/\/info.cashtocode.com\/de\/bezahlen\/cashtocode-paypal\/\",\"name\":\"CashtoCode per Paypal kaufen? | Diskret bezahlen in 2026\",\"isPartOf\":{\"@id\":\"https:\/\/info.cashtocode.com\/de\/#website\"},\"primaryImageOfPage\":{\"@id\":\"https:\/\/info.cashtocode.com\/de\/bezahlen\/cashtocode-paypal\/#primaryimage\"},\"image\":{\"@id\":\"https:\/\/info.cashtocode.com\/de\/bezahlen\/cashtocode-paypal\/#primaryimage\"},\"thumbnailUrl\":\"https:\/\/info.cashtocode.com\/wp-content\/uploads\/2023\/12\/CashtoCode-per-Paypal-kaufen.jpg\",\"datePublished\":\"2020-08-24T12:53:00+00:00\",\"dateModified\":\"2026-01-14T05:56:27+00:00\",\"description\":\"Erfahre, warum du CashtoCode nicht per Paypal kaufen kannst und worin sich die beiden Bezahlmethoden unterscheiden.\",\"breadcrumb\":{\"@id\":\"https:\/\/info.cashtocode.com\/de\/bezahlen\/cashtocode-paypal\/#breadcrumb\"},\"mainEntity\":[{\"@id\":\"https:\/\/info.cashtocode.com\/de\/bezahlen\/cashtocode-paypal\/#faq-question-1681907510739\"},{\"@id\":\"https:\/\/info.cashtocode.com\/de\/bezahlen\/cashtocode-paypal\/#faq-question-1681923634910\"},{\"@id\":\"https:\/\/info.cashtocode.com\/de\/bezahlen\/cashtocode-paypal\/#faq-question-1681923655555\"},{\"@id\":\"https:\/\/info.cashtocode.com\/de\/bezahlen\/cashtocode-paypal\/#faq-question-1681923678498\"}],\"inLanguage\":\"de\",\"potentialAction\":[{\"@type\":\"ReadAction\",\"target\":[\"https:\/\/info.cashtocode.com\/de\/bezahlen\/cashtocode-paypal\/\"]}]},{\"@type\":\"ImageObject\",\"inLanguage\":\"de\",\"@id\":\"https:\/\/info.cashtocode.com\/de\/bezahlen\/cashtocode-paypal\/#primaryimage\",\"url\":\"https:\/\/info.cashtocode.com\/wp-content\/uploads\/2023\/12\/CashtoCode-per-Paypal-kaufen.jpg\",\"contentUrl\":\"https:\/\/info.cashtocode.com\/wp-content\/uploads\/2023\/12\/CashtoCode-per-Paypal-kaufen.jpg\",\"width\":1200,\"height\":628,\"caption\":\"CashtoCode per Paypal kaufen\"},{\"@type\":\"BreadcrumbList\",\"@id\":\"https:\/\/info.cashtocode.com\/de\/bezahlen\/cashtocode-paypal\/#breadcrumb\",\"itemListElement\":[{\"@type\":\"ListItem\",\"position\":1,\"name\":\"Bezahlmethoden Vergleich \u2013 wer hat die Nase vorn?\",\"item\":\"https:\/\/info.cashtocode.com\/de\/bezahlen\/\"},{\"@type\":\"ListItem\",\"position\":2,\"name\":\"Kann ich CashtoCode per Paypal kaufen?\"}]},{\"@type\":\"WebSite\",\"@id\":\"https:\/\/info.cashtocode.com\/de\/#website\",\"url\":\"https:\/\/info.cashtocode.com\/de\/\",\"name\":\"CashtoCode Infoportal | Bar Bezahlen Im Internet leicht gemacht\u27a1\ufe0f\",\"description\":\"\",\"publisher\":{\"@id\":\"https:\/\/info.cashtocode.com\/de\/#organization\"},\"potentialAction\":[{\"@type\":\"SearchAction\",\"target\":{\"@type\":\"EntryPoint\",\"urlTemplate\":\"https:\/\/info.cashtocode.com\/de\/?s={search_term_string}\"},\"query-input\":{\"@type\":\"PropertyValueSpecification\",\"valueRequired\":true,\"valueName\":\"search_term_string\"}}],\"inLanguage\":\"de\"},{\"@type\":\"Organization\",\"@id\":\"https:\/\/info.cashtocode.com\/de\/#organization\",\"name\":\"CashtoCode Infoportal | Bar Bezahlen Im Internet leicht gemacht\u27a1\ufe0f\",\"url\":\"https:\/\/info.cashtocode.com\/de\/\",\"logo\":{\"@type\":\"ImageObject\",\"inLanguage\":\"de\",\"@id\":\"https:\/\/info.cashtocode.com\/de\/#\/schema\/logo\/image\/\",\"url\":\"https:\/\/info.cashtocode.com\/wp-content\/uploads\/2023\/12\/cashtocode-infoportal-logo.webp\",\"contentUrl\":\"https:\/\/info.cashtocode.com\/wp-content\/uploads\/2023\/12\/cashtocode-infoportal-logo.webp\",\"width\":833,\"height\":248,\"caption\":\"CashtoCode Infoportal | Bar Bezahlen Im Internet leicht gemacht\u27a1\ufe0f\"},\"image\":{\"@id\":\"https:\/\/info.cashtocode.com\/de\/#\/schema\/logo\/image\/\"}},{\"@type\":\"Question\",\"@id\":\"https:\/\/info.cashtocode.com\/de\/bezahlen\/cashtocode-paypal\/#faq-question-1681907510739\",\"position\":1,\"url\":\"https:\/\/info.cashtocode.com\/de\/bezahlen\/cashtocode-paypal\/#faq-question-1681907510739\",\"name\":\"Kann ich CashtoCode mit PayPal kaufen?\",\"answerCount\":1,\"acceptedAnswer\":{\"@type\":\"Answer\",\"text\":\"CashtoCode mit Paypal kaufen ist nicht m\u00f6glich. F\u00fcr jede Einzahlung erstellst du mit CashtoCode einen sicheren Barcode, den du vor Ort in einer der \u00fcber 550.000 CashtoCode Filialen vorzeigst und bar einzahlst.\",\"inLanguage\":\"de\"},\"inLanguage\":\"de\"},{\"@type\":\"Question\",\"@id\":\"https:\/\/info.cashtocode.com\/de\/bezahlen\/cashtocode-paypal\/#faq-question-1681923634910\",\"position\":2,\"url\":\"https:\/\/info.cashtocode.com\/de\/bezahlen\/cashtocode-paypal\/#faq-question-1681923634910\",\"name\":\"Ist CashtoCode genauso sicher wie PayPal?\",\"answerCount\":1,\"acceptedAnswer\":{\"@type\":\"Answer\",\"text\":\"Ja! CashtoCode ist 100% sicher, da du deine Einzahlungen bar in einer der Filialen vornimmst. Dadurch erfolgt deine Bezahlung diskret und kann nicht von Dritten eingesehen werden.\",\"inLanguage\":\"de\"},\"inLanguage\":\"de\"},{\"@type\":\"Question\",\"@id\":\"https:\/\/info.cashtocode.com\/de\/bezahlen\/cashtocode-paypal\/#faq-question-1681923655555\",\"position\":3,\"url\":\"https:\/\/info.cashtocode.com\/de\/bezahlen\/cashtocode-paypal\/#faq-question-1681923655555\",\"name\":\"Kann ich mit PayPal CashtoCode Guthaben kaufen?\",\"answerCount\":1,\"acceptedAnswer\":{\"@type\":\"Answer\",\"text\":\"Es gibt kein CashtoCode Guthaben und daher ist ein CashtoCode Guthaben Kauf mit Paypal auch nicht m\u00f6glich. Mit CashtoCode kannst du diskret im Internet bezahlen. Du erstellst f\u00fcr jede Einzahlung einen Barcode, den du vor Ort in einer der Filialen vorzeigst und anschlie\u00dfend bar einzahlst.\",\"inLanguage\":\"de\"},\"inLanguage\":\"de\"},{\"@type\":\"Question\",\"@id\":\"https:\/\/info.cashtocode.com\/de\/bezahlen\/cashtocode-paypal\/#faq-question-1681923678498\",\"position\":4,\"url\":\"https:\/\/info.cashtocode.com\/de\/bezahlen\/cashtocode-paypal\/#faq-question-1681923678498\",\"name\":\"Ist CashtoCode im Gegensatz zu PayPal eine diskrete Bezahlmethode?\",\"answerCount\":1,\"acceptedAnswer\":{\"@type\":\"Answer\",\"text\":\"CashtoCode ist 100% sicher und diskret. Deine Einzahlungen erfolgen bar in einer\u00a0<a href=\\\"https:\/\/info.cashtocode.com\/de\/hilfe\/verkaufsstellen\/filialen\/\\\">CashtoCode Filiale<\/a>. Ein Konto musst du bei CashtoCode nicht erstellen und auch eine Registrierung ist nicht notwendig. Beim Bezahlen mit CashtoCode werden keinerlei pers\u00f6nliche oder sensible Daten offengelegt.\",\"inLanguage\":\"de\"},\"inLanguage\":\"de\"}]}<\/script>\n<!-- \/ Yoast SEO Premium plugin. -->","yoast_head_json":{"title":"CashtoCode per Paypal kaufen? | Diskret bezahlen in 2026","description":"Erfahre, warum du CashtoCode nicht per Paypal kaufen kannst und worin sich die beiden Bezahlmethoden unterscheiden.","robots":{"index":"index","follow":"follow","max-snippet":"max-snippet:-1","max-image-preview":"max-image-preview:large","max-video-preview":"max-video-preview:-1"},"canonical":"https:\/\/info.cashtocode.com\/de\/bezahlen\/cashtocode-paypal\/","twitter_card":"summary_large_image","twitter_title":"CashtoCode per Paypal kaufen? | Diskret bezahlen in 2026","twitter_description":"Erfahre, warum du CashtoCode nicht per Paypal kaufen kannst und worin sich die beiden Bezahlmethoden unterscheiden.","twitter_image":"https:\/\/info.cashtocode.com\/wp-content\/uploads\/2023\/12\/CashtoCode-per-Paypal-kaufen.jpg","twitter_misc":{"Gesch\u00e4tzte Lesezeit":"3\u00a0Minuten"},"schema":{"@context":"https:\/\/schema.org","@graph":[{"@type":["WebPage","FAQPage"],"@id":"https:\/\/info.cashtocode.com\/de\/bezahlen\/cashtocode-paypal\/","url":"https:\/\/info.cashtocode.com\/de\/bezahlen\/cashtocode-paypal\/","name":"CashtoCode per Paypal kaufen? | Diskret bezahlen in 2026","isPartOf":{"@id":"https:\/\/info.cashtocode.com\/de\/#website"},"primaryImageOfPage":{"@id":"https:\/\/info.cashtocode.com\/de\/bezahlen\/cashtocode-paypal\/#primaryimage"},"image":{"@id":"https:\/\/info.cashtocode.com\/de\/bezahlen\/cashtocode-paypal\/#primaryimage"},"thumbnailUrl":"https:\/\/info.cashtocode.com\/wp-content\/uploads\/2023\/12\/CashtoCode-per-Paypal-kaufen.jpg","datePublished":"2020-08-24T12:53:00+00:00","dateModified":"2026-01-14T05:56:27+00:00","description":"Erfahre, warum du CashtoCode nicht per Paypal kaufen kannst und worin sich die beiden Bezahlmethoden unterscheiden.","breadcrumb":{"@id":"https:\/\/info.cashtocode.com\/de\/bezahlen\/cashtocode-paypal\/#breadcrumb"},"mainEntity":[{"@id":"https:\/\/info.cashtocode.com\/de\/bezahlen\/cashtocode-paypal\/#faq-question-1681907510739"},{"@id":"https:\/\/info.cashtocode.com\/de\/bezahlen\/cashtocode-paypal\/#faq-question-1681923634910"},{"@id":"https:\/\/info.cashtocode.com\/de\/bezahlen\/cashtocode-paypal\/#faq-question-1681923655555"},{"@id":"https:\/\/info.cashtocode.com\/de\/bezahlen\/cashtocode-paypal\/#faq-question-1681923678498"}],"inLanguage":"de","potentialAction":[{"@type":"ReadAction","target":["https:\/\/info.cashtocode.com\/de\/bezahlen\/cashtocode-paypal\/"]}]},{"@type":"ImageObject","inLanguage":"de","@id":"https:\/\/info.cashtocode.com\/de\/bezahlen\/cashtocode-paypal\/#primaryimage","url":"https:\/\/info.cashtocode.com\/wp-content\/uploads\/2023\/12\/CashtoCode-per-Paypal-kaufen.jpg","contentUrl":"https:\/\/info.cashtocode.com\/wp-content\/uploads\/2023\/12\/CashtoCode-per-Paypal-kaufen.jpg","width":1200,"height":628,"caption":"CashtoCode per Paypal kaufen"},{"@type":"BreadcrumbList","@id":"https:\/\/info.cashtocode.com\/de\/bezahlen\/cashtocode-paypal\/#breadcrumb","itemListElement":[{"@type":"ListItem","position":1,"name":"Bezahlmethoden Vergleich \u2013 wer hat die Nase vorn?","item":"https:\/\/info.cashtocode.com\/de\/bezahlen\/"},{"@type":"ListItem","position":2,"name":"Kann ich CashtoCode per Paypal kaufen?"}]},{"@type":"WebSite","@id":"https:\/\/info.cashtocode.com\/de\/#website","url":"https:\/\/info.cashtocode.com\/de\/","name":"CashtoCode Infoportal | Bar Bezahlen Im Internet leicht gemacht\u27a1\ufe0f","description":"","publisher":{"@id":"https:\/\/info.cashtocode.com\/de\/#organization"},"potentialAction":[{"@type":"SearchAction","target":{"@type":"EntryPoint","urlTemplate":"https:\/\/info.cashtocode.com\/de\/?s={search_term_string}"},"query-input":{"@type":"PropertyValueSpecification","valueRequired":true,"valueName":"search_term_string"}}],"inLanguage":"de"},{"@type":"Organization","@id":"https:\/\/info.cashtocode.com\/de\/#organization","name":"CashtoCode Infoportal | Bar Bezahlen Im Internet leicht gemacht\u27a1\ufe0f","url":"https:\/\/info.cashtocode.com\/de\/","logo":{"@type":"ImageObject","inLanguage":"de","@id":"https:\/\/info.cashtocode.com\/de\/#\/schema\/logo\/image\/","url":"https:\/\/info.cashtocode.com\/wp-content\/uploads\/2023\/12\/cashtocode-infoportal-logo.webp","contentUrl":"https:\/\/info.cashtocode.com\/wp-content\/uploads\/2023\/12\/cashtocode-infoportal-logo.webp","width":833,"height":248,"caption":"CashtoCode Infoportal | Bar Bezahlen Im Internet leicht gemacht\u27a1\ufe0f"},"image":{"@id":"https:\/\/info.cashtocode.com\/de\/#\/schema\/logo\/image\/"}},{"@type":"Question","@id":"https:\/\/info.cashtocode.com\/de\/bezahlen\/cashtocode-paypal\/#faq-question-1681907510739","position":1,"url":"https:\/\/info.cashtocode.com\/de\/bezahlen\/cashtocode-paypal\/#faq-question-1681907510739","name":"Kann ich CashtoCode mit PayPal kaufen?","answerCount":1,"acceptedAnswer":{"@type":"Answer","text":"CashtoCode mit Paypal kaufen ist nicht m\u00f6glich. F\u00fcr jede Einzahlung erstellst du mit CashtoCode einen sicheren Barcode, den du vor Ort in einer der \u00fcber 550.000 CashtoCode Filialen vorzeigst und bar einzahlst.","inLanguage":"de"},"inLanguage":"de"},{"@type":"Question","@id":"https:\/\/info.cashtocode.com\/de\/bezahlen\/cashtocode-paypal\/#faq-question-1681923634910","position":2,"url":"https:\/\/info.cashtocode.com\/de\/bezahlen\/cashtocode-paypal\/#faq-question-1681923634910","name":"Ist CashtoCode genauso sicher wie PayPal?","answerCount":1,"acceptedAnswer":{"@type":"Answer","text":"Ja! CashtoCode ist 100% sicher, da du deine Einzahlungen bar in einer der Filialen vornimmst. Dadurch erfolgt deine Bezahlung diskret und kann nicht von Dritten eingesehen werden.","inLanguage":"de"},"inLanguage":"de"},{"@type":"Question","@id":"https:\/\/info.cashtocode.com\/de\/bezahlen\/cashtocode-paypal\/#faq-question-1681923655555","position":3,"url":"https:\/\/info.cashtocode.com\/de\/bezahlen\/cashtocode-paypal\/#faq-question-1681923655555","name":"Kann ich mit PayPal CashtoCode Guthaben kaufen?","answerCount":1,"acceptedAnswer":{"@type":"Answer","text":"Es gibt kein CashtoCode Guthaben und daher ist ein CashtoCode Guthaben Kauf mit Paypal auch nicht m\u00f6glich. Mit CashtoCode kannst du diskret im Internet bezahlen. Du erstellst f\u00fcr jede Einzahlung einen Barcode, den du vor Ort in einer der Filialen vorzeigst und anschlie\u00dfend bar einzahlst.","inLanguage":"de"},"inLanguage":"de"},{"@type":"Question","@id":"https:\/\/info.cashtocode.com\/de\/bezahlen\/cashtocode-paypal\/#faq-question-1681923678498","position":4,"url":"https:\/\/info.cashtocode.com\/de\/bezahlen\/cashtocode-paypal\/#faq-question-1681923678498","name":"Ist CashtoCode im Gegensatz zu PayPal eine diskrete Bezahlmethode?","answerCount":1,"acceptedAnswer":{"@type":"Answer","text":"CashtoCode ist 100% sicher und diskret. Deine Einzahlungen erfolgen bar in einer\u00a0<a href=\"https:\/\/info.cashtocode.com\/de\/hilfe\/verkaufsstellen\/filialen\/\">CashtoCode Filiale<\/a>. Ein Konto musst du bei CashtoCode nicht erstellen und auch eine Registrierung ist nicht notwendig. Beim Bezahlen mit CashtoCode werden keinerlei pers\u00f6nliche oder sensible Daten offengelegt.","inLanguage":"de"},"inLanguage":"de"}]}},"_links":{"self":[{"href":"https:\/\/info.cashtocode.com\/de\/wp-json\/wp\/v2\/pages\/1157","targetHints":{"allow":["GET"]}}],"collection":[{"href":"https:\/\/info.cashtocode.com\/de\/wp-json\/wp\/v2\/pages"}],"about":[{"href":"https:\/\/info.cashtocode.com\/de\/wp-json\/wp\/v2\/types\/page"}],"author":[{"embeddable":true,"href":"https:\/\/info.cashtocode.com\/de\/wp-json\/wp\/v2\/users\/18"}],"replies":[{"embeddable":true,"href":"https:\/\/info.cashtocode.com\/de\/wp-json\/wp\/v2\/comments?post=1157"}],"version-history":[{"count":2,"href":"https:\/\/info.cashtocode.com\/de\/wp-json\/wp\/v2\/pages\/1157\/revisions"}],"predecessor-version":[{"id":706245,"href":"https:\/\/info.cashtocode.com\/de\/wp-json\/wp\/v2\/pages\/1157\/revisions\/706245"}],"up":[{"embeddable":true,"href":"https:\/\/info.cashtocode.com\/de\/wp-json\/wp\/v2\/pages\/615426"}],"wp:featuredmedia":[{"embeddable":true,"href":"https:\/\/info.cashtocode.com\/de\/wp-json\/wp\/v2\/media\/634245"}],"wp:attachment":[{"href":"https:\/\/info.cashtocode.com\/de\/wp-json\/wp\/v2\/media?parent=1157"}],"wp:term":[{"taxonomy":"category","embeddable":true,"href":"https:\/\/info.cashtocode.com\/de\/wp-json\/wp\/v2\/categories?post=1157"},{"taxonomy":"post_tag","embeddable":true,"href":"https:\/\/info.cashtocode.com\/de\/wp-json\/wp\/v2\/tags?post=1157"}],"curies":[{"name":"wp","href":"https:\/\/api.w.org\/{rel}","templated":true}]}}