{"id":1202,"date":"2020-09-04T08:46:00","date_gmt":"2020-09-04T08:46:00","guid":{"rendered":"https:\/\/info.cashtocode.com\/?page_id=1202"},"modified":"2024-04-15T12:10:11","modified_gmt":"2024-04-15T12:10:11","slug":"kostenlos","status":"publish","type":"page","link":"https:\/\/info.cashtocode.com\/de\/hilfe\/zahlungen\/kostenlos\/","title":{"rendered":"Ist die Nutzung von CashtoCode kostenlos?"},"content":{"rendered":"\n<p>Mit CashtoCode hast du die M\u00f6glichkeit <strong>geb\u00fchrenfrei online bar zu bezahlen<\/strong>. Anders als bei zahlreichen anderen Bezahlmethoden im Internet entstehen f\u00fcr Privatnutzer auf den meisten Webseiten keinerlei Kosten w\u00e4hrend des Bezahlvorgangs. Der gew\u00fcnschte Betrag wird somit vollst\u00e4ndig auf das von dir bestimmte Online-Konto \u00fcbertragen, ohne versteckte Aufwendungen oder zus\u00e4tzliche Geb\u00fchren.<\/p>\n\n\n\n<h2 class=\"wp-block-heading\" id=\"bei-diesen-partnern-ist-cashtocode-kostenfrei\">Bei diesen Partnern ist CashtoCode kostenfrei<\/h2>\n\n\n\n<p>Unsere Bezahlmethode ist mittlerweile bei unz\u00e4hligen <a href=\"https:\/\/info.cashtocode.com\/de\/casinos\/\">top Online Casinos<\/a> und Sportwettenanbietern verf\u00fcgbar. Bei all diesen Anbietern kannst du CashtoCode kostenfrei verwenden.<\/p>\n\n\n\n<p>Die Geb\u00fchren \u00fcbernimmt die jeweilige Partnerseite f\u00fcr dich. Du zahlst deinen gew\u00fcnschten Betrag in einer unserer Partnerfilialen ein und dieser wird ohne Abzug auf deinem Online Konto verf\u00fcgbar. <\/p>\n\n\n\n<h2 class=\"wp-block-heading\" id=\"diese-partner-erheben-eine-kleine-gebuhr\">Diese Partner erheben eine kleine Geb\u00fchr<\/h2>\n\n\n\n<p>Mit nur wenigen Ausnahmen ist die Nutzung von CashtoCode kostenfrei. Lediglich einige Filesharing-Dienste erheben eine geringe Geb\u00fchr bei der Einzahlung. Auch Kryptoplattformen verlangen eine Geb\u00fchr f\u00fcr Einzahlungen mit CashtoCode sowie den meisten anderen Zahlungsmethoden. Diese Geb\u00fchren werden stets transparent und deutlich vor der Transaktion angezeigt, sodass f\u00fcr dich klar ersichtlich ist, welche Kosten anfallen und in welcher H\u00f6he.<\/p>\n\n\n\n<div class=\"wp-block-greenshift-blocks-row alignfull gspb_row gspb_row-id-gsbp-75cc719c-587a\" id=\"gspb_row-id-gsbp-75cc719c-587a\"><div class=\"gspb_row__content\"> \n<div class=\"wp-block-greenshift-blocks-row-column gspb_row__col--12 gspb_col-id-gsbp-dc66eeb1-2720\" id=\"gspb_col-id-gsbp-dc66eeb1-2720\">\n<div class=\"wp-block-group alignwide is-layout-constrained wp-block-group-is-layout-constrained\">\n<h2 class=\"wp-block-heading\" id=\"alle-themen-zu-zahlungen\">Alle Themen zu Zahlungen<\/h2>\n\n\n\n<p>[siblings exclude=&#8220;current&#8220;]<\/p>\n<\/div>\n<\/div>\n <\/div><\/div>\n\n\n\n<div style=\"height:50px\" aria-hidden=\"true\" class=\"wp-block-spacer\"><\/div>\n\n\n\n<h2 class=\"wp-block-heading\" id=\"weitere-themen\">Weitere Themen:<\/h2>\n\n\n<style>.gspb_container-id-gsbp-fd3899b{flex-direction:column;box-sizing:border-box;}#gspb_container-id-gsbp-fd3899b.gspb_container > p:last-of-type{margin-bottom:0}.gspb_container{position:relative;}#gspb_container-id-gsbp-fd3899b.gspb_container{display:grid;grid-template-columns:repeat(3,minmax(0,1fr));row-gap:20px;}@media (max-width:991.98px){#gspb_container-id-gsbp-fd3899b.gspb_container{grid-template-columns:repeat(1,minmax(0,1fr));}}<\/style>\n<div class=\"wp-block-greenshift-blocks-container gspb_container gspb_container-gsbp-fd3899b\" id=\"gspb_container-id-gsbp-fd3899b\"><style>.gspb_container-id-gsbp-ed58af6{flex-direction:column;box-sizing:border-box;}#gspb_container-id-gsbp-ed58af6.gspb_container > p:last-of-type{margin-bottom:0}.gspb_container{position:relative;}#gspb_container-id-gsbp-ed58af6.gspb_container{margin-bottom:0px;}<\/style>\n<div class=\"wp-block-greenshift-blocks-container gspb_container gspb_container-gsbp-ed58af6\" id=\"gspb_container-id-gsbp-ed58af6\"><style>#gspb_button-id-gsbp-5a1e553{display:flex;justify-content:flex-start;}#gspb_button-id-gsbp-5a1e553 .gspb-buttonbox-text{display:flex;flex-direction:column;}#gspb_button-id-gsbp-5a1e553 > .gspb-buttonbox{box-sizing:border-box}#gspb_button-id-gsbp-5a1e553 > .gspb-buttonbox > .gspb-buttonbox-textwrap > .gspb-buttonbox-icon{display:flex;}#gspb_button-id-gsbp-5a1e553 > .gspb-buttonbox .gspb-buttonbox-icon img{height:75px!important;width:75px!important;min-width:75px!important;}@media (max-width:991.98px){#gspb_button-id-gsbp-5a1e553 > .gspb-buttonbox .gspb-buttonbox-icon img{height:75px!important;width:75px!important;min-width:75px!important;}}#gspb_button-id-gsbp-5a1e553 > .gspb-buttonbox .gspb-buttonbox-icon img,#gspb_button-id-gsbp-5a1e553 > .gspb-buttonbox .gspb-buttonbox-icon img path{fill:currentColor !important;}#gspb_button-id-gsbp-5a1e553 > .gspb-buttonbox .gspb-buttonbox-icon img{margin:0px !important;}#gspb_button-id-gsbp-5a1e553 > .gspb-buttonbox > .gspb-buttonbox-textwrap{display:flex;flex-direction:row;align-items:center;}#gspb_button-id-gsbp-5a1e553 > .gspb-buttonbox > .gspb-buttonbox-textwrap{justify-content:center;}#gspb_button-id-gsbp-5a1e553 .gspb-buttonbox-icon{margin-right:13px}#gspb_button-id-gsbp-5a1e553{justify-content:center;}#gspb_button-id-gsbp-5a1e553 > .gspb-buttonbox{margin-top:0px;}@media (max-width:575.98px){#gspb_button-id-gsbp-5a1e553 > .gspb-buttonbox{margin-top:0px;}}#gspb_button-id-gsbp-5a1e553 > .gspb-buttonbox{width:80%;}#gspb_button-id-gsbp-5a1e553 > .gspb-buttonbox,#gspb_button-id-gsbp-5a1e553 > .gspb-buttonbox .gsap-g-line{text-align:center!important;}<\/style>\n<div class=\"gspb_button_wrapper gspb_button-id-gsbp-5a1e553\" id=\"gspb_button-id-gsbp-5a1e553\"><a class=\"wp-block-greenshift-blocks-buttonbox gspb-buttonbox wp-element-button\" href=\"\/de?page_id=616763\" rel=\"noopener\"><span class=\"gspb-buttonbox-textwrap\"><span class=\"gspb-buttonbox-icon\"><img decoding=\"async\" src=\"https:\/\/info.cashtocode.com\/wp-content\/uploads\/2024\/04\/Allgemein-icon.webp\" alt=\"CashtoCode Allgemein Icon\"\/><\/span><span class=\"gspb-buttonbox-text\"><span class=\"gspb-buttonbox-title\">Allgemein<\/span><\/span><\/span><\/a><\/div>\n<\/div>\n\n\n<style>.gspb_container-id-gsbp-3129b28{flex-direction:column;box-sizing:border-box;}#gspb_container-id-gsbp-3129b28.gspb_container > p:last-of-type{margin-bottom:0}.gspb_container{position:relative;}<\/style>\n<div class=\"wp-block-greenshift-blocks-container gspb_container gspb_container-gsbp-3129b28\" id=\"gspb_container-id-gsbp-3129b28\"><style>#gspb_button-id-gsbp-21bb56c1-b0cc{display:flex;justify-content:flex-start;}#gspb_button-id-gsbp-21bb56c1-b0cc .gspb-buttonbox-text{display:flex;flex-direction:column;}#gspb_button-id-gsbp-21bb56c1-b0cc > .gspb-buttonbox{box-sizing:border-box}#gspb_button-id-gsbp-21bb56c1-b0cc > .gspb-buttonbox > .gspb-buttonbox-textwrap > .gspb-buttonbox-icon{display:flex;}#gspb_button-id-gsbp-21bb56c1-b0cc > .gspb-buttonbox .gspb-buttonbox-icon img{height:75px!important;width:75px!important;min-width:75px!important;}#gspb_button-id-gsbp-21bb56c1-b0cc > .gspb-buttonbox .gspb-buttonbox-icon img,#gspb_button-id-gsbp-21bb56c1-b0cc > .gspb-buttonbox .gspb-buttonbox-icon img path{fill:currentColor !important;}#gspb_button-id-gsbp-21bb56c1-b0cc > .gspb-buttonbox .gspb-buttonbox-icon img{margin:0px !important;}#gspb_button-id-gsbp-21bb56c1-b0cc > .gspb-buttonbox > .gspb-buttonbox-textwrap{display:flex;flex-direction:row;align-items:center;}#gspb_button-id-gsbp-21bb56c1-b0cc > .gspb-buttonbox > .gspb-buttonbox-textwrap{justify-content:center;}#gspb_button-id-gsbp-21bb56c1-b0cc .gspb-buttonbox-icon{margin-right:13px}#gspb_button-id-gsbp-21bb56c1-b0cc{justify-content:center;}#gspb_button-id-gsbp-21bb56c1-b0cc > .gspb-buttonbox{width:80%;}#gspb_button-id-gsbp-21bb56c1-b0cc > .gspb-buttonbox,#gspb_button-id-gsbp-21bb56c1-b0cc > .gspb-buttonbox .gsap-g-line{text-align:center!important;}<\/style>\n<div class=\"gspb_button_wrapper gspb_button-id-gsbp-21bb56c1-b0cc\" id=\"gspb_button-id-gsbp-21bb56c1-b0cc\"><a class=\"wp-block-greenshift-blocks-buttonbox gspb-buttonbox wp-element-button\" href=\"\/de?page_id=615413\" rel=\"noopener\"><span class=\"gspb-buttonbox-textwrap\"><span class=\"gspb-buttonbox-icon\"><img decoding=\"async\" src=\"https:\/\/info.cashtocode.com\/wp-content\/uploads\/2024\/04\/security-icon.webp\"\/><\/span><span class=\"gspb-buttonbox-text\"><span class=\"gspb-buttonbox-title\">Sicherheit<\/span><\/span><\/span><\/a><\/div>\n<\/div>\n\n\n<style>.gspb_container-id-gsbp-c66fe89{flex-direction:column;box-sizing:border-box;}#gspb_container-id-gsbp-c66fe89.gspb_container > p:last-of-type{margin-bottom:0}.gspb_container{position:relative;}<\/style>\n<div class=\"wp-block-greenshift-blocks-container gspb_container gspb_container-gsbp-c66fe89\" id=\"gspb_container-id-gsbp-c66fe89\"><style>#gspb_button-id-gsbp-cbf9f9c{display:flex;justify-content:flex-start;}#gspb_button-id-gsbp-cbf9f9c .gspb-buttonbox-text{display:flex;flex-direction:column;}#gspb_button-id-gsbp-cbf9f9c > .gspb-buttonbox{box-sizing:border-box}#gspb_button-id-gsbp-cbf9f9c > .gspb-buttonbox > .gspb-buttonbox-textwrap > .gspb-buttonbox-icon{display:flex;}#gspb_button-id-gsbp-cbf9f9c > .gspb-buttonbox .gspb-buttonbox-icon img{height:75px!important;width:75px!important;min-width:75px!important;}#gspb_button-id-gsbp-cbf9f9c > .gspb-buttonbox .gspb-buttonbox-icon img,#gspb_button-id-gsbp-cbf9f9c > .gspb-buttonbox .gspb-buttonbox-icon img path{fill:currentColor !important;}#gspb_button-id-gsbp-cbf9f9c > .gspb-buttonbox .gspb-buttonbox-icon img{margin:0px !important;}#gspb_button-id-gsbp-cbf9f9c > .gspb-buttonbox > .gspb-buttonbox-textwrap{display:flex;flex-direction:row;align-items:center;}#gspb_button-id-gsbp-cbf9f9c > .gspb-buttonbox > .gspb-buttonbox-textwrap{justify-content:center;}#gspb_button-id-gsbp-cbf9f9c .gspb-buttonbox-icon{margin-right:13px}#gspb_button-id-gsbp-cbf9f9c{justify-content:center;}#gspb_button-id-gsbp-cbf9f9c > .gspb-buttonbox{width:80%;}#gspb_button-id-gsbp-cbf9f9c > .gspb-buttonbox,#gspb_button-id-gsbp-cbf9f9c > .gspb-buttonbox .gsap-g-line{text-align:center!important;}<\/style>\n<div class=\"gspb_button_wrapper gspb_button-id-gsbp-cbf9f9c\" id=\"gspb_button-id-gsbp-cbf9f9c\"><a class=\"wp-block-greenshift-blocks-buttonbox gspb-buttonbox wp-element-button\" href=\"\/de?page_id=1160\" rel=\"noopener\"><span class=\"gspb-buttonbox-textwrap\"><span class=\"gspb-buttonbox-icon\"><img decoding=\"async\" src=\"https:\/\/info.cashtocode.com\/wp-content\/uploads\/2024\/04\/outlets-icon.webp\"\/><\/span><span class=\"gspb-buttonbox-text\"><span class=\"gspb-buttonbox-title\">Verkaufsstellen<\/span><\/span><\/span><\/a><\/div>\n<\/div>\n<\/div>\n<style>#gspb_button-id-gsbp-5a1e553{display:flex;justify-content:center}#gspb_button-id-gsbp-5a1e553 .gspb-buttonbox-text{display:flex;flex-direction:column}#gspb_button-id-gsbp-5a1e553>.gspb-buttonbox{box-sizing:border-box}#gspb_button-id-gsbp-21bb56c1-b0cc>.gspb-buttonbox>.gspb-buttonbox-textwrap>.gspb-buttonbox-icon,#gspb_button-id-gsbp-5a1e553>.gspb-buttonbox>.gspb-buttonbox-textwrap>.gspb-buttonbox-icon,#gspb_button-id-gsbp-cbf9f9c>.gspb-buttonbox>.gspb-buttonbox-textwrap>.gspb-buttonbox-icon{display:flex}#gspb_button-id-gsbp-5a1e553>.gspb-buttonbox .gspb-buttonbox-icon img{height:75px!important;width:75px!important;min-width:75px!important}@media (max-width:991.98px){#gspb_button-id-gsbp-5a1e553>.gspb-buttonbox .gspb-buttonbox-icon img{height:75px!important;width:75px!important;min-width:75px!important}}#gspb_button-id-gsbp-5a1e553>.gspb-buttonbox .gspb-buttonbox-icon img,#gspb_button-id-gsbp-5a1e553>.gspb-buttonbox .gspb-buttonbox-icon img path{fill:currentColor!important}#gspb_button-id-gsbp-5a1e553>.gspb-buttonbox .gspb-buttonbox-icon img{margin:0!important}#gspb_button-id-gsbp-5a1e553>.gspb-buttonbox>.gspb-buttonbox-textwrap{display:flex;flex-direction:row;align-items:center;justify-content:center}#gspb_button-id-gsbp-5a1e553 .gspb-buttonbox-icon{margin-right:13px}#gspb_button-id-gsbp-5a1e553>.gspb-buttonbox{margin-top:0}@media (max-width:575.98px){#gspb_button-id-gsbp-5a1e553>.gspb-buttonbox{margin-top:0}}#gspb_button-id-gsbp-5a1e553>.gspb-buttonbox{width:80%;text-align:center!important}#gspb_button-id-gsbp-5a1e553>.gspb-buttonbox .gsap-g-line{text-align:center!important}#gspb_button-id-gsbp-21bb56c1-b0cc .gspb-buttonbox-text{display:flex;flex-direction:column}#gspb_button-id-gsbp-21bb56c1-b0cc>.gspb-buttonbox{box-sizing:border-box}#gspb_button-id-gsbp-21bb56c1-b0cc>.gspb-buttonbox>.gspb-buttonbox-textwrap{display:flex;flex-direction:row;align-items:center;justify-content:center}#gspb_button-id-gsbp-21bb56c1-b0cc .gspb-buttonbox-icon{margin-right:13px}#gspb_button-id-gsbp-21bb56c1-b0cc>.gspb-buttonbox{width:80%;text-align:center!important}#gspb_button-id-gsbp-21bb56c1-b0cc>.gspb-buttonbox .gsap-g-line{text-align:center!important}#gspb_button-id-gsbp-21bb56c1-b0cc,#gspb_button-id-gsbp-cbf9f9c{display:flex;justify-content:center}#gspb_button-id-gsbp-cbf9f9c .gspb-buttonbox-text{display:flex;flex-direction:column}#gspb_button-id-gsbp-cbf9f9c>.gspb-buttonbox{box-sizing:border-box}#gspb_button-id-gsbp-21bb56c1-b0cc>.gspb-buttonbox .gspb-buttonbox-icon img,#gspb_button-id-gsbp-cbf9f9c>.gspb-buttonbox .gspb-buttonbox-icon img{height:75px!important;width:75px!important;min-width:75px!important;fill:currentColor!important;margin:0!important}#gspb_button-id-gsbp-21bb56c1-b0cc>.gspb-buttonbox .gspb-buttonbox-icon img path,#gspb_button-id-gsbp-cbf9f9c>.gspb-buttonbox .gspb-buttonbox-icon img path{fill:currentColor!important}#gspb_button-id-gsbp-cbf9f9c>.gspb-buttonbox>.gspb-buttonbox-textwrap{display:flex;flex-direction:row;align-items:center;justify-content:center}#gspb_button-id-gsbp-cbf9f9c .gspb-buttonbox-icon{margin-right:13px}#gspb_button-id-gsbp-cbf9f9c>.gspb-buttonbox{width:80%;text-align:center!important}#gspb_button-id-gsbp-cbf9f9c>.gspb-buttonbox .gsap-g-line{text-align:center!important}<\/style>\n","protected":false},"excerpt":{"rendered":"<p>Mit CashtoCode hast du die M\u00f6glichkeit geb\u00fchrenfrei online bar zu bezahlen. Anders als bei zahlreichen anderen Bezahlmethoden im Internet entstehen f\u00fcr Privatnutzer auf den meisten Webseiten keinerlei Kosten w\u00e4hrend des Bezahlvorgangs. Der gew\u00fcnschte Betrag wird somit vollst\u00e4ndig auf das von dir bestimmte Online-Konto \u00fcbertragen, ohne versteckte Aufwendungen oder zus\u00e4tzliche Geb\u00fchren. Bei diesen Partnern ist CashtoCode [&hellip;]<\/p>\n","protected":false},"author":18,"featured_media":634635,"parent":615393,"menu_order":0,"comment_status":"closed","ping_status":"closed","template":"","meta":{"_acf_changed":false,"_gspb_post_css":"#gspb_row-id-gsbp-75cc719c-587a{justify-content:space-between;margin-bottom:0;display:flex;flex-wrap:wrap;margin-top:50px;background-color:#00000012;opacity:1}#gspb_row-id-gsbp-75cc719c-587a>.gspb_row__content{display:flex;justify-content:space-between;margin:0 auto;width:100%;flex-wrap:wrap;max-width:1200px}.gspb_row{position:relative}div[id^=gspb_col-id]{padding:15px min(3vw,20px);box-sizing:border-box;position:relative}#gspb_col-id-gsbp-dc66eeb1-2720.gspb_row__col--12{width:100%}@media (max-width:575.98px){#gspb_col-id-gsbp-dc66eeb1-2720.gspb_row__col--12{width:100%}}","footnotes":""},"categories":[],"tags":[],"class_list":["post-1202","page","type-page","status-publish","has-post-thumbnail","hentry"],"acf":[],"yoast_head":"<!-- This site is optimized with the Yoast SEO Premium plugin v26.3 (Yoast SEO v26.3) - https:\/\/yoast.com\/wordpress\/plugins\/seo\/ -->\n<title>Ist CashtoCode kostenlos? | CashtoCode Kundenhilfezentrum<\/title>\n<meta name=\"description\" content=\"Erfahre, wie CashtoCode als kostenlose Bezahlmethode funktioniert und welche Ausnahmen hinsichtlich Geb\u00fchren gelten.\" \/>\n<meta name=\"robots\" content=\"index, follow, max-snippet:-1, max-image-preview:large, max-video-preview:-1\" \/>\n<link rel=\"canonical\" href=\"https:\/\/info.cashtocode.com\/de\/hilfe\/zahlungen\/kostenlos\/\" \/>\n<meta name=\"twitter:card\" content=\"summary_large_image\" \/>\n<meta name=\"twitter:title\" content=\"Ist CashtoCode kostenlos? | CashtoCode Kundenhilfezentrum\" \/>\n<meta name=\"twitter:description\" content=\"Erfahre, wie CashtoCode als kostenlose Bezahlmethode funktioniert und welche Ausnahmen hinsichtlich Geb\u00fchren gelten.\" \/>\n<meta name=\"twitter:image\" content=\"https:\/\/info.cashtocode.com\/wp-content\/uploads\/2023\/12\/CashtoCode-kostenlos.jpg\" \/>\n<meta name=\"twitter:label1\" content=\"Gesch\u00e4tzte Lesezeit\" \/>\n\t<meta name=\"twitter:data1\" content=\"2\u00a0Minuten\" \/>\n<script type=\"application\/ld+json\" class=\"yoast-schema-graph\">{\"@context\":\"https:\/\/schema.org\",\"@graph\":[{\"@type\":\"WebPage\",\"@id\":\"https:\/\/info.cashtocode.com\/de\/hilfe\/zahlungen\/kostenlos\/\",\"url\":\"https:\/\/info.cashtocode.com\/de\/hilfe\/zahlungen\/kostenlos\/\",\"name\":\"Ist CashtoCode kostenlos? | CashtoCode Kundenhilfezentrum\",\"isPartOf\":{\"@id\":\"https:\/\/info.cashtocode.com\/de\/#website\"},\"primaryImageOfPage\":{\"@id\":\"https:\/\/info.cashtocode.com\/de\/hilfe\/zahlungen\/kostenlos\/#primaryimage\"},\"image\":{\"@id\":\"https:\/\/info.cashtocode.com\/de\/hilfe\/zahlungen\/kostenlos\/#primaryimage\"},\"thumbnailUrl\":\"https:\/\/info.cashtocode.com\/wp-content\/uploads\/2023\/12\/CashtoCode-kostenlos.jpg\",\"datePublished\":\"2020-09-04T08:46:00+00:00\",\"dateModified\":\"2024-04-15T12:10:11+00:00\",\"description\":\"Erfahre, wie CashtoCode als kostenlose Bezahlmethode funktioniert und welche Ausnahmen hinsichtlich Geb\u00fchren gelten.\",\"breadcrumb\":{\"@id\":\"https:\/\/info.cashtocode.com\/de\/hilfe\/zahlungen\/kostenlos\/#breadcrumb\"},\"inLanguage\":\"de\",\"potentialAction\":[{\"@type\":\"ReadAction\",\"target\":[\"https:\/\/info.cashtocode.com\/de\/hilfe\/zahlungen\/kostenlos\/\"]}]},{\"@type\":\"ImageObject\",\"inLanguage\":\"de\",\"@id\":\"https:\/\/info.cashtocode.com\/de\/hilfe\/zahlungen\/kostenlos\/#primaryimage\",\"url\":\"https:\/\/info.cashtocode.com\/wp-content\/uploads\/2023\/12\/CashtoCode-kostenlos.jpg\",\"contentUrl\":\"https:\/\/info.cashtocode.com\/wp-content\/uploads\/2023\/12\/CashtoCode-kostenlos.jpg\",\"width\":1200,\"height\":628,\"caption\":\"CashtoCode kostenlos\"},{\"@type\":\"BreadcrumbList\",\"@id\":\"https:\/\/info.cashtocode.com\/de\/hilfe\/zahlungen\/kostenlos\/#breadcrumb\",\"itemListElement\":[{\"@type\":\"ListItem\",\"position\":1,\"name\":\"Support &#038; Hilfe\",\"item\":\"https:\/\/info.cashtocode.com\/de\/hilfe\/\"},{\"@type\":\"ListItem\",\"position\":2,\"name\":\"Zahlungen\",\"item\":\"https:\/\/info.cashtocode.com\/de\/help\/payments\/\"},{\"@type\":\"ListItem\",\"position\":3,\"name\":\"Ist die Nutzung von CashtoCode kostenlos?\"}]},{\"@type\":\"WebSite\",\"@id\":\"https:\/\/info.cashtocode.com\/de\/#website\",\"url\":\"https:\/\/info.cashtocode.com\/de\/\",\"name\":\"CashtoCode Infoportal | Bar Bezahlen Im Internet leicht gemacht\u27a1\ufe0f\",\"description\":\"\",\"publisher\":{\"@id\":\"https:\/\/info.cashtocode.com\/de\/#organization\"},\"potentialAction\":[{\"@type\":\"SearchAction\",\"target\":{\"@type\":\"EntryPoint\",\"urlTemplate\":\"https:\/\/info.cashtocode.com\/de\/?s={search_term_string}\"},\"query-input\":{\"@type\":\"PropertyValueSpecification\",\"valueRequired\":true,\"valueName\":\"search_term_string\"}}],\"inLanguage\":\"de\"},{\"@type\":\"Organization\",\"@id\":\"https:\/\/info.cashtocode.com\/de\/#organization\",\"name\":\"CashtoCode Infoportal | Bar Bezahlen Im Internet leicht gemacht\u27a1\ufe0f\",\"url\":\"https:\/\/info.cashtocode.com\/de\/\",\"logo\":{\"@type\":\"ImageObject\",\"inLanguage\":\"de\",\"@id\":\"https:\/\/info.cashtocode.com\/de\/#\/schema\/logo\/image\/\",\"url\":\"https:\/\/info.cashtocode.com\/wp-content\/uploads\/2023\/12\/cashtocode-infoportal-logo.webp\",\"contentUrl\":\"https:\/\/info.cashtocode.com\/wp-content\/uploads\/2023\/12\/cashtocode-infoportal-logo.webp\",\"width\":833,\"height\":248,\"caption\":\"CashtoCode Infoportal | Bar Bezahlen Im Internet leicht gemacht\u27a1\ufe0f\"},\"image\":{\"@id\":\"https:\/\/info.cashtocode.com\/de\/#\/schema\/logo\/image\/\"}}]}<\/script>\n<!-- \/ Yoast SEO Premium plugin. -->","yoast_head_json":{"title":"Ist CashtoCode kostenlos? | CashtoCode Kundenhilfezentrum","description":"Erfahre, wie CashtoCode als kostenlose Bezahlmethode funktioniert und welche Ausnahmen hinsichtlich Geb\u00fchren gelten.","robots":{"index":"index","follow":"follow","max-snippet":"max-snippet:-1","max-image-preview":"max-image-preview:large","max-video-preview":"max-video-preview:-1"},"canonical":"https:\/\/info.cashtocode.com\/de\/hilfe\/zahlungen\/kostenlos\/","twitter_card":"summary_large_image","twitter_title":"Ist CashtoCode kostenlos? | CashtoCode Kundenhilfezentrum","twitter_description":"Erfahre, wie CashtoCode als kostenlose Bezahlmethode funktioniert und welche Ausnahmen hinsichtlich Geb\u00fchren gelten.","twitter_image":"https:\/\/info.cashtocode.com\/wp-content\/uploads\/2023\/12\/CashtoCode-kostenlos.jpg","twitter_misc":{"Gesch\u00e4tzte Lesezeit":"2\u00a0Minuten"},"schema":{"@context":"https:\/\/schema.org","@graph":[{"@type":"WebPage","@id":"https:\/\/info.cashtocode.com\/de\/hilfe\/zahlungen\/kostenlos\/","url":"https:\/\/info.cashtocode.com\/de\/hilfe\/zahlungen\/kostenlos\/","name":"Ist CashtoCode kostenlos? | CashtoCode Kundenhilfezentrum","isPartOf":{"@id":"https:\/\/info.cashtocode.com\/de\/#website"},"primaryImageOfPage":{"@id":"https:\/\/info.cashtocode.com\/de\/hilfe\/zahlungen\/kostenlos\/#primaryimage"},"image":{"@id":"https:\/\/info.cashtocode.com\/de\/hilfe\/zahlungen\/kostenlos\/#primaryimage"},"thumbnailUrl":"https:\/\/info.cashtocode.com\/wp-content\/uploads\/2023\/12\/CashtoCode-kostenlos.jpg","datePublished":"2020-09-04T08:46:00+00:00","dateModified":"2024-04-15T12:10:11+00:00","description":"Erfahre, wie CashtoCode als kostenlose Bezahlmethode funktioniert und welche Ausnahmen hinsichtlich Geb\u00fchren gelten.","breadcrumb":{"@id":"https:\/\/info.cashtocode.com\/de\/hilfe\/zahlungen\/kostenlos\/#breadcrumb"},"inLanguage":"de","potentialAction":[{"@type":"ReadAction","target":["https:\/\/info.cashtocode.com\/de\/hilfe\/zahlungen\/kostenlos\/"]}]},{"@type":"ImageObject","inLanguage":"de","@id":"https:\/\/info.cashtocode.com\/de\/hilfe\/zahlungen\/kostenlos\/#primaryimage","url":"https:\/\/info.cashtocode.com\/wp-content\/uploads\/2023\/12\/CashtoCode-kostenlos.jpg","contentUrl":"https:\/\/info.cashtocode.com\/wp-content\/uploads\/2023\/12\/CashtoCode-kostenlos.jpg","width":1200,"height":628,"caption":"CashtoCode kostenlos"},{"@type":"BreadcrumbList","@id":"https:\/\/info.cashtocode.com\/de\/hilfe\/zahlungen\/kostenlos\/#breadcrumb","itemListElement":[{"@type":"ListItem","position":1,"name":"Support &#038; Hilfe","item":"https:\/\/info.cashtocode.com\/de\/hilfe\/"},{"@type":"ListItem","position":2,"name":"Zahlungen","item":"https:\/\/info.cashtocode.com\/de\/help\/payments\/"},{"@type":"ListItem","position":3,"name":"Ist die Nutzung von CashtoCode kostenlos?"}]},{"@type":"WebSite","@id":"https:\/\/info.cashtocode.com\/de\/#website","url":"https:\/\/info.cashtocode.com\/de\/","name":"CashtoCode Infoportal | Bar Bezahlen Im Internet leicht gemacht\u27a1\ufe0f","description":"","publisher":{"@id":"https:\/\/info.cashtocode.com\/de\/#organization"},"potentialAction":[{"@type":"SearchAction","target":{"@type":"EntryPoint","urlTemplate":"https:\/\/info.cashtocode.com\/de\/?s={search_term_string}"},"query-input":{"@type":"PropertyValueSpecification","valueRequired":true,"valueName":"search_term_string"}}],"inLanguage":"de"},{"@type":"Organization","@id":"https:\/\/info.cashtocode.com\/de\/#organization","name":"CashtoCode Infoportal | Bar Bezahlen Im Internet leicht gemacht\u27a1\ufe0f","url":"https:\/\/info.cashtocode.com\/de\/","logo":{"@type":"ImageObject","inLanguage":"de","@id":"https:\/\/info.cashtocode.com\/de\/#\/schema\/logo\/image\/","url":"https:\/\/info.cashtocode.com\/wp-content\/uploads\/2023\/12\/cashtocode-infoportal-logo.webp","contentUrl":"https:\/\/info.cashtocode.com\/wp-content\/uploads\/2023\/12\/cashtocode-infoportal-logo.webp","width":833,"height":248,"caption":"CashtoCode Infoportal | Bar Bezahlen Im Internet leicht gemacht\u27a1\ufe0f"},"image":{"@id":"https:\/\/info.cashtocode.com\/de\/#\/schema\/logo\/image\/"}}]}},"_links":{"self":[{"href":"https:\/\/info.cashtocode.com\/de\/wp-json\/wp\/v2\/pages\/1202","targetHints":{"allow":["GET"]}}],"collection":[{"href":"https:\/\/info.cashtocode.com\/de\/wp-json\/wp\/v2\/pages"}],"about":[{"href":"https:\/\/info.cashtocode.com\/de\/wp-json\/wp\/v2\/types\/page"}],"author":[{"embeddable":true,"href":"https:\/\/info.cashtocode.com\/de\/wp-json\/wp\/v2\/users\/18"}],"replies":[{"embeddable":true,"href":"https:\/\/info.cashtocode.com\/de\/wp-json\/wp\/v2\/comments?post=1202"}],"version-history":[{"count":0,"href":"https:\/\/info.cashtocode.com\/de\/wp-json\/wp\/v2\/pages\/1202\/revisions"}],"up":[{"embeddable":true,"href":"https:\/\/info.cashtocode.com\/de\/wp-json\/wp\/v2\/pages\/615393"}],"wp:featuredmedia":[{"embeddable":true,"href":"https:\/\/info.cashtocode.com\/de\/wp-json\/wp\/v2\/media\/634635"}],"wp:attachment":[{"href":"https:\/\/info.cashtocode.com\/de\/wp-json\/wp\/v2\/media?parent=1202"}],"wp:term":[{"taxonomy":"category","embeddable":true,"href":"https:\/\/info.cashtocode.com\/de\/wp-json\/wp\/v2\/categories?post=1202"},{"taxonomy":"post_tag","embeddable":true,"href":"https:\/\/info.cashtocode.com\/de\/wp-json\/wp\/v2\/tags?post=1202"}],"curies":[{"name":"wp","href":"https:\/\/api.w.org\/{rel}","templated":true}]}}