{"id":1211,"date":"2021-06-30T18:18:00","date_gmt":"2021-06-30T18:18:00","guid":{"rendered":"https:\/\/info.cashtocode.com\/?page_id=1211"},"modified":"2024-04-15T12:21:43","modified_gmt":"2024-04-15T12:21:43","slug":"anonym","status":"publish","type":"page","link":"https:\/\/info.cashtocode.com\/de\/hilfe\/sicherheit\/anonym\/","title":{"rendered":"Kann ich mit CashtoCode anonym bezahlen?"},"content":{"rendered":"\n<p>CashtoCode ist eine <strong>diskrete Bezahlmethode, <\/strong>da du eine Bareinzahlungen ohne Verkn\u00fcpfung zu deiner Bank- oder Kreditkarte und ohne Kontoerstellung durchf\u00fchren kannst. Dadurch musst du keine pers\u00f6nlichen oder sensiblen Daten beim Bezahlen preisgeben, was eine gewisse Anonymit\u00e4t sicherstellt.<\/p>\n\n\n\n<p>Allerdings ist eine absolute Anonymit\u00e4t aus folgenden Gr\u00fcnden oder unter bestimmten Umst\u00e4nden nicht gegeben:<\/p>\n\n\n\n<ul class=\"wp-block-list\">\n<li>Die Einzahlung erfolgt direkt beim CashtoCode Partner, wo du ein Kundenkonto besitzt.<\/li>\n\n\n\n<li>Neben der Bareinzahlung hast du auch die M\u00f6glichkeit deine Bank- oder Kreditkarten zu verwenden.<\/li>\n<\/ul>\n\n\n\n<div class=\"wp-block-greenshift-blocks-row alignfull gspb_row gspb_row-id-gsbp-75cc719c-587a\" id=\"gspb_row-id-gsbp-75cc719c-587a\"><div class=\"gspb_row__content\"> \n<div class=\"wp-block-greenshift-blocks-row-column gspb_row__col--12 gspb_col-id-gsbp-dc66eeb1-2720\" id=\"gspb_col-id-gsbp-dc66eeb1-2720\">\n<div class=\"wp-block-group alignwide is-layout-constrained wp-block-group-is-layout-constrained\">\n<h2 class=\"wp-block-heading\" id=\"alle-themen-zu-sicherheit\">Alle Themen zu Sicherheit<\/h2>\n\n\n\n<p>[siblings exclude=&#8220;current&#8220;]<\/p>\n<\/div>\n<\/div>\n <\/div><\/div>\n\n\n\n<h2 class=\"wp-block-heading\" id=\"weitere-themen\">Weitere Themen:<\/h2>\n\n\n<style>.gspb_container-id-gsbp-fd3899b{flex-direction:column;box-sizing:border-box;}#gspb_container-id-gsbp-fd3899b.gspb_container > p:last-of-type{margin-bottom:0}.gspb_container{position:relative;}#gspb_container-id-gsbp-fd3899b.gspb_container{display:grid;grid-template-columns:repeat(3,minmax(0,1fr));row-gap:20px;}@media (max-width:991.98px){#gspb_container-id-gsbp-fd3899b.gspb_container{grid-template-columns:repeat(1,minmax(0,1fr));}}<\/style>\n<div class=\"wp-block-greenshift-blocks-container gspb_container gspb_container-gsbp-fd3899b\" id=\"gspb_container-id-gsbp-fd3899b\"><style>.gspb_container-id-gsbp-ed58af6{flex-direction:column;box-sizing:border-box;}#gspb_container-id-gsbp-ed58af6.gspb_container > p:last-of-type{margin-bottom:0}.gspb_container{position:relative;}#gspb_container-id-gsbp-ed58af6.gspb_container{margin-bottom:0px;}<\/style>\n<div class=\"wp-block-greenshift-blocks-container gspb_container gspb_container-gsbp-ed58af6\" id=\"gspb_container-id-gsbp-ed58af6\"><style>#gspb_button-id-gsbp-5a1e553{display:flex;justify-content:flex-start;}#gspb_button-id-gsbp-5a1e553 .gspb-buttonbox-text{display:flex;flex-direction:column;}#gspb_button-id-gsbp-5a1e553 > .gspb-buttonbox{box-sizing:border-box}#gspb_button-id-gsbp-5a1e553 > .gspb-buttonbox > .gspb-buttonbox-textwrap > .gspb-buttonbox-icon{display:flex;}#gspb_button-id-gsbp-5a1e553 > .gspb-buttonbox .gspb-buttonbox-icon img{height:75px!important;width:75px!important;min-width:75px!important;}@media (max-width:991.98px){#gspb_button-id-gsbp-5a1e553 > .gspb-buttonbox .gspb-buttonbox-icon img{height:75px!important;width:75px!important;min-width:75px!important;}}#gspb_button-id-gsbp-5a1e553 > .gspb-buttonbox .gspb-buttonbox-icon img,#gspb_button-id-gsbp-5a1e553 > .gspb-buttonbox .gspb-buttonbox-icon img path{fill:currentColor !important;}#gspb_button-id-gsbp-5a1e553 > .gspb-buttonbox .gspb-buttonbox-icon img{margin:0px !important;}#gspb_button-id-gsbp-5a1e553 > .gspb-buttonbox > .gspb-buttonbox-textwrap{display:flex;flex-direction:row;align-items:center;}#gspb_button-id-gsbp-5a1e553 > .gspb-buttonbox > .gspb-buttonbox-textwrap{justify-content:center;}#gspb_button-id-gsbp-5a1e553 .gspb-buttonbox-icon{margin-right:13px}#gspb_button-id-gsbp-5a1e553{justify-content:center;}#gspb_button-id-gsbp-5a1e553 > .gspb-buttonbox{margin-top:0px;}@media (max-width:575.98px){#gspb_button-id-gsbp-5a1e553 > .gspb-buttonbox{margin-top:0px;}}#gspb_button-id-gsbp-5a1e553 > .gspb-buttonbox{width:80%;}#gspb_button-id-gsbp-5a1e553 > .gspb-buttonbox,#gspb_button-id-gsbp-5a1e553 > .gspb-buttonbox .gsap-g-line{text-align:center!important;}<\/style>\n<div class=\"gspb_button_wrapper gspb_button-id-gsbp-5a1e553\" id=\"gspb_button-id-gsbp-5a1e553\"><a class=\"wp-block-greenshift-blocks-buttonbox gspb-buttonbox wp-element-button\" href=\"\/de?page_id=616763\" rel=\"noopener\"><span class=\"gspb-buttonbox-textwrap\"><span class=\"gspb-buttonbox-icon\"><img decoding=\"async\" src=\"https:\/\/info.cashtocode.com\/wp-content\/uploads\/2024\/04\/Allgemein-icon.webp\" alt=\"CashtoCode Allgemein Icon\"\/><\/span><span class=\"gspb-buttonbox-text\"><span class=\"gspb-buttonbox-title\">Allgemein<\/span><\/span><\/span><\/a><\/div>\n<\/div>\n\n\n<style>.gspb_container-id-gsbp-3129b28{flex-direction:column;box-sizing:border-box;}#gspb_container-id-gsbp-3129b28.gspb_container > p:last-of-type{margin-bottom:0}.gspb_container{position:relative;}<\/style>\n<div class=\"wp-block-greenshift-blocks-container gspb_container gspb_container-gsbp-3129b28\" id=\"gspb_container-id-gsbp-3129b28\"><style>#gspb_button-id-gsbp-21bb56c1-b0cc{display:flex;justify-content:flex-start;}#gspb_button-id-gsbp-21bb56c1-b0cc .gspb-buttonbox-text{display:flex;flex-direction:column;}#gspb_button-id-gsbp-21bb56c1-b0cc > .gspb-buttonbox{box-sizing:border-box}#gspb_button-id-gsbp-21bb56c1-b0cc > .gspb-buttonbox > .gspb-buttonbox-textwrap > .gspb-buttonbox-icon{display:flex;}#gspb_button-id-gsbp-21bb56c1-b0cc > .gspb-buttonbox .gspb-buttonbox-icon img{height:75px!important;width:75px!important;min-width:75px!important;}#gspb_button-id-gsbp-21bb56c1-b0cc > .gspb-buttonbox .gspb-buttonbox-icon img,#gspb_button-id-gsbp-21bb56c1-b0cc > .gspb-buttonbox .gspb-buttonbox-icon img path{fill:currentColor !important;}#gspb_button-id-gsbp-21bb56c1-b0cc > .gspb-buttonbox .gspb-buttonbox-icon img{margin:0px !important;}#gspb_button-id-gsbp-21bb56c1-b0cc > .gspb-buttonbox > .gspb-buttonbox-textwrap{display:flex;flex-direction:row;align-items:center;}#gspb_button-id-gsbp-21bb56c1-b0cc > .gspb-buttonbox > .gspb-buttonbox-textwrap{justify-content:center;}#gspb_button-id-gsbp-21bb56c1-b0cc .gspb-buttonbox-icon{margin-right:13px}#gspb_button-id-gsbp-21bb56c1-b0cc{justify-content:center;}#gspb_button-id-gsbp-21bb56c1-b0cc > .gspb-buttonbox{width:80%;}#gspb_button-id-gsbp-21bb56c1-b0cc > .gspb-buttonbox,#gspb_button-id-gsbp-21bb56c1-b0cc > .gspb-buttonbox .gsap-g-line{text-align:center!important;}<\/style>\n<div class=\"gspb_button_wrapper gspb_button-id-gsbp-21bb56c1-b0cc\" id=\"gspb_button-id-gsbp-21bb56c1-b0cc\"><a class=\"wp-block-greenshift-blocks-buttonbox gspb-buttonbox wp-element-button\" href=\"\/de?page_id=615393\" rel=\"noopener\"><span class=\"gspb-buttonbox-textwrap\"><span class=\"gspb-buttonbox-icon\"><img decoding=\"async\" src=\"https:\/\/info.cashtocode.com\/wp-content\/uploads\/2024\/04\/payments-icon.webp\" alt=\"CashtoCode Zahlungen Icon\"\/><\/span><span class=\"gspb-buttonbox-text\"><span class=\"gspb-buttonbox-title\">Zahlungen<\/span><\/span><\/span><\/a><\/div>\n<\/div>\n\n\n<style>.gspb_container-id-gsbp-c66fe89{flex-direction:column;box-sizing:border-box;}#gspb_container-id-gsbp-c66fe89.gspb_container > p:last-of-type{margin-bottom:0}.gspb_container{position:relative;}<\/style>\n<div class=\"wp-block-greenshift-blocks-container gspb_container gspb_container-gsbp-c66fe89\" id=\"gspb_container-id-gsbp-c66fe89\"><style>#gspb_button-id-gsbp-cbf9f9c{display:flex;justify-content:flex-start;}#gspb_button-id-gsbp-cbf9f9c .gspb-buttonbox-text{display:flex;flex-direction:column;}#gspb_button-id-gsbp-cbf9f9c > .gspb-buttonbox{box-sizing:border-box}#gspb_button-id-gsbp-cbf9f9c > .gspb-buttonbox > .gspb-buttonbox-textwrap > .gspb-buttonbox-icon{display:flex;}#gspb_button-id-gsbp-cbf9f9c > .gspb-buttonbox .gspb-buttonbox-icon img{height:75px!important;width:75px!important;min-width:75px!important;}#gspb_button-id-gsbp-cbf9f9c > .gspb-buttonbox .gspb-buttonbox-icon img,#gspb_button-id-gsbp-cbf9f9c > .gspb-buttonbox .gspb-buttonbox-icon img path{fill:currentColor !important;}#gspb_button-id-gsbp-cbf9f9c > .gspb-buttonbox .gspb-buttonbox-icon img{margin:0px !important;}#gspb_button-id-gsbp-cbf9f9c > .gspb-buttonbox > .gspb-buttonbox-textwrap{display:flex;flex-direction:row;align-items:center;}#gspb_button-id-gsbp-cbf9f9c > .gspb-buttonbox > .gspb-buttonbox-textwrap{justify-content:center;}#gspb_button-id-gsbp-cbf9f9c .gspb-buttonbox-icon{margin-right:13px}#gspb_button-id-gsbp-cbf9f9c{justify-content:center;}#gspb_button-id-gsbp-cbf9f9c > .gspb-buttonbox{width:80%;}#gspb_button-id-gsbp-cbf9f9c > .gspb-buttonbox,#gspb_button-id-gsbp-cbf9f9c > .gspb-buttonbox .gsap-g-line{text-align:center!important;}<\/style>\n<div class=\"gspb_button_wrapper gspb_button-id-gsbp-cbf9f9c\" id=\"gspb_button-id-gsbp-cbf9f9c\"><a class=\"wp-block-greenshift-blocks-buttonbox gspb-buttonbox wp-element-button\" href=\"\/de?page_id=1160\" rel=\"noopener\"><span class=\"gspb-buttonbox-textwrap\"><span class=\"gspb-buttonbox-icon\"><img decoding=\"async\" src=\"https:\/\/info.cashtocode.com\/wp-content\/uploads\/2024\/04\/outlets-icon.webp\"\/><\/span><span class=\"gspb-buttonbox-text\"><span class=\"gspb-buttonbox-title\">Verkaufsstellen<\/span><\/span><\/span><\/a><\/div>\n<\/div>\n<\/div>\n<style>#gspb_button-id-gsbp-5a1e553{display:flex;justify-content:center}#gspb_button-id-gsbp-5a1e553 .gspb-buttonbox-text{display:flex;flex-direction:column}#gspb_button-id-gsbp-5a1e553>.gspb-buttonbox{box-sizing:border-box}#gspb_button-id-gsbp-21bb56c1-b0cc>.gspb-buttonbox>.gspb-buttonbox-textwrap>.gspb-buttonbox-icon,#gspb_button-id-gsbp-5a1e553>.gspb-buttonbox>.gspb-buttonbox-textwrap>.gspb-buttonbox-icon,#gspb_button-id-gsbp-cbf9f9c>.gspb-buttonbox>.gspb-buttonbox-textwrap>.gspb-buttonbox-icon{display:flex}#gspb_button-id-gsbp-5a1e553>.gspb-buttonbox .gspb-buttonbox-icon img{height:75px!important;width:75px!important;min-width:75px!important}@media (max-width:991.98px){#gspb_button-id-gsbp-5a1e553>.gspb-buttonbox .gspb-buttonbox-icon img{height:75px!important;width:75px!important;min-width:75px!important}}#gspb_button-id-gsbp-5a1e553>.gspb-buttonbox .gspb-buttonbox-icon img,#gspb_button-id-gsbp-5a1e553>.gspb-buttonbox .gspb-buttonbox-icon img path{fill:currentColor!important}#gspb_button-id-gsbp-5a1e553>.gspb-buttonbox .gspb-buttonbox-icon img{margin:0!important}#gspb_button-id-gsbp-5a1e553>.gspb-buttonbox>.gspb-buttonbox-textwrap{display:flex;flex-direction:row;align-items:center;justify-content:center}#gspb_button-id-gsbp-5a1e553 .gspb-buttonbox-icon{margin-right:13px}#gspb_button-id-gsbp-5a1e553>.gspb-buttonbox{margin-top:0}@media (max-width:575.98px){#gspb_button-id-gsbp-5a1e553>.gspb-buttonbox{margin-top:0}}#gspb_button-id-gsbp-5a1e553>.gspb-buttonbox{width:80%;text-align:center!important}#gspb_button-id-gsbp-5a1e553>.gspb-buttonbox .gsap-g-line{text-align:center!important}#gspb_button-id-gsbp-21bb56c1-b0cc .gspb-buttonbox-text{display:flex;flex-direction:column}#gspb_button-id-gsbp-21bb56c1-b0cc>.gspb-buttonbox{box-sizing:border-box}#gspb_button-id-gsbp-21bb56c1-b0cc>.gspb-buttonbox>.gspb-buttonbox-textwrap{display:flex;flex-direction:row;align-items:center;justify-content:center}#gspb_button-id-gsbp-21bb56c1-b0cc .gspb-buttonbox-icon{margin-right:13px}#gspb_button-id-gsbp-21bb56c1-b0cc>.gspb-buttonbox{width:80%;text-align:center!important}#gspb_button-id-gsbp-21bb56c1-b0cc>.gspb-buttonbox .gsap-g-line{text-align:center!important}#gspb_button-id-gsbp-21bb56c1-b0cc,#gspb_button-id-gsbp-cbf9f9c{display:flex;justify-content:center}#gspb_button-id-gsbp-cbf9f9c .gspb-buttonbox-text{display:flex;flex-direction:column}#gspb_button-id-gsbp-cbf9f9c>.gspb-buttonbox{box-sizing:border-box}#gspb_button-id-gsbp-21bb56c1-b0cc>.gspb-buttonbox .gspb-buttonbox-icon img,#gspb_button-id-gsbp-cbf9f9c>.gspb-buttonbox .gspb-buttonbox-icon img{height:75px!important;width:75px!important;min-width:75px!important;fill:currentColor!important;margin:0!important}#gspb_button-id-gsbp-21bb56c1-b0cc>.gspb-buttonbox .gspb-buttonbox-icon img path,#gspb_button-id-gsbp-cbf9f9c>.gspb-buttonbox .gspb-buttonbox-icon img path{fill:currentColor!important}#gspb_button-id-gsbp-cbf9f9c>.gspb-buttonbox>.gspb-buttonbox-textwrap{display:flex;flex-direction:row;align-items:center;justify-content:center}#gspb_button-id-gsbp-cbf9f9c .gspb-buttonbox-icon{margin-right:13px}#gspb_button-id-gsbp-cbf9f9c>.gspb-buttonbox{width:80%;text-align:center!important}#gspb_button-id-gsbp-cbf9f9c>.gspb-buttonbox .gsap-g-line{text-align:center!important}<\/style>\n","protected":false},"excerpt":{"rendered":"<p>CashtoCode ist eine diskrete Bezahlmethode, da du eine Bareinzahlungen ohne Verkn\u00fcpfung zu deiner Bank- oder Kreditkarte und ohne Kontoerstellung durchf\u00fchren kannst. Dadurch musst du keine pers\u00f6nlichen oder sensiblen Daten beim Bezahlen preisgeben, was eine gewisse Anonymit\u00e4t sicherstellt. Allerdings ist eine absolute Anonymit\u00e4t aus folgenden Gr\u00fcnden oder unter bestimmten Umst\u00e4nden nicht gegeben: Weitere Themen:<\/p>\n","protected":false},"author":18,"featured_media":634582,"parent":615413,"menu_order":0,"comment_status":"closed","ping_status":"closed","template":"","meta":{"_acf_changed":false,"_gspb_post_css":"#gspb_row-id-gsbp-75cc719c-587a{justify-content:space-between;margin-bottom:0;display:flex;flex-wrap:wrap;margin-top:50px;background-color:#00000012;opacity:1}#gspb_row-id-gsbp-75cc719c-587a>.gspb_row__content{display:flex;justify-content:space-between;margin:0 auto;width:100%;flex-wrap:wrap;max-width:1200px}.gspb_row{position:relative}div[id^=gspb_col-id]{padding:15px min(3vw,20px);box-sizing:border-box;position:relative}#gspb_col-id-gsbp-dc66eeb1-2720.gspb_row__col--12{width:100%}@media (max-width:575.98px){#gspb_col-id-gsbp-dc66eeb1-2720.gspb_row__col--12{width:100%}}","footnotes":""},"categories":[],"tags":[],"class_list":["post-1211","page","type-page","status-publish","has-post-thumbnail","hentry"],"acf":[],"yoast_head":"<!-- This site is optimized with the Yoast SEO Premium plugin v26.3 (Yoast SEO v26.3) - https:\/\/yoast.com\/wordpress\/plugins\/seo\/ -->\n<title>Kann ich mit CashtoCode anonym bezahlen? | Kundenhilfezentrum<\/title>\n<meta name=\"description\" content=\"Auf dieser Seite erf\u00e4hrst du, welche Faktoren und Umst\u00e4nde dazu f\u00fchren k\u00f6nnen, dass CashtoCode nicht vollst\u00e4ndig anonym ist.\" \/>\n<meta name=\"robots\" content=\"index, follow, max-snippet:-1, max-image-preview:large, max-video-preview:-1\" \/>\n<link rel=\"canonical\" href=\"https:\/\/info.cashtocode.com\/de\/hilfe\/sicherheit\/anonym\/\" \/>\n<meta name=\"twitter:card\" content=\"summary_large_image\" \/>\n<meta name=\"twitter:title\" content=\"Kann ich mit CashtoCode anonym bezahlen? | Kundenhilfezentrum\" \/>\n<meta name=\"twitter:description\" content=\"Auf dieser Seite erf\u00e4hrst du, welche Faktoren und Umst\u00e4nde dazu f\u00fchren k\u00f6nnen, dass CashtoCode nicht vollst\u00e4ndig anonym ist.\" \/>\n<meta name=\"twitter:image\" content=\"https:\/\/info.cashtocode.com\/wp-content\/uploads\/2023\/12\/CashtoCode-anonym.jpg\" \/>\n<meta name=\"twitter:label1\" content=\"Gesch\u00e4tzte Lesezeit\" \/>\n\t<meta name=\"twitter:data1\" content=\"1\u00a0Minute\" \/>\n<script type=\"application\/ld+json\" class=\"yoast-schema-graph\">{\"@context\":\"https:\/\/schema.org\",\"@graph\":[{\"@type\":\"WebPage\",\"@id\":\"https:\/\/info.cashtocode.com\/de\/hilfe\/sicherheit\/anonym\/\",\"url\":\"https:\/\/info.cashtocode.com\/de\/hilfe\/sicherheit\/anonym\/\",\"name\":\"Kann ich mit CashtoCode anonym bezahlen? | Kundenhilfezentrum\",\"isPartOf\":{\"@id\":\"https:\/\/info.cashtocode.com\/de\/#website\"},\"primaryImageOfPage\":{\"@id\":\"https:\/\/info.cashtocode.com\/de\/hilfe\/sicherheit\/anonym\/#primaryimage\"},\"image\":{\"@id\":\"https:\/\/info.cashtocode.com\/de\/hilfe\/sicherheit\/anonym\/#primaryimage\"},\"thumbnailUrl\":\"https:\/\/info.cashtocode.com\/wp-content\/uploads\/2023\/12\/CashtoCode-anonym.jpg\",\"datePublished\":\"2021-06-30T18:18:00+00:00\",\"dateModified\":\"2024-04-15T12:21:43+00:00\",\"description\":\"Auf dieser Seite erf\u00e4hrst du, welche Faktoren und Umst\u00e4nde dazu f\u00fchren k\u00f6nnen, dass CashtoCode nicht vollst\u00e4ndig anonym ist.\",\"breadcrumb\":{\"@id\":\"https:\/\/info.cashtocode.com\/de\/hilfe\/sicherheit\/anonym\/#breadcrumb\"},\"inLanguage\":\"de\",\"potentialAction\":[{\"@type\":\"ReadAction\",\"target\":[\"https:\/\/info.cashtocode.com\/de\/hilfe\/sicherheit\/anonym\/\"]}]},{\"@type\":\"ImageObject\",\"inLanguage\":\"de\",\"@id\":\"https:\/\/info.cashtocode.com\/de\/hilfe\/sicherheit\/anonym\/#primaryimage\",\"url\":\"https:\/\/info.cashtocode.com\/wp-content\/uploads\/2023\/12\/CashtoCode-anonym.jpg\",\"contentUrl\":\"https:\/\/info.cashtocode.com\/wp-content\/uploads\/2023\/12\/CashtoCode-anonym.jpg\",\"width\":1200,\"height\":628,\"caption\":\"CashtoCode anonym\"},{\"@type\":\"BreadcrumbList\",\"@id\":\"https:\/\/info.cashtocode.com\/de\/hilfe\/sicherheit\/anonym\/#breadcrumb\",\"itemListElement\":[{\"@type\":\"ListItem\",\"position\":1,\"name\":\"Support &#038; Hilfe\",\"item\":\"https:\/\/info.cashtocode.com\/de\/hilfe\/\"},{\"@type\":\"ListItem\",\"position\":2,\"name\":\"Sicherheit\",\"item\":\"https:\/\/info.cashtocode.com\/de\/security\/\"},{\"@type\":\"ListItem\",\"position\":3,\"name\":\"Kann ich mit CashtoCode anonym bezahlen?\"}]},{\"@type\":\"WebSite\",\"@id\":\"https:\/\/info.cashtocode.com\/de\/#website\",\"url\":\"https:\/\/info.cashtocode.com\/de\/\",\"name\":\"CashtoCode Infoportal | Bar Bezahlen Im Internet leicht gemacht\u27a1\ufe0f\",\"description\":\"\",\"publisher\":{\"@id\":\"https:\/\/info.cashtocode.com\/de\/#organization\"},\"potentialAction\":[{\"@type\":\"SearchAction\",\"target\":{\"@type\":\"EntryPoint\",\"urlTemplate\":\"https:\/\/info.cashtocode.com\/de\/?s={search_term_string}\"},\"query-input\":{\"@type\":\"PropertyValueSpecification\",\"valueRequired\":true,\"valueName\":\"search_term_string\"}}],\"inLanguage\":\"de\"},{\"@type\":\"Organization\",\"@id\":\"https:\/\/info.cashtocode.com\/de\/#organization\",\"name\":\"CashtoCode Infoportal | Bar Bezahlen Im Internet leicht gemacht\u27a1\ufe0f\",\"url\":\"https:\/\/info.cashtocode.com\/de\/\",\"logo\":{\"@type\":\"ImageObject\",\"inLanguage\":\"de\",\"@id\":\"https:\/\/info.cashtocode.com\/de\/#\/schema\/logo\/image\/\",\"url\":\"https:\/\/info.cashtocode.com\/wp-content\/uploads\/2023\/12\/cashtocode-infoportal-logo.webp\",\"contentUrl\":\"https:\/\/info.cashtocode.com\/wp-content\/uploads\/2023\/12\/cashtocode-infoportal-logo.webp\",\"width\":833,\"height\":248,\"caption\":\"CashtoCode Infoportal | Bar Bezahlen Im Internet leicht gemacht\u27a1\ufe0f\"},\"image\":{\"@id\":\"https:\/\/info.cashtocode.com\/de\/#\/schema\/logo\/image\/\"}}]}<\/script>\n<!-- \/ Yoast SEO Premium plugin. -->","yoast_head_json":{"title":"Kann ich mit CashtoCode anonym bezahlen? | Kundenhilfezentrum","description":"Auf dieser Seite erf\u00e4hrst du, welche Faktoren und Umst\u00e4nde dazu f\u00fchren k\u00f6nnen, dass CashtoCode nicht vollst\u00e4ndig anonym ist.","robots":{"index":"index","follow":"follow","max-snippet":"max-snippet:-1","max-image-preview":"max-image-preview:large","max-video-preview":"max-video-preview:-1"},"canonical":"https:\/\/info.cashtocode.com\/de\/hilfe\/sicherheit\/anonym\/","twitter_card":"summary_large_image","twitter_title":"Kann ich mit CashtoCode anonym bezahlen? | Kundenhilfezentrum","twitter_description":"Auf dieser Seite erf\u00e4hrst du, welche Faktoren und Umst\u00e4nde dazu f\u00fchren k\u00f6nnen, dass CashtoCode nicht vollst\u00e4ndig anonym ist.","twitter_image":"https:\/\/info.cashtocode.com\/wp-content\/uploads\/2023\/12\/CashtoCode-anonym.jpg","twitter_misc":{"Gesch\u00e4tzte Lesezeit":"1\u00a0Minute"},"schema":{"@context":"https:\/\/schema.org","@graph":[{"@type":"WebPage","@id":"https:\/\/info.cashtocode.com\/de\/hilfe\/sicherheit\/anonym\/","url":"https:\/\/info.cashtocode.com\/de\/hilfe\/sicherheit\/anonym\/","name":"Kann ich mit CashtoCode anonym bezahlen? | Kundenhilfezentrum","isPartOf":{"@id":"https:\/\/info.cashtocode.com\/de\/#website"},"primaryImageOfPage":{"@id":"https:\/\/info.cashtocode.com\/de\/hilfe\/sicherheit\/anonym\/#primaryimage"},"image":{"@id":"https:\/\/info.cashtocode.com\/de\/hilfe\/sicherheit\/anonym\/#primaryimage"},"thumbnailUrl":"https:\/\/info.cashtocode.com\/wp-content\/uploads\/2023\/12\/CashtoCode-anonym.jpg","datePublished":"2021-06-30T18:18:00+00:00","dateModified":"2024-04-15T12:21:43+00:00","description":"Auf dieser Seite erf\u00e4hrst du, welche Faktoren und Umst\u00e4nde dazu f\u00fchren k\u00f6nnen, dass CashtoCode nicht vollst\u00e4ndig anonym ist.","breadcrumb":{"@id":"https:\/\/info.cashtocode.com\/de\/hilfe\/sicherheit\/anonym\/#breadcrumb"},"inLanguage":"de","potentialAction":[{"@type":"ReadAction","target":["https:\/\/info.cashtocode.com\/de\/hilfe\/sicherheit\/anonym\/"]}]},{"@type":"ImageObject","inLanguage":"de","@id":"https:\/\/info.cashtocode.com\/de\/hilfe\/sicherheit\/anonym\/#primaryimage","url":"https:\/\/info.cashtocode.com\/wp-content\/uploads\/2023\/12\/CashtoCode-anonym.jpg","contentUrl":"https:\/\/info.cashtocode.com\/wp-content\/uploads\/2023\/12\/CashtoCode-anonym.jpg","width":1200,"height":628,"caption":"CashtoCode anonym"},{"@type":"BreadcrumbList","@id":"https:\/\/info.cashtocode.com\/de\/hilfe\/sicherheit\/anonym\/#breadcrumb","itemListElement":[{"@type":"ListItem","position":1,"name":"Support &#038; Hilfe","item":"https:\/\/info.cashtocode.com\/de\/hilfe\/"},{"@type":"ListItem","position":2,"name":"Sicherheit","item":"https:\/\/info.cashtocode.com\/de\/security\/"},{"@type":"ListItem","position":3,"name":"Kann ich mit CashtoCode anonym bezahlen?"}]},{"@type":"WebSite","@id":"https:\/\/info.cashtocode.com\/de\/#website","url":"https:\/\/info.cashtocode.com\/de\/","name":"CashtoCode Infoportal | Bar Bezahlen Im Internet leicht gemacht\u27a1\ufe0f","description":"","publisher":{"@id":"https:\/\/info.cashtocode.com\/de\/#organization"},"potentialAction":[{"@type":"SearchAction","target":{"@type":"EntryPoint","urlTemplate":"https:\/\/info.cashtocode.com\/de\/?s={search_term_string}"},"query-input":{"@type":"PropertyValueSpecification","valueRequired":true,"valueName":"search_term_string"}}],"inLanguage":"de"},{"@type":"Organization","@id":"https:\/\/info.cashtocode.com\/de\/#organization","name":"CashtoCode Infoportal | Bar Bezahlen Im Internet leicht gemacht\u27a1\ufe0f","url":"https:\/\/info.cashtocode.com\/de\/","logo":{"@type":"ImageObject","inLanguage":"de","@id":"https:\/\/info.cashtocode.com\/de\/#\/schema\/logo\/image\/","url":"https:\/\/info.cashtocode.com\/wp-content\/uploads\/2023\/12\/cashtocode-infoportal-logo.webp","contentUrl":"https:\/\/info.cashtocode.com\/wp-content\/uploads\/2023\/12\/cashtocode-infoportal-logo.webp","width":833,"height":248,"caption":"CashtoCode Infoportal | Bar Bezahlen Im Internet leicht gemacht\u27a1\ufe0f"},"image":{"@id":"https:\/\/info.cashtocode.com\/de\/#\/schema\/logo\/image\/"}}]}},"_links":{"self":[{"href":"https:\/\/info.cashtocode.com\/de\/wp-json\/wp\/v2\/pages\/1211","targetHints":{"allow":["GET"]}}],"collection":[{"href":"https:\/\/info.cashtocode.com\/de\/wp-json\/wp\/v2\/pages"}],"about":[{"href":"https:\/\/info.cashtocode.com\/de\/wp-json\/wp\/v2\/types\/page"}],"author":[{"embeddable":true,"href":"https:\/\/info.cashtocode.com\/de\/wp-json\/wp\/v2\/users\/18"}],"replies":[{"embeddable":true,"href":"https:\/\/info.cashtocode.com\/de\/wp-json\/wp\/v2\/comments?post=1211"}],"version-history":[{"count":0,"href":"https:\/\/info.cashtocode.com\/de\/wp-json\/wp\/v2\/pages\/1211\/revisions"}],"up":[{"embeddable":true,"href":"https:\/\/info.cashtocode.com\/de\/wp-json\/wp\/v2\/pages\/615413"}],"wp:featuredmedia":[{"embeddable":true,"href":"https:\/\/info.cashtocode.com\/de\/wp-json\/wp\/v2\/media\/634582"}],"wp:attachment":[{"href":"https:\/\/info.cashtocode.com\/de\/wp-json\/wp\/v2\/media?parent=1211"}],"wp:term":[{"taxonomy":"category","embeddable":true,"href":"https:\/\/info.cashtocode.com\/de\/wp-json\/wp\/v2\/categories?post=1211"},{"taxonomy":"post_tag","embeddable":true,"href":"https:\/\/info.cashtocode.com\/de\/wp-json\/wp\/v2\/tags?post=1211"}],"curies":[{"name":"wp","href":"https:\/\/api.w.org\/{rel}","templated":true}]}}