{"id":2666,"date":"2021-03-08T14:21:44","date_gmt":"2021-03-08T14:21:44","guid":{"rendered":"https:\/\/info.cashtocode.com\/?page_id=2666"},"modified":"2026-01-16T10:23:41","modified_gmt":"2026-01-16T10:23:41","slug":"registrierung","status":"publish","type":"page","link":"https:\/\/info.cashtocode.com\/de\/hilfe\/allgemein\/registrierung\/","title":{"rendered":"Ist eine CashtoCode Registrierung notwendig?"},"content":{"rendered":"\n<p>Eine <strong>CashtoCode Registrierung<\/strong> gibt es nicht. Um die Bezahlmethode nutzen zu k\u00f6nnen, musst du dich weder registrieren noch ein Konto erstellen. Mit <a href=\"https:\/\/info.cashtocode.com\/de\/\">CashtoCode<\/a> kannst du sicher und diskret bezahlen, ohne dass pers\u00f6nliche Informationen \u00fcber dich oder deine Einzahlungen gespeichert werden.<\/p>\n\n\n\n<div class=\"wp-block-greenshift-blocks-button gspb_button_wrapper gspb_button-id-gsbp-12633286-aee7 button-internal-linking-bottom-margin\" id=\"gspb_button-id-gsbp-12633286-aee7\"><a class=\"gspb-buttonbox\" href=\"https:\/\/www.cashtocode.com\/de-de\/cashtocode-verwenden\/\" rel=\"noopener\"><span class=\"gspb-buttonbox-textwrap\"><span class=\"gspb-buttonbox-text\"><span class=\"gspb-buttonbox-title\">CashtoCode verwenden<\/span><\/span><\/span><\/a><\/div>\n\n\n\n<p><\/p>\n\n\n\n<h2 class=\"wp-block-heading\" id=\"h-gibt-es-einen-cash-to-code-login\">Gibt es einen Cash to Code Login?<\/h2>\n\n\n\n<p>Einen Cash to Code Login gibt es nicht. Dies liegt daran, dass es auch keine Registrierung bei Cash to Code gibt und somit kein Kundenkonto oder Account erstellt wird.<\/p>\n\n\n\n<p>Der Grund daf\u00fcr ist einfach erkl\u00e4rt: Cash to Code ist eine diskrete Bezahlmethode. W\u00fcrde ein Account erstellt werden, so w\u00fcrde unsere Bezahlmethode nicht mehr diskret sein.<\/p>\n\n\n\n<div class=\"wp-block-greenshift-blocks-row alignfull gspb_row gspb_row-id-gsbp-75cc719c-587a\" id=\"gspb_row-id-gsbp-75cc719c-587a\"><div class=\"gspb_row__content\"> \n<div class=\"wp-block-greenshift-blocks-row-column gspb_row__col--12 gspb_col-id-gsbp-dc66eeb1-2720\" id=\"gspb_col-id-gsbp-dc66eeb1-2720\">\n<div class=\"wp-block-group alignwide is-layout-constrained wp-block-group-is-layout-constrained\">\n<h2 class=\"wp-block-heading\" id=\"allgemeine-themen-zu-cashtocode\">Allgemeine Themen zu CashtoCode<\/h2>\n\n\n\n<p>[siblings exclude=&#8220;current&#8220;]<\/p>\n<\/div>\n<\/div>\n <\/div><\/div>\n\n\n\n<h2 class=\"wp-block-heading\" id=\"weitere-themen\">Weitere Themen:<\/h2>\n\n\n<style>.gspb_container-id-gsbp-fd3899b{flex-direction:column;box-sizing:border-box;}#gspb_container-id-gsbp-fd3899b.gspb_container > p:last-of-type{margin-bottom:0}.gspb_container{position:relative;}#gspb_container-id-gsbp-fd3899b.gspb_container{display:grid;grid-template-columns:repeat(3,minmax(0,1fr));row-gap:20px;}@media (max-width:991.98px){#gspb_container-id-gsbp-fd3899b.gspb_container{grid-template-columns:repeat(1,minmax(0,1fr));}}<\/style>\n<div class=\"wp-block-greenshift-blocks-container gspb_container gspb_container-gsbp-fd3899b\" id=\"gspb_container-id-gsbp-fd3899b\"><style>.gspb_container-id-gsbp-ed58af6{flex-direction:column;box-sizing:border-box;}#gspb_container-id-gsbp-ed58af6.gspb_container > p:last-of-type{margin-bottom:0}.gspb_container{position:relative;}#gspb_container-id-gsbp-ed58af6.gspb_container{margin-bottom:0px;}<\/style>\n<div class=\"wp-block-greenshift-blocks-container gspb_container gspb_container-gsbp-ed58af6\" id=\"gspb_container-id-gsbp-ed58af6\"><style>#gspb_button-id-gsbp-5a1e553{display:flex;justify-content:flex-start;}#gspb_button-id-gsbp-5a1e553 .gspb-buttonbox-text{display:flex;flex-direction:column;}#gspb_button-id-gsbp-5a1e553 > .gspb-buttonbox{box-sizing:border-box}#gspb_button-id-gsbp-5a1e553 > .gspb-buttonbox > .gspb-buttonbox-textwrap > .gspb-buttonbox-icon{display:flex;}#gspb_button-id-gsbp-5a1e553 > .gspb-buttonbox .gspb-buttonbox-icon img{height:75px!important;width:75px!important;min-width:75px!important;}@media (max-width:991.98px){#gspb_button-id-gsbp-5a1e553 > .gspb-buttonbox .gspb-buttonbox-icon img{height:75px!important;width:75px!important;min-width:75px!important;}}#gspb_button-id-gsbp-5a1e553 > .gspb-buttonbox .gspb-buttonbox-icon img,#gspb_button-id-gsbp-5a1e553 > .gspb-buttonbox .gspb-buttonbox-icon img path{fill:currentColor !important;}#gspb_button-id-gsbp-5a1e553 > .gspb-buttonbox .gspb-buttonbox-icon img{margin:0px !important;}#gspb_button-id-gsbp-5a1e553 > .gspb-buttonbox > .gspb-buttonbox-textwrap{display:flex;flex-direction:row;align-items:center;}#gspb_button-id-gsbp-5a1e553 > .gspb-buttonbox > .gspb-buttonbox-textwrap{justify-content:center;}#gspb_button-id-gsbp-5a1e553 .gspb-buttonbox-icon{margin-right:13px}#gspb_button-id-gsbp-5a1e553{justify-content:center;}#gspb_button-id-gsbp-5a1e553 > .gspb-buttonbox{margin-top:0px;}@media (max-width:575.98px){#gspb_button-id-gsbp-5a1e553 > .gspb-buttonbox{margin-top:0px;}}#gspb_button-id-gsbp-5a1e553 > .gspb-buttonbox{width:80%;}#gspb_button-id-gsbp-5a1e553 > .gspb-buttonbox,#gspb_button-id-gsbp-5a1e553 > .gspb-buttonbox .gsap-g-line{text-align:center!important;}<\/style>\n<div class=\"gspb_button_wrapper gspb_button-id-gsbp-5a1e553\" id=\"gspb_button-id-gsbp-5a1e553\"><a class=\"wp-block-greenshift-blocks-buttonbox gspb-buttonbox wp-element-button\" href=\"\/de?page_id=615393\" rel=\"noopener\"><span class=\"gspb-buttonbox-textwrap\"><span class=\"gspb-buttonbox-icon\"><img decoding=\"async\" src=\"https:\/\/info.cashtocode.com\/wp-content\/uploads\/2024\/04\/payments-icon.webp\"\/><\/span><span class=\"gspb-buttonbox-text\"><span class=\"gspb-buttonbox-title\">Zahlungen<\/span><\/span><\/span><\/a><\/div>\n<\/div>\n\n\n<style>.gspb_container-id-gsbp-3129b28{flex-direction:column;box-sizing:border-box;}#gspb_container-id-gsbp-3129b28.gspb_container > p:last-of-type{margin-bottom:0}.gspb_container{position:relative;}<\/style>\n<div class=\"wp-block-greenshift-blocks-container gspb_container gspb_container-gsbp-3129b28\" id=\"gspb_container-id-gsbp-3129b28\"><style>#gspb_button-id-gsbp-21bb56c1-b0cc{display:flex;justify-content:flex-start;}#gspb_button-id-gsbp-21bb56c1-b0cc .gspb-buttonbox-text{display:flex;flex-direction:column;}#gspb_button-id-gsbp-21bb56c1-b0cc > .gspb-buttonbox{box-sizing:border-box}#gspb_button-id-gsbp-21bb56c1-b0cc > .gspb-buttonbox > .gspb-buttonbox-textwrap > .gspb-buttonbox-icon{display:flex;}#gspb_button-id-gsbp-21bb56c1-b0cc > .gspb-buttonbox .gspb-buttonbox-icon img{height:75px!important;width:75px!important;min-width:75px!important;}#gspb_button-id-gsbp-21bb56c1-b0cc > .gspb-buttonbox .gspb-buttonbox-icon img,#gspb_button-id-gsbp-21bb56c1-b0cc > .gspb-buttonbox .gspb-buttonbox-icon img path{fill:currentColor !important;}#gspb_button-id-gsbp-21bb56c1-b0cc > .gspb-buttonbox .gspb-buttonbox-icon img{margin:0px !important;}#gspb_button-id-gsbp-21bb56c1-b0cc > .gspb-buttonbox > .gspb-buttonbox-textwrap{display:flex;flex-direction:row;align-items:center;}#gspb_button-id-gsbp-21bb56c1-b0cc > .gspb-buttonbox > .gspb-buttonbox-textwrap{justify-content:center;}#gspb_button-id-gsbp-21bb56c1-b0cc .gspb-buttonbox-icon{margin-right:13px}#gspb_button-id-gsbp-21bb56c1-b0cc{justify-content:center;}#gspb_button-id-gsbp-21bb56c1-b0cc > .gspb-buttonbox{width:80%;}#gspb_button-id-gsbp-21bb56c1-b0cc > .gspb-buttonbox,#gspb_button-id-gsbp-21bb56c1-b0cc > .gspb-buttonbox .gsap-g-line{text-align:center!important;}<\/style>\n<div class=\"gspb_button_wrapper gspb_button-id-gsbp-21bb56c1-b0cc\" id=\"gspb_button-id-gsbp-21bb56c1-b0cc\"><a class=\"wp-block-greenshift-blocks-buttonbox gspb-buttonbox wp-element-button\" href=\"\/de?page_id=615413\" rel=\"noopener\"><span class=\"gspb-buttonbox-textwrap\"><span class=\"gspb-buttonbox-icon\"><img decoding=\"async\" src=\"https:\/\/info.cashtocode.com\/wp-content\/uploads\/2024\/04\/security-icon.webp\"\/><\/span><span class=\"gspb-buttonbox-text\"><span class=\"gspb-buttonbox-title\">Sicherheit<\/span><\/span><\/span><\/a><\/div>\n<\/div>\n\n\n<style>.gspb_container-id-gsbp-c66fe89{flex-direction:column;box-sizing:border-box;}#gspb_container-id-gsbp-c66fe89.gspb_container > p:last-of-type{margin-bottom:0}.gspb_container{position:relative;}<\/style>\n<div class=\"wp-block-greenshift-blocks-container gspb_container gspb_container-gsbp-c66fe89\" id=\"gspb_container-id-gsbp-c66fe89\"><style>#gspb_button-id-gsbp-cbf9f9c{display:flex;justify-content:flex-start;}#gspb_button-id-gsbp-cbf9f9c .gspb-buttonbox-text{display:flex;flex-direction:column;}#gspb_button-id-gsbp-cbf9f9c > .gspb-buttonbox{box-sizing:border-box}#gspb_button-id-gsbp-cbf9f9c > .gspb-buttonbox > .gspb-buttonbox-textwrap > .gspb-buttonbox-icon{display:flex;}#gspb_button-id-gsbp-cbf9f9c > .gspb-buttonbox .gspb-buttonbox-icon img{height:75px!important;width:75px!important;min-width:75px!important;}#gspb_button-id-gsbp-cbf9f9c > .gspb-buttonbox .gspb-buttonbox-icon img,#gspb_button-id-gsbp-cbf9f9c > .gspb-buttonbox .gspb-buttonbox-icon img path{fill:currentColor !important;}#gspb_button-id-gsbp-cbf9f9c > .gspb-buttonbox .gspb-buttonbox-icon img{margin:0px !important;}#gspb_button-id-gsbp-cbf9f9c > .gspb-buttonbox > .gspb-buttonbox-textwrap{display:flex;flex-direction:row;align-items:center;}#gspb_button-id-gsbp-cbf9f9c > .gspb-buttonbox > .gspb-buttonbox-textwrap{justify-content:center;}#gspb_button-id-gsbp-cbf9f9c .gspb-buttonbox-icon{margin-right:13px}#gspb_button-id-gsbp-cbf9f9c{justify-content:center;}#gspb_button-id-gsbp-cbf9f9c > .gspb-buttonbox{width:80%;}#gspb_button-id-gsbp-cbf9f9c > .gspb-buttonbox,#gspb_button-id-gsbp-cbf9f9c > .gspb-buttonbox .gsap-g-line{text-align:center!important;}<\/style>\n<div class=\"gspb_button_wrapper gspb_button-id-gsbp-cbf9f9c\" id=\"gspb_button-id-gsbp-cbf9f9c\"><a class=\"wp-block-greenshift-blocks-buttonbox gspb-buttonbox wp-element-button\" href=\"\/de?page_id=1160\" rel=\"noopener\"><span class=\"gspb-buttonbox-textwrap\"><span class=\"gspb-buttonbox-icon\"><img decoding=\"async\" src=\"https:\/\/info.cashtocode.com\/wp-content\/uploads\/2024\/04\/outlets-icon.webp\"\/><\/span><span class=\"gspb-buttonbox-text\"><span class=\"gspb-buttonbox-title\">Verkaufsstellen<\/span><\/span><\/span><\/a><\/div>\n<\/div>\n<\/div>\n<style>#gspb_button-id-gsbp-21bb56c1-b0cc{display:flex;justify-content:center}#gspb_button-id-gsbp-21bb56c1-b0cc .gspb-buttonbox-text{display:flex;flex-direction:column}#gspb_button-id-gsbp-21bb56c1-b0cc>.gspb-buttonbox{box-sizing:border-box}#gspb_button-id-gsbp-21bb56c1-b0cc>.gspb-buttonbox>.gspb-buttonbox-textwrap>.gspb-buttonbox-icon,#gspb_button-id-gsbp-5a1e553>.gspb-buttonbox>.gspb-buttonbox-textwrap>.gspb-buttonbox-icon,#gspb_button-id-gsbp-cbf9f9c>.gspb-buttonbox>.gspb-buttonbox-textwrap>.gspb-buttonbox-icon{display:flex}#gspb_button-id-gsbp-21bb56c1-b0cc>.gspb-buttonbox>.gspb-buttonbox-textwrap{display:flex;flex-direction:row;align-items:center;justify-content:center}#gspb_button-id-gsbp-21bb56c1-b0cc .gspb-buttonbox-icon{margin-right:13px}#gspb_button-id-gsbp-21bb56c1-b0cc>.gspb-buttonbox{width:80%;text-align:center!important}#gspb_button-id-gsbp-21bb56c1-b0cc>.gspb-buttonbox .gsap-g-line{text-align:center!important}#gspb_button-id-gsbp-cbf9f9c .gspb-buttonbox-text{display:flex;flex-direction:column}#gspb_button-id-gsbp-cbf9f9c>.gspb-buttonbox{box-sizing:border-box}#gspb_button-id-gsbp-21bb56c1-b0cc>.gspb-buttonbox .gspb-buttonbox-icon img,#gspb_button-id-gsbp-cbf9f9c>.gspb-buttonbox .gspb-buttonbox-icon img{height:75px!important;width:75px!important;min-width:75px!important;fill:currentColor!important;margin:0!important}#gspb_button-id-gsbp-21bb56c1-b0cc>.gspb-buttonbox .gspb-buttonbox-icon img path,#gspb_button-id-gsbp-cbf9f9c>.gspb-buttonbox .gspb-buttonbox-icon img path{fill:currentColor!important}#gspb_button-id-gsbp-cbf9f9c>.gspb-buttonbox>.gspb-buttonbox-textwrap{display:flex;flex-direction:row;align-items:center;justify-content:center}#gspb_button-id-gsbp-cbf9f9c .gspb-buttonbox-icon{margin-right:13px}#gspb_button-id-gsbp-cbf9f9c>.gspb-buttonbox{width:80%;text-align:center!important}#gspb_button-id-gsbp-cbf9f9c>.gspb-buttonbox .gsap-g-line{text-align:center!important}#gspb_button-id-gsbp-5a1e553,#gspb_button-id-gsbp-cbf9f9c{display:flex;justify-content:center}#gspb_button-id-gsbp-5a1e553 .gspb-buttonbox-text{display:flex;flex-direction:column}#gspb_button-id-gsbp-5a1e553>.gspb-buttonbox{box-sizing:border-box}#gspb_button-id-gsbp-5a1e553>.gspb-buttonbox .gspb-buttonbox-icon img{height:75px!important;width:75px!important;min-width:75px!important}@media (max-width:991.98px){#gspb_button-id-gsbp-5a1e553>.gspb-buttonbox .gspb-buttonbox-icon img{height:75px!important;width:75px!important;min-width:75px!important}}#gspb_button-id-gsbp-5a1e553>.gspb-buttonbox .gspb-buttonbox-icon img,#gspb_button-id-gsbp-5a1e553>.gspb-buttonbox .gspb-buttonbox-icon img path{fill:currentColor!important}#gspb_button-id-gsbp-5a1e553>.gspb-buttonbox .gspb-buttonbox-icon img{margin:0!important}#gspb_button-id-gsbp-5a1e553>.gspb-buttonbox>.gspb-buttonbox-textwrap{display:flex;flex-direction:row;align-items:center;justify-content:center}#gspb_button-id-gsbp-5a1e553 .gspb-buttonbox-icon{margin-right:13px}#gspb_button-id-gsbp-5a1e553>.gspb-buttonbox{margin-top:0}@media (max-width:575.98px){#gspb_button-id-gsbp-5a1e553>.gspb-buttonbox{margin-top:0}}#gspb_button-id-gsbp-5a1e553>.gspb-buttonbox{width:80%;text-align:center!important}#gspb_button-id-gsbp-5a1e553>.gspb-buttonbox .gsap-g-line{text-align:center!important}<\/style>\n","protected":false},"excerpt":{"rendered":"<p>Eine CashtoCode Registrierung gibt es nicht. Um die Bezahlmethode nutzen zu k\u00f6nnen, musst du dich weder registrieren noch ein Konto erstellen. Mit CashtoCode kannst du sicher und diskret bezahlen, ohne dass pers\u00f6nliche Informationen \u00fcber dich oder deine Einzahlungen gespeichert werden. Gibt es einen Cash to Code Login? Einen Cash to Code Login gibt es nicht. [&hellip;]<\/p>\n","protected":false},"author":18,"featured_media":634499,"parent":616763,"menu_order":0,"comment_status":"closed","ping_status":"closed","template":"","meta":{"_acf_changed":false,"_gspb_post_css":".gspb_button-id-gsbp-12633286-aee7{display:flex;justify-content:flex-start}.gspb_button-id-gsbp-12633286-aee7 .gspb-buttonbox-text{display:flex;flex-direction:column}.gspb_button-id-gsbp-12633286-aee7>.gspb-buttonbox{display:inline-block;padding:13px 26px;background-color:#00d084;text-decoration:none!important;color:#fff;font-size:16px;line-height:16px;position:relative;z-index:0;cursor:pointer;box-sizing:border-box}#gspb_row-id-gsbp-75cc719c-587a{justify-content:space-between;margin-bottom:0;display:flex;flex-wrap:wrap;margin-top:50px;background-color:#00000012;opacity:1}#gspb_row-id-gsbp-75cc719c-587a>.gspb_row__content{display:flex;justify-content:space-between;margin:0 auto;width:100%;flex-wrap:wrap;max-width:1200px}.gspb_row{position:relative}div[id^=gspb_col-id]{box-sizing:border-box;position:relative;padding:var(--gs-row-column-padding, 15px min(3vw, 20px))}#gspb_col-id-gsbp-dc66eeb1-2720.gspb_row__col--12{width:100%}@media (max-width:575.98px){#gspb_col-id-gsbp-dc66eeb1-2720.gspb_row__col--12{width:100%}}","footnotes":""},"categories":[],"tags":[],"class_list":["post-2666","page","type-page","status-publish","has-post-thumbnail","hentry"],"acf":[],"yoast_head":"<!-- This site is optimized with the Yoast SEO Premium plugin v26.3 (Yoast SEO v26.3) - https:\/\/yoast.com\/wordpress\/plugins\/seo\/ -->\n<title>CashtoCode Registrierung notwendig? | Kundenhilfezentrum<\/title>\n<meta name=\"description\" content=\"F\u00fcr CashtoCode ist keine Registrierung oder Kontoerstellung erforderlich. Erfahre hier, wie die diskrete Bezahlmethode funktioniert.\" \/>\n<meta name=\"robots\" content=\"index, follow, max-snippet:-1, max-image-preview:large, max-video-preview:-1\" \/>\n<link rel=\"canonical\" href=\"https:\/\/info.cashtocode.com\/de\/hilfe\/allgemein\/registrierung\/\" \/>\n<meta name=\"twitter:card\" content=\"summary_large_image\" \/>\n<meta name=\"twitter:title\" content=\"CashtoCode Registrierung notwendig? | Kundenhilfezentrum\" \/>\n<meta name=\"twitter:description\" content=\"F\u00fcr CashtoCode ist keine Registrierung oder Kontoerstellung erforderlich. Erfahre hier, wie die diskrete Bezahlmethode funktioniert.\" \/>\n<meta name=\"twitter:image\" content=\"https:\/\/info.cashtocode.com\/wp-content\/uploads\/2023\/12\/CashtoCode-Registrierung.jpg\" \/>\n<meta name=\"twitter:label1\" content=\"Gesch\u00e4tzte Lesezeit\" \/>\n\t<meta name=\"twitter:data1\" content=\"1\u00a0Minute\" \/>\n<script type=\"application\/ld+json\" class=\"yoast-schema-graph\">{\"@context\":\"https:\/\/schema.org\",\"@graph\":[{\"@type\":\"WebPage\",\"@id\":\"https:\/\/info.cashtocode.com\/de\/hilfe\/allgemein\/registrierung\/\",\"url\":\"https:\/\/info.cashtocode.com\/de\/hilfe\/allgemein\/registrierung\/\",\"name\":\"CashtoCode Registrierung notwendig? | Kundenhilfezentrum\",\"isPartOf\":{\"@id\":\"https:\/\/info.cashtocode.com\/de\/#website\"},\"primaryImageOfPage\":{\"@id\":\"https:\/\/info.cashtocode.com\/de\/hilfe\/allgemein\/registrierung\/#primaryimage\"},\"image\":{\"@id\":\"https:\/\/info.cashtocode.com\/de\/hilfe\/allgemein\/registrierung\/#primaryimage\"},\"thumbnailUrl\":\"https:\/\/info.cashtocode.com\/wp-content\/uploads\/2023\/12\/CashtoCode-Registrierung.jpg\",\"datePublished\":\"2021-03-08T14:21:44+00:00\",\"dateModified\":\"2026-01-16T10:23:41+00:00\",\"description\":\"F\u00fcr CashtoCode ist keine Registrierung oder Kontoerstellung erforderlich. Erfahre hier, wie die diskrete Bezahlmethode funktioniert.\",\"breadcrumb\":{\"@id\":\"https:\/\/info.cashtocode.com\/de\/hilfe\/allgemein\/registrierung\/#breadcrumb\"},\"inLanguage\":\"de\",\"potentialAction\":[{\"@type\":\"ReadAction\",\"target\":[\"https:\/\/info.cashtocode.com\/de\/hilfe\/allgemein\/registrierung\/\"]}]},{\"@type\":\"ImageObject\",\"inLanguage\":\"de\",\"@id\":\"https:\/\/info.cashtocode.com\/de\/hilfe\/allgemein\/registrierung\/#primaryimage\",\"url\":\"https:\/\/info.cashtocode.com\/wp-content\/uploads\/2023\/12\/CashtoCode-Registrierung.jpg\",\"contentUrl\":\"https:\/\/info.cashtocode.com\/wp-content\/uploads\/2023\/12\/CashtoCode-Registrierung.jpg\",\"width\":1200,\"height\":628,\"caption\":\"CashtoCode Registrierung\"},{\"@type\":\"BreadcrumbList\",\"@id\":\"https:\/\/info.cashtocode.com\/de\/hilfe\/allgemein\/registrierung\/#breadcrumb\",\"itemListElement\":[{\"@type\":\"ListItem\",\"position\":1,\"name\":\"Support &#038; Hilfe\",\"item\":\"https:\/\/info.cashtocode.com\/de\/hilfe\/\"},{\"@type\":\"ListItem\",\"position\":2,\"name\":\"Allgemein\",\"item\":\"https:\/\/info.cashtocode.com\/de\/general\/\"},{\"@type\":\"ListItem\",\"position\":3,\"name\":\"Ist eine CashtoCode Registrierung notwendig?\"}]},{\"@type\":\"WebSite\",\"@id\":\"https:\/\/info.cashtocode.com\/de\/#website\",\"url\":\"https:\/\/info.cashtocode.com\/de\/\",\"name\":\"CashtoCode Infoportal | Bar Bezahlen Im Internet leicht gemacht\u27a1\ufe0f\",\"description\":\"\",\"publisher\":{\"@id\":\"https:\/\/info.cashtocode.com\/de\/#organization\"},\"potentialAction\":[{\"@type\":\"SearchAction\",\"target\":{\"@type\":\"EntryPoint\",\"urlTemplate\":\"https:\/\/info.cashtocode.com\/de\/?s={search_term_string}\"},\"query-input\":{\"@type\":\"PropertyValueSpecification\",\"valueRequired\":true,\"valueName\":\"search_term_string\"}}],\"inLanguage\":\"de\"},{\"@type\":\"Organization\",\"@id\":\"https:\/\/info.cashtocode.com\/de\/#organization\",\"name\":\"CashtoCode Infoportal | Bar Bezahlen Im Internet leicht gemacht\u27a1\ufe0f\",\"url\":\"https:\/\/info.cashtocode.com\/de\/\",\"logo\":{\"@type\":\"ImageObject\",\"inLanguage\":\"de\",\"@id\":\"https:\/\/info.cashtocode.com\/de\/#\/schema\/logo\/image\/\",\"url\":\"https:\/\/info.cashtocode.com\/wp-content\/uploads\/2023\/12\/cashtocode-infoportal-logo.webp\",\"contentUrl\":\"https:\/\/info.cashtocode.com\/wp-content\/uploads\/2023\/12\/cashtocode-infoportal-logo.webp\",\"width\":833,\"height\":248,\"caption\":\"CashtoCode Infoportal | Bar Bezahlen Im Internet leicht gemacht\u27a1\ufe0f\"},\"image\":{\"@id\":\"https:\/\/info.cashtocode.com\/de\/#\/schema\/logo\/image\/\"}}]}<\/script>\n<!-- \/ Yoast SEO Premium plugin. -->","yoast_head_json":{"title":"CashtoCode Registrierung notwendig? | Kundenhilfezentrum","description":"F\u00fcr CashtoCode ist keine Registrierung oder Kontoerstellung erforderlich. Erfahre hier, wie die diskrete Bezahlmethode funktioniert.","robots":{"index":"index","follow":"follow","max-snippet":"max-snippet:-1","max-image-preview":"max-image-preview:large","max-video-preview":"max-video-preview:-1"},"canonical":"https:\/\/info.cashtocode.com\/de\/hilfe\/allgemein\/registrierung\/","twitter_card":"summary_large_image","twitter_title":"CashtoCode Registrierung notwendig? | Kundenhilfezentrum","twitter_description":"F\u00fcr CashtoCode ist keine Registrierung oder Kontoerstellung erforderlich. Erfahre hier, wie die diskrete Bezahlmethode funktioniert.","twitter_image":"https:\/\/info.cashtocode.com\/wp-content\/uploads\/2023\/12\/CashtoCode-Registrierung.jpg","twitter_misc":{"Gesch\u00e4tzte Lesezeit":"1\u00a0Minute"},"schema":{"@context":"https:\/\/schema.org","@graph":[{"@type":"WebPage","@id":"https:\/\/info.cashtocode.com\/de\/hilfe\/allgemein\/registrierung\/","url":"https:\/\/info.cashtocode.com\/de\/hilfe\/allgemein\/registrierung\/","name":"CashtoCode Registrierung notwendig? | Kundenhilfezentrum","isPartOf":{"@id":"https:\/\/info.cashtocode.com\/de\/#website"},"primaryImageOfPage":{"@id":"https:\/\/info.cashtocode.com\/de\/hilfe\/allgemein\/registrierung\/#primaryimage"},"image":{"@id":"https:\/\/info.cashtocode.com\/de\/hilfe\/allgemein\/registrierung\/#primaryimage"},"thumbnailUrl":"https:\/\/info.cashtocode.com\/wp-content\/uploads\/2023\/12\/CashtoCode-Registrierung.jpg","datePublished":"2021-03-08T14:21:44+00:00","dateModified":"2026-01-16T10:23:41+00:00","description":"F\u00fcr CashtoCode ist keine Registrierung oder Kontoerstellung erforderlich. Erfahre hier, wie die diskrete Bezahlmethode funktioniert.","breadcrumb":{"@id":"https:\/\/info.cashtocode.com\/de\/hilfe\/allgemein\/registrierung\/#breadcrumb"},"inLanguage":"de","potentialAction":[{"@type":"ReadAction","target":["https:\/\/info.cashtocode.com\/de\/hilfe\/allgemein\/registrierung\/"]}]},{"@type":"ImageObject","inLanguage":"de","@id":"https:\/\/info.cashtocode.com\/de\/hilfe\/allgemein\/registrierung\/#primaryimage","url":"https:\/\/info.cashtocode.com\/wp-content\/uploads\/2023\/12\/CashtoCode-Registrierung.jpg","contentUrl":"https:\/\/info.cashtocode.com\/wp-content\/uploads\/2023\/12\/CashtoCode-Registrierung.jpg","width":1200,"height":628,"caption":"CashtoCode Registrierung"},{"@type":"BreadcrumbList","@id":"https:\/\/info.cashtocode.com\/de\/hilfe\/allgemein\/registrierung\/#breadcrumb","itemListElement":[{"@type":"ListItem","position":1,"name":"Support &#038; Hilfe","item":"https:\/\/info.cashtocode.com\/de\/hilfe\/"},{"@type":"ListItem","position":2,"name":"Allgemein","item":"https:\/\/info.cashtocode.com\/de\/general\/"},{"@type":"ListItem","position":3,"name":"Ist eine CashtoCode Registrierung notwendig?"}]},{"@type":"WebSite","@id":"https:\/\/info.cashtocode.com\/de\/#website","url":"https:\/\/info.cashtocode.com\/de\/","name":"CashtoCode Infoportal | Bar Bezahlen Im Internet leicht gemacht\u27a1\ufe0f","description":"","publisher":{"@id":"https:\/\/info.cashtocode.com\/de\/#organization"},"potentialAction":[{"@type":"SearchAction","target":{"@type":"EntryPoint","urlTemplate":"https:\/\/info.cashtocode.com\/de\/?s={search_term_string}"},"query-input":{"@type":"PropertyValueSpecification","valueRequired":true,"valueName":"search_term_string"}}],"inLanguage":"de"},{"@type":"Organization","@id":"https:\/\/info.cashtocode.com\/de\/#organization","name":"CashtoCode Infoportal | Bar Bezahlen Im Internet leicht gemacht\u27a1\ufe0f","url":"https:\/\/info.cashtocode.com\/de\/","logo":{"@type":"ImageObject","inLanguage":"de","@id":"https:\/\/info.cashtocode.com\/de\/#\/schema\/logo\/image\/","url":"https:\/\/info.cashtocode.com\/wp-content\/uploads\/2023\/12\/cashtocode-infoportal-logo.webp","contentUrl":"https:\/\/info.cashtocode.com\/wp-content\/uploads\/2023\/12\/cashtocode-infoportal-logo.webp","width":833,"height":248,"caption":"CashtoCode Infoportal | Bar Bezahlen Im Internet leicht gemacht\u27a1\ufe0f"},"image":{"@id":"https:\/\/info.cashtocode.com\/de\/#\/schema\/logo\/image\/"}}]}},"_links":{"self":[{"href":"https:\/\/info.cashtocode.com\/de\/wp-json\/wp\/v2\/pages\/2666","targetHints":{"allow":["GET"]}}],"collection":[{"href":"https:\/\/info.cashtocode.com\/de\/wp-json\/wp\/v2\/pages"}],"about":[{"href":"https:\/\/info.cashtocode.com\/de\/wp-json\/wp\/v2\/types\/page"}],"author":[{"embeddable":true,"href":"https:\/\/info.cashtocode.com\/de\/wp-json\/wp\/v2\/users\/18"}],"replies":[{"embeddable":true,"href":"https:\/\/info.cashtocode.com\/de\/wp-json\/wp\/v2\/comments?post=2666"}],"version-history":[{"count":1,"href":"https:\/\/info.cashtocode.com\/de\/wp-json\/wp\/v2\/pages\/2666\/revisions"}],"predecessor-version":[{"id":706443,"href":"https:\/\/info.cashtocode.com\/de\/wp-json\/wp\/v2\/pages\/2666\/revisions\/706443"}],"up":[{"embeddable":true,"href":"https:\/\/info.cashtocode.com\/de\/wp-json\/wp\/v2\/pages\/616763"}],"wp:featuredmedia":[{"embeddable":true,"href":"https:\/\/info.cashtocode.com\/de\/wp-json\/wp\/v2\/media\/634499"}],"wp:attachment":[{"href":"https:\/\/info.cashtocode.com\/de\/wp-json\/wp\/v2\/media?parent=2666"}],"wp:term":[{"taxonomy":"category","embeddable":true,"href":"https:\/\/info.cashtocode.com\/de\/wp-json\/wp\/v2\/categories?post=2666"},{"taxonomy":"post_tag","embeddable":true,"href":"https:\/\/info.cashtocode.com\/de\/wp-json\/wp\/v2\/tags?post=2666"}],"curies":[{"name":"wp","href":"https:\/\/api.w.org\/{rel}","templated":true}]}}