{"id":3173,"date":"2021-01-27T09:16:11","date_gmt":"2021-01-27T09:16:11","guid":{"rendered":"https:\/\/info.cashtocode.com\/?page_id=3173"},"modified":"2025-10-10T05:20:44","modified_gmt":"2025-10-10T05:20:44","slug":"zahlungsmethoden","status":"publish","type":"page","link":"https:\/\/info.cashtocode.com\/de\/sportwetten-anbieter\/zahlungsmethoden\/","title":{"rendered":"Sportwetten Bezahlmethoden"},"content":{"rendered":"\n<p>Die Vielzahl an <strong>Sportwetten Bezahlmethoden<\/strong> zeigt, dass dieser Markt hart umk\u00e4mpft ist. Neben sehr bekannten Bezahlmethoden wie Paypal, SOFORT oder VISA dr\u00e4ngen mittlerweile auch viele kleinere Bezahlmethoden in den Markt und greifen nach Marktanteilen der Platzhirsche. Aber warum werden <strong>klassische Zahlungsmittel im Bereich Sportwetten<\/strong> mehr und mehr verdr\u00e4ngt und was sind die Beweggr\u00fcnde f\u00fcr Kunden, ihre Bezahlmethoden zu \u00e4ndern? Wir haben f\u00fcr dich den Markt an Sportwetten Bezahlmethoden genauer unter die Lupe genommen und dir Vor- und Nachteile der jeweiligen Bezahlmethoden aufgelistet. Dabei gehen wir auch explizit auf das Thema <strong>diskrete bzw. anonyme Bezahlmethoden im Internet <\/strong>ein.<\/p>\n\n\n\n<h2 class=\"wp-block-heading\" id=\"sportwetten-bezahlmethoden-ein-uberblick\">Sportwetten Bezahlmethoden: Ein \u00dcberblick<\/h2>\n\n\n\n<p>Welche <strong>Sportwetten Bezahlmethoden werden<\/strong> am h\u00e4ufigsten verwendet und wo liegen die Vor- und Nachteile dieser Bezahlmethoden? Folgend haben wir f\u00fcr dich h\u00e4ufig benutzte <strong>Bezahlmethoden im Bereich Sportwetten<\/strong> aufgelistet mit dem Fokus auf Sicherheit und der M\u00f6glichkeit diskret zu bezahlen. <\/p>\n\n\n\n<table id=\"tablepress-85\" class=\"tablepress tablepress-id-85\">\n<thead>\n<tr class=\"row-1\">\n\t<th class=\"column-1\">Bezahlmethode<\/th><th class=\"column-2\">Beschreibung<\/th><th class=\"column-3\">Diskrete Bezahlung m\u00f6glich<\/th>\n<\/tr>\n<\/thead>\n<tbody class=\"row-striping row-hover\">\n<tr class=\"row-2\">\n\t<td class=\"column-1\">Paypal<\/td><td class=\"column-2\">- sicher<br \/>\n- schnell<br \/>\n- nicht oft vertreten<\/td><td class=\"column-3\">Keine diskrete Bezahlung m\u00f6glich, da Kontoerstellung notwendig.<\/td>\n<\/tr>\n<tr class=\"row-3\">\n\t<td class=\"column-1\">SOFORT & giropay<\/td><td class=\"column-2\">- schnelle Einzahlung m\u00f6glich<br \/>\n- sicher<\/td><td class=\"column-3\">Keine diskrete Bezahlung m\u00f6glich, da Kontodaten angegeben werden m\u00fcssen.<\/td>\n<\/tr>\n<tr class=\"row-4\">\n\t<td class=\"column-1\">Skrill & Neteller<\/td><td class=\"column-2\">- prepaid Karte notwendig<br \/>\n- relativ umst\u00e4ndlich<br \/>\n- sicher<\/td><td class=\"column-3\">Keine diskrete Bezahlung m\u00f6glich, da Konto erstellt werden muss.<\/td>\n<\/tr>\n<tr class=\"row-5\">\n\t<td class=\"column-1\">Paysafecard<\/td><td class=\"column-2\">- sicher<br \/>\n- Kontoerstellung notwendig<\/td><td class=\"column-3\">Keine diskrete Bezahlung m\u00f6glich, da Konto erstellt werden muss.<\/td>\n<\/tr>\n<tr class=\"row-6\">\n\t<td class=\"column-1\">CashtoCode<\/td><td class=\"column-2\">- absolut diskret aufgrund von Barzahlung<br \/>\n- bis zu 400\u20ac pro Transaktion m\u00f6glich<br \/>\n- Transaktionen beliebig oft wiederholbar<\/td><td class=\"column-3\">100% diskret bezahlen dank der \u201cBarzahlen im Internet\u201d Funktion<\/td>\n<\/tr>\n<\/tbody>\n<\/table>\n\n\n\n\n<h2 class=\"wp-block-heading\" id=\"darum-diskrete-sportwetten-einzahlungen\">Darum diskrete Sportwetten Einzahlungen<\/h2>\n\n\n\n<p>Warum diskret bezahlen? Sensible Daten beim Bezahlen preiszugeben, ist eine Frage des Vertrauens. Bei der Kontoerstellung bzw. Verifizierung bei gro\u00dfen Zahlungsmitteln wie Paypal oder bei Banken kann man sich sehr sicher sein, dass die Daten vertrauensw\u00fcrdig behandelt werden. Dennoch werden <strong>bei jeder Bezahlung Informationen gespeichert<\/strong>, egal ob du nun in einem Online-Shop etwas einkaufst oder eine <strong>Einzahlung bei einem Sportwettenanbieter<\/strong> vornimmst. <\/p>\n\n\n\n<h2 class=\"wp-block-heading\" id=\"cashtocode-sportwettenanbieter-im-uberblick\">CashtoCode Sportwettenanbieter im \u00dcberblick<\/h2>\n\n\n\n<p>CashtoCode Sportwetten Anbieter sind gepr\u00fcfte Anbieter. So m\u00fcssen <a href=\"https:\/\/info.cashtocode.com\/de\/sportwetten-anbieter\/\"><strong>CashtoCode Sportwettenanbieter<\/strong> <\/a>lizenziert sein und bei unseren Tests mindestens mit der Note &#8222;befriedigend&#8220; abschneiden. Alle CashtoCode Sportwettenanbieter wurden von unserem Redaktionsteam vorab auf Herz und Nieren gepr\u00fcft. Dabei stellen wir aber nicht nur sicher, dass der entsprechende Anbieter vertrauensw\u00fcrdig ist. Wir pr\u00fcfen f\u00fcr dich auch die aktuellen Sportwetten Boni und Sportwetten Features f\u00fcr dich an. Dabei gehen wir insbesondere auf die Themen <strong>Wettangebot<\/strong>, <strong><a href=\"https:\/\/info.cashtocode.com\/de\/sportwetten-anbieter\/boni\/\">Sportwetten Bonus<\/a><\/strong>, <strong>Cashout<\/strong> und <strong>Live Wetten<\/strong> ein. Zu jedem Sportwettenanbieter wird dann gezielt f\u00fcr dich ein Review erstellt, bei dem du genau nachlesen kannst, was der Anbieter f\u00fcr dich zu bieten hat.<\/p>\n\n\n\n<p><\/p>\n","protected":false},"excerpt":{"rendered":"<p>Die Vielzahl an Sportwetten Bezahlmethoden zeigt, dass dieser Markt hart umk\u00e4mpft ist. Neben sehr bekannten Bezahlmethoden wie Paypal, SOFORT oder VISA dr\u00e4ngen mittlerweile auch viele kleinere Bezahlmethoden in den Markt und greifen nach Marktanteilen der Platzhirsche. Aber warum werden klassische Zahlungsmittel im Bereich Sportwetten mehr und mehr verdr\u00e4ngt und was sind die Beweggr\u00fcnde f\u00fcr Kunden, [&hellip;]<\/p>\n","protected":false},"author":18,"featured_media":634454,"parent":478,"menu_order":0,"comment_status":"closed","ping_status":"closed","template":"","meta":{"_acf_changed":false,"_gspb_post_css":".gspb_button-id-gsbp-866ef071-5157,.gspb_button-id-gsbp-df152721-4b00{display:flex;justify-content:flex-start}.gspb_button-id-gsbp-866ef071-5157 .gspb-buttonbox-text{display:flex;flex-direction:column}.gspb_button-id-gsbp-866ef071-5157>.gspb-buttonbox{display:inline-block;padding:13px 26px;background-color:#00d084;text-decoration:none!important;color:#fff;font-size:16px;line-height:16px;position:relative;z-index:0;cursor:pointer;box-sizing:border-box}.gspb_button-id-gsbp-df152721-4b00 .gspb-buttonbox-text{display:flex;flex-direction:column}.gspb_button-id-gsbp-df152721-4b00>.gspb-buttonbox{display:inline-block;padding:13px 26px;background-color:#00d084;text-decoration:none!important;color:#fff;font-size:16px;line-height:16px;position:relative;z-index:0;cursor:pointer;box-sizing:border-box}","footnotes":""},"categories":[],"tags":[],"class_list":["post-3173","page","type-page","status-publish","has-post-thumbnail","hentry"],"acf":[],"yoast_head":"<!-- This site is optimized with the Yoast SEO Premium plugin v26.3 (Yoast SEO v26.3) - https:\/\/yoast.com\/wordpress\/plugins\/seo\/ -->\n<title>Sportwetten Bezahlmethoden | Das musst du beachten<\/title>\n<meta name=\"description\" content=\"Entdecke die top Sportwetten Bezahlmethoden im Vergleich und finde heraus, welcher Anbieter der Testsieger bei Sportwetten ist.\" \/>\n<meta name=\"robots\" content=\"index, follow, max-snippet:-1, max-image-preview:large, max-video-preview:-1\" \/>\n<link rel=\"canonical\" href=\"https:\/\/info.cashtocode.com\/de\/sportwetten-anbieter\/zahlungsmethoden\/\" \/>\n<meta name=\"twitter:card\" content=\"summary_large_image\" \/>\n<meta name=\"twitter:title\" content=\"Sportwetten Bezahlmethoden | Das musst du beachten\" \/>\n<meta name=\"twitter:description\" content=\"Entdecke die top Sportwetten Bezahlmethoden im Vergleich und finde heraus, welcher Anbieter der Testsieger bei Sportwetten ist.\" \/>\n<meta name=\"twitter:image\" content=\"https:\/\/info.cashtocode.com\/wp-content\/uploads\/2023\/12\/Sportwetten-Bezahlmethoden.jpg\" \/>\n<meta name=\"twitter:label1\" content=\"Gesch\u00e4tzte Lesezeit\" \/>\n\t<meta name=\"twitter:data1\" content=\"2\u00a0Minuten\" \/>\n<script type=\"application\/ld+json\" class=\"yoast-schema-graph\">{\"@context\":\"https:\/\/schema.org\",\"@graph\":[{\"@type\":\"WebPage\",\"@id\":\"https:\/\/info.cashtocode.com\/de\/sportwetten-anbieter\/zahlungsmethoden\/\",\"url\":\"https:\/\/info.cashtocode.com\/de\/sportwetten-anbieter\/zahlungsmethoden\/\",\"name\":\"Sportwetten Bezahlmethoden | Das musst du beachten\",\"isPartOf\":{\"@id\":\"https:\/\/info.cashtocode.com\/de\/#website\"},\"primaryImageOfPage\":{\"@id\":\"https:\/\/info.cashtocode.com\/de\/sportwetten-anbieter\/zahlungsmethoden\/#primaryimage\"},\"image\":{\"@id\":\"https:\/\/info.cashtocode.com\/de\/sportwetten-anbieter\/zahlungsmethoden\/#primaryimage\"},\"thumbnailUrl\":\"https:\/\/info.cashtocode.com\/wp-content\/uploads\/2023\/12\/Sportwetten-Bezahlmethoden.jpg\",\"datePublished\":\"2021-01-27T09:16:11+00:00\",\"dateModified\":\"2025-10-10T05:20:44+00:00\",\"description\":\"Entdecke die top Sportwetten Bezahlmethoden im Vergleich und finde heraus, welcher Anbieter der Testsieger bei Sportwetten ist.\",\"breadcrumb\":{\"@id\":\"https:\/\/info.cashtocode.com\/de\/sportwetten-anbieter\/zahlungsmethoden\/#breadcrumb\"},\"inLanguage\":\"de\",\"potentialAction\":[{\"@type\":\"ReadAction\",\"target\":[\"https:\/\/info.cashtocode.com\/de\/sportwetten-anbieter\/zahlungsmethoden\/\"]}]},{\"@type\":\"ImageObject\",\"inLanguage\":\"de\",\"@id\":\"https:\/\/info.cashtocode.com\/de\/sportwetten-anbieter\/zahlungsmethoden\/#primaryimage\",\"url\":\"https:\/\/info.cashtocode.com\/wp-content\/uploads\/2023\/12\/Sportwetten-Bezahlmethoden.jpg\",\"contentUrl\":\"https:\/\/info.cashtocode.com\/wp-content\/uploads\/2023\/12\/Sportwetten-Bezahlmethoden.jpg\",\"width\":1200,\"height\":628,\"caption\":\"Sportwetten Bezahlmethoden\"},{\"@type\":\"BreadcrumbList\",\"@id\":\"https:\/\/info.cashtocode.com\/de\/sportwetten-anbieter\/zahlungsmethoden\/#breadcrumb\",\"itemListElement\":[{\"@type\":\"ListItem\",\"position\":1,\"name\":\"CashtoCode Wettanbieter \u2013 gepr\u00fcft &amp; sicher!\",\"item\":\"https:\/\/info.cashtocode.com\/de\/sportwetten-anbieter\/\"},{\"@type\":\"ListItem\",\"position\":2,\"name\":\"Sportwetten Bezahlmethoden\"}]},{\"@type\":\"WebSite\",\"@id\":\"https:\/\/info.cashtocode.com\/de\/#website\",\"url\":\"https:\/\/info.cashtocode.com\/de\/\",\"name\":\"CashtoCode Infoportal | Bar Bezahlen Im Internet leicht gemacht\u27a1\ufe0f\",\"description\":\"\",\"publisher\":{\"@id\":\"https:\/\/info.cashtocode.com\/de\/#organization\"},\"potentialAction\":[{\"@type\":\"SearchAction\",\"target\":{\"@type\":\"EntryPoint\",\"urlTemplate\":\"https:\/\/info.cashtocode.com\/de\/?s={search_term_string}\"},\"query-input\":{\"@type\":\"PropertyValueSpecification\",\"valueRequired\":true,\"valueName\":\"search_term_string\"}}],\"inLanguage\":\"de\"},{\"@type\":\"Organization\",\"@id\":\"https:\/\/info.cashtocode.com\/de\/#organization\",\"name\":\"CashtoCode Infoportal | Bar Bezahlen Im Internet leicht gemacht\u27a1\ufe0f\",\"url\":\"https:\/\/info.cashtocode.com\/de\/\",\"logo\":{\"@type\":\"ImageObject\",\"inLanguage\":\"de\",\"@id\":\"https:\/\/info.cashtocode.com\/de\/#\/schema\/logo\/image\/\",\"url\":\"https:\/\/info.cashtocode.com\/wp-content\/uploads\/2023\/12\/cashtocode-infoportal-logo.webp\",\"contentUrl\":\"https:\/\/info.cashtocode.com\/wp-content\/uploads\/2023\/12\/cashtocode-infoportal-logo.webp\",\"width\":833,\"height\":248,\"caption\":\"CashtoCode Infoportal | Bar Bezahlen Im Internet leicht gemacht\u27a1\ufe0f\"},\"image\":{\"@id\":\"https:\/\/info.cashtocode.com\/de\/#\/schema\/logo\/image\/\"}}]}<\/script>\n<!-- \/ Yoast SEO Premium plugin. -->","yoast_head_json":{"title":"Sportwetten Bezahlmethoden | Das musst du beachten","description":"Entdecke die top Sportwetten Bezahlmethoden im Vergleich und finde heraus, welcher Anbieter der Testsieger bei Sportwetten ist.","robots":{"index":"index","follow":"follow","max-snippet":"max-snippet:-1","max-image-preview":"max-image-preview:large","max-video-preview":"max-video-preview:-1"},"canonical":"https:\/\/info.cashtocode.com\/de\/sportwetten-anbieter\/zahlungsmethoden\/","twitter_card":"summary_large_image","twitter_title":"Sportwetten Bezahlmethoden | Das musst du beachten","twitter_description":"Entdecke die top Sportwetten Bezahlmethoden im Vergleich und finde heraus, welcher Anbieter der Testsieger bei Sportwetten ist.","twitter_image":"https:\/\/info.cashtocode.com\/wp-content\/uploads\/2023\/12\/Sportwetten-Bezahlmethoden.jpg","twitter_misc":{"Gesch\u00e4tzte Lesezeit":"2\u00a0Minuten"},"schema":{"@context":"https:\/\/schema.org","@graph":[{"@type":"WebPage","@id":"https:\/\/info.cashtocode.com\/de\/sportwetten-anbieter\/zahlungsmethoden\/","url":"https:\/\/info.cashtocode.com\/de\/sportwetten-anbieter\/zahlungsmethoden\/","name":"Sportwetten Bezahlmethoden | Das musst du beachten","isPartOf":{"@id":"https:\/\/info.cashtocode.com\/de\/#website"},"primaryImageOfPage":{"@id":"https:\/\/info.cashtocode.com\/de\/sportwetten-anbieter\/zahlungsmethoden\/#primaryimage"},"image":{"@id":"https:\/\/info.cashtocode.com\/de\/sportwetten-anbieter\/zahlungsmethoden\/#primaryimage"},"thumbnailUrl":"https:\/\/info.cashtocode.com\/wp-content\/uploads\/2023\/12\/Sportwetten-Bezahlmethoden.jpg","datePublished":"2021-01-27T09:16:11+00:00","dateModified":"2025-10-10T05:20:44+00:00","description":"Entdecke die top Sportwetten Bezahlmethoden im Vergleich und finde heraus, welcher Anbieter der Testsieger bei Sportwetten ist.","breadcrumb":{"@id":"https:\/\/info.cashtocode.com\/de\/sportwetten-anbieter\/zahlungsmethoden\/#breadcrumb"},"inLanguage":"de","potentialAction":[{"@type":"ReadAction","target":["https:\/\/info.cashtocode.com\/de\/sportwetten-anbieter\/zahlungsmethoden\/"]}]},{"@type":"ImageObject","inLanguage":"de","@id":"https:\/\/info.cashtocode.com\/de\/sportwetten-anbieter\/zahlungsmethoden\/#primaryimage","url":"https:\/\/info.cashtocode.com\/wp-content\/uploads\/2023\/12\/Sportwetten-Bezahlmethoden.jpg","contentUrl":"https:\/\/info.cashtocode.com\/wp-content\/uploads\/2023\/12\/Sportwetten-Bezahlmethoden.jpg","width":1200,"height":628,"caption":"Sportwetten Bezahlmethoden"},{"@type":"BreadcrumbList","@id":"https:\/\/info.cashtocode.com\/de\/sportwetten-anbieter\/zahlungsmethoden\/#breadcrumb","itemListElement":[{"@type":"ListItem","position":1,"name":"CashtoCode Wettanbieter \u2013 gepr\u00fcft &amp; sicher!","item":"https:\/\/info.cashtocode.com\/de\/sportwetten-anbieter\/"},{"@type":"ListItem","position":2,"name":"Sportwetten Bezahlmethoden"}]},{"@type":"WebSite","@id":"https:\/\/info.cashtocode.com\/de\/#website","url":"https:\/\/info.cashtocode.com\/de\/","name":"CashtoCode Infoportal | Bar Bezahlen Im Internet leicht gemacht\u27a1\ufe0f","description":"","publisher":{"@id":"https:\/\/info.cashtocode.com\/de\/#organization"},"potentialAction":[{"@type":"SearchAction","target":{"@type":"EntryPoint","urlTemplate":"https:\/\/info.cashtocode.com\/de\/?s={search_term_string}"},"query-input":{"@type":"PropertyValueSpecification","valueRequired":true,"valueName":"search_term_string"}}],"inLanguage":"de"},{"@type":"Organization","@id":"https:\/\/info.cashtocode.com\/de\/#organization","name":"CashtoCode Infoportal | Bar Bezahlen Im Internet leicht gemacht\u27a1\ufe0f","url":"https:\/\/info.cashtocode.com\/de\/","logo":{"@type":"ImageObject","inLanguage":"de","@id":"https:\/\/info.cashtocode.com\/de\/#\/schema\/logo\/image\/","url":"https:\/\/info.cashtocode.com\/wp-content\/uploads\/2023\/12\/cashtocode-infoportal-logo.webp","contentUrl":"https:\/\/info.cashtocode.com\/wp-content\/uploads\/2023\/12\/cashtocode-infoportal-logo.webp","width":833,"height":248,"caption":"CashtoCode Infoportal | Bar Bezahlen Im Internet leicht gemacht\u27a1\ufe0f"},"image":{"@id":"https:\/\/info.cashtocode.com\/de\/#\/schema\/logo\/image\/"}}]}},"_links":{"self":[{"href":"https:\/\/info.cashtocode.com\/de\/wp-json\/wp\/v2\/pages\/3173","targetHints":{"allow":["GET"]}}],"collection":[{"href":"https:\/\/info.cashtocode.com\/de\/wp-json\/wp\/v2\/pages"}],"about":[{"href":"https:\/\/info.cashtocode.com\/de\/wp-json\/wp\/v2\/types\/page"}],"author":[{"embeddable":true,"href":"https:\/\/info.cashtocode.com\/de\/wp-json\/wp\/v2\/users\/18"}],"replies":[{"embeddable":true,"href":"https:\/\/info.cashtocode.com\/de\/wp-json\/wp\/v2\/comments?post=3173"}],"version-history":[{"count":0,"href":"https:\/\/info.cashtocode.com\/de\/wp-json\/wp\/v2\/pages\/3173\/revisions"}],"up":[{"embeddable":true,"href":"https:\/\/info.cashtocode.com\/de\/wp-json\/wp\/v2\/pages\/478"}],"wp:featuredmedia":[{"embeddable":true,"href":"https:\/\/info.cashtocode.com\/de\/wp-json\/wp\/v2\/media\/634454"}],"wp:attachment":[{"href":"https:\/\/info.cashtocode.com\/de\/wp-json\/wp\/v2\/media?parent=3173"}],"wp:term":[{"taxonomy":"category","embeddable":true,"href":"https:\/\/info.cashtocode.com\/de\/wp-json\/wp\/v2\/categories?post=3173"},{"taxonomy":"post_tag","embeddable":true,"href":"https:\/\/info.cashtocode.com\/de\/wp-json\/wp\/v2\/tags?post=3173"}],"curies":[{"name":"wp","href":"https:\/\/api.w.org\/{rel}","templated":true}]}}