{"id":322,"date":"2020-05-15T09:38:14","date_gmt":"2020-05-15T09:38:14","guid":{"rendered":"https:\/\/info.cashtocode.com\/?page_id=322"},"modified":"2024-03-15T09:56:06","modified_gmt":"2024-03-15T09:56:06","slug":"datenschutz","status":"publish","type":"page","link":"https:\/\/info.cashtocode.com\/de\/datenschutz\/","title":{"rendered":"Datenschutz"},"content":{"rendered":"\n<h2 class=\"wp-block-heading\" id=\"datenschutzerklarung-der-eightball-marketing-services-llc\">DATENSCHUTZERKL\u00c4RUNG DER EIGHTBALL MARKETING SERVICES LLC<\/h2>\n\n\n\n<p>Die Eightball Marketing Services LLC (oder &#8218;wir&#8216;) nimmt den Schutz Ihrer pers\u00f6nlichen Daten sehr ernst. Die nachfolgende Erkl\u00e4rung informiert Sie dar\u00fcber, welche personenbezogenen Daten wir im Rahmen des Besuchs unserer Webseite und der Nutzung unserer Dienste erheben und wie wir diese nutzen und verarbeiten.<\/p>\n\n\n\n<h2 class=\"wp-block-heading\" id=\"i-allgemeine-informationen\">I. Allgemeine Informationen<\/h2>\n\n\n\n<p>Wir erheben, verarbeiten und speichern Ihre Daten unter Beachtung der einschl\u00e4gigen Datenschutzgesetze und sonstiger datenschutzrechtlich relevanten Vorschriften. Dienstanbieter der Dienste ist Eightball Marketing Services LLC, Fu Ching House, 27 Tai Ha Street, Kwai Chung, Kwai Tsing District, Hong Kong, SAR China. Verantwortliche Stelle im Sinne des Bundesdatenschutzgesetzes ist Eightball Marketing Services LLC.<\/p>\n\n\n\n<p>Wir erheben, verarbeiten und nutzen personenbezogene Daten \u2013 soweit nicht bereits durch gesetzliche Erlaubnistatbest\u00e4nde gestattet \u2013 nur mit Ihrer Einwilligung. Soweit die Einwilligung im Rahmen unseres Internetangebots elektronisch erkl\u00e4rt wird, tragen wir den gesetzlichen Hinweispflichten Rechnung.<\/p>\n\n\n\n<h2 class=\"wp-block-heading\" id=\"ii-gegenstand-dieser-datenschutzerklarung\">II. Gegenstand dieser Datenschutzerkl\u00e4rung<\/h2>\n\n\n\n<p>Diese Datenschutzerkl\u00e4rung gilt f\u00fcr alle Dienste, die auf den Internetseiten und in den Apps der Eightball Marketing Services LLC angeboten werden. Soweit nicht anders erw\u00e4hnt, regelt diese Datenschutzerkl\u00e4rung ausschlie\u00dflich, wie Eightball Marketing Services LLC mit Ihren personenbezogenen Daten umgeht. F\u00fcr den Fall, dass Sie Leistungen Dritter in Anspruch nehmen, gelten ausschlie\u00dflich die Datenschutzbedingungen dieser Dritten. Eightball Marketing Services LLC \u00fcberpr\u00fcft und verantwortet die Datenschutzbedingungen Dritter nicht.<\/p>\n\n\n\n<h2 class=\"wp-block-heading\" id=\"iii-weitergabe-der-daten-an-dritte\">III. Weitergabe der Daten an Dritte<\/h2>\n\n\n\n<p>Wir geben Ihre personenbezogenen Daten nicht ohne Ihre ausdr\u00fcckliche Einwilligung an Dritte weiter. Ausgenommen hiervon ist die zum Zwecke der Vertragserf\u00fcllung erforderliche \u00dcbermittlung von Daten an unsere externen Dienstleister, die wir zur Bereitstellung unseres Angebotes oder zur Durchf\u00fchrung und Abwicklung unseres Vertrags notwendigerweise einbinden. Personenbezogenen Daten werden von Eightball Marketing Services LLC auch den Strafverfolgungsbeh\u00f6rden bei der Aufkl\u00e4rung einer Ordnungswidrigkeit oder eines Straftatbestandes in, dem jeweiligen Fall, angemessenem Umfang bereitgestellt. Teilweise bedienen wir uns externer Dienstleister, um Ihre Daten zwecks Vertragserf\u00fcllung zu verarbeiten. Sie sind an unsere Weisungen gebunden und werden von uns kontrolliert.<\/p>\n\n\n\n<h2 class=\"wp-block-heading\" id=\"iv-dauer-der-speicherung-der-daten\">IV. Dauer der Speicherung der Daten<\/h2>\n\n\n\n<p>Ihre personenbezogenen Daten werden nach Erreichung des Zwecks der Datenverarbeitung, unter Ber\u00fccksichtigung verpflichtender Aufbewahrungsfristen, beh\u00f6rdlicher Anforderungen oder laufender Ermittlungsverfahren, gel\u00f6scht.<\/p>\n\n\n\n<h2 class=\"wp-block-heading\" id=\"v-datensicherheit\">V. Datensicherheit<\/h2>\n\n\n\n<p>Wir sichern unsere IT-Systeme (u.a. auch diese Webseite) durch geeignete technische und organisatorische Ma\u00dfnahmen gegen Verlust, Zerst\u00f6rung, unberechtigten Zugriff, unberechtigte Ver\u00e4nderung oder unberechtigte Verbreitung Ihrer Daten. Um den unberechtigten Zugriff auf Ihre Daten zu verhindern, w\u00e4hrend Sie unsere Dienste nutzen, setzen wir Verschl\u00fcsselungstechniken ein.<\/p>\n\n\n\n<p>Ein vollst\u00e4ndiger Schutz gegen alle Gefahren ist praktisch trotz aller Sorgfalt jedoch nicht in jedem Fall m\u00f6glich. Bei Kommunikation per E-Mail kann die vollst\u00e4ndige Datensicherheit von uns praktisch nicht gew\u00e4hrleistet werden, so dass wir zur \u00dcbermittlung von vertraulichen Informationen den Postweg empfehlen.<\/p>\n\n\n\n<h2 class=\"wp-block-heading\" id=\"vi-erhebung-und-verarbeitung-personenbezogener-daten-bei-informatorischer-nutzung\">VI. Erhebung und Verarbeitung personenbezogener Daten bei informatorischer Nutzung<\/h2>\n\n\n\n<p>Bei rein informatorischer Nutzung unserer Webseite, also wenn Sie sich nicht f\u00fcr einen Dienst anmelden bzw. registrieren, werden keine personenbezogenen Daten von Ihnen erhoben, mit Ausnahme von Daten, die Ihr Browser \u00fcbermittelt, um Ihnen den Besuch der Webseite zu erm\u00f6glichen. Diese Daten umfassen:<\/p>\n\n\n\n<p>&#8211; die IP-Adressen der anfragenden Rechner<\/p>\n\n\n\n<p>&#8211; \u00fcbertragene Datenmengen<\/p>\n\n\n\n<p>&#8211; der Name der abgerufenen Datei<\/p>\n\n\n\n<p>&#8211; Datum und Uhrzeit der Anfrage<\/p>\n\n\n\n<p>&#8211; das Endger\u00e4t<\/p>\n\n\n\n<p>&#8211; Domain-Name der Webseite, von der Sie kamen<\/p>\n\n\n\n<p>&#8211; die URL des Zugriffs usw. (Siehe hierzu auch Allgemeine Erhebung von Daten).<\/p>\n\n\n\n<p>Der Zugriff auf die Webseite und der Abruf einer in unserem Angebot hinterlegten Datei wird protokolliert. Die Speicherung und Nutzung erfolgt auf Grundlage der einschl\u00e4gigen Datenschutzgesetze f\u00fcr Zwecke der Werbung, Marktforschung und bedarfsgerechte Gestaltung, f\u00fcr statistische Auswertungen sowie zur Gew\u00e4hrleistung der Sicherheit Ihrer Daten und unseres Angebots.<\/p>\n\n\n\n<p>Grunds\u00e4tzlich k\u00f6nnen Sie unser Internetangebot und unsere Apps aufrufen bzw. nutzen, ohne uns personenbezogene Daten mitzuteilen. Es steht Ihnen frei, sich zu entscheiden, ob Sie uns Ihre Daten mitteilen m\u00f6chten. Wir erfassen Ihre Daten, um den mit Ihnen geschlossenen Nutzervertrag erf\u00fcllen zu k\u00f6nnen. Hierzu z\u00e4hlt neben der \u00dcberwachung der Einhaltung der Nutzungsbedingungen, insbesondere die ordnungsgem\u00e4\u00dfe Abwicklung der von Ihnen in Gang gesetzten Zahlungsauftr\u00e4ge\/K\u00e4ufe. Sofern Sie sich, auf unseren bzw. den f\u00fcr die Nutzung n\u00f6tigen Internetseiten registrieren, an Gewinnspielen teilnehmen oder einen unserer Newsletter abonnieren m\u00f6chten, ist die Angabe von personenbezogenen Daten notwendig. Bei diesen Daten handelt es sich beispielsweise um Ihren Namen, Ihre Anschrift, Ihre E-Mail-Adresse und sonstige pers\u00f6nliche Daten, die von Eightball Marketing Services LLC bei Bedarf abgefragt werden. Dar\u00fcber hinaus ist zur technischen Realisierung sowie zur \u00dcberwachung der gesetzes- und vertragskonformen Nutzung unserer Angebote bei angemeldeten oder registrierten Kunden die automatisierte Erfassung weiterer Daten wie beispielsweise der IP-Adresse notwendig.<\/p>\n\n\n\n<h2 class=\"wp-block-heading\" id=\"vii-auskunftsrecht-recht-auf-berichtigung-sperrung-loschung\">VII. Auskunftsrecht, Recht auf Berichtigung, Sperrung, L\u00f6schung<\/h2>\n\n\n\n<p>Ihnen stehen bei Vorliegen der rechtlichen Voraussetzungen folgende Rechte zu:<\/p>\n\n\n\n<p>(1) Recht auf Auskunft, Berichtigung, L\u00f6schung, Einschr\u00e4nkung der Verarbeitung sowie auf Daten\u00fcbertragbarkeit Ihrer gespeicherten Daten.<\/p>\n\n\n\n<p>(2) Wenn Sie eine Einwilligung zur Nutzung von Daten erteilt haben, k\u00f6nnen Sie diese jederzeit widerrufen.<\/p>\n\n\n\n<p>(3) F\u00fcr den Widerruf der Einwilligung sowie f\u00fcr Ihre Informationsw\u00fcnsche ist die Anfrage an unsere im Impressum der Webseite angegebene Adresse zu richten.<\/p>\n\n\n\n<h2 class=\"wp-block-heading\" id=\"viii-allgemeine-erhebung-von-daten\">VIII. Allgemeine Erhebung von Daten<\/h2>\n\n\n\n<p>Wenn Sie auf unsere Webseite oder unsere Dienste zugreifen oder eine Datei abrufen, werden Daten \u00fcber diesen Vorgang in einer Protokolldatei auf unserem Webserver gespeichert. Im Einzelnen k\u00f6nnen folgende Daten gespeichert werden:<\/p>\n\n\n\n<p>&#8211; IP-Adresse (wenn m\u00f6glich, wird diese anonymisiert \u00fcbertragen oder gespeichert)<\/p>\n\n\n\n<p>&#8211; Domain-Name der Webseite, von der Sie kamen<\/p>\n\n\n\n<p>&#8211; Namen der abgerufenen Dateien<\/p>\n\n\n\n<p>&#8211; Datum und Uhrzeit eines Abrufs<\/p>\n\n\n\n<p>&#8211; Name Ihres Internet Service Providers<\/p>\n\n\n\n<p>&#8211; sowie ggf. Betriebssystem und Browserversion Ihres Endger\u00e4ts<\/p>\n\n\n\n<p>&#8211; Typ des Endger\u00e4tes<\/p>\n\n\n\n<p>IP-Adressen speichern wir nur aus Datensicherheitsgr\u00fcnden, um die Stabilit\u00e4t und die Sicherheit unseres Systems zu gew\u00e4hrleisten (Rechtsgrundlage: Art. 6 Abs. 1 lit. f DSGVO). Die statistische Auswertung anonymisierter Datens\u00e4tze bleibt vorbehalten.<\/p>\n\n\n\n<h2 class=\"wp-block-heading\" id=\"ix-erhebung-und-verwendung-personenbezogener-daten-bei-nutzung-des-kontaktformulars-telefonanrufen-oder-anderen-wegen-der-kontaktaufnahme\">IX. Erhebung und Verwendung personenbezogener Daten bei Nutzung des Kontaktformulars, Telefonanrufen oder anderen Wegen der Kontaktaufnahme<\/h2>\n\n\n\n<p>Wenn Sie uns per Kontaktformular, Telefon oder \u00fcber andere Wege Anfragen zukommen lassen, werden Ihre Angaben aus dem Anfrageformular inklusive der von Ihnen dort angegebenen Kontaktdaten zwecks Bearbeitung der Anfrage und f\u00fcr den Fall von Anschlussfragen bei uns gespeichert und verarbeitet. Selbiges gilt, wenn Sie uns Anrufen oder uns \u00fcber andere Wege kontaktieren. Sollten Sie uns anrufen, speichern wir &#8211; sofern vorhanden &#8211; Ihre Telefonnummer, die Dauer des Anrufs und alle weiteren relevanten Informationen die Sie uns in diesem Gespr\u00e4ch mitteilen, um Ihre Fragen und W\u00fcnsche entsprechend bearbeiten zu k\u00f6nnen. Der Verarbeitung sowie Speicherung der Daten k\u00f6nnen Sie jederzeit widersprechen (Widerrufsrecht).<\/p>\n\n\n\n<h2 class=\"wp-block-heading\" id=\"x-einsatz-von-google-analytics-und-google-tag-manager\">X. Einsatz von Google Analytics und Google Tag Manager<\/h2>\n\n\n\n<p>(1) Diese Website benutzt Google Analytics, einen Webanalysedienst der Google Inc. (&#8218;Google&#8216;). Google Analytics verwendet sog. &#8218;Cookies&#8216;, Textdateien, die auf Ihrem Computer gespeichert werden und die eine Analyse der Benutzung der Website durch Sie erm\u00f6glichen. Die durch den Cookie erzeugten Informationen \u00fcber Ihre Benutzung dieser Website werden in der Regel an einen Server von Google in den USA \u00fcbertragen und dort gespeichert. Im Falle der Aktivierung der IP-Anonymisierung auf dieser Website, wird Ihre IP-Adresse von Google jedoch innerhalb von Mitgliedstaaten der Europ\u00e4ischen Union oder in anderen Vertragsstaaten des Abkommens \u00fcber den Europ\u00e4ischen Wirtschaftsraum zuvor gek\u00fcrzt. Nur in Ausnahmef\u00e4llen wird die volle IP-Adresse an einen Server von Google in den USA \u00fcbertragen und dort gek\u00fcrzt. Im Auftrag des Betreibers dieser Website wird Google diese Informationen benutzen, um Ihre Nutzung der Website auszuwerten, um Reports \u00fcber die Website-Aktivit\u00e4ten zusammenzustellen und um weitere mit der Website-Nutzung und der Internetnutzung verbundene Dienstleistungen gegen\u00fcber dem Website-Betreiber zu erbringen.<\/p>\n\n\n\n<p>(2) Die im Rahmen von Google Analytics von Ihrem Browser \u00fcbermittelte IP-Adresse wird nicht mit anderen Daten von Google zusammengef\u00fchrt.<\/p>\n\n\n\n<p>(3) Sie k\u00f6nnen die Speicherung der Cookies durch eine entsprechende Einstellung Ihrer Browser-Software verhindern; wir weisen Sie jedoch darauf hin, dass Sie in diesem Fall gegebenenfalls nicht s\u00e4mtliche Funktionen dieser Website vollumf\u00e4nglich werden nutzen k\u00f6nnen. Sie k\u00f6nnen dar\u00fcber hinaus die Erfassung der durch das Cookie erzeugten und auf Ihre Nutzung der Website bezogenen Daten (inkl. Ihrer IP-Adresse) an Google sowie die Verarbeitung dieser Daten durch Google verhindern, indem sie das unter dem folgenden Link verf\u00fcgbare Browser-Plug-in herunterladen und installieren:&nbsp;http:\/\/tools.google.com\/dlpage\/gaoptout?hl=de.<\/p>\n\n\n\n<p>(4) Diese Website verwendet Google Analytics mit der Erweiterung \u201e_anonymizeIp()\u201c. Dadurch werden IP-Adressen gek\u00fcrzt weiterverarbeitet, eine Personenbeziehbarkeit kann damit ausgeschlossen werden. Soweit den \u00fcber Sie erhobenen Daten ein Personenbezug zukommt, wird dieser also sofort ausgeschlossen und die personenbezogenen Daten damit umgehend gel\u00f6scht.<\/p>\n\n\n\n<p>(5) Wir nutzen Google Analytics, um die Nutzung unserer Website analysieren und regelm\u00e4\u00dfig verbessern zu k\u00f6nnen. \u00dcber die gewonnenen Statistiken k\u00f6nnen wir unser Angebot verbessern und f\u00fcr Sie als Nutzer interessanter ausgestalten. F\u00fcr die Ausnahmef\u00e4lle, in denen personenbezogene Daten in die USA \u00fcbertragen werden, hat sich Google dem EU-US Privacy Shield unterworfen,&nbsp;https:\/\/www.privacyshield.gov\/EU-US-Framework. Rechtsgrundlage f\u00fcr die Nutzung von Google Analytics ist Art. 6 Abs. 1 S. 1 lit. a DSGVO.<\/p>\n\n\n\n<p>(6) Informationen des Drittanbieters: Google Dublin, Google Ireland Ltd., Gordon House, Barrow Street, Dublin 4, Ireland, Fax: +353 (1) 436\u20091001. Nutzerbedingungen:&nbsp;http:\/\/www.google.com\/analytics\/terms\/de.html. \u00dcbersicht zum Datenschutz:&nbsp;http:\/\/www.google.com\/intl\/de\/analytics\/learn\/privacy.html, sowie die Datenschutzerkl\u00e4rung:&nbsp;http:\/\/www.google.de\/intl\/de\/policies\/privacy.<\/p>\n\n\n\n<p>(7) Diese Website verwendet Google Analytics zudem f\u00fcr eine ger\u00e4te\u00fcbergreifende Analyse von Besucherstr\u00f6men, die \u00fcber eine User-ID durchgef\u00fchrt wird. Sie k\u00f6nnen in Ihrem Kundenkonto unter &#8218;Meine Daten&#8216;, &#8218;pers\u00f6nliche Daten&#8216; die ger\u00e4te\u00fcbergreifende Analyse Ihrer Nutzung deaktivieren: https:\/\/myaccount.google.com<\/p>\n\n\n\n<p>(8) Daten auf Nutzer- und Ereignisebene, die mit Cookies, Nutzerkennungen (z. B. User ID) und Werbe-IDs (z. B. DoubleClick-Cookies, Android-Werbe-ID, IDFA [Apple-Kennung f\u00fcr Werbetreibende]) verkn\u00fcpft sind werden von uns 14 Monate aufbewahrt, bevor Sie automatisch gel\u00f6scht werden.<\/p>\n\n\n\n<p>(9) Einsatz des Google Tag Manager: Google Tag Manager ist eine L\u00f6sung, mit der Vermarkter Website-Tags \u00fcber eine Oberfl\u00e4che verwalten k\u00f6nnen. Das Tool Tag Manager selbst (das die Tags implementiert) ist eine cookielose Domain und erfasst keine personenbezogenen Daten. Das Tool sorgt f\u00fcr die Ausl\u00f6sung anderer Tags, die ihrerseits unter Umst\u00e4nden Daten erfassen. Google Tag Manager greift nicht auf diese Daten zu. Wenn auf Domain-oder Cookie-Ebene eine Deaktivierung vorgenommen wurde, bleibt diese f\u00fcr alle Tracking-Tags bestehen, die mit Google Tag Manager implementiert werden:&nbsp;http:\/\/www.google.de\/tagmanager\/use-policy.html<\/p>\n\n\n\n<h2 class=\"wp-block-heading\" id=\"xi-anderungen-dieser-datenschutzerklarung\">XI. \u00c4nderungen dieser Datenschutzerkl\u00e4rung<\/h2>\n\n\n\n<p>Wir behalten uns vor, diese Datenschutzerkl\u00e4rung zu \u00e4ndern, wenn sich die Rechtslage, dieses Online-Angebot oder die Art der Datenerfassung \u00e4ndert. Dies gilt jedoch nur bez\u00fcglich Erkl\u00e4rungen zur Datenverarbeitung. Sofern eine Einwilligung des Nutzers notwendig ist oder Bestandteile der Datenschutzerkl\u00e4rung eine Regelung des Vertragsverh\u00e4ltnisses mit Nutzern enthalten, erfolgt die \u00c4nderung der Datenschutzerkl\u00e4rung nur nach Zustimmung des Nutzers. Bitte informieren Sie sich daher bei Bedarf \u00fcber diese Datenschutzerkl\u00e4rung, insbesondere, wenn Sie personenbezogene Daten mitteilen.<\/p>\n\n\n\n<h2 class=\"wp-block-heading\" id=\"xii-vertraulichkeit-ihres-kundenzugangs\">XII. Vertraulichkeit Ihres Kundenzugangs<\/h2>\n\n\n\n<p>Wenn Sie Zugang zu einem gesch\u00fctzten Bereich auf unserer Webseite oder unserer Dienste erhalten haben, der durch ein Passwort gesichert ist, sind Sie daf\u00fcr verantwortlich, dieses Passwort vertraulich zu behandeln. Wir bitten Sie, das Passwort niemandem mitzuteilen.<\/p>\n\n\n\n<h2 class=\"wp-block-heading\" id=\"xiii-links-zu-anderen-webseiten\">XIII. Links zu anderen Webseiten<\/h2>\n\n\n\n<p>Unsere Webseite\/App kann von Zeit zu Zeit Links zu Webseiten Dritter oder zu anderen Webseiten von uns selbst enthalten. Wenn Sie einem Link zu einer dieser Webseiten folgen, weisen wir Sie darauf hin, dass diese Webseiten ihre eigenen Datenschutzrichtlinien haben und dass wir f\u00fcr diese Richtlinien keine Verantwortung oder Haftung \u00fcbernehmen. Bitte \u00fcberpr\u00fcfen Sie diese Datenschutzrichtlinien, bevor Sie personenbezogenen Daten an diese Webseiten weitergeben.<\/p>\n","protected":false},"excerpt":{"rendered":"<p>DATENSCHUTZERKL\u00c4RUNG DER EIGHTBALL MARKETING SERVICES LLC Die Eightball Marketing Services LLC (oder &#8218;wir&#8216;) nimmt den Schutz Ihrer pers\u00f6nlichen Daten sehr ernst. Die nachfolgende Erkl\u00e4rung informiert Sie dar\u00fcber, welche personenbezogenen Daten wir im Rahmen des Besuchs unserer Webseite und der Nutzung unserer Dienste erheben und wie wir diese nutzen und verarbeiten. I. Allgemeine Informationen Wir erheben, [&hellip;]<\/p>\n","protected":false},"author":18,"featured_media":634469,"parent":0,"menu_order":0,"comment_status":"closed","ping_status":"closed","template":"","meta":{"_acf_changed":false,"_gspb_post_css":"","footnotes":""},"categories":[],"tags":[],"class_list":["post-322","page","type-page","status-publish","has-post-thumbnail","hentry"],"acf":[],"yoast_head":"<!-- This site is optimized with the Yoast SEO Premium plugin v26.3 (Yoast SEO v26.3) - https:\/\/yoast.com\/wordpress\/plugins\/seo\/ -->\n<title>Datenschutz Richtlinien des CashtoCode Infoportals<\/title>\n<meta name=\"description\" content=\"Erfahren Sie, welche pers\u00f6nlichen Daten wir bei Webseitenbesuchen und Dienstnutzung erfassen, sowie \u00fcber deren Nutzung und Verarbeitung.\" \/>\n<meta name=\"robots\" content=\"noindex, follow\" \/>\n<meta name=\"twitter:card\" content=\"summary_large_image\" \/>\n<meta name=\"twitter:title\" content=\"Datenschutz Richtlinien des CashtoCode Infoportals\" \/>\n<meta name=\"twitter:description\" content=\"Erfahren Sie, welche pers\u00f6nlichen Daten wir bei Webseitenbesuchen und Dienstnutzung erfassen, sowie \u00fcber deren Nutzung und Verarbeitung.\" \/>\n<meta name=\"twitter:image\" content=\"https:\/\/info.cashtocode.com\/wp-content\/uploads\/2023\/12\/Datenschutz.jpg\" \/>\n<meta name=\"twitter:label1\" content=\"Gesch\u00e4tzte Lesezeit\" \/>\n\t<meta name=\"twitter:data1\" content=\"8\u00a0Minuten\" \/>\n<script type=\"application\/ld+json\" class=\"yoast-schema-graph\">{\"@context\":\"https:\/\/schema.org\",\"@graph\":[{\"@type\":\"WebPage\",\"@id\":\"https:\/\/info.cashtocode.com\/de\/datenschutz\/\",\"url\":\"https:\/\/info.cashtocode.com\/de\/datenschutz\/\",\"name\":\"Datenschutz Richtlinien des CashtoCode Infoportals\",\"isPartOf\":{\"@id\":\"https:\/\/info.cashtocode.com\/de\/#website\"},\"primaryImageOfPage\":{\"@id\":\"https:\/\/info.cashtocode.com\/de\/datenschutz\/#primaryimage\"},\"image\":{\"@id\":\"https:\/\/info.cashtocode.com\/de\/datenschutz\/#primaryimage\"},\"thumbnailUrl\":\"https:\/\/info.cashtocode.com\/wp-content\/uploads\/2023\/12\/Datenschutz.jpg\",\"datePublished\":\"2020-05-15T09:38:14+00:00\",\"dateModified\":\"2024-03-15T09:56:06+00:00\",\"description\":\"Erfahren Sie, welche pers\u00f6nlichen Daten wir bei Webseitenbesuchen und Dienstnutzung erfassen, sowie \u00fcber deren Nutzung und Verarbeitung.\",\"inLanguage\":\"de\",\"potentialAction\":[{\"@type\":\"ReadAction\",\"target\":[\"https:\/\/info.cashtocode.com\/de\/datenschutz\/\"]}]},{\"@type\":\"ImageObject\",\"inLanguage\":\"de\",\"@id\":\"https:\/\/info.cashtocode.com\/de\/datenschutz\/#primaryimage\",\"url\":\"https:\/\/info.cashtocode.com\/wp-content\/uploads\/2023\/12\/Datenschutz.jpg\",\"contentUrl\":\"https:\/\/info.cashtocode.com\/wp-content\/uploads\/2023\/12\/Datenschutz.jpg\",\"width\":1200,\"height\":628,\"caption\":\"Datenschutz\"},{\"@type\":\"WebSite\",\"@id\":\"https:\/\/info.cashtocode.com\/de\/#website\",\"url\":\"https:\/\/info.cashtocode.com\/de\/\",\"name\":\"CashtoCode Infoportal | Bar Bezahlen Im Internet leicht gemacht\u27a1\ufe0f\",\"description\":\"\",\"publisher\":{\"@id\":\"https:\/\/info.cashtocode.com\/de\/#organization\"},\"potentialAction\":[{\"@type\":\"SearchAction\",\"target\":{\"@type\":\"EntryPoint\",\"urlTemplate\":\"https:\/\/info.cashtocode.com\/de\/?s={search_term_string}\"},\"query-input\":{\"@type\":\"PropertyValueSpecification\",\"valueRequired\":true,\"valueName\":\"search_term_string\"}}],\"inLanguage\":\"de\"},{\"@type\":\"Organization\",\"@id\":\"https:\/\/info.cashtocode.com\/de\/#organization\",\"name\":\"CashtoCode Infoportal | Bar Bezahlen Im Internet leicht gemacht\u27a1\ufe0f\",\"url\":\"https:\/\/info.cashtocode.com\/de\/\",\"logo\":{\"@type\":\"ImageObject\",\"inLanguage\":\"de\",\"@id\":\"https:\/\/info.cashtocode.com\/de\/#\/schema\/logo\/image\/\",\"url\":\"https:\/\/info.cashtocode.com\/wp-content\/uploads\/2023\/12\/cashtocode-infoportal-logo.webp\",\"contentUrl\":\"https:\/\/info.cashtocode.com\/wp-content\/uploads\/2023\/12\/cashtocode-infoportal-logo.webp\",\"width\":833,\"height\":248,\"caption\":\"CashtoCode Infoportal | Bar Bezahlen Im Internet leicht gemacht\u27a1\ufe0f\"},\"image\":{\"@id\":\"https:\/\/info.cashtocode.com\/de\/#\/schema\/logo\/image\/\"}}]}<\/script>\n<!-- \/ Yoast SEO Premium plugin. -->","yoast_head_json":{"title":"Datenschutz Richtlinien des CashtoCode Infoportals","description":"Erfahren Sie, welche pers\u00f6nlichen Daten wir bei Webseitenbesuchen und Dienstnutzung erfassen, sowie \u00fcber deren Nutzung und Verarbeitung.","robots":{"index":"noindex","follow":"follow"},"twitter_card":"summary_large_image","twitter_title":"Datenschutz Richtlinien des CashtoCode Infoportals","twitter_description":"Erfahren Sie, welche pers\u00f6nlichen Daten wir bei Webseitenbesuchen und Dienstnutzung erfassen, sowie \u00fcber deren Nutzung und Verarbeitung.","twitter_image":"https:\/\/info.cashtocode.com\/wp-content\/uploads\/2023\/12\/Datenschutz.jpg","twitter_misc":{"Gesch\u00e4tzte Lesezeit":"8\u00a0Minuten"},"schema":{"@context":"https:\/\/schema.org","@graph":[{"@type":"WebPage","@id":"https:\/\/info.cashtocode.com\/de\/datenschutz\/","url":"https:\/\/info.cashtocode.com\/de\/datenschutz\/","name":"Datenschutz Richtlinien des CashtoCode Infoportals","isPartOf":{"@id":"https:\/\/info.cashtocode.com\/de\/#website"},"primaryImageOfPage":{"@id":"https:\/\/info.cashtocode.com\/de\/datenschutz\/#primaryimage"},"image":{"@id":"https:\/\/info.cashtocode.com\/de\/datenschutz\/#primaryimage"},"thumbnailUrl":"https:\/\/info.cashtocode.com\/wp-content\/uploads\/2023\/12\/Datenschutz.jpg","datePublished":"2020-05-15T09:38:14+00:00","dateModified":"2024-03-15T09:56:06+00:00","description":"Erfahren Sie, welche pers\u00f6nlichen Daten wir bei Webseitenbesuchen und Dienstnutzung erfassen, sowie \u00fcber deren Nutzung und Verarbeitung.","inLanguage":"de","potentialAction":[{"@type":"ReadAction","target":["https:\/\/info.cashtocode.com\/de\/datenschutz\/"]}]},{"@type":"ImageObject","inLanguage":"de","@id":"https:\/\/info.cashtocode.com\/de\/datenschutz\/#primaryimage","url":"https:\/\/info.cashtocode.com\/wp-content\/uploads\/2023\/12\/Datenschutz.jpg","contentUrl":"https:\/\/info.cashtocode.com\/wp-content\/uploads\/2023\/12\/Datenschutz.jpg","width":1200,"height":628,"caption":"Datenschutz"},{"@type":"WebSite","@id":"https:\/\/info.cashtocode.com\/de\/#website","url":"https:\/\/info.cashtocode.com\/de\/","name":"CashtoCode Infoportal | Bar Bezahlen Im Internet leicht gemacht\u27a1\ufe0f","description":"","publisher":{"@id":"https:\/\/info.cashtocode.com\/de\/#organization"},"potentialAction":[{"@type":"SearchAction","target":{"@type":"EntryPoint","urlTemplate":"https:\/\/info.cashtocode.com\/de\/?s={search_term_string}"},"query-input":{"@type":"PropertyValueSpecification","valueRequired":true,"valueName":"search_term_string"}}],"inLanguage":"de"},{"@type":"Organization","@id":"https:\/\/info.cashtocode.com\/de\/#organization","name":"CashtoCode Infoportal | Bar Bezahlen Im Internet leicht gemacht\u27a1\ufe0f","url":"https:\/\/info.cashtocode.com\/de\/","logo":{"@type":"ImageObject","inLanguage":"de","@id":"https:\/\/info.cashtocode.com\/de\/#\/schema\/logo\/image\/","url":"https:\/\/info.cashtocode.com\/wp-content\/uploads\/2023\/12\/cashtocode-infoportal-logo.webp","contentUrl":"https:\/\/info.cashtocode.com\/wp-content\/uploads\/2023\/12\/cashtocode-infoportal-logo.webp","width":833,"height":248,"caption":"CashtoCode Infoportal | Bar Bezahlen Im Internet leicht gemacht\u27a1\ufe0f"},"image":{"@id":"https:\/\/info.cashtocode.com\/de\/#\/schema\/logo\/image\/"}}]}},"_links":{"self":[{"href":"https:\/\/info.cashtocode.com\/de\/wp-json\/wp\/v2\/pages\/322","targetHints":{"allow":["GET"]}}],"collection":[{"href":"https:\/\/info.cashtocode.com\/de\/wp-json\/wp\/v2\/pages"}],"about":[{"href":"https:\/\/info.cashtocode.com\/de\/wp-json\/wp\/v2\/types\/page"}],"author":[{"embeddable":true,"href":"https:\/\/info.cashtocode.com\/de\/wp-json\/wp\/v2\/users\/18"}],"replies":[{"embeddable":true,"href":"https:\/\/info.cashtocode.com\/de\/wp-json\/wp\/v2\/comments?post=322"}],"version-history":[{"count":0,"href":"https:\/\/info.cashtocode.com\/de\/wp-json\/wp\/v2\/pages\/322\/revisions"}],"wp:featuredmedia":[{"embeddable":true,"href":"https:\/\/info.cashtocode.com\/de\/wp-json\/wp\/v2\/media\/634469"}],"wp:attachment":[{"href":"https:\/\/info.cashtocode.com\/de\/wp-json\/wp\/v2\/media?parent=322"}],"wp:term":[{"taxonomy":"category","embeddable":true,"href":"https:\/\/info.cashtocode.com\/de\/wp-json\/wp\/v2\/categories?post=322"},{"taxonomy":"post_tag","embeddable":true,"href":"https:\/\/info.cashtocode.com\/de\/wp-json\/wp\/v2\/tags?post=322"}],"curies":[{"name":"wp","href":"https:\/\/api.w.org\/{rel}","templated":true}]}}