{"id":4795,"date":"2021-03-09T11:51:25","date_gmt":"2021-03-09T11:51:25","guid":{"rendered":"https:\/\/info.cashtocode.com\/?page_id=4795"},"modified":"2026-01-15T06:31:14","modified_gmt":"2026-01-15T06:31:14","slug":"handy-app","status":"publish","type":"page","link":"https:\/\/info.cashtocode.com\/de\/hilfe\/allgemein\/handy-app\/","title":{"rendered":"Gibt es eine CashtoCode App?"},"content":{"rendered":"\n<p>Nein, eine CashtoCode App zum Downloaden gibt es nicht. Du kannst <a href=\"https:\/\/info.cashtocode.com\/de\/\">CashtoCode<\/a> jedoch ganz <strong>bequem \u00fcber dein Smartphone oder Tablet verwenden.<\/strong> Dabei stehen dir alle Funktionen zur Verf\u00fcgung, die du auch auf dem Computer nutzen kannst.<\/p>\n\n\n\n<p>Unsere Webseiten sowie die Seiten unserer Partner sind f\u00fcr mobile Endger\u00e4te optimiert, sodass du unterwegs problemlos sichere CashtoCode Einzahlungen vornehmen kannst.<\/p>\n\n\n\n<figure class=\"wp-block-image aligncenter size-large\"><img decoding=\"async\" width=\"1024\" height=\"449\" src=\"https:\/\/info.cashtocode.com\/wp-content\/uploads\/2024\/01\/Im-internet-bar-bezahlen-1024x449.webp\" alt=\"\" class=\"wp-image-635598\" srcset=\"https:\/\/info.cashtocode.com\/wp-content\/uploads\/2024\/01\/Im-internet-bar-bezahlen.webp 1024w, https:\/\/info.cashtocode.com\/wp-content\/uploads\/2024\/01\/Im-internet-bar-bezahlen-300x132.webp 300w, https:\/\/info.cashtocode.com\/wp-content\/uploads\/2024\/01\/Im-internet-bar-bezahlen-766x336.webp 766w, https:\/\/info.cashtocode.com\/wp-content\/uploads\/2024\/01\/Im-internet-bar-bezahlen-1536x674.webp 1536w, https:\/\/info.cashtocode.com\/wp-content\/uploads\/2024\/01\/Im-internet-bar-bezahlen-2048x898.webp 2048w, https:\/\/info.cashtocode.com\/wp-content\/uploads\/2024\/01\/Im-internet-bar-bezahlen-342x150.webp 342w, https:\/\/info.cashtocode.com\/wp-content\/uploads\/2024\/01\/Im-internet-bar-bezahlen-100x44.webp 100w, https:\/\/info.cashtocode.com\/wp-content\/uploads\/2024\/01\/Im-internet-bar-bezahlen-798x350.webp 798w, https:\/\/info.cashtocode.com\/wp-content\/uploads\/2024\/01\/Im-internet-bar-bezahlen-788x345.webp 788w, https:\/\/info.cashtocode.com\/wp-content\/uploads\/2024\/01\/Im-internet-bar-bezahlen-600x263.webp 600w\" sizes=\"(max-width: 1024px) 100vw, 1024px\" \/><\/figure>\n\n\n\n<p>Die Durchf\u00fchrung von Einzahlungen mit CashtoCode per Handy ist genauso unkompliziert, schnell und sicher wie am PC. Einfach einen CashtoCode Partner \u00fcber das Smartphone finden, dort deinen individuellen Barcode generieren, diesen direkt am Handy speichern und in der Verkaufsstelle vorzeigen, um die Zahlung abzuschlie\u00dfen.<\/p>\n\n\n\n<h2 class=\"wp-block-heading\" id=\"h-wo-kann-ich-die-cash-to-code-app-herunterladen\"><strong>Wo<\/strong>\u00a0kann ich die Cash to Code App herunterladen?<\/h2>\n\n\n\n<p>Du kannst keine <strong>Cash to Code App herunterladen<\/strong>, da es keine App in einem App Store gibt. Cash to Code ist eine diskrete Bezahlmethode, die bei tausenden von Partnern angeboten wird. Ein Wallet, wie z.B. bei Paypal existiert nicht, da es auch kein Cash to Code Guthaben zu kaufen gibt.<\/p>\n\n\n\n<p>Nichtsdestotrotz kannst du auch ohne Cash to Code App deine Bezahlungen einsehen. Du erh\u00e4ltst bei der Zahlung vor Ort in einer der \u00fcber 550.000 <a href=\"https:\/\/info.cashtocode.com\/de\/hilfe\/verkaufsstellen\/\">Cash to Code Verkaufsstellen<\/a> einen Zahlungsnachweis. Beachte dabei, dass du bar bezahlen kannst und somit deine Bezahlung vollkommen diskret ist.<\/p>\n\n\n\n<div class=\"wp-block-greenshift-blocks-row alignfull gspb_row gspb_row-id-gsbp-75cc719c-587a\" id=\"gspb_row-id-gsbp-75cc719c-587a\"><div class=\"gspb_row__content\">  <\/div><\/div>\n\n\n\n<h2 class=\"wp-block-heading\" id=\"weitere-themen\">Weitere Themen:<\/h2>\n\n\n<style>.gspb_container-id-gsbp-fd3899b{flex-direction:column;box-sizing:border-box;}#gspb_container-id-gsbp-fd3899b.gspb_container > p:last-of-type{margin-bottom:0}.gspb_container{position:relative;}#gspb_container-id-gsbp-fd3899b.gspb_container{display:grid;grid-template-columns:repeat(3,minmax(0,1fr));row-gap:20px;}@media (max-width:991.98px){#gspb_container-id-gsbp-fd3899b.gspb_container{grid-template-columns:repeat(1,minmax(0,1fr));}}<\/style>\n<div class=\"wp-block-greenshift-blocks-container gspb_container gspb_container-gsbp-fd3899b\" id=\"gspb_container-id-gsbp-fd3899b\"><style>.gspb_container-id-gsbp-ed58af6{flex-direction:column;box-sizing:border-box;}#gspb_container-id-gsbp-ed58af6.gspb_container > p:last-of-type{margin-bottom:0}.gspb_container{position:relative;}#gspb_container-id-gsbp-ed58af6.gspb_container{margin-bottom:0px;}<\/style>\n<div class=\"wp-block-greenshift-blocks-container gspb_container gspb_container-gsbp-ed58af6\" id=\"gspb_container-id-gsbp-ed58af6\"><style>#gspb_button-id-gsbp-5a1e553{display:flex;justify-content:flex-start;}#gspb_button-id-gsbp-5a1e553 .gspb-buttonbox-text{display:flex;flex-direction:column;}#gspb_button-id-gsbp-5a1e553 > .gspb-buttonbox{box-sizing:border-box}#gspb_button-id-gsbp-5a1e553 > .gspb-buttonbox > .gspb-buttonbox-textwrap > .gspb-buttonbox-icon{display:flex;}#gspb_button-id-gsbp-5a1e553 > .gspb-buttonbox .gspb-buttonbox-icon img{height:75px!important;width:75px!important;min-width:75px!important;}@media (max-width:991.98px){#gspb_button-id-gsbp-5a1e553 > .gspb-buttonbox .gspb-buttonbox-icon img{height:75px!important;width:75px!important;min-width:75px!important;}}#gspb_button-id-gsbp-5a1e553 > .gspb-buttonbox .gspb-buttonbox-icon img,#gspb_button-id-gsbp-5a1e553 > .gspb-buttonbox .gspb-buttonbox-icon img path{fill:currentColor !important;}#gspb_button-id-gsbp-5a1e553 > .gspb-buttonbox .gspb-buttonbox-icon img{margin:0px !important;}#gspb_button-id-gsbp-5a1e553 > .gspb-buttonbox > .gspb-buttonbox-textwrap{display:flex;flex-direction:row;align-items:center;}#gspb_button-id-gsbp-5a1e553 > .gspb-buttonbox > .gspb-buttonbox-textwrap{justify-content:center;}#gspb_button-id-gsbp-5a1e553 .gspb-buttonbox-icon{margin-right:13px}#gspb_button-id-gsbp-5a1e553{justify-content:center;}#gspb_button-id-gsbp-5a1e553 > .gspb-buttonbox{margin-top:0px;}@media (max-width:575.98px){#gspb_button-id-gsbp-5a1e553 > .gspb-buttonbox{margin-top:0px;}}#gspb_button-id-gsbp-5a1e553 > .gspb-buttonbox{width:80%;}#gspb_button-id-gsbp-5a1e553 > .gspb-buttonbox,#gspb_button-id-gsbp-5a1e553 > .gspb-buttonbox .gsap-g-line{text-align:center!important;}<\/style>\n<div class=\"gspb_button_wrapper gspb_button-id-gsbp-5a1e553\" id=\"gspb_button-id-gsbp-5a1e553\"><a class=\"wp-block-greenshift-blocks-buttonbox gspb-buttonbox wp-element-button\" href=\"\/de?page_id=615393\" rel=\"noopener\"><span class=\"gspb-buttonbox-textwrap\"><span class=\"gspb-buttonbox-icon\"><img decoding=\"async\" src=\"https:\/\/info.cashtocode.com\/wp-content\/uploads\/2024\/04\/payments-icon.webp\"\/><\/span><span class=\"gspb-buttonbox-text\"><span class=\"gspb-buttonbox-title\">Zahlungen<\/span><\/span><\/span><\/a><\/div>\n<\/div>\n\n\n<style>.gspb_container-id-gsbp-3129b28{flex-direction:column;box-sizing:border-box;}#gspb_container-id-gsbp-3129b28.gspb_container > p:last-of-type{margin-bottom:0}.gspb_container{position:relative;}<\/style>\n<div class=\"wp-block-greenshift-blocks-container gspb_container gspb_container-gsbp-3129b28\" id=\"gspb_container-id-gsbp-3129b28\"><style>#gspb_button-id-gsbp-21bb56c1-b0cc{display:flex;justify-content:flex-start;}#gspb_button-id-gsbp-21bb56c1-b0cc .gspb-buttonbox-text{display:flex;flex-direction:column;}#gspb_button-id-gsbp-21bb56c1-b0cc > .gspb-buttonbox{box-sizing:border-box}#gspb_button-id-gsbp-21bb56c1-b0cc > .gspb-buttonbox > .gspb-buttonbox-textwrap > .gspb-buttonbox-icon{display:flex;}#gspb_button-id-gsbp-21bb56c1-b0cc > .gspb-buttonbox .gspb-buttonbox-icon img{height:75px!important;width:75px!important;min-width:75px!important;}#gspb_button-id-gsbp-21bb56c1-b0cc > .gspb-buttonbox .gspb-buttonbox-icon img,#gspb_button-id-gsbp-21bb56c1-b0cc > .gspb-buttonbox .gspb-buttonbox-icon img path{fill:currentColor !important;}#gspb_button-id-gsbp-21bb56c1-b0cc > .gspb-buttonbox .gspb-buttonbox-icon img{margin:0px !important;}#gspb_button-id-gsbp-21bb56c1-b0cc > .gspb-buttonbox > .gspb-buttonbox-textwrap{display:flex;flex-direction:row;align-items:center;}#gspb_button-id-gsbp-21bb56c1-b0cc > .gspb-buttonbox > .gspb-buttonbox-textwrap{justify-content:center;}#gspb_button-id-gsbp-21bb56c1-b0cc .gspb-buttonbox-icon{margin-right:13px}#gspb_button-id-gsbp-21bb56c1-b0cc{justify-content:center;}#gspb_button-id-gsbp-21bb56c1-b0cc > .gspb-buttonbox{width:80%;}#gspb_button-id-gsbp-21bb56c1-b0cc > .gspb-buttonbox,#gspb_button-id-gsbp-21bb56c1-b0cc > .gspb-buttonbox .gsap-g-line{text-align:center!important;}<\/style>\n<div class=\"gspb_button_wrapper gspb_button-id-gsbp-21bb56c1-b0cc\" id=\"gspb_button-id-gsbp-21bb56c1-b0cc\"><a class=\"wp-block-greenshift-blocks-buttonbox gspb-buttonbox wp-element-button\" href=\"\/de?page_id=615413\" rel=\"noopener\"><span class=\"gspb-buttonbox-textwrap\"><span class=\"gspb-buttonbox-icon\"><img decoding=\"async\" src=\"https:\/\/info.cashtocode.com\/wp-content\/uploads\/2024\/04\/security-icon.webp\"\/><\/span><span class=\"gspb-buttonbox-text\"><span class=\"gspb-buttonbox-title\">Sicherheit<\/span><\/span><\/span><\/a><\/div>\n<\/div>\n\n\n<style>.gspb_container-id-gsbp-c66fe89{flex-direction:column;box-sizing:border-box;}#gspb_container-id-gsbp-c66fe89.gspb_container > p:last-of-type{margin-bottom:0}.gspb_container{position:relative;}<\/style>\n<div class=\"wp-block-greenshift-blocks-container gspb_container gspb_container-gsbp-c66fe89\" id=\"gspb_container-id-gsbp-c66fe89\"><style>#gspb_button-id-gsbp-cbf9f9c{display:flex;justify-content:flex-start;}#gspb_button-id-gsbp-cbf9f9c .gspb-buttonbox-text{display:flex;flex-direction:column;}#gspb_button-id-gsbp-cbf9f9c > .gspb-buttonbox{box-sizing:border-box}#gspb_button-id-gsbp-cbf9f9c > .gspb-buttonbox > .gspb-buttonbox-textwrap > .gspb-buttonbox-icon{display:flex;}#gspb_button-id-gsbp-cbf9f9c > .gspb-buttonbox .gspb-buttonbox-icon img{height:75px!important;width:75px!important;min-width:75px!important;}#gspb_button-id-gsbp-cbf9f9c > .gspb-buttonbox .gspb-buttonbox-icon img,#gspb_button-id-gsbp-cbf9f9c > .gspb-buttonbox .gspb-buttonbox-icon img path{fill:currentColor !important;}#gspb_button-id-gsbp-cbf9f9c > .gspb-buttonbox .gspb-buttonbox-icon img{margin:0px !important;}#gspb_button-id-gsbp-cbf9f9c > .gspb-buttonbox > .gspb-buttonbox-textwrap{display:flex;flex-direction:row;align-items:center;}#gspb_button-id-gsbp-cbf9f9c > .gspb-buttonbox > .gspb-buttonbox-textwrap{justify-content:center;}#gspb_button-id-gsbp-cbf9f9c .gspb-buttonbox-icon{margin-right:13px}#gspb_button-id-gsbp-cbf9f9c{justify-content:center;}#gspb_button-id-gsbp-cbf9f9c > .gspb-buttonbox{width:80%;}#gspb_button-id-gsbp-cbf9f9c > .gspb-buttonbox,#gspb_button-id-gsbp-cbf9f9c > .gspb-buttonbox .gsap-g-line{text-align:center!important;}<\/style>\n<div class=\"gspb_button_wrapper gspb_button-id-gsbp-cbf9f9c\" id=\"gspb_button-id-gsbp-cbf9f9c\"><a class=\"wp-block-greenshift-blocks-buttonbox gspb-buttonbox wp-element-button\" href=\"\/de?page_id=1160\" rel=\"noopener\"><span class=\"gspb-buttonbox-textwrap\"><span class=\"gspb-buttonbox-icon\"><img decoding=\"async\" src=\"https:\/\/info.cashtocode.com\/wp-content\/uploads\/2024\/04\/outlets-icon.webp\"\/><\/span><span class=\"gspb-buttonbox-text\"><span class=\"gspb-buttonbox-title\">Verkaufsstellen<\/span><\/span><\/span><\/a><\/div>\n<\/div>\n<\/div>\n<style>#gspb_button-id-gsbp-21bb56c1-b0cc{display:flex;justify-content:center}#gspb_button-id-gsbp-21bb56c1-b0cc .gspb-buttonbox-text{display:flex;flex-direction:column}#gspb_button-id-gsbp-21bb56c1-b0cc>.gspb-buttonbox{box-sizing:border-box}#gspb_button-id-gsbp-21bb56c1-b0cc>.gspb-buttonbox>.gspb-buttonbox-textwrap>.gspb-buttonbox-icon,#gspb_button-id-gsbp-5a1e553>.gspb-buttonbox>.gspb-buttonbox-textwrap>.gspb-buttonbox-icon,#gspb_button-id-gsbp-cbf9f9c>.gspb-buttonbox>.gspb-buttonbox-textwrap>.gspb-buttonbox-icon{display:flex}#gspb_button-id-gsbp-21bb56c1-b0cc>.gspb-buttonbox>.gspb-buttonbox-textwrap{display:flex;flex-direction:row;align-items:center;justify-content:center}#gspb_button-id-gsbp-21bb56c1-b0cc .gspb-buttonbox-icon{margin-right:13px}#gspb_button-id-gsbp-21bb56c1-b0cc>.gspb-buttonbox{width:80%;text-align:center!important}#gspb_button-id-gsbp-21bb56c1-b0cc>.gspb-buttonbox .gsap-g-line{text-align:center!important}#gspb_button-id-gsbp-cbf9f9c .gspb-buttonbox-text{display:flex;flex-direction:column}#gspb_button-id-gsbp-cbf9f9c>.gspb-buttonbox{box-sizing:border-box}#gspb_button-id-gsbp-21bb56c1-b0cc>.gspb-buttonbox .gspb-buttonbox-icon img,#gspb_button-id-gsbp-cbf9f9c>.gspb-buttonbox .gspb-buttonbox-icon img{height:75px!important;width:75px!important;min-width:75px!important;fill:currentColor!important;margin:0!important}#gspb_button-id-gsbp-21bb56c1-b0cc>.gspb-buttonbox .gspb-buttonbox-icon img path,#gspb_button-id-gsbp-cbf9f9c>.gspb-buttonbox .gspb-buttonbox-icon img path{fill:currentColor!important}#gspb_button-id-gsbp-cbf9f9c>.gspb-buttonbox>.gspb-buttonbox-textwrap{display:flex;flex-direction:row;align-items:center;justify-content:center}#gspb_button-id-gsbp-cbf9f9c .gspb-buttonbox-icon{margin-right:13px}#gspb_button-id-gsbp-cbf9f9c>.gspb-buttonbox{width:80%;text-align:center!important}#gspb_button-id-gsbp-cbf9f9c>.gspb-buttonbox .gsap-g-line{text-align:center!important}#gspb_button-id-gsbp-5a1e553,#gspb_button-id-gsbp-cbf9f9c{display:flex;justify-content:center}#gspb_button-id-gsbp-5a1e553 .gspb-buttonbox-text{display:flex;flex-direction:column}#gspb_button-id-gsbp-5a1e553>.gspb-buttonbox{box-sizing:border-box}#gspb_button-id-gsbp-5a1e553>.gspb-buttonbox .gspb-buttonbox-icon img{height:75px!important;width:75px!important;min-width:75px!important}@media (max-width:991.98px){#gspb_button-id-gsbp-5a1e553>.gspb-buttonbox .gspb-buttonbox-icon img{height:75px!important;width:75px!important;min-width:75px!important}}#gspb_button-id-gsbp-5a1e553>.gspb-buttonbox .gspb-buttonbox-icon img,#gspb_button-id-gsbp-5a1e553>.gspb-buttonbox .gspb-buttonbox-icon img path{fill:currentColor!important}#gspb_button-id-gsbp-5a1e553>.gspb-buttonbox .gspb-buttonbox-icon img{margin:0!important}#gspb_button-id-gsbp-5a1e553>.gspb-buttonbox>.gspb-buttonbox-textwrap{display:flex;flex-direction:row;align-items:center;justify-content:center}#gspb_button-id-gsbp-5a1e553 .gspb-buttonbox-icon{margin-right:13px}#gspb_button-id-gsbp-5a1e553>.gspb-buttonbox{margin-top:0}@media (max-width:575.98px){#gspb_button-id-gsbp-5a1e553>.gspb-buttonbox{margin-top:0}}#gspb_button-id-gsbp-5a1e553>.gspb-buttonbox{width:80%;text-align:center!important}#gspb_button-id-gsbp-5a1e553>.gspb-buttonbox .gsap-g-line{text-align:center!important}<\/style>\n","protected":false},"excerpt":{"rendered":"<p>Nein, eine CashtoCode App zum Downloaden gibt es nicht. Du kannst CashtoCode jedoch ganz bequem \u00fcber dein Smartphone oder Tablet verwenden. Dabei stehen dir alle Funktionen zur Verf\u00fcgung, die du auch auf dem Computer nutzen kannst. Unsere Webseiten sowie die Seiten unserer Partner sind f\u00fcr mobile Endger\u00e4te optimiert, sodass du unterwegs problemlos sichere CashtoCode Einzahlungen [&hellip;]<\/p>\n","protected":false},"author":18,"featured_media":634489,"parent":616763,"menu_order":0,"comment_status":"closed","ping_status":"closed","template":"","meta":{"_acf_changed":false,"_gspb_post_css":"#gspb_row-id-gsbp-75cc719c-587a{justify-content:space-between;margin-bottom:0;display:flex;flex-wrap:wrap;margin-top:50px;background-color:#00000012;opacity:1}#gspb_row-id-gsbp-75cc719c-587a>.gspb_row__content{display:flex;justify-content:space-between;margin:0 auto;width:100%;flex-wrap:wrap;max-width:1200px}.gspb_row{position:relative}div[id^=gspb_col-id]{box-sizing:border-box;position:relative;padding:var(--gs-row-column-padding, 15px min(3vw, 20px))}","footnotes":""},"categories":[],"tags":[],"class_list":["post-4795","page","type-page","status-publish","has-post-thumbnail","hentry"],"acf":[],"yoast_head":"<!-- This site is optimized with the Yoast SEO Premium plugin v26.3 (Yoast SEO v26.3) - https:\/\/yoast.com\/wordpress\/plugins\/seo\/ -->\n<title>Gibt es eine CashtoCode App? | CashtoCode Kundenhilfezentrum<\/title>\n<meta name=\"description\" content=\"Nein, eine CashtoCode App zum Downloaden gibt es nicht. Du kannst CashtoCode jedoch auch bequem \u00fcber dein Smartphone oder Tablet verwenden.\" \/>\n<meta name=\"robots\" content=\"index, follow, max-snippet:-1, max-image-preview:large, max-video-preview:-1\" \/>\n<link rel=\"canonical\" href=\"https:\/\/info.cashtocode.com\/de\/hilfe\/allgemein\/handy-app\/\" \/>\n<meta name=\"twitter:card\" content=\"summary_large_image\" \/>\n<meta name=\"twitter:title\" content=\"Gibt es eine CashtoCode App? | CashtoCode Kundenhilfezentrum\" \/>\n<meta name=\"twitter:description\" content=\"Nein, eine CashtoCode App zum Downloaden gibt es nicht. Du kannst CashtoCode jedoch auch bequem \u00fcber dein Smartphone oder Tablet verwenden.\" \/>\n<meta name=\"twitter:image\" content=\"https:\/\/info.cashtocode.com\/wp-content\/uploads\/2023\/12\/CashtoCode-App.jpg\" \/>\n<meta name=\"twitter:label1\" content=\"Gesch\u00e4tzte Lesezeit\" \/>\n\t<meta name=\"twitter:data1\" content=\"2\u00a0Minuten\" \/>\n<script type=\"application\/ld+json\" class=\"yoast-schema-graph\">{\"@context\":\"https:\/\/schema.org\",\"@graph\":[{\"@type\":\"WebPage\",\"@id\":\"https:\/\/info.cashtocode.com\/de\/hilfe\/allgemein\/handy-app\/\",\"url\":\"https:\/\/info.cashtocode.com\/de\/hilfe\/allgemein\/handy-app\/\",\"name\":\"Gibt es eine CashtoCode App? | CashtoCode Kundenhilfezentrum\",\"isPartOf\":{\"@id\":\"https:\/\/info.cashtocode.com\/de\/#website\"},\"primaryImageOfPage\":{\"@id\":\"https:\/\/info.cashtocode.com\/de\/hilfe\/allgemein\/handy-app\/#primaryimage\"},\"image\":{\"@id\":\"https:\/\/info.cashtocode.com\/de\/hilfe\/allgemein\/handy-app\/#primaryimage\"},\"thumbnailUrl\":\"https:\/\/info.cashtocode.com\/wp-content\/uploads\/2023\/12\/CashtoCode-App.jpg\",\"datePublished\":\"2021-03-09T11:51:25+00:00\",\"dateModified\":\"2026-01-15T06:31:14+00:00\",\"description\":\"Nein, eine CashtoCode App zum Downloaden gibt es nicht. Du kannst CashtoCode jedoch auch bequem \u00fcber dein Smartphone oder Tablet verwenden.\",\"breadcrumb\":{\"@id\":\"https:\/\/info.cashtocode.com\/de\/hilfe\/allgemein\/handy-app\/#breadcrumb\"},\"inLanguage\":\"de\",\"potentialAction\":[{\"@type\":\"ReadAction\",\"target\":[\"https:\/\/info.cashtocode.com\/de\/hilfe\/allgemein\/handy-app\/\"]}]},{\"@type\":\"ImageObject\",\"inLanguage\":\"de\",\"@id\":\"https:\/\/info.cashtocode.com\/de\/hilfe\/allgemein\/handy-app\/#primaryimage\",\"url\":\"https:\/\/info.cashtocode.com\/wp-content\/uploads\/2023\/12\/CashtoCode-App.jpg\",\"contentUrl\":\"https:\/\/info.cashtocode.com\/wp-content\/uploads\/2023\/12\/CashtoCode-App.jpg\",\"width\":1200,\"height\":628,\"caption\":\"CashtoCode App\"},{\"@type\":\"BreadcrumbList\",\"@id\":\"https:\/\/info.cashtocode.com\/de\/hilfe\/allgemein\/handy-app\/#breadcrumb\",\"itemListElement\":[{\"@type\":\"ListItem\",\"position\":1,\"name\":\"Support &#038; Hilfe\",\"item\":\"https:\/\/info.cashtocode.com\/de\/hilfe\/\"},{\"@type\":\"ListItem\",\"position\":2,\"name\":\"Allgemein\",\"item\":\"https:\/\/info.cashtocode.com\/de\/general\/\"},{\"@type\":\"ListItem\",\"position\":3,\"name\":\"Gibt es eine CashtoCode App?\"}]},{\"@type\":\"WebSite\",\"@id\":\"https:\/\/info.cashtocode.com\/de\/#website\",\"url\":\"https:\/\/info.cashtocode.com\/de\/\",\"name\":\"CashtoCode Infoportal | Bar Bezahlen Im Internet leicht gemacht\u27a1\ufe0f\",\"description\":\"\",\"publisher\":{\"@id\":\"https:\/\/info.cashtocode.com\/de\/#organization\"},\"potentialAction\":[{\"@type\":\"SearchAction\",\"target\":{\"@type\":\"EntryPoint\",\"urlTemplate\":\"https:\/\/info.cashtocode.com\/de\/?s={search_term_string}\"},\"query-input\":{\"@type\":\"PropertyValueSpecification\",\"valueRequired\":true,\"valueName\":\"search_term_string\"}}],\"inLanguage\":\"de\"},{\"@type\":\"Organization\",\"@id\":\"https:\/\/info.cashtocode.com\/de\/#organization\",\"name\":\"CashtoCode Infoportal | Bar Bezahlen Im Internet leicht gemacht\u27a1\ufe0f\",\"url\":\"https:\/\/info.cashtocode.com\/de\/\",\"logo\":{\"@type\":\"ImageObject\",\"inLanguage\":\"de\",\"@id\":\"https:\/\/info.cashtocode.com\/de\/#\/schema\/logo\/image\/\",\"url\":\"https:\/\/info.cashtocode.com\/wp-content\/uploads\/2023\/12\/cashtocode-infoportal-logo.webp\",\"contentUrl\":\"https:\/\/info.cashtocode.com\/wp-content\/uploads\/2023\/12\/cashtocode-infoportal-logo.webp\",\"width\":833,\"height\":248,\"caption\":\"CashtoCode Infoportal | Bar Bezahlen Im Internet leicht gemacht\u27a1\ufe0f\"},\"image\":{\"@id\":\"https:\/\/info.cashtocode.com\/de\/#\/schema\/logo\/image\/\"}}]}<\/script>\n<!-- \/ Yoast SEO Premium plugin. -->","yoast_head_json":{"title":"Gibt es eine CashtoCode App? | CashtoCode Kundenhilfezentrum","description":"Nein, eine CashtoCode App zum Downloaden gibt es nicht. Du kannst CashtoCode jedoch auch bequem \u00fcber dein Smartphone oder Tablet verwenden.","robots":{"index":"index","follow":"follow","max-snippet":"max-snippet:-1","max-image-preview":"max-image-preview:large","max-video-preview":"max-video-preview:-1"},"canonical":"https:\/\/info.cashtocode.com\/de\/hilfe\/allgemein\/handy-app\/","twitter_card":"summary_large_image","twitter_title":"Gibt es eine CashtoCode App? | CashtoCode Kundenhilfezentrum","twitter_description":"Nein, eine CashtoCode App zum Downloaden gibt es nicht. Du kannst CashtoCode jedoch auch bequem \u00fcber dein Smartphone oder Tablet verwenden.","twitter_image":"https:\/\/info.cashtocode.com\/wp-content\/uploads\/2023\/12\/CashtoCode-App.jpg","twitter_misc":{"Gesch\u00e4tzte Lesezeit":"2\u00a0Minuten"},"schema":{"@context":"https:\/\/schema.org","@graph":[{"@type":"WebPage","@id":"https:\/\/info.cashtocode.com\/de\/hilfe\/allgemein\/handy-app\/","url":"https:\/\/info.cashtocode.com\/de\/hilfe\/allgemein\/handy-app\/","name":"Gibt es eine CashtoCode App? | CashtoCode Kundenhilfezentrum","isPartOf":{"@id":"https:\/\/info.cashtocode.com\/de\/#website"},"primaryImageOfPage":{"@id":"https:\/\/info.cashtocode.com\/de\/hilfe\/allgemein\/handy-app\/#primaryimage"},"image":{"@id":"https:\/\/info.cashtocode.com\/de\/hilfe\/allgemein\/handy-app\/#primaryimage"},"thumbnailUrl":"https:\/\/info.cashtocode.com\/wp-content\/uploads\/2023\/12\/CashtoCode-App.jpg","datePublished":"2021-03-09T11:51:25+00:00","dateModified":"2026-01-15T06:31:14+00:00","description":"Nein, eine CashtoCode App zum Downloaden gibt es nicht. Du kannst CashtoCode jedoch auch bequem \u00fcber dein Smartphone oder Tablet verwenden.","breadcrumb":{"@id":"https:\/\/info.cashtocode.com\/de\/hilfe\/allgemein\/handy-app\/#breadcrumb"},"inLanguage":"de","potentialAction":[{"@type":"ReadAction","target":["https:\/\/info.cashtocode.com\/de\/hilfe\/allgemein\/handy-app\/"]}]},{"@type":"ImageObject","inLanguage":"de","@id":"https:\/\/info.cashtocode.com\/de\/hilfe\/allgemein\/handy-app\/#primaryimage","url":"https:\/\/info.cashtocode.com\/wp-content\/uploads\/2023\/12\/CashtoCode-App.jpg","contentUrl":"https:\/\/info.cashtocode.com\/wp-content\/uploads\/2023\/12\/CashtoCode-App.jpg","width":1200,"height":628,"caption":"CashtoCode App"},{"@type":"BreadcrumbList","@id":"https:\/\/info.cashtocode.com\/de\/hilfe\/allgemein\/handy-app\/#breadcrumb","itemListElement":[{"@type":"ListItem","position":1,"name":"Support &#038; Hilfe","item":"https:\/\/info.cashtocode.com\/de\/hilfe\/"},{"@type":"ListItem","position":2,"name":"Allgemein","item":"https:\/\/info.cashtocode.com\/de\/general\/"},{"@type":"ListItem","position":3,"name":"Gibt es eine CashtoCode App?"}]},{"@type":"WebSite","@id":"https:\/\/info.cashtocode.com\/de\/#website","url":"https:\/\/info.cashtocode.com\/de\/","name":"CashtoCode Infoportal | Bar Bezahlen Im Internet leicht gemacht\u27a1\ufe0f","description":"","publisher":{"@id":"https:\/\/info.cashtocode.com\/de\/#organization"},"potentialAction":[{"@type":"SearchAction","target":{"@type":"EntryPoint","urlTemplate":"https:\/\/info.cashtocode.com\/de\/?s={search_term_string}"},"query-input":{"@type":"PropertyValueSpecification","valueRequired":true,"valueName":"search_term_string"}}],"inLanguage":"de"},{"@type":"Organization","@id":"https:\/\/info.cashtocode.com\/de\/#organization","name":"CashtoCode Infoportal | Bar Bezahlen Im Internet leicht gemacht\u27a1\ufe0f","url":"https:\/\/info.cashtocode.com\/de\/","logo":{"@type":"ImageObject","inLanguage":"de","@id":"https:\/\/info.cashtocode.com\/de\/#\/schema\/logo\/image\/","url":"https:\/\/info.cashtocode.com\/wp-content\/uploads\/2023\/12\/cashtocode-infoportal-logo.webp","contentUrl":"https:\/\/info.cashtocode.com\/wp-content\/uploads\/2023\/12\/cashtocode-infoportal-logo.webp","width":833,"height":248,"caption":"CashtoCode Infoportal | Bar Bezahlen Im Internet leicht gemacht\u27a1\ufe0f"},"image":{"@id":"https:\/\/info.cashtocode.com\/de\/#\/schema\/logo\/image\/"}}]}},"_links":{"self":[{"href":"https:\/\/info.cashtocode.com\/de\/wp-json\/wp\/v2\/pages\/4795","targetHints":{"allow":["GET"]}}],"collection":[{"href":"https:\/\/info.cashtocode.com\/de\/wp-json\/wp\/v2\/pages"}],"about":[{"href":"https:\/\/info.cashtocode.com\/de\/wp-json\/wp\/v2\/types\/page"}],"author":[{"embeddable":true,"href":"https:\/\/info.cashtocode.com\/de\/wp-json\/wp\/v2\/users\/18"}],"replies":[{"embeddable":true,"href":"https:\/\/info.cashtocode.com\/de\/wp-json\/wp\/v2\/comments?post=4795"}],"version-history":[{"count":2,"href":"https:\/\/info.cashtocode.com\/de\/wp-json\/wp\/v2\/pages\/4795\/revisions"}],"predecessor-version":[{"id":706337,"href":"https:\/\/info.cashtocode.com\/de\/wp-json\/wp\/v2\/pages\/4795\/revisions\/706337"}],"up":[{"embeddable":true,"href":"https:\/\/info.cashtocode.com\/de\/wp-json\/wp\/v2\/pages\/616763"}],"wp:featuredmedia":[{"embeddable":true,"href":"https:\/\/info.cashtocode.com\/de\/wp-json\/wp\/v2\/media\/634489"}],"wp:attachment":[{"href":"https:\/\/info.cashtocode.com\/de\/wp-json\/wp\/v2\/media?parent=4795"}],"wp:term":[{"taxonomy":"category","embeddable":true,"href":"https:\/\/info.cashtocode.com\/de\/wp-json\/wp\/v2\/categories?post=4795"},{"taxonomy":"post_tag","embeddable":true,"href":"https:\/\/info.cashtocode.com\/de\/wp-json\/wp\/v2\/tags?post=4795"}],"curies":[{"name":"wp","href":"https:\/\/api.w.org\/{rel}","templated":true}]}}