{"id":5154,"date":"2021-03-26T11:57:00","date_gmt":"2021-03-26T11:57:00","guid":{"rendered":"https:\/\/info.cashtocode.com\/?page_id=5154"},"modified":"2023-12-07T15:01:52","modified_gmt":"2023-12-07T15:01:52","slug":"online-aufladen","status":"publish","type":"page","link":"https:\/\/info.cashtocode.com\/de\/hilfe\/online-aufladen\/","title":{"rendered":"Kann ich CashtoCode online aufladen?"},"content":{"rendered":"\n<p><strong>CashtoCode online aufladen<\/strong> ist nicht m\u00f6glich. Da f\u00fcr CashtoCode Einzahlungen keine Registrierung oder Kontoerstellung erforderlich ist, ist es nicht m\u00f6glich, das Konto online aufzuladen. Jede Einzahlung erfordert einen pers\u00f6nlichen und sicheren Barcode, der nur f\u00fcr den von dir festgelegten Zweck verwendet werden kann.<\/p>\n\n\n\n<div class=\"wp-block-greenshift-blocks-button gspb_button_wrapper gspb_button-id-gsbp-b46a0d22-5e25 button-internal-linking-bottom-margin\" id=\"gspb_button-id-gsbp-b46a0d22-5e25\"><a class=\"gspb-buttonbox\" href=\"https:\/\/info.cashtocode.com\/de\/hilfe\/allgemein\/anleitung\/\" rel=\"noopener\"><span class=\"gspb-buttonbox-textwrap\"><span class=\"gspb-buttonbox-text\"><span class=\"gspb-buttonbox-title\">Erfahre mehr \u00fcber CashtoCode<\/span><\/span><\/span><\/a><\/div>\n","protected":false},"excerpt":{"rendered":"<p>CashtoCode online aufladen ist nicht m\u00f6glich. Da f\u00fcr CashtoCode Einzahlungen keine Registrierung oder Kontoerstellung erforderlich ist, ist es nicht m\u00f6glich, das Konto online aufzuladen. Jede Einzahlung erfordert einen pers\u00f6nlichen und sicheren Barcode, der nur f\u00fcr den von dir festgelegten Zweck verwendet werden kann.<\/p>\n","protected":false},"author":18,"featured_media":634546,"parent":615357,"menu_order":0,"comment_status":"closed","ping_status":"closed","template":"","meta":{"_acf_changed":false,"_gspb_post_css":".gspb_button-id-gsbp-b46a0d22-5e25{display:flex;justify-content:flex-start}.gspb_button-id-gsbp-b46a0d22-5e25 .gspb-buttonbox-text{display:flex;flex-direction:column}.gspb_button-id-gsbp-b46a0d22-5e25>.gspb-buttonbox{display:inline-block;padding:13px 26px;background-color:#00d084;text-decoration:none!important;color:#fff;font-size:16px;line-height:16px;position:relative;z-index:0;cursor:pointer;box-sizing:border-box}","footnotes":""},"categories":[],"tags":[],"class_list":["post-5154","page","type-page","status-publish","has-post-thumbnail","hentry"],"acf":[],"yoast_head":"<!-- This site is optimized with the Yoast SEO Premium plugin v26.3 (Yoast SEO v26.3) - https:\/\/yoast.com\/wordpress\/plugins\/seo\/ -->\n<title>Kann ich CashtoCode online aufladen? | Kundenhilfezentrum<\/title>\n<meta name=\"description\" content=\"Wir erkl\u00e4ren dir in diesem Artikel, warum es kein CashtoCode Konto gibt und wieso es nicht m\u00f6glich ist, CashtoCode online aufzuladen.\" \/>\n<meta name=\"robots\" content=\"index, follow, max-snippet:-1, max-image-preview:large, max-video-preview:-1\" \/>\n<link rel=\"canonical\" href=\"https:\/\/info.cashtocode.com\/de\/hilfe\/online-aufladen\/\" \/>\n<meta name=\"twitter:card\" content=\"summary_large_image\" \/>\n<meta name=\"twitter:title\" content=\"Kann ich CashtoCode online aufladen? | Kundenhilfezentrum\" \/>\n<meta name=\"twitter:description\" content=\"Wir erkl\u00e4ren dir in diesem Artikel, warum es kein CashtoCode Konto gibt und wieso es nicht m\u00f6glich ist, CashtoCode online aufzuladen.\" \/>\n<meta name=\"twitter:image\" content=\"https:\/\/info.cashtocode.com\/wp-content\/uploads\/2023\/12\/CashtoCode-online-aufladen.jpg\" \/>\n<meta name=\"twitter:label1\" content=\"Gesch\u00e4tzte Lesezeit\" \/>\n\t<meta name=\"twitter:data1\" content=\"1\u00a0Minute\" \/>\n<script type=\"application\/ld+json\" class=\"yoast-schema-graph\">{\"@context\":\"https:\/\/schema.org\",\"@graph\":[{\"@type\":\"WebPage\",\"@id\":\"https:\/\/info.cashtocode.com\/de\/hilfe\/online-aufladen\/\",\"url\":\"https:\/\/info.cashtocode.com\/de\/hilfe\/online-aufladen\/\",\"name\":\"Kann ich CashtoCode online aufladen? | Kundenhilfezentrum\",\"isPartOf\":{\"@id\":\"https:\/\/info.cashtocode.com\/de\/#website\"},\"primaryImageOfPage\":{\"@id\":\"https:\/\/info.cashtocode.com\/de\/hilfe\/online-aufladen\/#primaryimage\"},\"image\":{\"@id\":\"https:\/\/info.cashtocode.com\/de\/hilfe\/online-aufladen\/#primaryimage\"},\"thumbnailUrl\":\"https:\/\/info.cashtocode.com\/wp-content\/uploads\/2023\/12\/CashtoCode-online-aufladen.jpg\",\"datePublished\":\"2021-03-26T11:57:00+00:00\",\"dateModified\":\"2023-12-07T15:01:52+00:00\",\"description\":\"Wir erkl\u00e4ren dir in diesem Artikel, warum es kein CashtoCode Konto gibt und wieso es nicht m\u00f6glich ist, CashtoCode online aufzuladen.\",\"breadcrumb\":{\"@id\":\"https:\/\/info.cashtocode.com\/de\/hilfe\/online-aufladen\/#breadcrumb\"},\"inLanguage\":\"de\",\"potentialAction\":[{\"@type\":\"ReadAction\",\"target\":[\"https:\/\/info.cashtocode.com\/de\/hilfe\/online-aufladen\/\"]}]},{\"@type\":\"ImageObject\",\"inLanguage\":\"de\",\"@id\":\"https:\/\/info.cashtocode.com\/de\/hilfe\/online-aufladen\/#primaryimage\",\"url\":\"https:\/\/info.cashtocode.com\/wp-content\/uploads\/2023\/12\/CashtoCode-online-aufladen.jpg\",\"contentUrl\":\"https:\/\/info.cashtocode.com\/wp-content\/uploads\/2023\/12\/CashtoCode-online-aufladen.jpg\",\"width\":1200,\"height\":628,\"caption\":\"CashtoCode online aufladen\"},{\"@type\":\"BreadcrumbList\",\"@id\":\"https:\/\/info.cashtocode.com\/de\/hilfe\/online-aufladen\/#breadcrumb\",\"itemListElement\":[{\"@type\":\"ListItem\",\"position\":1,\"name\":\"Support &#038; Hilfe\",\"item\":\"https:\/\/info.cashtocode.com\/de\/hilfe\/\"},{\"@type\":\"ListItem\",\"position\":2,\"name\":\"Kann ich CashtoCode online aufladen?\"}]},{\"@type\":\"WebSite\",\"@id\":\"https:\/\/info.cashtocode.com\/de\/#website\",\"url\":\"https:\/\/info.cashtocode.com\/de\/\",\"name\":\"CashtoCode Infoportal | Bar Bezahlen Im Internet leicht gemacht\u27a1\ufe0f\",\"description\":\"\",\"publisher\":{\"@id\":\"https:\/\/info.cashtocode.com\/de\/#organization\"},\"potentialAction\":[{\"@type\":\"SearchAction\",\"target\":{\"@type\":\"EntryPoint\",\"urlTemplate\":\"https:\/\/info.cashtocode.com\/de\/?s={search_term_string}\"},\"query-input\":{\"@type\":\"PropertyValueSpecification\",\"valueRequired\":true,\"valueName\":\"search_term_string\"}}],\"inLanguage\":\"de\"},{\"@type\":\"Organization\",\"@id\":\"https:\/\/info.cashtocode.com\/de\/#organization\",\"name\":\"CashtoCode Infoportal | Bar Bezahlen Im Internet leicht gemacht\u27a1\ufe0f\",\"url\":\"https:\/\/info.cashtocode.com\/de\/\",\"logo\":{\"@type\":\"ImageObject\",\"inLanguage\":\"de\",\"@id\":\"https:\/\/info.cashtocode.com\/de\/#\/schema\/logo\/image\/\",\"url\":\"https:\/\/info.cashtocode.com\/wp-content\/uploads\/2023\/12\/cashtocode-infoportal-logo.webp\",\"contentUrl\":\"https:\/\/info.cashtocode.com\/wp-content\/uploads\/2023\/12\/cashtocode-infoportal-logo.webp\",\"width\":833,\"height\":248,\"caption\":\"CashtoCode Infoportal | Bar Bezahlen Im Internet leicht gemacht\u27a1\ufe0f\"},\"image\":{\"@id\":\"https:\/\/info.cashtocode.com\/de\/#\/schema\/logo\/image\/\"}}]}<\/script>\n<!-- \/ Yoast SEO Premium plugin. -->","yoast_head_json":{"title":"Kann ich CashtoCode online aufladen? | Kundenhilfezentrum","description":"Wir erkl\u00e4ren dir in diesem Artikel, warum es kein CashtoCode Konto gibt und wieso es nicht m\u00f6glich ist, CashtoCode online aufzuladen.","robots":{"index":"index","follow":"follow","max-snippet":"max-snippet:-1","max-image-preview":"max-image-preview:large","max-video-preview":"max-video-preview:-1"},"canonical":"https:\/\/info.cashtocode.com\/de\/hilfe\/online-aufladen\/","twitter_card":"summary_large_image","twitter_title":"Kann ich CashtoCode online aufladen? | Kundenhilfezentrum","twitter_description":"Wir erkl\u00e4ren dir in diesem Artikel, warum es kein CashtoCode Konto gibt und wieso es nicht m\u00f6glich ist, CashtoCode online aufzuladen.","twitter_image":"https:\/\/info.cashtocode.com\/wp-content\/uploads\/2023\/12\/CashtoCode-online-aufladen.jpg","twitter_misc":{"Gesch\u00e4tzte Lesezeit":"1\u00a0Minute"},"schema":{"@context":"https:\/\/schema.org","@graph":[{"@type":"WebPage","@id":"https:\/\/info.cashtocode.com\/de\/hilfe\/online-aufladen\/","url":"https:\/\/info.cashtocode.com\/de\/hilfe\/online-aufladen\/","name":"Kann ich CashtoCode online aufladen? | Kundenhilfezentrum","isPartOf":{"@id":"https:\/\/info.cashtocode.com\/de\/#website"},"primaryImageOfPage":{"@id":"https:\/\/info.cashtocode.com\/de\/hilfe\/online-aufladen\/#primaryimage"},"image":{"@id":"https:\/\/info.cashtocode.com\/de\/hilfe\/online-aufladen\/#primaryimage"},"thumbnailUrl":"https:\/\/info.cashtocode.com\/wp-content\/uploads\/2023\/12\/CashtoCode-online-aufladen.jpg","datePublished":"2021-03-26T11:57:00+00:00","dateModified":"2023-12-07T15:01:52+00:00","description":"Wir erkl\u00e4ren dir in diesem Artikel, warum es kein CashtoCode Konto gibt und wieso es nicht m\u00f6glich ist, CashtoCode online aufzuladen.","breadcrumb":{"@id":"https:\/\/info.cashtocode.com\/de\/hilfe\/online-aufladen\/#breadcrumb"},"inLanguage":"de","potentialAction":[{"@type":"ReadAction","target":["https:\/\/info.cashtocode.com\/de\/hilfe\/online-aufladen\/"]}]},{"@type":"ImageObject","inLanguage":"de","@id":"https:\/\/info.cashtocode.com\/de\/hilfe\/online-aufladen\/#primaryimage","url":"https:\/\/info.cashtocode.com\/wp-content\/uploads\/2023\/12\/CashtoCode-online-aufladen.jpg","contentUrl":"https:\/\/info.cashtocode.com\/wp-content\/uploads\/2023\/12\/CashtoCode-online-aufladen.jpg","width":1200,"height":628,"caption":"CashtoCode online aufladen"},{"@type":"BreadcrumbList","@id":"https:\/\/info.cashtocode.com\/de\/hilfe\/online-aufladen\/#breadcrumb","itemListElement":[{"@type":"ListItem","position":1,"name":"Support &#038; Hilfe","item":"https:\/\/info.cashtocode.com\/de\/hilfe\/"},{"@type":"ListItem","position":2,"name":"Kann ich CashtoCode online aufladen?"}]},{"@type":"WebSite","@id":"https:\/\/info.cashtocode.com\/de\/#website","url":"https:\/\/info.cashtocode.com\/de\/","name":"CashtoCode Infoportal | Bar Bezahlen Im Internet leicht gemacht\u27a1\ufe0f","description":"","publisher":{"@id":"https:\/\/info.cashtocode.com\/de\/#organization"},"potentialAction":[{"@type":"SearchAction","target":{"@type":"EntryPoint","urlTemplate":"https:\/\/info.cashtocode.com\/de\/?s={search_term_string}"},"query-input":{"@type":"PropertyValueSpecification","valueRequired":true,"valueName":"search_term_string"}}],"inLanguage":"de"},{"@type":"Organization","@id":"https:\/\/info.cashtocode.com\/de\/#organization","name":"CashtoCode Infoportal | Bar Bezahlen Im Internet leicht gemacht\u27a1\ufe0f","url":"https:\/\/info.cashtocode.com\/de\/","logo":{"@type":"ImageObject","inLanguage":"de","@id":"https:\/\/info.cashtocode.com\/de\/#\/schema\/logo\/image\/","url":"https:\/\/info.cashtocode.com\/wp-content\/uploads\/2023\/12\/cashtocode-infoportal-logo.webp","contentUrl":"https:\/\/info.cashtocode.com\/wp-content\/uploads\/2023\/12\/cashtocode-infoportal-logo.webp","width":833,"height":248,"caption":"CashtoCode Infoportal | Bar Bezahlen Im Internet leicht gemacht\u27a1\ufe0f"},"image":{"@id":"https:\/\/info.cashtocode.com\/de\/#\/schema\/logo\/image\/"}}]}},"_links":{"self":[{"href":"https:\/\/info.cashtocode.com\/de\/wp-json\/wp\/v2\/pages\/5154","targetHints":{"allow":["GET"]}}],"collection":[{"href":"https:\/\/info.cashtocode.com\/de\/wp-json\/wp\/v2\/pages"}],"about":[{"href":"https:\/\/info.cashtocode.com\/de\/wp-json\/wp\/v2\/types\/page"}],"author":[{"embeddable":true,"href":"https:\/\/info.cashtocode.com\/de\/wp-json\/wp\/v2\/users\/18"}],"replies":[{"embeddable":true,"href":"https:\/\/info.cashtocode.com\/de\/wp-json\/wp\/v2\/comments?post=5154"}],"version-history":[{"count":0,"href":"https:\/\/info.cashtocode.com\/de\/wp-json\/wp\/v2\/pages\/5154\/revisions"}],"up":[{"embeddable":true,"href":"https:\/\/info.cashtocode.com\/de\/wp-json\/wp\/v2\/pages\/615357"}],"wp:featuredmedia":[{"embeddable":true,"href":"https:\/\/info.cashtocode.com\/de\/wp-json\/wp\/v2\/media\/634546"}],"wp:attachment":[{"href":"https:\/\/info.cashtocode.com\/de\/wp-json\/wp\/v2\/media?parent=5154"}],"wp:term":[{"taxonomy":"category","embeddable":true,"href":"https:\/\/info.cashtocode.com\/de\/wp-json\/wp\/v2\/categories?post=5154"},{"taxonomy":"post_tag","embeddable":true,"href":"https:\/\/info.cashtocode.com\/de\/wp-json\/wp\/v2\/tags?post=5154"}],"curies":[{"name":"wp","href":"https:\/\/api.w.org\/{rel}","templated":true}]}}