{"id":5456,"date":"2021-04-13T11:07:20","date_gmt":"2021-04-13T11:07:20","guid":{"rendered":"https:\/\/info.cashtocode.com\/?page_id=5456"},"modified":"2024-07-11T12:58:43","modified_gmt":"2024-07-11T12:58:43","slug":"diskret-bezahlen-im-internet","status":"publish","type":"page","link":"https:\/\/info.cashtocode.com\/de\/bezahlen\/diskret-bezahlen-im-internet\/","title":{"rendered":"Diskret bezahlen im Internet"},"content":{"rendered":"\n<p>Diskret bezahlen online ist f\u00fcr viele Menschen ein wichtiges Anliegen. Es gibt zahlreiche Gr\u00fcnde, warum jemand seine pers\u00f6nlichen und sensiblen Daten nicht preisgeben m\u00f6chte. Das Hauptanliegen ist oft der <strong>Schutz vor Datenmissbrauch. <\/strong>\u00dcberall, wo pers\u00f6nliche Daten online gespeichert werden, besteht das Risiko, dass sie von Hackern entwendet werden k\u00f6nnten. Daher ist es essenziell, sorgf\u00e4ltig zu w\u00e4hlen, wem man seine Daten anvertraut.<\/p>\n\n\n\n<p>In diesem Artikel untersuchen wir verschiedene Bezahlmethoden im Internet und er\u00f6rtern, warum nur ein paar wenige wirklich diskret sind. Wir gehen der Frage nach, wie du sicher im Internet bezahlen kannst, ohne deine Privatsph\u00e4re zu gef\u00e4hrden, und welche Optionen dir dabei zur Verf\u00fcgung stehen.<\/p>\n\n\n\n<h2 class=\"wp-block-heading\" id=\"gibt-es-uberhaupt-diskrete-bezahlmethoden\">Gibt es \u00fcberhaupt diskrete Bezahlmethoden?<\/h2>\n\n\n\n<p>In der Welt der Online-Zahlungen ist Diskretion ein seltenes Gut. Viele Zahlungsdienstleister versprechen zwar umfassende Datensicherheit, doch erfordern sie meistens die Er\u00f6ffnung eines Kontos und die Angabe von Benutzerdaten. Dies birgt das Risiko, dass im Falle eines Datenlecks oder bei Kenntnis deines Passworts durch Dritte dein Konto kompromittiert werden k\u00f6nnte. Um diese Gefahren zu vermeiden, ist die Wahl einer <strong>anonymen Bezahlmethode oft der sicherste Weg.<\/strong><\/p>\n\n\n\n<p>Eine diskrete Bezahlmethode zeichnet sich durch folgende Eigenschaften aus:<\/p>\n\n\n\n<ul class=\"wp-block-list\">\n<li>Keine Notwendigkeit zur Registrierung oder Kontoer\u00f6ffnung.<\/li>\n\n\n\n<li>Keine Angabe von Kreditkarten- oder Bankinformationen erforderlich.<\/li>\n<\/ul>\n\n\n\n<p>Sind diese Bedingungen erf\u00fcllt, stehen die Chancen gut f\u00fcr eine wirklich diskrete Zahlungsm\u00f6glichkeit.<\/p>\n\n\n\n<h3 class=\"wp-block-heading\" id=\"cashtocode-eine-diskrete-bezahlmethode\">CashtoCode: Eine diskrete Bezahlmethode<\/h3>\n\n\n\n<p>CashtoCode erf\u00fcllt all diese Kriterien f\u00fcr diskretes Bezahlen. Ohne die Notwendigkeit einer Kontoer\u00f6ffnung oder Registrierung und ohne die Angabe von Kreditkarten- oder Bankdaten bietet CashtoCode eine sichere Alternative. Du kannst einfach und diskret in einer der \u00fcber <a href=\"https:\/\/info.cashtocode.com\/de\/hilfe\/verkaufsstellen\/filialen\/\">550.000 CashtoCode Filialen<\/a> bar bezahlen. Da zu keinem Zeitpunkt sensible oder pers\u00f6nliche Daten f\u00fcr den Bezahlvorgang erforderlich sind, erm\u00f6glicht CashtoCode eine <strong>vollst\u00e4ndig diskrete Zahlungsweise.<\/strong><\/p>\n\n\n\n<h2 class=\"wp-block-heading\" id=\"bei-welchen-webseiten-kann-ich-diskret-bezahlen\">Bei welchen Webseiten kann ich diskret bezahlen?<\/h2>\n\n\n\n<p>CashtoCode erm\u00f6glicht dir diskretes Bezahlen auf tausenden Partnerwebseiten. Die Anzahl der Partner, die CashtoCode als Zahlungsmethode akzeptieren, w\u00e4chst stetig. Wir legen gro\u00dfen Wert auf die Auswahl unserer Partner und f\u00fchren bei jedem einzelnen eine<strong> gr\u00fcndliche \u00dcberpr\u00fcfung<\/strong> durch, bevor wir ihn in unser Netzwerk aufnehmen. Daher kannst du darauf vertrauen, dass alle CashtoCode Partnerwebseiten verl\u00e4sslich sind.<\/p>\n\n\n\n<p>Unsere Partner reichen von zahlreichen Online Casinos \u00fcber Sportwettenanbieter hin zu VPN- und Filesharing-Diensten, Kryptoplattformen und Dating-Seiten. Bei allen diesen Anbietern kannst du die Vorteile von CashtoCode nutzen und sicher sein, dass deine Transaktionen diskret ablaufen.<\/p>\n\n\n\n<h2 class=\"wp-block-heading\" id=\"warum-diskrete-bezahlungen-sinnvoll-sind\">Warum diskrete Bezahlungen sinnvoll sind<\/h2>\n\n\n\n<p>Warum solltest du im Internet auf diskrete Bezahlmethoden setzen? Angesichts der zahlreichen sicheren Bezahlmethoden im Internet mag es zun\u00e4chst \u00fcberfl\u00fcssig erscheinen, nach diskreten Optionen zu suchen. Doch es gibt gute Gr\u00fcnde und spezifische Situationen, in denen diskretes Bezahlen nicht nur sinnvoll, sondern auch notwendig ist.<\/p>\n\n\n\n<p>Obwohl viele <a href=\"https:\/\/info.cashtocode.com\/de\/bezahlen\/\">gro\u00dfe Zahlungsdienstleister <\/a>als sicher gelten, gibt es dennoch Umst\u00e4nde, unter denen die Anonymit\u00e4t beim Bezahlen von entscheidender Bedeutung ist. In solchen F\u00e4llen bieten diskrete Bezahlmethoden einen <strong>zus\u00e4tzlichen Schutz deiner Privatsph\u00e4re und Daten.<\/strong> Wir erl\u00e4utern dir, warum diskretes Bezahlen eine sinnvolle Erg\u00e4nzung zu den herk\u00f6mmlichen, sicheren Zahlungsmethoden sein kann.<\/p>\n\n\n\n<h3 class=\"wp-block-heading\" id=\"grund-nummer-1-fur-die-diskrete-bezahlmethode-cashtocode\">Grund Nummer 1 f\u00fcr die diskrete Bezahlmethode CashtoCode<\/h3>\n\n\n\n<p>Mit CashtoCode musst du dir keine Sorgen machen, dass deine Transaktionen in deinen Kreditkarten- oder Bankabrechnungen auftauchen. Dies ist besonders n\u00fctzlich, wenn du etwa ein Bankkonto oder eine Kreditkarte mit deinem Partner teilst und bestimmte Ausgaben nicht sichtbar sein sollen. Zudem hat die Verwendung von CashtoCode <strong>keinen Einfluss auf Scoring-Systeme<\/strong>, da die Transaktionen nicht auf deinem Bankkonto erscheinen.<\/p>\n\n\n\n<h3 class=\"wp-block-heading\" id=\"grund-nummer-2-fur-die-diskrete-bezahlmethode-cashtocode\">Grund Nummer 2 f\u00fcr die diskrete Bezahlmethode CashtoCode<\/h3>\n\n\n\n<p>Die Sorge, dass Benutzername und Passwort kompromittiert werden k\u00f6nnten, ist bei CashtoCode unbegr\u00fcndet. Da keine Kontoerstellung oder Registrierung erforderlich ist, entfallen auch Benutzername, E-Mail-Adresse und Passwort. <strong>Das Risiko eines Datenlecks wird somit eliminiert. <\/strong>Jede Transaktion mit CashtoCode verwendet einen einmaligen Barcode, der nur f\u00fcr diesen spezifischen Zweck g\u00fcltig ist. Auch wenn der Barcode verloren geht, kann er nicht missbr\u00e4uchlich verwendet werden. Deine Zahlungen bei CashtoCode Verkaufsstellen sind komplett privat, egal ob du bar oder mit Debitkarte zahlst \u2013 es werden keine pers\u00f6nlichen Informationen \u00fcbermittelt.<\/p>\n\n\n\n<h2 class=\"wp-block-heading\" id=\"fazit-darum-diskret-bezahlen-mit-cashtocode\">Fazit: Darum diskret bezahlen mit CashtoCode<\/h2>\n\n\n\n<p>In der Welt des Online-Bezahlens ist Diskretion oft schwer zu finden, doch CashtoCode bildet hier eine Ausnahme. Diese Zahlungsmethode ben\u00f6tigt weder ein Benutzerkonto noch die Angabe von Bank- oder Kreditkarteninformationen. Die Transaktionen erfolgen einfach, sicher und in bar.<\/p>\n\n\n\n<p>Entscheide dich f\u00fcr CashtoCode, um deine pers\u00f6nlichen Daten beim Online-Bezahlen nicht preiszugeben. Profitiere zus\u00e4tzlich von exklusiven Neukundenangeboten, die speziell f\u00fcr CashtoCode Nutzer verf\u00fcgbar sind. Wir haben f\u00fcr dich attraktive Boni bei unseren Partnerseiten ausgehandelt, die nur darauf warten, von dir genutzt zu werden. Nutze CashtoCode und <strong>genie\u00dfe diskretes, sicheres Bezahlen kombiniert mit fantastischen Angeboten.<\/strong><\/p>\n\n\n\n<div class=\"wp-block-greenshift-blocks-button gspb_button_wrapper gspb_button-id-gsbp-108b6bd2-9255 button-internal-linking-bottom-margin\" id=\"gspb_button-id-gsbp-108b6bd2-9255\"><a class=\"gspb-buttonbox\" href=\"https:\/\/www.cashtocode.com\/de-de\/cashtocode-verwenden\/\" rel=\"noopener\"><span class=\"gspb-buttonbox-textwrap\"><span class=\"gspb-buttonbox-text\"><span class=\"gspb-buttonbox-title\">Zur Angebots\u00fcbersicht<\/span><\/span><\/span><\/a><\/div>\n\n\n\n<h2 class=\"wp-block-heading\" id=\"faq\">FAQ<\/h2>\n\n\n\n<div class=\"schema-faq wp-block-yoast-faq-block\"><div class=\"schema-faq-section\" id=\"faq-question-1708503038880\"><strong class=\"schema-faq-question\">Warum sollte ich CashtoCode f\u00fcr diskretes Bezahlen nutzen?<\/strong> <p class=\"schema-faq-answer\">CashtoCode ist ideal, wenn du nicht m\u00f6chtest, dass deine Transaktionen in Kreditkarten- oder Bankabrechnungen erscheinen. Es eignet sich besonders, wenn du dein Bankkonto mit jemandem teilst oder deine Ausgaben privat halten m\u00f6chtest. Zudem hat CashtoCode keinen Einfluss auf Kredit-Scores.<\/p> <\/div> <div class=\"schema-faq-section\" id=\"faq-question-1708503073234\"><strong class=\"schema-faq-question\">Sind meine Daten bei der Nutzung von CashtoCode sicher?<\/strong> <p class=\"schema-faq-answer\">Ja, da keine Registrierung oder Kontoerstellung n\u00f6tig ist, gibt es kein Risiko eines Datenlecks durch Benutzername oder Passwort. Der f\u00fcr jede Transaktion erstellte Barcode ist nur f\u00fcr den spezifischen Zahlungszweck g\u00fcltig und bietet somit eine sichere und private Zahlungsm\u00f6glichkeit.<\/p> <\/div> <div class=\"schema-faq-section\" id=\"faq-question-1708503088276\"><strong class=\"schema-faq-question\">Wo kann ich mit CashtoCode bezahlen?<\/strong> <p class=\"schema-faq-answer\">Du kannst CashtoCode bei Tausenden Partnerseiten nutzen, die st\u00e4ndig wachsen. Unsere Partner reichen von Online Casinos \u00fcber Sportwettenanbieter hin zu VPN- und Filesharing-Diensten, Kryptoplattformen und Dating-Seiten.<\/p> <\/div> <\/div>\n","protected":false},"excerpt":{"rendered":"<p>Diskret bezahlen online ist f\u00fcr viele Menschen ein wichtiges Anliegen. Es gibt zahlreiche Gr\u00fcnde, warum jemand seine pers\u00f6nlichen und sensiblen Daten nicht preisgeben m\u00f6chte. Das Hauptanliegen ist oft der Schutz vor Datenmissbrauch. \u00dcberall, wo pers\u00f6nliche Daten online gespeichert werden, besteht das Risiko, dass sie von Hackern entwendet werden k\u00f6nnten. Daher ist es essenziell, sorgf\u00e4ltig zu [&hellip;]<\/p>\n","protected":false},"author":18,"featured_media":634226,"parent":615426,"menu_order":0,"comment_status":"closed","ping_status":"closed","template":"","meta":{"_acf_changed":false,"_gspb_post_css":".gspb_button-id-gsbp-108b6bd2-9255{display:flex;justify-content:flex-start}.gspb_button-id-gsbp-108b6bd2-9255 .gspb-buttonbox-text{display:flex;flex-direction:column}.gspb_button-id-gsbp-108b6bd2-9255>.gspb-buttonbox{display:inline-block;padding:13px 26px;background-color:#00d084;text-decoration:none!important;color:#fff;font-size:16px;line-height:16px;position:relative;z-index:0;cursor:pointer;box-sizing:border-box}","footnotes":""},"categories":[],"tags":[],"class_list":["post-5456","page","type-page","status-publish","has-post-thumbnail","hentry"],"acf":[],"yoast_head":"<!-- This site is optimized with the Yoast SEO Premium plugin v26.3 (Yoast SEO v26.3) - https:\/\/yoast.com\/wordpress\/plugins\/seo\/ -->\n<title>Diskret bezahlen im Internet | Das musst du beachten<\/title>\n<meta name=\"description\" content=\"In diesem Artikel gehen wir auf verschiedene Zahlungsmethoden im Internet ein und erkl\u00e4ren, warum nur wenige von ihnen diskret sind.\" \/>\n<meta name=\"robots\" content=\"index, follow, max-snippet:-1, max-image-preview:large, max-video-preview:-1\" \/>\n<link rel=\"canonical\" href=\"https:\/\/info.cashtocode.com\/de\/bezahlen\/diskret-bezahlen-im-internet\/\" \/>\n<meta name=\"twitter:card\" content=\"summary_large_image\" \/>\n<meta name=\"twitter:title\" content=\"Diskret bezahlen im Internet | Das musst du beachten\" \/>\n<meta name=\"twitter:description\" content=\"In diesem Artikel gehen wir auf verschiedene Zahlungsmethoden im Internet ein und erkl\u00e4ren, warum nur wenige von ihnen diskret sind.\" \/>\n<meta name=\"twitter:image\" content=\"https:\/\/info.cashtocode.com\/wp-content\/uploads\/2023\/12\/Diskret-bezahlen-im-Internet.jpg\" \/>\n<meta name=\"twitter:label1\" content=\"Gesch\u00e4tzte Lesezeit\" \/>\n\t<meta name=\"twitter:data1\" content=\"5\u00a0Minuten\" \/>\n<script type=\"application\/ld+json\" class=\"yoast-schema-graph\">{\"@context\":\"https:\/\/schema.org\",\"@graph\":[{\"@type\":[\"WebPage\",\"FAQPage\"],\"@id\":\"https:\/\/info.cashtocode.com\/de\/bezahlen\/diskret-bezahlen-im-internet\/\",\"url\":\"https:\/\/info.cashtocode.com\/de\/bezahlen\/diskret-bezahlen-im-internet\/\",\"name\":\"Diskret bezahlen im Internet | Das musst du beachten\",\"isPartOf\":{\"@id\":\"https:\/\/info.cashtocode.com\/de\/#website\"},\"primaryImageOfPage\":{\"@id\":\"https:\/\/info.cashtocode.com\/de\/bezahlen\/diskret-bezahlen-im-internet\/#primaryimage\"},\"image\":{\"@id\":\"https:\/\/info.cashtocode.com\/de\/bezahlen\/diskret-bezahlen-im-internet\/#primaryimage\"},\"thumbnailUrl\":\"https:\/\/info.cashtocode.com\/wp-content\/uploads\/2023\/12\/Diskret-bezahlen-im-Internet.jpg\",\"datePublished\":\"2021-04-13T11:07:20+00:00\",\"dateModified\":\"2024-07-11T12:58:43+00:00\",\"description\":\"In diesem Artikel gehen wir auf verschiedene Zahlungsmethoden im Internet ein und erkl\u00e4ren, warum nur wenige von ihnen diskret sind.\",\"breadcrumb\":{\"@id\":\"https:\/\/info.cashtocode.com\/de\/bezahlen\/diskret-bezahlen-im-internet\/#breadcrumb\"},\"mainEntity\":[{\"@id\":\"https:\/\/info.cashtocode.com\/de\/bezahlen\/diskret-bezahlen-im-internet\/#faq-question-1708503038880\"},{\"@id\":\"https:\/\/info.cashtocode.com\/de\/bezahlen\/diskret-bezahlen-im-internet\/#faq-question-1708503073234\"},{\"@id\":\"https:\/\/info.cashtocode.com\/de\/bezahlen\/diskret-bezahlen-im-internet\/#faq-question-1708503088276\"}],\"inLanguage\":\"de\",\"potentialAction\":[{\"@type\":\"ReadAction\",\"target\":[\"https:\/\/info.cashtocode.com\/de\/bezahlen\/diskret-bezahlen-im-internet\/\"]}]},{\"@type\":\"ImageObject\",\"inLanguage\":\"de\",\"@id\":\"https:\/\/info.cashtocode.com\/de\/bezahlen\/diskret-bezahlen-im-internet\/#primaryimage\",\"url\":\"https:\/\/info.cashtocode.com\/wp-content\/uploads\/2023\/12\/Diskret-bezahlen-im-Internet.jpg\",\"contentUrl\":\"https:\/\/info.cashtocode.com\/wp-content\/uploads\/2023\/12\/Diskret-bezahlen-im-Internet.jpg\",\"width\":1200,\"height\":628,\"caption\":\"Diskret bezahlen im Internet\"},{\"@type\":\"BreadcrumbList\",\"@id\":\"https:\/\/info.cashtocode.com\/de\/bezahlen\/diskret-bezahlen-im-internet\/#breadcrumb\",\"itemListElement\":[{\"@type\":\"ListItem\",\"position\":1,\"name\":\"Bezahlmethoden Vergleich \u2013 wer hat die Nase vorn?\",\"item\":\"https:\/\/info.cashtocode.com\/de\/bezahlen\/\"},{\"@type\":\"ListItem\",\"position\":2,\"name\":\"Diskret bezahlen im Internet\"}]},{\"@type\":\"WebSite\",\"@id\":\"https:\/\/info.cashtocode.com\/de\/#website\",\"url\":\"https:\/\/info.cashtocode.com\/de\/\",\"name\":\"CashtoCode Infoportal | Bar Bezahlen Im Internet leicht gemacht\u27a1\ufe0f\",\"description\":\"\",\"publisher\":{\"@id\":\"https:\/\/info.cashtocode.com\/de\/#organization\"},\"potentialAction\":[{\"@type\":\"SearchAction\",\"target\":{\"@type\":\"EntryPoint\",\"urlTemplate\":\"https:\/\/info.cashtocode.com\/de\/?s={search_term_string}\"},\"query-input\":{\"@type\":\"PropertyValueSpecification\",\"valueRequired\":true,\"valueName\":\"search_term_string\"}}],\"inLanguage\":\"de\"},{\"@type\":\"Organization\",\"@id\":\"https:\/\/info.cashtocode.com\/de\/#organization\",\"name\":\"CashtoCode Infoportal | Bar Bezahlen Im Internet leicht gemacht\u27a1\ufe0f\",\"url\":\"https:\/\/info.cashtocode.com\/de\/\",\"logo\":{\"@type\":\"ImageObject\",\"inLanguage\":\"de\",\"@id\":\"https:\/\/info.cashtocode.com\/de\/#\/schema\/logo\/image\/\",\"url\":\"https:\/\/info.cashtocode.com\/wp-content\/uploads\/2023\/12\/cashtocode-infoportal-logo.webp\",\"contentUrl\":\"https:\/\/info.cashtocode.com\/wp-content\/uploads\/2023\/12\/cashtocode-infoportal-logo.webp\",\"width\":833,\"height\":248,\"caption\":\"CashtoCode Infoportal | Bar Bezahlen Im Internet leicht gemacht\u27a1\ufe0f\"},\"image\":{\"@id\":\"https:\/\/info.cashtocode.com\/de\/#\/schema\/logo\/image\/\"}},{\"@type\":\"Question\",\"@id\":\"https:\/\/info.cashtocode.com\/de\/bezahlen\/diskret-bezahlen-im-internet\/#faq-question-1708503038880\",\"position\":1,\"url\":\"https:\/\/info.cashtocode.com\/de\/bezahlen\/diskret-bezahlen-im-internet\/#faq-question-1708503038880\",\"name\":\"Warum sollte ich CashtoCode f\u00fcr diskretes Bezahlen nutzen?\",\"answerCount\":1,\"acceptedAnswer\":{\"@type\":\"Answer\",\"text\":\"CashtoCode ist ideal, wenn du nicht m\u00f6chtest, dass deine Transaktionen in Kreditkarten- oder Bankabrechnungen erscheinen. Es eignet sich besonders, wenn du dein Bankkonto mit jemandem teilst oder deine Ausgaben privat halten m\u00f6chtest. Zudem hat CashtoCode keinen Einfluss auf Kredit-Scores.\",\"inLanguage\":\"de\"},\"inLanguage\":\"de\"},{\"@type\":\"Question\",\"@id\":\"https:\/\/info.cashtocode.com\/de\/bezahlen\/diskret-bezahlen-im-internet\/#faq-question-1708503073234\",\"position\":2,\"url\":\"https:\/\/info.cashtocode.com\/de\/bezahlen\/diskret-bezahlen-im-internet\/#faq-question-1708503073234\",\"name\":\"Sind meine Daten bei der Nutzung von CashtoCode sicher?\",\"answerCount\":1,\"acceptedAnswer\":{\"@type\":\"Answer\",\"text\":\"Ja, da keine Registrierung oder Kontoerstellung n\u00f6tig ist, gibt es kein Risiko eines Datenlecks durch Benutzername oder Passwort. Der f\u00fcr jede Transaktion erstellte Barcode ist nur f\u00fcr den spezifischen Zahlungszweck g\u00fcltig und bietet somit eine sichere und private Zahlungsm\u00f6glichkeit.\",\"inLanguage\":\"de\"},\"inLanguage\":\"de\"},{\"@type\":\"Question\",\"@id\":\"https:\/\/info.cashtocode.com\/de\/bezahlen\/diskret-bezahlen-im-internet\/#faq-question-1708503088276\",\"position\":3,\"url\":\"https:\/\/info.cashtocode.com\/de\/bezahlen\/diskret-bezahlen-im-internet\/#faq-question-1708503088276\",\"name\":\"Wo kann ich mit CashtoCode bezahlen?\",\"answerCount\":1,\"acceptedAnswer\":{\"@type\":\"Answer\",\"text\":\"Du kannst CashtoCode bei Tausenden Partnerseiten nutzen, die st\u00e4ndig wachsen. Unsere Partner reichen von Online Casinos \u00fcber Sportwettenanbieter hin zu VPN- und Filesharing-Diensten, Kryptoplattformen und Dating-Seiten.\",\"inLanguage\":\"de\"},\"inLanguage\":\"de\"}]}<\/script>\n<!-- \/ Yoast SEO Premium plugin. -->","yoast_head_json":{"title":"Diskret bezahlen im Internet | Das musst du beachten","description":"In diesem Artikel gehen wir auf verschiedene Zahlungsmethoden im Internet ein und erkl\u00e4ren, warum nur wenige von ihnen diskret sind.","robots":{"index":"index","follow":"follow","max-snippet":"max-snippet:-1","max-image-preview":"max-image-preview:large","max-video-preview":"max-video-preview:-1"},"canonical":"https:\/\/info.cashtocode.com\/de\/bezahlen\/diskret-bezahlen-im-internet\/","twitter_card":"summary_large_image","twitter_title":"Diskret bezahlen im Internet | Das musst du beachten","twitter_description":"In diesem Artikel gehen wir auf verschiedene Zahlungsmethoden im Internet ein und erkl\u00e4ren, warum nur wenige von ihnen diskret sind.","twitter_image":"https:\/\/info.cashtocode.com\/wp-content\/uploads\/2023\/12\/Diskret-bezahlen-im-Internet.jpg","twitter_misc":{"Gesch\u00e4tzte Lesezeit":"5\u00a0Minuten"},"schema":{"@context":"https:\/\/schema.org","@graph":[{"@type":["WebPage","FAQPage"],"@id":"https:\/\/info.cashtocode.com\/de\/bezahlen\/diskret-bezahlen-im-internet\/","url":"https:\/\/info.cashtocode.com\/de\/bezahlen\/diskret-bezahlen-im-internet\/","name":"Diskret bezahlen im Internet | Das musst du beachten","isPartOf":{"@id":"https:\/\/info.cashtocode.com\/de\/#website"},"primaryImageOfPage":{"@id":"https:\/\/info.cashtocode.com\/de\/bezahlen\/diskret-bezahlen-im-internet\/#primaryimage"},"image":{"@id":"https:\/\/info.cashtocode.com\/de\/bezahlen\/diskret-bezahlen-im-internet\/#primaryimage"},"thumbnailUrl":"https:\/\/info.cashtocode.com\/wp-content\/uploads\/2023\/12\/Diskret-bezahlen-im-Internet.jpg","datePublished":"2021-04-13T11:07:20+00:00","dateModified":"2024-07-11T12:58:43+00:00","description":"In diesem Artikel gehen wir auf verschiedene Zahlungsmethoden im Internet ein und erkl\u00e4ren, warum nur wenige von ihnen diskret sind.","breadcrumb":{"@id":"https:\/\/info.cashtocode.com\/de\/bezahlen\/diskret-bezahlen-im-internet\/#breadcrumb"},"mainEntity":[{"@id":"https:\/\/info.cashtocode.com\/de\/bezahlen\/diskret-bezahlen-im-internet\/#faq-question-1708503038880"},{"@id":"https:\/\/info.cashtocode.com\/de\/bezahlen\/diskret-bezahlen-im-internet\/#faq-question-1708503073234"},{"@id":"https:\/\/info.cashtocode.com\/de\/bezahlen\/diskret-bezahlen-im-internet\/#faq-question-1708503088276"}],"inLanguage":"de","potentialAction":[{"@type":"ReadAction","target":["https:\/\/info.cashtocode.com\/de\/bezahlen\/diskret-bezahlen-im-internet\/"]}]},{"@type":"ImageObject","inLanguage":"de","@id":"https:\/\/info.cashtocode.com\/de\/bezahlen\/diskret-bezahlen-im-internet\/#primaryimage","url":"https:\/\/info.cashtocode.com\/wp-content\/uploads\/2023\/12\/Diskret-bezahlen-im-Internet.jpg","contentUrl":"https:\/\/info.cashtocode.com\/wp-content\/uploads\/2023\/12\/Diskret-bezahlen-im-Internet.jpg","width":1200,"height":628,"caption":"Diskret bezahlen im Internet"},{"@type":"BreadcrumbList","@id":"https:\/\/info.cashtocode.com\/de\/bezahlen\/diskret-bezahlen-im-internet\/#breadcrumb","itemListElement":[{"@type":"ListItem","position":1,"name":"Bezahlmethoden Vergleich \u2013 wer hat die Nase vorn?","item":"https:\/\/info.cashtocode.com\/de\/bezahlen\/"},{"@type":"ListItem","position":2,"name":"Diskret bezahlen im Internet"}]},{"@type":"WebSite","@id":"https:\/\/info.cashtocode.com\/de\/#website","url":"https:\/\/info.cashtocode.com\/de\/","name":"CashtoCode Infoportal | Bar Bezahlen Im Internet leicht gemacht\u27a1\ufe0f","description":"","publisher":{"@id":"https:\/\/info.cashtocode.com\/de\/#organization"},"potentialAction":[{"@type":"SearchAction","target":{"@type":"EntryPoint","urlTemplate":"https:\/\/info.cashtocode.com\/de\/?s={search_term_string}"},"query-input":{"@type":"PropertyValueSpecification","valueRequired":true,"valueName":"search_term_string"}}],"inLanguage":"de"},{"@type":"Organization","@id":"https:\/\/info.cashtocode.com\/de\/#organization","name":"CashtoCode Infoportal | Bar Bezahlen Im Internet leicht gemacht\u27a1\ufe0f","url":"https:\/\/info.cashtocode.com\/de\/","logo":{"@type":"ImageObject","inLanguage":"de","@id":"https:\/\/info.cashtocode.com\/de\/#\/schema\/logo\/image\/","url":"https:\/\/info.cashtocode.com\/wp-content\/uploads\/2023\/12\/cashtocode-infoportal-logo.webp","contentUrl":"https:\/\/info.cashtocode.com\/wp-content\/uploads\/2023\/12\/cashtocode-infoportal-logo.webp","width":833,"height":248,"caption":"CashtoCode Infoportal | Bar Bezahlen Im Internet leicht gemacht\u27a1\ufe0f"},"image":{"@id":"https:\/\/info.cashtocode.com\/de\/#\/schema\/logo\/image\/"}},{"@type":"Question","@id":"https:\/\/info.cashtocode.com\/de\/bezahlen\/diskret-bezahlen-im-internet\/#faq-question-1708503038880","position":1,"url":"https:\/\/info.cashtocode.com\/de\/bezahlen\/diskret-bezahlen-im-internet\/#faq-question-1708503038880","name":"Warum sollte ich CashtoCode f\u00fcr diskretes Bezahlen nutzen?","answerCount":1,"acceptedAnswer":{"@type":"Answer","text":"CashtoCode ist ideal, wenn du nicht m\u00f6chtest, dass deine Transaktionen in Kreditkarten- oder Bankabrechnungen erscheinen. Es eignet sich besonders, wenn du dein Bankkonto mit jemandem teilst oder deine Ausgaben privat halten m\u00f6chtest. Zudem hat CashtoCode keinen Einfluss auf Kredit-Scores.","inLanguage":"de"},"inLanguage":"de"},{"@type":"Question","@id":"https:\/\/info.cashtocode.com\/de\/bezahlen\/diskret-bezahlen-im-internet\/#faq-question-1708503073234","position":2,"url":"https:\/\/info.cashtocode.com\/de\/bezahlen\/diskret-bezahlen-im-internet\/#faq-question-1708503073234","name":"Sind meine Daten bei der Nutzung von CashtoCode sicher?","answerCount":1,"acceptedAnswer":{"@type":"Answer","text":"Ja, da keine Registrierung oder Kontoerstellung n\u00f6tig ist, gibt es kein Risiko eines Datenlecks durch Benutzername oder Passwort. Der f\u00fcr jede Transaktion erstellte Barcode ist nur f\u00fcr den spezifischen Zahlungszweck g\u00fcltig und bietet somit eine sichere und private Zahlungsm\u00f6glichkeit.","inLanguage":"de"},"inLanguage":"de"},{"@type":"Question","@id":"https:\/\/info.cashtocode.com\/de\/bezahlen\/diskret-bezahlen-im-internet\/#faq-question-1708503088276","position":3,"url":"https:\/\/info.cashtocode.com\/de\/bezahlen\/diskret-bezahlen-im-internet\/#faq-question-1708503088276","name":"Wo kann ich mit CashtoCode bezahlen?","answerCount":1,"acceptedAnswer":{"@type":"Answer","text":"Du kannst CashtoCode bei Tausenden Partnerseiten nutzen, die st\u00e4ndig wachsen. Unsere Partner reichen von Online Casinos \u00fcber Sportwettenanbieter hin zu VPN- und Filesharing-Diensten, Kryptoplattformen und Dating-Seiten.","inLanguage":"de"},"inLanguage":"de"}]}},"_links":{"self":[{"href":"https:\/\/info.cashtocode.com\/de\/wp-json\/wp\/v2\/pages\/5456","targetHints":{"allow":["GET"]}}],"collection":[{"href":"https:\/\/info.cashtocode.com\/de\/wp-json\/wp\/v2\/pages"}],"about":[{"href":"https:\/\/info.cashtocode.com\/de\/wp-json\/wp\/v2\/types\/page"}],"author":[{"embeddable":true,"href":"https:\/\/info.cashtocode.com\/de\/wp-json\/wp\/v2\/users\/18"}],"replies":[{"embeddable":true,"href":"https:\/\/info.cashtocode.com\/de\/wp-json\/wp\/v2\/comments?post=5456"}],"version-history":[{"count":0,"href":"https:\/\/info.cashtocode.com\/de\/wp-json\/wp\/v2\/pages\/5456\/revisions"}],"up":[{"embeddable":true,"href":"https:\/\/info.cashtocode.com\/de\/wp-json\/wp\/v2\/pages\/615426"}],"wp:featuredmedia":[{"embeddable":true,"href":"https:\/\/info.cashtocode.com\/de\/wp-json\/wp\/v2\/media\/634226"}],"wp:attachment":[{"href":"https:\/\/info.cashtocode.com\/de\/wp-json\/wp\/v2\/media?parent=5456"}],"wp:term":[{"taxonomy":"category","embeddable":true,"href":"https:\/\/info.cashtocode.com\/de\/wp-json\/wp\/v2\/categories?post=5456"},{"taxonomy":"post_tag","embeddable":true,"href":"https:\/\/info.cashtocode.com\/de\/wp-json\/wp\/v2\/tags?post=5456"}],"curies":[{"name":"wp","href":"https:\/\/api.w.org\/{rel}","templated":true}]}}