{"id":5966,"date":"2021-08-03T13:49:56","date_gmt":"2021-08-03T13:49:56","guid":{"rendered":"https:\/\/info.cashtocode.com\/?page_id=5966"},"modified":"2026-01-15T15:56:14","modified_gmt":"2026-01-15T15:56:14","slug":"cashtocode-mit-paysafecard-kaufen","status":"publish","type":"page","link":"https:\/\/info.cashtocode.com\/de\/bezahlen\/cashtocode-mit-paysafecard-kaufen\/","title":{"rendered":"CashtoCode mit Paysafecard kaufen"},"content":{"rendered":"\n<p>In diesem Artikel widmen wir uns einer h\u00e4ufig gestellten Frage im Bereich der Online Zahlungsmethoden: Ist es m\u00f6glich, <strong>CashtoCode mit Paysafecard zu kaufen<\/strong>? Viele Nutzer, die auf der Suche nach sicheren und diskreten Zahlungsoptionen im Internet sind, stehen oft vor der Entscheidung zwischen verschiedenen Methoden. Wir kl\u00e4ren dich hier umfassend \u00fcber die <strong>M\u00f6glichkeiten und Grenzen beim <a href=\"https:\/\/info.cashtocode.com\/de\/hilfe\/allgemein\/wo-kaufen\/\">Kauf von CashtoCode<\/a>, <\/strong>insbesondere in Bezug auf die Verwendung von Paysafecard, auf.<\/p>\n\n\n\n<h2 class=\"wp-block-heading\" id=\"kann-man-cashtocode-mit-paysafecard-kaufen\">Kann man CashtoCode mit Paysafecard kaufen? <\/h2>\n\n\n\n<p>Nein, <a href=\"https:\/\/info.cashtocode.com\/de\/\">CashtoCode<\/a> kann nicht mit Paysafecard erworben werden. CashtoCode und Paysafecard sind eigenst\u00e4ndige Zahlungsmethoden und <strong>funktionieren unabh\u00e4ngig voneinander.<\/strong> CashtoCode wird direkt in den teilnehmenden Verkaufsstellen erworben, wobei die Zahlung vor Ort in bar oder mit Debitkarte erfolgt.<\/p>\n\n\n\n<p>Bei jeder  Transaktion generierst du einen speziellen, nur f\u00fcr diesen Zweck g\u00fcltigen CashtoCode Barcode. Dieser Barcode hat keinen eigenen monet\u00e4ren Wert und wird nicht gekauft. Du pr\u00e4sentierst ihn einfach in einer der Annahmestellen und leistest deine Zahlung dort direkt in bar oder mit deiner Debitkarte.<\/p>\n\n\n\n<h2 class=\"wp-block-heading\" id=\"h-mit-cash-to-code-eine-paysafecard-kaufen\">Mit Cash to Code eine Paysafecard kaufen?<\/h2>\n\n\n\n<p>Mit einer Paysafecard kann man kein Cash to Code Guthaben kaufen, da es dieses nicht gut. Aber geht das anders herum? Also kann man mit Cash to Code eine Paysafecard kaufen? Hier lautet die Antwort: Grunds\u00e4tzlich ist dies m\u00f6glich.<\/p>\n\n\n\n<p>Wenn du in einem Online Shop mit Cash to Code bezahlen kannst und dort eine Paysafecard zum Kauf angeboten wird, dann kannst du diese auch mit Cash to Code kaufen.<\/p>\n\n\n\n<h3 class=\"wp-block-heading\" id=\"cashtocode-guthaben-kaufen-moglich\">CashtoCode Guthaben kaufen m\u00f6glich?<\/h3>\n\n\n\n<p>CashtoCode funktioniert nicht auf Basis eines erworbenen Guthabens, was die Methode sehr sicher macht. Sollte ein CashtoCode Barcode verloren gehen oder gestohlen werden, besteht kein Risiko des Missbrauchs. Die Bezahlung mit CashtoCode erfolgt immer direkt und pers\u00f6nlich in einer der \u00fcber <a href=\"https:\/\/info.cashtocode.com\/de\/hilfe\/verkaufsstellen\/\">550.000 CashtoCode Verkaufsstellen.<\/a> Dies garantiert eine diskrete und zu 100% sichere Zahlungsabwicklung. Pro Transaktion kannst du bis zu 500\u20ac bezahlen und diese Transaktionen nach Bedarf beliebig oft durchf\u00fchren. Das Eingeben von Zahlencodes entf\u00e4llt, was die Anwendung von CashtoCode besonders schnell und unkompliziert macht.<\/p>\n\n\n\n<h3 class=\"wp-block-heading\" id=\"alle-cashtocode-partner-im-uberblick\">Alle CashtoCode Partner im \u00dcberblick<\/h3>\n\n\n\n<p>CashtoCode erm\u00f6glicht dir eine schnelle, sichere und diskrete Zahlungsweise. Mit einer breiten Palette von Partnern, die CashtoCode als Zahlungsoption anbieten, hast du Zugang zu einer Vielzahl attraktiver Angebote. Wir nehmen jeden Partner sorgf\u00e4ltig unter die Lupe, um dir ausschlie\u00dflich erstklassige Optionen zu bieten. F\u00fcr viele unserer Partner erstellen wir <strong>unabh\u00e4ngige Erfahrungsberichte, <\/strong>um dir eine detaillierte Einsicht in ihre Dienste zu geben. <\/p>\n\n\n\n<p>Zus\u00e4tzlich profitierst du bei einigen Anbietern von <a href=\"https:\/\/info.cashtocode.com\/de\/casinos\/exklusiver-bonus\/\">exklusiven CashtoCode Bonusangeboten<\/a>, wie einem speziellen Casino-Bonus in CashtoCode Casinos, attraktiven Boni bei Sportwetten-Anbietern oder verg\u00fcnstigten Abonnements bei VPN- und Filesharing-Services.<\/p>\n\n\n\n<h2 class=\"wp-block-heading\" id=\"cashtocode-mit-paysafecard-kaufen-darum-geht-es-nicht\">CashtoCode mit Paysafecard kaufen \u2013 Darum geht es nicht<\/h2>\n\n\n\n<p>CashtoCode steht f\u00fcr eine<strong> unabh\u00e4ngige Zahlungsmethode, <\/strong>die nicht mit anderen Zahlungsarten kombinierbar ist. Um die Diskretion deiner Zahlungen mit CashtoCode zu garantieren, ist es nicht m\u00f6glich, CashtoCode mittels Paysafecard oder einer anderen Methode zu erwerben. Bei jeder Transaktion mit CashtoCode erstellst du einen speziellen Barcode, der ausschlie\u00dflich f\u00fcr diesen spezifischen Zahlungszweck verwendet wird. Auf diese Weise wird sichergestellt, dass deine Zahlung genau dort ankommt, wo du es beabsichtigst.<\/p>\n\n\n\n<p>Die M\u00f6glichkeit, <strong>CashtoCode \u00fcber Paysafecard zu kaufen<\/strong>, w\u00fcrde die Diskretion der Zahlung beeintr\u00e4chtigen, da bei Paysafecard sichtbar w\u00e4re, dass du CashtoCode erworben hast. F\u00fcr eine schnelle, sichere und diskrete Zahlungsweise ist CashtoCode daher die ideale Wahl. Mit tausenden Partnerseiten, \u00fcber 550.000 Verkaufsstellen und attraktiven Angeboten und Rabatten bietet CashtoCode eine umfangreiche und vertrauensw\u00fcrdige Plattform f\u00fcr deine Online-Zahlungen.<\/p>\n\n\n\n<div class=\"wp-block-buttons is-content-justification-center is-layout-flex wp-container-core-buttons-is-layout-16018d1d wp-block-buttons-is-layout-flex\">\n<div class=\"wp-block-button\"><a class=\"wp-block-button__link wp-element-button\" href=\"https:\/\/info.cashtocode.com\/de-de\/\" target=\"_blank\" rel=\"noreferrer noopener\">Jetzt diskret bezahlen<\/a><\/div>\n<\/div>\n\n\n\n<h2 class=\"wp-block-heading\" id=\"faq\">FAQ<\/h2>\n\n\n\n<div class=\"schema-faq wp-block-yoast-faq-block\"><div class=\"schema-faq-section\" id=\"faq-question-1708445974373\"><strong class=\"schema-faq-question\">Kann ich CashtoCode mit Paysafecard kaufen?<\/strong> <p class=\"schema-faq-answer\">Nein, CashtoCode kann nicht mit Paysafecard oder anderen Zahlungsmethoden erworben werden. CashtoCode ist eine eigenst\u00e4ndige Zahlungsmethode, die auf Diskretion ausgelegt ist. Ein Kauf \u00fcber Paysafecard w\u00fcrde diese Diskretion beeintr\u00e4chtigen.<\/p> <\/div> <div class=\"schema-faq-section\" id=\"faq-question-1708445984893\"><strong class=\"schema-faq-question\">Was macht CashtoCode zu einer diskreten Zahlungsmethode?<\/strong> <p class=\"schema-faq-answer\">CashtoCode erm\u00f6glicht es dir, Zahlungen ohne die Angabe pers\u00f6nlicher Bankdaten oder Kreditkarteninformationen durchzuf\u00fchren. Jede Transaktion erfolgt \u00fcber einen einzigartigen Barcode, der speziell f\u00fcr diesen Zweck erstellt wird und keine pers\u00f6nlichen Informationen preisgibt.<\/p> <\/div> <div class=\"schema-faq-section\" id=\"faq-question-1708445999722\"><strong class=\"schema-faq-question\">Kann ich CashtoCode als Guthaben kaufen?<\/strong> <p class=\"schema-faq-answer\">Nein, CashtoCode funktioniert nicht als Guthaben, das man kaufen kann. Stattdessen erstellst du direkt beim CashtoCode Partner einen einzigartigen Barcode, der f\u00fcr einen spezifischen Zahlungszweck verwendet wird. Du zeigst diesen Barcode in einer der CashtoCode Filialen vor und bezahlst den entsprechenden Betrag direkt vor Ort in bar oder mit Debitkarte. CashtoCode dient also als Mittel f\u00fcr direkte Zahlungen, ohne dass ein vorheriges Guthaben erworben werden muss.<\/p> <\/div> <\/div>\n","protected":false},"excerpt":{"rendered":"<p>In diesem Artikel widmen wir uns einer h\u00e4ufig gestellten Frage im Bereich der Online Zahlungsmethoden: Ist es m\u00f6glich, CashtoCode mit Paysafecard zu kaufen? Viele Nutzer, die auf der Suche nach sicheren und diskreten Zahlungsoptionen im Internet sind, stehen oft vor der Entscheidung zwischen verschiedenen Methoden. Wir kl\u00e4ren dich hier umfassend \u00fcber die M\u00f6glichkeiten und Grenzen [&hellip;]<\/p>\n","protected":false},"author":18,"featured_media":634220,"parent":615426,"menu_order":0,"comment_status":"closed","ping_status":"closed","template":"","meta":{"_acf_changed":false,"_gspb_post_css":".gspb_button-id-gsbp-e63f2ef4-62aa{display:flex;justify-content:flex-start}.gspb_button-id-gsbp-e63f2ef4-62aa .gspb-buttonbox-text{display:flex;flex-direction:column}.gspb_button-id-gsbp-e63f2ef4-62aa>.gspb-buttonbox{display:inline-block;padding:13px 26px;background-color:#00d084;text-decoration:none!important;color:#fff;font-size:16px;line-height:16px;position:relative;z-index:0;cursor:pointer;box-sizing:border-box;margin-bottom:0}","footnotes":""},"categories":[],"tags":[1502],"class_list":["post-5966","page","type-page","status-publish","has-post-thumbnail","hentry","tag-paysafecard"],"acf":[],"yoast_head":"<!-- This site is optimized with the Yoast SEO Premium plugin v26.3 (Yoast SEO v26.3) - https:\/\/yoast.com\/wordpress\/plugins\/seo\/ -->\n<title>CashtoCode mit Paysafecard bezahlen? | Diskret bezahlen in 2026<\/title>\n<meta name=\"description\" content=\"Erfahre, warum es nicht m\u00f6glich ist, CashtoCode mit Paysafecard zu bezahlen und wie die diskrete Bezahlmethode CashtoCode funktioniert.\" \/>\n<meta name=\"robots\" content=\"index, follow, max-snippet:-1, max-image-preview:large, max-video-preview:-1\" \/>\n<link rel=\"canonical\" href=\"https:\/\/info.cashtocode.com\/de\/bezahlen\/cashtocode-mit-paysafecard-kaufen\/\" \/>\n<meta name=\"twitter:card\" content=\"summary_large_image\" \/>\n<meta name=\"twitter:title\" content=\"CashtoCode mit Paysafecard bezahlen? | Diskret bezahlen in 2026\" \/>\n<meta name=\"twitter:description\" content=\"Erfahre, warum es nicht m\u00f6glich ist, CashtoCode mit Paysafecard zu bezahlen und wie die diskrete Bezahlmethode CashtoCode funktioniert.\" \/>\n<meta name=\"twitter:image\" content=\"https:\/\/info.cashtocode.com\/wp-content\/uploads\/2023\/12\/CashtoCode-Paysafecard-kaufen.jpg\" \/>\n<meta name=\"twitter:label1\" content=\"Gesch\u00e4tzte Lesezeit\" \/>\n\t<meta name=\"twitter:data1\" content=\"4\u00a0Minuten\" \/>\n<script type=\"application\/ld+json\" class=\"yoast-schema-graph\">{\"@context\":\"https:\/\/schema.org\",\"@graph\":[{\"@type\":[\"WebPage\",\"FAQPage\"],\"@id\":\"https:\/\/info.cashtocode.com\/de\/bezahlen\/cashtocode-mit-paysafecard-kaufen\/\",\"url\":\"https:\/\/info.cashtocode.com\/de\/bezahlen\/cashtocode-mit-paysafecard-kaufen\/\",\"name\":\"CashtoCode mit Paysafecard bezahlen? | Diskret bezahlen in 2026\",\"isPartOf\":{\"@id\":\"https:\/\/info.cashtocode.com\/de\/#website\"},\"primaryImageOfPage\":{\"@id\":\"https:\/\/info.cashtocode.com\/de\/bezahlen\/cashtocode-mit-paysafecard-kaufen\/#primaryimage\"},\"image\":{\"@id\":\"https:\/\/info.cashtocode.com\/de\/bezahlen\/cashtocode-mit-paysafecard-kaufen\/#primaryimage\"},\"thumbnailUrl\":\"https:\/\/info.cashtocode.com\/wp-content\/uploads\/2023\/12\/CashtoCode-Paysafecard-kaufen.jpg\",\"datePublished\":\"2021-08-03T13:49:56+00:00\",\"dateModified\":\"2026-01-15T15:56:14+00:00\",\"description\":\"Erfahre, warum es nicht m\u00f6glich ist, CashtoCode mit Paysafecard zu bezahlen und wie die diskrete Bezahlmethode CashtoCode funktioniert.\",\"breadcrumb\":{\"@id\":\"https:\/\/info.cashtocode.com\/de\/bezahlen\/cashtocode-mit-paysafecard-kaufen\/#breadcrumb\"},\"mainEntity\":[{\"@id\":\"https:\/\/info.cashtocode.com\/de\/bezahlen\/cashtocode-mit-paysafecard-kaufen\/#faq-question-1708445974373\"},{\"@id\":\"https:\/\/info.cashtocode.com\/de\/bezahlen\/cashtocode-mit-paysafecard-kaufen\/#faq-question-1708445984893\"},{\"@id\":\"https:\/\/info.cashtocode.com\/de\/bezahlen\/cashtocode-mit-paysafecard-kaufen\/#faq-question-1708445999722\"}],\"inLanguage\":\"de\",\"potentialAction\":[{\"@type\":\"ReadAction\",\"target\":[\"https:\/\/info.cashtocode.com\/de\/bezahlen\/cashtocode-mit-paysafecard-kaufen\/\"]}]},{\"@type\":\"ImageObject\",\"inLanguage\":\"de\",\"@id\":\"https:\/\/info.cashtocode.com\/de\/bezahlen\/cashtocode-mit-paysafecard-kaufen\/#primaryimage\",\"url\":\"https:\/\/info.cashtocode.com\/wp-content\/uploads\/2023\/12\/CashtoCode-Paysafecard-kaufen.jpg\",\"contentUrl\":\"https:\/\/info.cashtocode.com\/wp-content\/uploads\/2023\/12\/CashtoCode-Paysafecard-kaufen.jpg\",\"width\":1200,\"height\":628,\"caption\":\"CashtoCode mit Paysafecard kaufen\"},{\"@type\":\"BreadcrumbList\",\"@id\":\"https:\/\/info.cashtocode.com\/de\/bezahlen\/cashtocode-mit-paysafecard-kaufen\/#breadcrumb\",\"itemListElement\":[{\"@type\":\"ListItem\",\"position\":1,\"name\":\"Bezahlmethoden Vergleich \u2013 wer hat die Nase vorn?\",\"item\":\"https:\/\/info.cashtocode.com\/de\/bezahlen\/\"},{\"@type\":\"ListItem\",\"position\":2,\"name\":\"CashtoCode mit Paysafecard kaufen\"}]},{\"@type\":\"WebSite\",\"@id\":\"https:\/\/info.cashtocode.com\/de\/#website\",\"url\":\"https:\/\/info.cashtocode.com\/de\/\",\"name\":\"CashtoCode Infoportal | Bar Bezahlen Im Internet leicht gemacht\u27a1\ufe0f\",\"description\":\"\",\"publisher\":{\"@id\":\"https:\/\/info.cashtocode.com\/de\/#organization\"},\"potentialAction\":[{\"@type\":\"SearchAction\",\"target\":{\"@type\":\"EntryPoint\",\"urlTemplate\":\"https:\/\/info.cashtocode.com\/de\/?s={search_term_string}\"},\"query-input\":{\"@type\":\"PropertyValueSpecification\",\"valueRequired\":true,\"valueName\":\"search_term_string\"}}],\"inLanguage\":\"de\"},{\"@type\":\"Organization\",\"@id\":\"https:\/\/info.cashtocode.com\/de\/#organization\",\"name\":\"CashtoCode Infoportal | Bar Bezahlen Im Internet leicht gemacht\u27a1\ufe0f\",\"url\":\"https:\/\/info.cashtocode.com\/de\/\",\"logo\":{\"@type\":\"ImageObject\",\"inLanguage\":\"de\",\"@id\":\"https:\/\/info.cashtocode.com\/de\/#\/schema\/logo\/image\/\",\"url\":\"https:\/\/info.cashtocode.com\/wp-content\/uploads\/2023\/12\/cashtocode-infoportal-logo.webp\",\"contentUrl\":\"https:\/\/info.cashtocode.com\/wp-content\/uploads\/2023\/12\/cashtocode-infoportal-logo.webp\",\"width\":833,\"height\":248,\"caption\":\"CashtoCode Infoportal | Bar Bezahlen Im Internet leicht gemacht\u27a1\ufe0f\"},\"image\":{\"@id\":\"https:\/\/info.cashtocode.com\/de\/#\/schema\/logo\/image\/\"}},{\"@type\":\"Question\",\"@id\":\"https:\/\/info.cashtocode.com\/de\/bezahlen\/cashtocode-mit-paysafecard-kaufen\/#faq-question-1708445974373\",\"position\":1,\"url\":\"https:\/\/info.cashtocode.com\/de\/bezahlen\/cashtocode-mit-paysafecard-kaufen\/#faq-question-1708445974373\",\"name\":\"Kann ich CashtoCode mit Paysafecard kaufen?\",\"answerCount\":1,\"acceptedAnswer\":{\"@type\":\"Answer\",\"text\":\"Nein, CashtoCode kann nicht mit Paysafecard oder anderen Zahlungsmethoden erworben werden. CashtoCode ist eine eigenst\u00e4ndige Zahlungsmethode, die auf Diskretion ausgelegt ist. Ein Kauf \u00fcber Paysafecard w\u00fcrde diese Diskretion beeintr\u00e4chtigen.\",\"inLanguage\":\"de\"},\"inLanguage\":\"de\"},{\"@type\":\"Question\",\"@id\":\"https:\/\/info.cashtocode.com\/de\/bezahlen\/cashtocode-mit-paysafecard-kaufen\/#faq-question-1708445984893\",\"position\":2,\"url\":\"https:\/\/info.cashtocode.com\/de\/bezahlen\/cashtocode-mit-paysafecard-kaufen\/#faq-question-1708445984893\",\"name\":\"Was macht CashtoCode zu einer diskreten Zahlungsmethode?\",\"answerCount\":1,\"acceptedAnswer\":{\"@type\":\"Answer\",\"text\":\"CashtoCode erm\u00f6glicht es dir, Zahlungen ohne die Angabe pers\u00f6nlicher Bankdaten oder Kreditkarteninformationen durchzuf\u00fchren. Jede Transaktion erfolgt \u00fcber einen einzigartigen Barcode, der speziell f\u00fcr diesen Zweck erstellt wird und keine pers\u00f6nlichen Informationen preisgibt.\",\"inLanguage\":\"de\"},\"inLanguage\":\"de\"},{\"@type\":\"Question\",\"@id\":\"https:\/\/info.cashtocode.com\/de\/bezahlen\/cashtocode-mit-paysafecard-kaufen\/#faq-question-1708445999722\",\"position\":3,\"url\":\"https:\/\/info.cashtocode.com\/de\/bezahlen\/cashtocode-mit-paysafecard-kaufen\/#faq-question-1708445999722\",\"name\":\"Kann ich CashtoCode als Guthaben kaufen?\",\"answerCount\":1,\"acceptedAnswer\":{\"@type\":\"Answer\",\"text\":\"Nein, CashtoCode funktioniert nicht als Guthaben, das man kaufen kann. Stattdessen erstellst du direkt beim CashtoCode Partner einen einzigartigen Barcode, der f\u00fcr einen spezifischen Zahlungszweck verwendet wird. Du zeigst diesen Barcode in einer der CashtoCode Filialen vor und bezahlst den entsprechenden Betrag direkt vor Ort in bar oder mit Debitkarte. CashtoCode dient also als Mittel f\u00fcr direkte Zahlungen, ohne dass ein vorheriges Guthaben erworben werden muss.\",\"inLanguage\":\"de\"},\"inLanguage\":\"de\"}]}<\/script>\n<!-- \/ Yoast SEO Premium plugin. -->","yoast_head_json":{"title":"CashtoCode mit Paysafecard bezahlen? | Diskret bezahlen in 2026","description":"Erfahre, warum es nicht m\u00f6glich ist, CashtoCode mit Paysafecard zu bezahlen und wie die diskrete Bezahlmethode CashtoCode funktioniert.","robots":{"index":"index","follow":"follow","max-snippet":"max-snippet:-1","max-image-preview":"max-image-preview:large","max-video-preview":"max-video-preview:-1"},"canonical":"https:\/\/info.cashtocode.com\/de\/bezahlen\/cashtocode-mit-paysafecard-kaufen\/","twitter_card":"summary_large_image","twitter_title":"CashtoCode mit Paysafecard bezahlen? | Diskret bezahlen in 2026","twitter_description":"Erfahre, warum es nicht m\u00f6glich ist, CashtoCode mit Paysafecard zu bezahlen und wie die diskrete Bezahlmethode CashtoCode funktioniert.","twitter_image":"https:\/\/info.cashtocode.com\/wp-content\/uploads\/2023\/12\/CashtoCode-Paysafecard-kaufen.jpg","twitter_misc":{"Gesch\u00e4tzte Lesezeit":"4\u00a0Minuten"},"schema":{"@context":"https:\/\/schema.org","@graph":[{"@type":["WebPage","FAQPage"],"@id":"https:\/\/info.cashtocode.com\/de\/bezahlen\/cashtocode-mit-paysafecard-kaufen\/","url":"https:\/\/info.cashtocode.com\/de\/bezahlen\/cashtocode-mit-paysafecard-kaufen\/","name":"CashtoCode mit Paysafecard bezahlen? | Diskret bezahlen in 2026","isPartOf":{"@id":"https:\/\/info.cashtocode.com\/de\/#website"},"primaryImageOfPage":{"@id":"https:\/\/info.cashtocode.com\/de\/bezahlen\/cashtocode-mit-paysafecard-kaufen\/#primaryimage"},"image":{"@id":"https:\/\/info.cashtocode.com\/de\/bezahlen\/cashtocode-mit-paysafecard-kaufen\/#primaryimage"},"thumbnailUrl":"https:\/\/info.cashtocode.com\/wp-content\/uploads\/2023\/12\/CashtoCode-Paysafecard-kaufen.jpg","datePublished":"2021-08-03T13:49:56+00:00","dateModified":"2026-01-15T15:56:14+00:00","description":"Erfahre, warum es nicht m\u00f6glich ist, CashtoCode mit Paysafecard zu bezahlen und wie die diskrete Bezahlmethode CashtoCode funktioniert.","breadcrumb":{"@id":"https:\/\/info.cashtocode.com\/de\/bezahlen\/cashtocode-mit-paysafecard-kaufen\/#breadcrumb"},"mainEntity":[{"@id":"https:\/\/info.cashtocode.com\/de\/bezahlen\/cashtocode-mit-paysafecard-kaufen\/#faq-question-1708445974373"},{"@id":"https:\/\/info.cashtocode.com\/de\/bezahlen\/cashtocode-mit-paysafecard-kaufen\/#faq-question-1708445984893"},{"@id":"https:\/\/info.cashtocode.com\/de\/bezahlen\/cashtocode-mit-paysafecard-kaufen\/#faq-question-1708445999722"}],"inLanguage":"de","potentialAction":[{"@type":"ReadAction","target":["https:\/\/info.cashtocode.com\/de\/bezahlen\/cashtocode-mit-paysafecard-kaufen\/"]}]},{"@type":"ImageObject","inLanguage":"de","@id":"https:\/\/info.cashtocode.com\/de\/bezahlen\/cashtocode-mit-paysafecard-kaufen\/#primaryimage","url":"https:\/\/info.cashtocode.com\/wp-content\/uploads\/2023\/12\/CashtoCode-Paysafecard-kaufen.jpg","contentUrl":"https:\/\/info.cashtocode.com\/wp-content\/uploads\/2023\/12\/CashtoCode-Paysafecard-kaufen.jpg","width":1200,"height":628,"caption":"CashtoCode mit Paysafecard kaufen"},{"@type":"BreadcrumbList","@id":"https:\/\/info.cashtocode.com\/de\/bezahlen\/cashtocode-mit-paysafecard-kaufen\/#breadcrumb","itemListElement":[{"@type":"ListItem","position":1,"name":"Bezahlmethoden Vergleich \u2013 wer hat die Nase vorn?","item":"https:\/\/info.cashtocode.com\/de\/bezahlen\/"},{"@type":"ListItem","position":2,"name":"CashtoCode mit Paysafecard kaufen"}]},{"@type":"WebSite","@id":"https:\/\/info.cashtocode.com\/de\/#website","url":"https:\/\/info.cashtocode.com\/de\/","name":"CashtoCode Infoportal | Bar Bezahlen Im Internet leicht gemacht\u27a1\ufe0f","description":"","publisher":{"@id":"https:\/\/info.cashtocode.com\/de\/#organization"},"potentialAction":[{"@type":"SearchAction","target":{"@type":"EntryPoint","urlTemplate":"https:\/\/info.cashtocode.com\/de\/?s={search_term_string}"},"query-input":{"@type":"PropertyValueSpecification","valueRequired":true,"valueName":"search_term_string"}}],"inLanguage":"de"},{"@type":"Organization","@id":"https:\/\/info.cashtocode.com\/de\/#organization","name":"CashtoCode Infoportal | Bar Bezahlen Im Internet leicht gemacht\u27a1\ufe0f","url":"https:\/\/info.cashtocode.com\/de\/","logo":{"@type":"ImageObject","inLanguage":"de","@id":"https:\/\/info.cashtocode.com\/de\/#\/schema\/logo\/image\/","url":"https:\/\/info.cashtocode.com\/wp-content\/uploads\/2023\/12\/cashtocode-infoportal-logo.webp","contentUrl":"https:\/\/info.cashtocode.com\/wp-content\/uploads\/2023\/12\/cashtocode-infoportal-logo.webp","width":833,"height":248,"caption":"CashtoCode Infoportal | Bar Bezahlen Im Internet leicht gemacht\u27a1\ufe0f"},"image":{"@id":"https:\/\/info.cashtocode.com\/de\/#\/schema\/logo\/image\/"}},{"@type":"Question","@id":"https:\/\/info.cashtocode.com\/de\/bezahlen\/cashtocode-mit-paysafecard-kaufen\/#faq-question-1708445974373","position":1,"url":"https:\/\/info.cashtocode.com\/de\/bezahlen\/cashtocode-mit-paysafecard-kaufen\/#faq-question-1708445974373","name":"Kann ich CashtoCode mit Paysafecard kaufen?","answerCount":1,"acceptedAnswer":{"@type":"Answer","text":"Nein, CashtoCode kann nicht mit Paysafecard oder anderen Zahlungsmethoden erworben werden. CashtoCode ist eine eigenst\u00e4ndige Zahlungsmethode, die auf Diskretion ausgelegt ist. Ein Kauf \u00fcber Paysafecard w\u00fcrde diese Diskretion beeintr\u00e4chtigen.","inLanguage":"de"},"inLanguage":"de"},{"@type":"Question","@id":"https:\/\/info.cashtocode.com\/de\/bezahlen\/cashtocode-mit-paysafecard-kaufen\/#faq-question-1708445984893","position":2,"url":"https:\/\/info.cashtocode.com\/de\/bezahlen\/cashtocode-mit-paysafecard-kaufen\/#faq-question-1708445984893","name":"Was macht CashtoCode zu einer diskreten Zahlungsmethode?","answerCount":1,"acceptedAnswer":{"@type":"Answer","text":"CashtoCode erm\u00f6glicht es dir, Zahlungen ohne die Angabe pers\u00f6nlicher Bankdaten oder Kreditkarteninformationen durchzuf\u00fchren. Jede Transaktion erfolgt \u00fcber einen einzigartigen Barcode, der speziell f\u00fcr diesen Zweck erstellt wird und keine pers\u00f6nlichen Informationen preisgibt.","inLanguage":"de"},"inLanguage":"de"},{"@type":"Question","@id":"https:\/\/info.cashtocode.com\/de\/bezahlen\/cashtocode-mit-paysafecard-kaufen\/#faq-question-1708445999722","position":3,"url":"https:\/\/info.cashtocode.com\/de\/bezahlen\/cashtocode-mit-paysafecard-kaufen\/#faq-question-1708445999722","name":"Kann ich CashtoCode als Guthaben kaufen?","answerCount":1,"acceptedAnswer":{"@type":"Answer","text":"Nein, CashtoCode funktioniert nicht als Guthaben, das man kaufen kann. Stattdessen erstellst du direkt beim CashtoCode Partner einen einzigartigen Barcode, der f\u00fcr einen spezifischen Zahlungszweck verwendet wird. Du zeigst diesen Barcode in einer der CashtoCode Filialen vor und bezahlst den entsprechenden Betrag direkt vor Ort in bar oder mit Debitkarte. CashtoCode dient also als Mittel f\u00fcr direkte Zahlungen, ohne dass ein vorheriges Guthaben erworben werden muss.","inLanguage":"de"},"inLanguage":"de"}]}},"_links":{"self":[{"href":"https:\/\/info.cashtocode.com\/de\/wp-json\/wp\/v2\/pages\/5966","targetHints":{"allow":["GET"]}}],"collection":[{"href":"https:\/\/info.cashtocode.com\/de\/wp-json\/wp\/v2\/pages"}],"about":[{"href":"https:\/\/info.cashtocode.com\/de\/wp-json\/wp\/v2\/types\/page"}],"author":[{"embeddable":true,"href":"https:\/\/info.cashtocode.com\/de\/wp-json\/wp\/v2\/users\/18"}],"replies":[{"embeddable":true,"href":"https:\/\/info.cashtocode.com\/de\/wp-json\/wp\/v2\/comments?post=5966"}],"version-history":[{"count":4,"href":"https:\/\/info.cashtocode.com\/de\/wp-json\/wp\/v2\/pages\/5966\/revisions"}],"predecessor-version":[{"id":706342,"href":"https:\/\/info.cashtocode.com\/de\/wp-json\/wp\/v2\/pages\/5966\/revisions\/706342"}],"up":[{"embeddable":true,"href":"https:\/\/info.cashtocode.com\/de\/wp-json\/wp\/v2\/pages\/615426"}],"wp:featuredmedia":[{"embeddable":true,"href":"https:\/\/info.cashtocode.com\/de\/wp-json\/wp\/v2\/media\/634220"}],"wp:attachment":[{"href":"https:\/\/info.cashtocode.com\/de\/wp-json\/wp\/v2\/media?parent=5966"}],"wp:term":[{"taxonomy":"category","embeddable":true,"href":"https:\/\/info.cashtocode.com\/de\/wp-json\/wp\/v2\/categories?post=5966"},{"taxonomy":"post_tag","embeddable":true,"href":"https:\/\/info.cashtocode.com\/de\/wp-json\/wp\/v2\/tags?post=5966"}],"curies":[{"name":"wp","href":"https:\/\/api.w.org\/{rel}","templated":true}]}}