{"id":615357,"date":"2023-02-27T13:46:56","date_gmt":"2023-02-27T13:46:56","guid":{"rendered":"https:\/\/info.cashtocode.com\/?page_id=615357"},"modified":"2026-02-26T09:20:20","modified_gmt":"2026-02-26T09:20:20","slug":"hilfe","status":"publish","type":"page","link":"https:\/\/info.cashtocode.com\/de\/hilfe\/","title":{"rendered":"Support &#038; Hilfe"},"content":{"rendered":"\n<p>Willkommen auf unserer Support und Hilfeseite. W\u00e4hle eine Kategorie aus, um umfassende Informationen zu den jeweiligen Themen zu erhalten und Antworten auf h\u00e4ufige Fragen zu finden. Im Anschluss findest du unsere Support- und Kontaktm\u00f6glichkeiten.<\/p>\n\n\n\n<div class=\"wp-block-greenshift-blocks-container gspb_container gspb_container-gsbp-fd3899b\" id=\"gspb_container-id-gsbp-fd3899b\">\n<div class=\"wp-block-greenshift-blocks-container gspb_container gspb_container-gsbp-d8b3a3c\" id=\"gspb_container-id-gsbp-d8b3a3c\">\n<div class=\"gspb_button_wrapper gspb_button-id-gsbp-96f4c0fe-824b\" id=\"gspb_button-id-gsbp-96f4c0fe-824b\"><a class=\"wp-block-greenshift-blocks-buttonbox gspb-buttonbox wp-element-button\" href=\"https:\/\/info.cashtocode.com\/de\/hilfe\/allgemein\/\" rel=\"noopener\"><span class=\"gspb-buttonbox-textwrap\"><span class=\"gspb-buttonbox-icon\"><img decoding=\"async\" src=\"https:\/\/info.cashtocode.com\/wp-content\/uploads\/2024\/04\/Allgemein-icon.webp\"\/><\/span><span class=\"gspb-buttonbox-text\"><span class=\"gspb-buttonbox-title\">Allgemein<\/span><\/span><\/span><\/a><\/div>\n<\/div>\n\n\n\n<div class=\"wp-block-greenshift-blocks-container gspb_container gspb_container-gsbp-ed58af6\" id=\"gspb_container-id-gsbp-ed58af6\">\n<div class=\"gspb_button_wrapper gspb_button-id-gsbp-5a1e553\" id=\"gspb_button-id-gsbp-5a1e553\"><a class=\"wp-block-greenshift-blocks-buttonbox gspb-buttonbox wp-element-button\" href=\"https:\/\/info.cashtocode.com\/de\/hilfe\/zahlungen\/\" rel=\"noopener\"><span class=\"gspb-buttonbox-textwrap\"><span class=\"gspb-buttonbox-icon\"><img decoding=\"async\" src=\"https:\/\/info.cashtocode.com\/wp-content\/uploads\/2024\/04\/payments-icon.webp\"\/><\/span><span class=\"gspb-buttonbox-text\"><span class=\"gspb-buttonbox-title\">Zahlungen<\/span><\/span><\/span><\/a><\/div>\n<\/div>\n\n\n\n<div class=\"wp-block-greenshift-blocks-container gspb_container gspb_container-gsbp-3129b28\" id=\"gspb_container-id-gsbp-3129b28\">\n<div class=\"gspb_button_wrapper gspb_button-id-gsbp-21bb56c1-b0cc\" id=\"gspb_button-id-gsbp-21bb56c1-b0cc\"><a class=\"wp-block-greenshift-blocks-buttonbox gspb-buttonbox wp-element-button\" href=\"https:\/\/info.cashtocode.com\/de\/hilfe\/sicherheit\/\" rel=\"noopener\"><span class=\"gspb-buttonbox-textwrap\"><span class=\"gspb-buttonbox-icon\"><img decoding=\"async\" src=\"https:\/\/info.cashtocode.com\/wp-content\/uploads\/2024\/04\/security-icon.webp\"\/><\/span><span class=\"gspb-buttonbox-text\"><span class=\"gspb-buttonbox-title\">Sicherheit<\/span><\/span><\/span><\/a><\/div>\n<\/div>\n\n\n\n<div class=\"wp-block-greenshift-blocks-container gspb_container gspb_container-gsbp-c66fe89\" id=\"gspb_container-id-gsbp-c66fe89\">\n<div class=\"gspb_button_wrapper gspb_button-id-gsbp-cbf9f9c\" id=\"gspb_button-id-gsbp-cbf9f9c\"><a class=\"wp-block-greenshift-blocks-buttonbox gspb-buttonbox wp-element-button\" href=\"https:\/\/info.cashtocode.com\/de\/hilfe\/verkaufsstellen\/\" rel=\"noopener\"><span class=\"gspb-buttonbox-textwrap\"><span class=\"gspb-buttonbox-icon\"><img decoding=\"async\" src=\"https:\/\/info.cashtocode.com\/wp-content\/uploads\/2024\/04\/outlets-icon.webp\"\/><\/span><span class=\"gspb-buttonbox-text\"><span class=\"gspb-buttonbox-title\">Verkaufsstellen<\/span><\/span><\/span><\/a><\/div>\n<\/div>\n<\/div>\n\n\n\n<p><\/p>\n","protected":false},"excerpt":{"rendered":"<p>Willkommen auf unserer Support und Hilfeseite. W\u00e4hle eine Kategorie aus, um umfassende Informationen zu den jeweiligen Themen zu erhalten und Antworten auf h\u00e4ufige Fragen zu finden. Im Anschluss findest du unsere Support- und Kontaktm\u00f6glichkeiten.<\/p>\n","protected":false},"author":18,"featured_media":634464,"parent":0,"menu_order":0,"comment_status":"closed","ping_status":"closed","template":"","meta":{"_acf_changed":false,"_gspb_post_css":".gspb_container-id-gsbp-3129b28,.gspb_container-id-gsbp-c66fe89,.gspb_container-id-gsbp-d8b3a3c,.gspb_container-id-gsbp-ed58af6,.gspb_container-id-gsbp-fd3899b{flex-direction:column;box-sizing:border-box}#gspb_container-id-gsbp-3129b28.gspb_container>p:last-of-type,#gspb_container-id-gsbp-c66fe89.gspb_container>p:last-of-type,#gspb_container-id-gsbp-d8b3a3c.gspb_container>p:last-of-type,#gspb_container-id-gsbp-ed58af6.gspb_container>p:last-of-type,#gspb_container-id-gsbp-fd3899b.gspb_container>p:last-of-type{margin-bottom:0}#gspb_container-id-gsbp-fd3899b.gspb_container{position:relative;display:grid;grid-template-columns:repeat(2,minmax(0,1fr));row-gap:20px}@media (max-width:991.98px){#gspb_container-id-gsbp-fd3899b.gspb_container{grid-template-columns:repeat(1,minmax(0,1fr))}}#gspb_container-id-gsbp-d8b3a3c.gspb_container,#gspb_container-id-gsbp-ed58af6.gspb_container{position:relative}#gspb_container-id-gsbp-ed58af6.gspb_container{margin-bottom:0}#gspb_container-id-gsbp-3129b28.gspb_container,#gspb_container-id-gsbp-c66fe89.gspb_container{position:relative}#gspb_button-id-gsbp-96f4c0fe-824b .gspb-buttonbox-text{display:flex;flex-direction:column}#gspb_button-id-gsbp-96f4c0fe-824b>.gspb-buttonbox{box-sizing:border-box}#gspb_button-id-gsbp-21bb56c1-b0cc>.gspb-buttonbox>.gspb-buttonbox-textwrap>.gspb-buttonbox-icon,#gspb_button-id-gsbp-5a1e553>.gspb-buttonbox>.gspb-buttonbox-textwrap>.gspb-buttonbox-icon,#gspb_button-id-gsbp-96f4c0fe-824b>.gspb-buttonbox>.gspb-buttonbox-textwrap>.gspb-buttonbox-icon,#gspb_button-id-gsbp-cbf9f9c>.gspb-buttonbox>.gspb-buttonbox-textwrap>.gspb-buttonbox-icon{display:flex}#gspb_button-id-gsbp-96f4c0fe-824b>.gspb-buttonbox .gspb-buttonbox-icon img{height:75px!important;width:75px!important;min-width:75px!important}@media (max-width:991.98px){#gspb_button-id-gsbp-96f4c0fe-824b>.gspb-buttonbox .gspb-buttonbox-icon img{height:75px!important;width:75px!important;min-width:75px!important}}#gspb_button-id-gsbp-96f4c0fe-824b>.gspb-buttonbox .gspb-buttonbox-icon img,#gspb_button-id-gsbp-96f4c0fe-824b>.gspb-buttonbox .gspb-buttonbox-icon img path{fill:currentColor!important}#gspb_button-id-gsbp-96f4c0fe-824b>.gspb-buttonbox .gspb-buttonbox-icon img{margin:0!important}#gspb_button-id-gsbp-96f4c0fe-824b>.gspb-buttonbox>.gspb-buttonbox-textwrap{display:flex;flex-direction:row;align-items:center;justify-content:center}#gspb_button-id-gsbp-96f4c0fe-824b .gspb-buttonbox-icon{margin-right:13px}#gspb_button-id-gsbp-96f4c0fe-824b>.gspb-buttonbox{margin-top:0;margin-bottom:0}@media (max-width:575.98px){#gspb_button-id-gsbp-96f4c0fe-824b>.gspb-buttonbox{margin-top:0}}#gspb_button-id-gsbp-96f4c0fe-824b>.gspb-buttonbox{width:80%;text-align:center!important}#gspb_button-id-gsbp-96f4c0fe-824b>.gspb-buttonbox .gsap-g-line{text-align:center!important}#gspb_button-id-gsbp-5a1e553,#gspb_button-id-gsbp-96f4c0fe-824b{display:flex;justify-content:center}#gspb_button-id-gsbp-5a1e553 .gspb-buttonbox-text{display:flex;flex-direction:column}#gspb_button-id-gsbp-5a1e553>.gspb-buttonbox{box-sizing:border-box}#gspb_button-id-gsbp-5a1e553>.gspb-buttonbox .gspb-buttonbox-icon img{height:75px!important;width:75px!important;min-width:75px!important}@media (max-width:991.98px){#gspb_button-id-gsbp-5a1e553>.gspb-buttonbox .gspb-buttonbox-icon img{height:75px!important;width:75px!important;min-width:75px!important}}#gspb_button-id-gsbp-5a1e553>.gspb-buttonbox .gspb-buttonbox-icon img,#gspb_button-id-gsbp-5a1e553>.gspb-buttonbox .gspb-buttonbox-icon img path{fill:currentColor!important}#gspb_button-id-gsbp-5a1e553>.gspb-buttonbox .gspb-buttonbox-icon img{margin:0!important}#gspb_button-id-gsbp-5a1e553>.gspb-buttonbox>.gspb-buttonbox-textwrap{display:flex;flex-direction:row;align-items:center;justify-content:center}#gspb_button-id-gsbp-5a1e553 .gspb-buttonbox-icon{margin-right:13px}#gspb_button-id-gsbp-5a1e553>.gspb-buttonbox{margin-top:0}@media (max-width:575.98px){#gspb_button-id-gsbp-5a1e553>.gspb-buttonbox{margin-top:0}}#gspb_button-id-gsbp-5a1e553>.gspb-buttonbox{width:80%;text-align:center!important}#gspb_button-id-gsbp-5a1e553>.gspb-buttonbox .gsap-g-line{text-align:center!important}#gspb_button-id-gsbp-21bb56c1-b0cc .gspb-buttonbox-text{display:flex;flex-direction:column}#gspb_button-id-gsbp-21bb56c1-b0cc>.gspb-buttonbox{box-sizing:border-box}#gspb_button-id-gsbp-21bb56c1-b0cc>.gspb-buttonbox>.gspb-buttonbox-textwrap{display:flex;flex-direction:row;align-items:center;justify-content:center}#gspb_button-id-gsbp-21bb56c1-b0cc .gspb-buttonbox-icon{margin-right:13px}#gspb_button-id-gsbp-21bb56c1-b0cc>.gspb-buttonbox{width:80%;text-align:center!important}#gspb_button-id-gsbp-21bb56c1-b0cc>.gspb-buttonbox .gsap-g-line{text-align:center!important}#gspb_button-id-gsbp-21bb56c1-b0cc,#gspb_button-id-gsbp-cbf9f9c{display:flex;justify-content:center}#gspb_button-id-gsbp-cbf9f9c .gspb-buttonbox-text{display:flex;flex-direction:column}#gspb_button-id-gsbp-cbf9f9c>.gspb-buttonbox{box-sizing:border-box}#gspb_button-id-gsbp-21bb56c1-b0cc>.gspb-buttonbox .gspb-buttonbox-icon img,#gspb_button-id-gsbp-cbf9f9c>.gspb-buttonbox .gspb-buttonbox-icon img{height:75px!important;width:75px!important;min-width:75px!important;fill:currentColor!important;margin:0!important}#gspb_button-id-gsbp-21bb56c1-b0cc>.gspb-buttonbox .gspb-buttonbox-icon img path,#gspb_button-id-gsbp-cbf9f9c>.gspb-buttonbox .gspb-buttonbox-icon img path{fill:currentColor!important}#gspb_button-id-gsbp-cbf9f9c>.gspb-buttonbox>.gspb-buttonbox-textwrap{display:flex;flex-direction:row;align-items:center;justify-content:center}#gspb_button-id-gsbp-cbf9f9c .gspb-buttonbox-icon{margin-right:13px}#gspb_button-id-gsbp-cbf9f9c>.gspb-buttonbox{width:80%;text-align:center!important}#gspb_button-id-gsbp-cbf9f9c>.gspb-buttonbox .gsap-g-line{text-align:center!important}","footnotes":""},"categories":[],"tags":[],"class_list":["post-615357","page","type-page","status-publish","has-post-thumbnail","hentry"],"acf":[],"yoast_head":"<!-- This site is optimized with the Yoast SEO Premium plugin v26.3 (Yoast SEO v26.3) - https:\/\/yoast.com\/wordpress\/plugins\/seo\/ -->\n<title>Support | CashtoCode Kundenhilfezentrum<\/title>\n<meta name=\"description\" content=\"Erfahre alles \u00fcber diskrete CashtoCode Zahlungen, Sicherheit, Verkaufsstellen und wie du unser Support-Team am schnellsten erreichst.\" \/>\n<meta name=\"robots\" content=\"index, follow, max-snippet:-1, max-image-preview:large, max-video-preview:-1\" \/>\n<link rel=\"canonical\" href=\"https:\/\/info.cashtocode.com\/de\/hilfe\/\" \/>\n<meta name=\"twitter:card\" content=\"summary_large_image\" \/>\n<meta name=\"twitter:title\" content=\"Support | CashtoCode Kundenhilfezentrum\" \/>\n<meta name=\"twitter:description\" content=\"Erfahre alles \u00fcber diskrete CashtoCode Zahlungen, Sicherheit, Verkaufsstellen und wie du unser Support-Team am schnellsten erreichst.\" \/>\n<meta name=\"twitter:image\" content=\"https:\/\/info.cashtocode.com\/wp-content\/uploads\/2023\/12\/CashtoCode-Hilfeseite.jpg\" \/>\n<meta name=\"twitter:label1\" content=\"Gesch\u00e4tzte Lesezeit\" \/>\n\t<meta name=\"twitter:data1\" content=\"2\u00a0Minuten\" \/>\n<script type=\"application\/ld+json\" class=\"yoast-schema-graph\">{\"@context\":\"https:\/\/schema.org\",\"@graph\":[{\"@type\":\"WebPage\",\"@id\":\"https:\/\/info.cashtocode.com\/de\/hilfe\/\",\"url\":\"https:\/\/info.cashtocode.com\/de\/hilfe\/\",\"name\":\"Support | CashtoCode Kundenhilfezentrum\",\"isPartOf\":{\"@id\":\"https:\/\/info.cashtocode.com\/de\/#website\"},\"primaryImageOfPage\":{\"@id\":\"https:\/\/info.cashtocode.com\/de\/hilfe\/#primaryimage\"},\"image\":{\"@id\":\"https:\/\/info.cashtocode.com\/de\/hilfe\/#primaryimage\"},\"thumbnailUrl\":\"https:\/\/info.cashtocode.com\/wp-content\/uploads\/2023\/12\/CashtoCode-Hilfeseite.jpg\",\"datePublished\":\"2023-02-27T13:46:56+00:00\",\"dateModified\":\"2026-02-26T09:20:20+00:00\",\"description\":\"Erfahre alles \u00fcber diskrete CashtoCode Zahlungen, Sicherheit, Verkaufsstellen und wie du unser Support-Team am schnellsten erreichst.\",\"inLanguage\":\"de\",\"potentialAction\":[{\"@type\":\"ReadAction\",\"target\":[\"https:\/\/info.cashtocode.com\/de\/hilfe\/\"]}]},{\"@type\":\"ImageObject\",\"inLanguage\":\"de\",\"@id\":\"https:\/\/info.cashtocode.com\/de\/hilfe\/#primaryimage\",\"url\":\"https:\/\/info.cashtocode.com\/wp-content\/uploads\/2023\/12\/CashtoCode-Hilfeseite.jpg\",\"contentUrl\":\"https:\/\/info.cashtocode.com\/wp-content\/uploads\/2023\/12\/CashtoCode-Hilfeseite.jpg\",\"width\":1200,\"height\":628,\"caption\":\"CashtoCode Hilfeseite\"},{\"@type\":\"WebSite\",\"@id\":\"https:\/\/info.cashtocode.com\/de\/#website\",\"url\":\"https:\/\/info.cashtocode.com\/de\/\",\"name\":\"CashtoCode Infoportal | Bar Bezahlen Im Internet leicht gemacht\u27a1\ufe0f\",\"description\":\"\",\"publisher\":{\"@id\":\"https:\/\/info.cashtocode.com\/de\/#organization\"},\"potentialAction\":[{\"@type\":\"SearchAction\",\"target\":{\"@type\":\"EntryPoint\",\"urlTemplate\":\"https:\/\/info.cashtocode.com\/de\/?s={search_term_string}\"},\"query-input\":{\"@type\":\"PropertyValueSpecification\",\"valueRequired\":true,\"valueName\":\"search_term_string\"}}],\"inLanguage\":\"de\"},{\"@type\":\"Organization\",\"@id\":\"https:\/\/info.cashtocode.com\/de\/#organization\",\"name\":\"CashtoCode Infoportal | Bar Bezahlen Im Internet leicht gemacht\u27a1\ufe0f\",\"url\":\"https:\/\/info.cashtocode.com\/de\/\",\"logo\":{\"@type\":\"ImageObject\",\"inLanguage\":\"de\",\"@id\":\"https:\/\/info.cashtocode.com\/de\/#\/schema\/logo\/image\/\",\"url\":\"https:\/\/info.cashtocode.com\/wp-content\/uploads\/2023\/12\/cashtocode-infoportal-logo.webp\",\"contentUrl\":\"https:\/\/info.cashtocode.com\/wp-content\/uploads\/2023\/12\/cashtocode-infoportal-logo.webp\",\"width\":833,\"height\":248,\"caption\":\"CashtoCode Infoportal | Bar Bezahlen Im Internet leicht gemacht\u27a1\ufe0f\"},\"image\":{\"@id\":\"https:\/\/info.cashtocode.com\/de\/#\/schema\/logo\/image\/\"}}]}<\/script>\n<!-- \/ Yoast SEO Premium plugin. -->","yoast_head_json":{"title":"Support | CashtoCode Kundenhilfezentrum","description":"Erfahre alles \u00fcber diskrete CashtoCode Zahlungen, Sicherheit, Verkaufsstellen und wie du unser Support-Team am schnellsten erreichst.","robots":{"index":"index","follow":"follow","max-snippet":"max-snippet:-1","max-image-preview":"max-image-preview:large","max-video-preview":"max-video-preview:-1"},"canonical":"https:\/\/info.cashtocode.com\/de\/hilfe\/","twitter_card":"summary_large_image","twitter_title":"Support | CashtoCode Kundenhilfezentrum","twitter_description":"Erfahre alles \u00fcber diskrete CashtoCode Zahlungen, Sicherheit, Verkaufsstellen und wie du unser Support-Team am schnellsten erreichst.","twitter_image":"https:\/\/info.cashtocode.com\/wp-content\/uploads\/2023\/12\/CashtoCode-Hilfeseite.jpg","twitter_misc":{"Gesch\u00e4tzte Lesezeit":"2\u00a0Minuten"},"schema":{"@context":"https:\/\/schema.org","@graph":[{"@type":"WebPage","@id":"https:\/\/info.cashtocode.com\/de\/hilfe\/","url":"https:\/\/info.cashtocode.com\/de\/hilfe\/","name":"Support | CashtoCode Kundenhilfezentrum","isPartOf":{"@id":"https:\/\/info.cashtocode.com\/de\/#website"},"primaryImageOfPage":{"@id":"https:\/\/info.cashtocode.com\/de\/hilfe\/#primaryimage"},"image":{"@id":"https:\/\/info.cashtocode.com\/de\/hilfe\/#primaryimage"},"thumbnailUrl":"https:\/\/info.cashtocode.com\/wp-content\/uploads\/2023\/12\/CashtoCode-Hilfeseite.jpg","datePublished":"2023-02-27T13:46:56+00:00","dateModified":"2026-02-26T09:20:20+00:00","description":"Erfahre alles \u00fcber diskrete CashtoCode Zahlungen, Sicherheit, Verkaufsstellen und wie du unser Support-Team am schnellsten erreichst.","inLanguage":"de","potentialAction":[{"@type":"ReadAction","target":["https:\/\/info.cashtocode.com\/de\/hilfe\/"]}]},{"@type":"ImageObject","inLanguage":"de","@id":"https:\/\/info.cashtocode.com\/de\/hilfe\/#primaryimage","url":"https:\/\/info.cashtocode.com\/wp-content\/uploads\/2023\/12\/CashtoCode-Hilfeseite.jpg","contentUrl":"https:\/\/info.cashtocode.com\/wp-content\/uploads\/2023\/12\/CashtoCode-Hilfeseite.jpg","width":1200,"height":628,"caption":"CashtoCode Hilfeseite"},{"@type":"WebSite","@id":"https:\/\/info.cashtocode.com\/de\/#website","url":"https:\/\/info.cashtocode.com\/de\/","name":"CashtoCode Infoportal | Bar Bezahlen Im Internet leicht gemacht\u27a1\ufe0f","description":"","publisher":{"@id":"https:\/\/info.cashtocode.com\/de\/#organization"},"potentialAction":[{"@type":"SearchAction","target":{"@type":"EntryPoint","urlTemplate":"https:\/\/info.cashtocode.com\/de\/?s={search_term_string}"},"query-input":{"@type":"PropertyValueSpecification","valueRequired":true,"valueName":"search_term_string"}}],"inLanguage":"de"},{"@type":"Organization","@id":"https:\/\/info.cashtocode.com\/de\/#organization","name":"CashtoCode Infoportal | Bar Bezahlen Im Internet leicht gemacht\u27a1\ufe0f","url":"https:\/\/info.cashtocode.com\/de\/","logo":{"@type":"ImageObject","inLanguage":"de","@id":"https:\/\/info.cashtocode.com\/de\/#\/schema\/logo\/image\/","url":"https:\/\/info.cashtocode.com\/wp-content\/uploads\/2023\/12\/cashtocode-infoportal-logo.webp","contentUrl":"https:\/\/info.cashtocode.com\/wp-content\/uploads\/2023\/12\/cashtocode-infoportal-logo.webp","width":833,"height":248,"caption":"CashtoCode Infoportal | Bar Bezahlen Im Internet leicht gemacht\u27a1\ufe0f"},"image":{"@id":"https:\/\/info.cashtocode.com\/de\/#\/schema\/logo\/image\/"}}]}},"_links":{"self":[{"href":"https:\/\/info.cashtocode.com\/de\/wp-json\/wp\/v2\/pages\/615357","targetHints":{"allow":["GET"]}}],"collection":[{"href":"https:\/\/info.cashtocode.com\/de\/wp-json\/wp\/v2\/pages"}],"about":[{"href":"https:\/\/info.cashtocode.com\/de\/wp-json\/wp\/v2\/types\/page"}],"author":[{"embeddable":true,"href":"https:\/\/info.cashtocode.com\/de\/wp-json\/wp\/v2\/users\/18"}],"replies":[{"embeddable":true,"href":"https:\/\/info.cashtocode.com\/de\/wp-json\/wp\/v2\/comments?post=615357"}],"version-history":[{"count":1,"href":"https:\/\/info.cashtocode.com\/de\/wp-json\/wp\/v2\/pages\/615357\/revisions"}],"predecessor-version":[{"id":708114,"href":"https:\/\/info.cashtocode.com\/de\/wp-json\/wp\/v2\/pages\/615357\/revisions\/708114"}],"wp:featuredmedia":[{"embeddable":true,"href":"https:\/\/info.cashtocode.com\/de\/wp-json\/wp\/v2\/media\/634464"}],"wp:attachment":[{"href":"https:\/\/info.cashtocode.com\/de\/wp-json\/wp\/v2\/media?parent=615357"}],"wp:term":[{"taxonomy":"category","embeddable":true,"href":"https:\/\/info.cashtocode.com\/de\/wp-json\/wp\/v2\/categories?post=615357"},{"taxonomy":"post_tag","embeddable":true,"href":"https:\/\/info.cashtocode.com\/de\/wp-json\/wp\/v2\/tags?post=615357"}],"curies":[{"name":"wp","href":"https:\/\/api.w.org\/{rel}","templated":true}]}}