{"id":622715,"date":"2023-06-01T07:15:38","date_gmt":"2023-06-01T07:15:38","guid":{"rendered":"https:\/\/info.cashtocode.com\/?page_id=622715"},"modified":"2026-01-07T12:24:17","modified_gmt":"2026-01-07T12:24:17","slug":"ueber-uns","status":"publish","type":"page","link":"https:\/\/info.cashtocode.com\/de\/ueber-uns\/","title":{"rendered":"\u00dcber CashtoCode"},"content":{"rendered":"\n<p>CashtoCode wurde 2013 von einem Team von Fachleuten aus der Bezahlmethoden-Branche gegr\u00fcndet, um Barzahlungen und Inkasso im E-Commerce zu revolutionieren. <strong>Die CashtoCode Zahlung-API-Service<\/strong> konzentriert sich auf Geschwindigkeit und Einfachheit f\u00fcr Online-H\u00e4ndler und ihre Kunden. CashtoCode besch\u00e4ftigt ein internationales Team an verschiedenen Standorten in Europa mit Niederlassungen in drei gro\u00dfen europ\u00e4ischen M\u00e4rkten.<\/p>\n\n\n\n<h2 class=\"wp-block-heading\" id=\"ziel-diskrete-und-sichere-zahlungen-fur-jedermann\">Ziel: Diskrete und sichere Zahlungen f\u00fcr jedermann<\/h2>\n\n\n\n<p>CashtoCode verbindet Online-H\u00e4ndler mit realen Einzelhandelsgesch\u00e4ften zu einem einfachen Zweck: <strong>Bargeldzahlungen f\u00fcr alle zu erm\u00f6glichen.<\/strong> CashtoCode erm\u00f6glicht es Online-H\u00e4ndlern, ihre eigenen Barcodes auszugeben, mit denen Kunden in einem der 550.000 Einzelhandelsgesch\u00e4fte eine Barzahlung f\u00fcr ihren Online-Einkauf vornehmen k\u00f6nnen.<\/p>\n\n\n\n<p>Alles in Echtzeit, alles entsch\u00e4digungsfrei und vollst\u00e4ndig automatisiert. POS-Netzwerke werden zu Checkout- und Zahlungspartnern f\u00fcr Online-H\u00e4ndler. Online-H\u00e4ndler erschlie\u00dfen neue Kundensegmente, indem sie die sichere, bequeme und beliebte Methode der Barzahlung in ihren Zahlungsmix aufnehmen. CashtoCode ist eine direkte Barzahlung f\u00fcr jeden Online-Einkauf.<\/p>\n\n\n\n<h2 class=\"wp-block-heading\" id=\"mission-infoportal-alles-wissenswerte-an-einem-ort\">Mission Infoportal: Alles Wissenswerte an einem Ort<\/h2>\n\n\n\n<p>Das Hauptziel dieses Infoportals ist es, alle relevanten Informationen rund um CashtoCode und unsere Partner an einem zentralen Ort zu b\u00fcndeln. Wir m\u00f6chten unseren Besuchern und Nutzern eine umfassende und <strong>anwenderfreundliche Plattform<\/strong> bieten, auf der schnell und einfach alles Wissenswerte zu unserer diskreten Zahlungsmethode, den Partnerunternehmen und aktuellen Angeboten gefunden werden kann.&nbsp;<\/p>\n\n\n\n<p>Indem wir aufschlussreiche Artikel, detaillierte Testberichte, hilfreiche FAQs und verst\u00e4ndliche Anleitungen bereitstellen, zielen wir darauf ab, den Informationsbedarf unserer Besucher umfassend zu erf\u00fcllen und somit eine optimale Entscheidungsgrundlage f\u00fcr die Nutzung von CashtoCode und den angebotenen Partnerdiensten bereitzustellen.<\/p>\n\n\n\n<h2 class=\"wp-block-heading\" id=\"unsere-vision-globale-prasenz-und-standige-verbesserung\">Unsere Vision: Globale Pr\u00e4senz und st\u00e4ndige Verbesserung&nbsp;<\/h2>\n\n\n\n<p>Mit CashtoCode verfolgen wir die Vision, unseren Service kontinuierlich auszubauen und auf globaler Ebene zu etablieren. Durch den gezielten Ausbau unserer Partnerschaften mit Einzelhandelsgesch\u00e4ften (CashtoCode Verkaufsstellen) und Online Partnerunternehmen m\u00f6chten wir das CashtoCode Netzwerk stetig erweitern, um unseren Kunden weltweit eine noch gr\u00f6\u00dfere Auswahl und Flexibilit\u00e4t bei der Nutzung unserer Zahlungsmethode zu bieten.&nbsp;<\/p>\n\n\n\n<p>Unsere Vision ist es, <strong>CashtoCode zu einer globalen Marke<\/strong> zu entwickeln, die f\u00fcr Sicherheit, Vertrauen und Komfort im Bereich der diskreten Barzahlungen steht.<\/p>\n\n\n\n<h2 class=\"wp-block-heading\" id=\"uber-das-team-hinter-dem-cashtocode-infoportal\">\u00dcber das Team hinter dem CashtoCode Infoportal<\/h2>\n\n\n\n<p>Hinter dem CashtoCode Infoportal steht ein engagiertes und <strong>erfahrenes Team von Experten<\/strong>, die sich leidenschaftlich daf\u00fcr einsetzen, qualitativ hochwertige und umfassende Informationen rund um CashtoCode und unsere Partner bereitzustellen. Dazu geh\u00f6ren Fachleuten aus verschiedenen Bereichen wie Support-Mitarbeiter, Redakteure, IT-Spezialisten und Marketing-Experten. Wir sind bestrebt, kontinuierlich die Qualit\u00e4t unserer Inhalte zu verbessern und unser Portal an die Bed\u00fcrfnisse unserer Nutzer anzupassen, um so f\u00fcr jeden Besucher das bestm\u00f6gliche Erlebnis zu gew\u00e4hrleisten.<\/p>\n","protected":false},"excerpt":{"rendered":"<p>CashtoCode wurde 2013 von einem Team von Fachleuten aus der Bezahlmethoden-Branche gegr\u00fcndet, um Barzahlungen und Inkasso im E-Commerce zu revolutionieren. Die CashtoCode Zahlung-API-Service konzentriert sich auf Geschwindigkeit und Einfachheit f\u00fcr Online-H\u00e4ndler und ihre Kunden. CashtoCode besch\u00e4ftigt ein internationales Team an verschiedenen Standorten in Europa mit Niederlassungen in drei gro\u00dfen europ\u00e4ischen M\u00e4rkten. Ziel: Diskrete und sichere [&hellip;]<\/p>\n","protected":false},"author":18,"featured_media":634691,"parent":0,"menu_order":0,"comment_status":"closed","ping_status":"closed","template":"","meta":{"_acf_changed":false,"_gspb_post_css":"","footnotes":""},"categories":[],"tags":[],"class_list":["post-622715","page","type-page","status-publish","has-post-thumbnail","hentry"],"acf":[],"yoast_head":"<!-- This site is optimized with the Yoast SEO Premium plugin v26.3 (Yoast SEO v26.3) - https:\/\/yoast.com\/wordpress\/plugins\/seo\/ -->\n<title>\u00dcber uns | CashtoCode Infoportal<\/title>\n<meta name=\"description\" content=\"Auf dieser Seite erh\u00e4ltst du Einblicke in das Team hinter CashtoCode, unser Infoportal sowie unsere Ziele und Visionen.\" \/>\n<meta name=\"robots\" content=\"index, follow, max-snippet:-1, max-image-preview:large, max-video-preview:-1\" \/>\n<link rel=\"canonical\" href=\"https:\/\/info.cashtocode.com\/de\/ueber-uns\/\" \/>\n<meta name=\"twitter:card\" content=\"summary_large_image\" \/>\n<meta name=\"twitter:title\" content=\"\u00dcber uns | CashtoCode Infoportal\" \/>\n<meta name=\"twitter:description\" content=\"Auf dieser Seite erh\u00e4ltst du Einblicke in das Team hinter CashtoCode, unser Infoportal sowie unsere Ziele und Visionen.\" \/>\n<meta name=\"twitter:image\" content=\"https:\/\/info.cashtocode.com\/wp-content\/uploads\/2023\/12\/Ueber-CashtoCode.jpg\" \/>\n<meta name=\"twitter:label1\" content=\"Gesch\u00e4tzte Lesezeit\" \/>\n\t<meta name=\"twitter:data1\" content=\"2\u00a0Minuten\" \/>\n<script type=\"application\/ld+json\" class=\"yoast-schema-graph\">{\"@context\":\"https:\/\/schema.org\",\"@graph\":[{\"@type\":\"WebPage\",\"@id\":\"https:\/\/info.cashtocode.com\/de\/ueber-uns\/\",\"url\":\"https:\/\/info.cashtocode.com\/de\/ueber-uns\/\",\"name\":\"\u00dcber uns | CashtoCode Infoportal\",\"isPartOf\":{\"@id\":\"https:\/\/info.cashtocode.com\/de\/#website\"},\"primaryImageOfPage\":{\"@id\":\"https:\/\/info.cashtocode.com\/de\/ueber-uns\/#primaryimage\"},\"image\":{\"@id\":\"https:\/\/info.cashtocode.com\/de\/ueber-uns\/#primaryimage\"},\"thumbnailUrl\":\"https:\/\/info.cashtocode.com\/wp-content\/uploads\/2023\/12\/Ueber-CashtoCode.jpg\",\"datePublished\":\"2023-06-01T07:15:38+00:00\",\"dateModified\":\"2026-01-07T12:24:17+00:00\",\"description\":\"Auf dieser Seite erh\u00e4ltst du Einblicke in das Team hinter CashtoCode, unser Infoportal sowie unsere Ziele und Visionen.\",\"inLanguage\":\"de\",\"potentialAction\":[{\"@type\":\"ReadAction\",\"target\":[\"https:\/\/info.cashtocode.com\/de\/ueber-uns\/\"]}]},{\"@type\":\"ImageObject\",\"inLanguage\":\"de\",\"@id\":\"https:\/\/info.cashtocode.com\/de\/ueber-uns\/#primaryimage\",\"url\":\"https:\/\/info.cashtocode.com\/wp-content\/uploads\/2023\/12\/Ueber-CashtoCode.jpg\",\"contentUrl\":\"https:\/\/info.cashtocode.com\/wp-content\/uploads\/2023\/12\/Ueber-CashtoCode.jpg\",\"width\":1200,\"height\":628,\"caption\":\"\u00dcber CashtoCode Infoportal\"},{\"@type\":\"WebSite\",\"@id\":\"https:\/\/info.cashtocode.com\/de\/#website\",\"url\":\"https:\/\/info.cashtocode.com\/de\/\",\"name\":\"CashtoCode Infoportal | Bar Bezahlen Im Internet leicht gemacht\u27a1\ufe0f\",\"description\":\"\",\"publisher\":{\"@id\":\"https:\/\/info.cashtocode.com\/de\/#organization\"},\"potentialAction\":[{\"@type\":\"SearchAction\",\"target\":{\"@type\":\"EntryPoint\",\"urlTemplate\":\"https:\/\/info.cashtocode.com\/de\/?s={search_term_string}\"},\"query-input\":{\"@type\":\"PropertyValueSpecification\",\"valueRequired\":true,\"valueName\":\"search_term_string\"}}],\"inLanguage\":\"de\"},{\"@type\":\"Organization\",\"@id\":\"https:\/\/info.cashtocode.com\/de\/#organization\",\"name\":\"CashtoCode Infoportal | Bar Bezahlen Im Internet leicht gemacht\u27a1\ufe0f\",\"url\":\"https:\/\/info.cashtocode.com\/de\/\",\"logo\":{\"@type\":\"ImageObject\",\"inLanguage\":\"de\",\"@id\":\"https:\/\/info.cashtocode.com\/de\/#\/schema\/logo\/image\/\",\"url\":\"https:\/\/info.cashtocode.com\/wp-content\/uploads\/2023\/12\/cashtocode-infoportal-logo.webp\",\"contentUrl\":\"https:\/\/info.cashtocode.com\/wp-content\/uploads\/2023\/12\/cashtocode-infoportal-logo.webp\",\"width\":833,\"height\":248,\"caption\":\"CashtoCode Infoportal | Bar Bezahlen Im Internet leicht gemacht\u27a1\ufe0f\"},\"image\":{\"@id\":\"https:\/\/info.cashtocode.com\/de\/#\/schema\/logo\/image\/\"}}]}<\/script>\n<!-- \/ Yoast SEO Premium plugin. -->","yoast_head_json":{"title":"\u00dcber uns | CashtoCode Infoportal","description":"Auf dieser Seite erh\u00e4ltst du Einblicke in das Team hinter CashtoCode, unser Infoportal sowie unsere Ziele und Visionen.","robots":{"index":"index","follow":"follow","max-snippet":"max-snippet:-1","max-image-preview":"max-image-preview:large","max-video-preview":"max-video-preview:-1"},"canonical":"https:\/\/info.cashtocode.com\/de\/ueber-uns\/","twitter_card":"summary_large_image","twitter_title":"\u00dcber uns | CashtoCode Infoportal","twitter_description":"Auf dieser Seite erh\u00e4ltst du Einblicke in das Team hinter CashtoCode, unser Infoportal sowie unsere Ziele und Visionen.","twitter_image":"https:\/\/info.cashtocode.com\/wp-content\/uploads\/2023\/12\/Ueber-CashtoCode.jpg","twitter_misc":{"Gesch\u00e4tzte Lesezeit":"2\u00a0Minuten"},"schema":{"@context":"https:\/\/schema.org","@graph":[{"@type":"WebPage","@id":"https:\/\/info.cashtocode.com\/de\/ueber-uns\/","url":"https:\/\/info.cashtocode.com\/de\/ueber-uns\/","name":"\u00dcber uns | CashtoCode Infoportal","isPartOf":{"@id":"https:\/\/info.cashtocode.com\/de\/#website"},"primaryImageOfPage":{"@id":"https:\/\/info.cashtocode.com\/de\/ueber-uns\/#primaryimage"},"image":{"@id":"https:\/\/info.cashtocode.com\/de\/ueber-uns\/#primaryimage"},"thumbnailUrl":"https:\/\/info.cashtocode.com\/wp-content\/uploads\/2023\/12\/Ueber-CashtoCode.jpg","datePublished":"2023-06-01T07:15:38+00:00","dateModified":"2026-01-07T12:24:17+00:00","description":"Auf dieser Seite erh\u00e4ltst du Einblicke in das Team hinter CashtoCode, unser Infoportal sowie unsere Ziele und Visionen.","inLanguage":"de","potentialAction":[{"@type":"ReadAction","target":["https:\/\/info.cashtocode.com\/de\/ueber-uns\/"]}]},{"@type":"ImageObject","inLanguage":"de","@id":"https:\/\/info.cashtocode.com\/de\/ueber-uns\/#primaryimage","url":"https:\/\/info.cashtocode.com\/wp-content\/uploads\/2023\/12\/Ueber-CashtoCode.jpg","contentUrl":"https:\/\/info.cashtocode.com\/wp-content\/uploads\/2023\/12\/Ueber-CashtoCode.jpg","width":1200,"height":628,"caption":"\u00dcber CashtoCode Infoportal"},{"@type":"WebSite","@id":"https:\/\/info.cashtocode.com\/de\/#website","url":"https:\/\/info.cashtocode.com\/de\/","name":"CashtoCode Infoportal | Bar Bezahlen Im Internet leicht gemacht\u27a1\ufe0f","description":"","publisher":{"@id":"https:\/\/info.cashtocode.com\/de\/#organization"},"potentialAction":[{"@type":"SearchAction","target":{"@type":"EntryPoint","urlTemplate":"https:\/\/info.cashtocode.com\/de\/?s={search_term_string}"},"query-input":{"@type":"PropertyValueSpecification","valueRequired":true,"valueName":"search_term_string"}}],"inLanguage":"de"},{"@type":"Organization","@id":"https:\/\/info.cashtocode.com\/de\/#organization","name":"CashtoCode Infoportal | Bar Bezahlen Im Internet leicht gemacht\u27a1\ufe0f","url":"https:\/\/info.cashtocode.com\/de\/","logo":{"@type":"ImageObject","inLanguage":"de","@id":"https:\/\/info.cashtocode.com\/de\/#\/schema\/logo\/image\/","url":"https:\/\/info.cashtocode.com\/wp-content\/uploads\/2023\/12\/cashtocode-infoportal-logo.webp","contentUrl":"https:\/\/info.cashtocode.com\/wp-content\/uploads\/2023\/12\/cashtocode-infoportal-logo.webp","width":833,"height":248,"caption":"CashtoCode Infoportal | Bar Bezahlen Im Internet leicht gemacht\u27a1\ufe0f"},"image":{"@id":"https:\/\/info.cashtocode.com\/de\/#\/schema\/logo\/image\/"}}]}},"_links":{"self":[{"href":"https:\/\/info.cashtocode.com\/de\/wp-json\/wp\/v2\/pages\/622715","targetHints":{"allow":["GET"]}}],"collection":[{"href":"https:\/\/info.cashtocode.com\/de\/wp-json\/wp\/v2\/pages"}],"about":[{"href":"https:\/\/info.cashtocode.com\/de\/wp-json\/wp\/v2\/types\/page"}],"author":[{"embeddable":true,"href":"https:\/\/info.cashtocode.com\/de\/wp-json\/wp\/v2\/users\/18"}],"replies":[{"embeddable":true,"href":"https:\/\/info.cashtocode.com\/de\/wp-json\/wp\/v2\/comments?post=622715"}],"version-history":[{"count":1,"href":"https:\/\/info.cashtocode.com\/de\/wp-json\/wp\/v2\/pages\/622715\/revisions"}],"predecessor-version":[{"id":705956,"href":"https:\/\/info.cashtocode.com\/de\/wp-json\/wp\/v2\/pages\/622715\/revisions\/705956"}],"wp:featuredmedia":[{"embeddable":true,"href":"https:\/\/info.cashtocode.com\/de\/wp-json\/wp\/v2\/media\/634691"}],"wp:attachment":[{"href":"https:\/\/info.cashtocode.com\/de\/wp-json\/wp\/v2\/media?parent=622715"}],"wp:term":[{"taxonomy":"category","embeddable":true,"href":"https:\/\/info.cashtocode.com\/de\/wp-json\/wp\/v2\/categories?post=622715"},{"taxonomy":"post_tag","embeddable":true,"href":"https:\/\/info.cashtocode.com\/de\/wp-json\/wp\/v2\/tags?post=622715"}],"curies":[{"name":"wp","href":"https:\/\/api.w.org\/{rel}","templated":true}]}}