{"id":6463,"date":"2021-08-05T13:37:08","date_gmt":"2021-08-05T13:37:08","guid":{"rendered":"https:\/\/info.cashtocode.com\/?page_id=6463"},"modified":"2024-10-18T07:49:11","modified_gmt":"2024-10-18T07:49:11","slug":"paysafecard","status":"publish","type":"page","link":"https:\/\/info.cashtocode.com\/de\/casinos\/paysafecard\/","title":{"rendered":"Paysafecard Casinos"},"content":{"rendered":"\n<p>In der Welt der Online Casinos ist die Suche nach einer sicheren und bequemen Zahlungsmethode entscheidend f\u00fcr ein reibungsloses Spielerlebnis. <strong>Paysafecard Casinos<\/strong> bieten genau das \u2013 eine <strong>schnelle und sichere Methode, um Einzahlungen in Online Casinos zu t\u00e4tigen.<\/strong><\/p>\n\n\n\n<p>In diesem Artikel geben wir einen umfassenden Einblick in die Welt der Paysafecard Casinos und beleuchten, hervorragende <a href=\"https:\/\/info.cashtocode.com\/de\/bezahlen\/paysafecard-alternative\/\"><strong>Paysafecard Alternativen<\/strong><\/a>.<\/p>\n\n\n\n<h2 class=\"wp-block-heading\" id=\"was-ist-paysafecard-und-wie-funktioniert-es\">Was ist Paysafecard und wie funktioniert es?<\/h2>\n\n\n\n<p>Paysafecard ist eine Prepaid Bezahlmethode, die besonders in Online Casinos beliebt ist. Nutzer kaufen eine Paysafecard mit einem bestimmten Guthaben und zahlen anschlie\u00dfend mittels eines 16-stelligen PINs in Online Casinos ein. Die Guthabenkarte gibt es in den Werten von 10\u20ac, 25\u20ac, 50\u20ac und 100\u20ac. <\/p>\n\n\n\n<p>Hinter der Zahlungsmethode steht die Paysafe Group, die ihren Sitz in Wien, \u00d6sterreich, hat. Du kannst die Guthabenkarte an vielen Orten kaufen, darunter Superm\u00e4rkte, Tankstellen, Postfilialen und Trafiken. <\/p>\n\n\n\n<p>Falls dir die 16-stellige PIN zu lang erscheint, kannst du dich auch f\u00fcr ein Paysafecard Konto anmelden. Dieses funktioniert \u00e4hnlich wie ein E-Wallet, und du kannst dort die Nummern deiner gekauften Guthabenkarten speichern. Zur Zahlung gibst du dann deinen Paysafecard Nutzernamen und dein Passwort an. <\/p>\n\n\n\n<h2 class=\"wp-block-heading\" id=\"vorteile-und-nachteile-von-paysafecard-casino\">Vorteile und Nachteile von Paysafecard Casino<\/h2>\n\n\n\n<p>F\u00fcr maximale Transparenz findest du im Anschluss eine Auflistung der Vor- und Nachteile bei der Verwendung von Paysafecard f\u00fcr deine Online-Casino-Zahlungen.<\/p>\n\n\n<div class=\"rate_bar_wrap\"><div class=\"wpsm-one-half\"><div class=\"wpsm_pros\"><div class=\"title_pros\">Vorteile<\/div><ul><li>Einfache Handhabung<\/li><li>Privatsph\u00e4re bleibt gewahrt<\/li><li>Schnelle Transaktionen <\/li><li>Sichere Bezahlmethode<\/li><li>Keine Kontoverbindung<\/li><\/ul><\/div><\/div><div class=\"wpsm-one-half\"><div class=\"wpsm_cons\"><div class=\"title_cons\">Nachteile<\/div><ul><li>Niedrige Limits <\/li><li>Bonus-Aktivierung oft nicht m\u00f6glich<\/li><li>Keine Anonymit\u00e4t bei Kontoerstellung<\/li><li>Keine Auszahlungen m\u00f6glich<\/li><li>Verlust der PIN = Verlust des Guthabens<\/li><\/ul><\/div><\/div><\/div>\n\n\n<p>F\u00fcr gr\u00f6\u00dfere Transaktionen ist eine Registrierung und Verifizierung erforderlich, was die Anonymit\u00e4t einschr\u00e4nkt. Die Einzahlungslimits sind ohne Konto relativ gering <strong>(50\u20ac pro Transaktion, 250\u20ac pro Tag)<\/strong>. Ferner besteht das Risiko des Verlusts des Guthabens, falls die PIN verloren geht. Insgesamt bietet die Paysafecard eine praktische, aber eingeschr\u00e4nkte L\u00f6sung f\u00fcr kleinere, anonyme Transaktionen.<\/p>\n\n\n\n<h2 class=\"wp-block-heading\" id=\"paysafecard-limits-kosten-und-gebuhren\">Paysafecard Limits, Kosten und Geb\u00fchren<\/h2>\n\n\n\n<p>Die Paysafecard ist durch ihre spezifischen Limits, Kosten und Geb\u00fchren charakterisiert, die f\u00fcr dich als Nutzer wichtig sind. Bei den Limits gilt ohne Registrierung ein Einzahlungslimit von 50\u20ac pro Transaktion. Mit einem registrierten myPaysafecard Konto kannst du diese Beschr\u00e4nkungen aufheben und bis zu 1.000\u20ac pro Tag einzahlen. <\/p>\n\n\n\n<p>In Bezug auf die Kosten ist die Nutzung der Paysafecard meist kostenfrei, allerdings k\u00f6nnen nach 12 Monaten Inaktivit\u00e4t Verwaltungsgeb\u00fchren anfallen. Zus\u00e4tzlich k\u00f6nnten bei W\u00e4hrungsumrechnungen Geb\u00fchren entstehen, falls du die Paysafecard in einer anderen W\u00e4hrung als der des Kaufs nutzt. Beachte auch, dass einige Online Casinos oder H\u00e4ndler eigene Geb\u00fchren f\u00fcr die Nutzung von Paysafecard erheben k\u00f6nnen. Es ist daher ratsam, vor jeder Transaktion die spezifischen Bedingungen des jeweiligen Anbieters zu \u00fcberpr\u00fcfen, um unerwartete Kosten zu vermeiden.<\/p>\n\n\n\n<h2 class=\"wp-block-heading\" id=\"anonym-bei-paysafecard-casinos-einzahlen\">Anonym bei Paysafecard Casinos einzahlen<\/h2>\n\n\n\n<p>Anonyme Einzahlungen in Paysafecard Casinos sind heute nur noch begrenzt m\u00f6glich. Fr\u00fcher konnte man mit der Bezahlmethode komplett anonym zahlen, doch bei gr\u00f6\u00dferen Betr\u00e4gen ist jetzt eine <a href=\"https:\/\/info.cashtocode.com\/de\/bezahlen\/paysafecard-verifizierung\/\">Paysafecard Verifizierung <\/a>erforderlich. Im Handel erworbene <strong>Paysafecards unter 50\u20ac bieten noch ein gewisses Ma\u00df an Diskretion, <\/strong>aber bei h\u00f6heren Betr\u00e4gen ist eine Ausweispflicht vorhanden. <\/p>\n\n\n\n<p>Beim Online-Kauf ist eine Registrierung mit Angabe pers\u00f6nlicher Daten notwendig, was die Anonymit\u00e4t aufhebt. Auch bei der Nutzung eines Paysafecard Kontos (mypaysafecard) wird Anonymit\u00e4t durch die Verkn\u00fcpfung der Paysafecards mit pers\u00f6nlichen Daten aufgehoben. Die Einl\u00f6sung der Paysafecard kann auch die IP-Adresse erfassen, was die Anonymit\u00e4t weiter einschr\u00e4nkt. VPN- oder TOR-Dienste werden von Paysafecard oft nicht akzeptiert, was die M\u00f6glichkeiten f\u00fcr diskretes Bezahlen weiter reduziert.<\/p>\n\n\n\n<h2 class=\"wp-block-heading\" id=\"paysafecard-alternative-cashtocode\">Paysafecard Alternative CashtoCode<\/h2>\n\n\n\n<p>CashtoCode bietet eine hervorragende Alternative zu Paysafecard. Es erm\u00f6glicht diskrete und sichere Online-Zahlungen, ohne dass eine Registrierung oder die Angabe von Bank- oder Kreditkartendaten notwendig ist. Benutzer generieren einen Barcode online, der in einer der vielen Partnerfilialen eingel\u00f6st wird. Bei jeder Transaktion mit <strong>CashtoCode k\u00f6nnen bis zu 500\u20ac bar <\/strong>oder per Debitkarte bezahlt werden, ohne t\u00e4gliche Limits.<\/p>\n\n\n\n<div class=\"wp-block-greenshift-blocks-button gspb_button_wrapper gspb_button-id-gsbp-97c416a2-6fe0 button-internal-linking-bottom-margin\" id=\"gspb_button-id-gsbp-97c416a2-6fe0\"><a class=\"gspb-buttonbox\" href=\"https:\/\/info.cashtocode.com\/de\/casinos\/\" rel=\"noopener\"><span class=\"gspb-buttonbox-textwrap\"><span class=\"gspb-buttonbox-text\"><span class=\"gspb-buttonbox-title\">CashtoCode Casinos<\/span><\/span><\/span><\/a><\/div>\n\n\n\n<h2 class=\"wp-block-heading\" id=\"paysafecard-casino-faq\">Paysafecard Casino FAQ<\/h2>\n\n\n\n<div class=\"schema-faq wp-block-yoast-faq-block\"><div class=\"schema-faq-section\" id=\"faq-question-1708678381866\"><strong class=\"schema-faq-question\">Wie funktioniert eine Paysafecard in Online Casinos?<\/strong> <p class=\"schema-faq-answer\">Du kaufst eine Paysafecard mit einem vorbestimmten Wert und verwendest den darauf befindlichen 16-stelligen PIN-Code, um in Online Casinos einzuzahlen.<\/p> <\/div> <div class=\"schema-faq-section\" id=\"faq-question-1708678425495\"><strong class=\"schema-faq-question\">Gibt es Einzahlungslimits bei Paysafecard Casinos?<\/strong> <p class=\"schema-faq-answer\">Ja, es gibt typischerweise ein Maximalbetrag pro Transaktion und m\u00f6glicherweise auch t\u00e4gliche oder monatliche Limits. Die Limits werden von Paysafecard selbst oder den Online Casinos festgesetzt.<\/p> <\/div> <div class=\"schema-faq-section\" id=\"faq-question-1708678468147\"><strong class=\"schema-faq-question\">Kann ich mit Paysafecard Casino Auszahlungen durchf\u00fchren?<\/strong> <p class=\"schema-faq-answer\">Nein, f\u00fcr Auszahlungen m\u00fcssen andere Methoden wie Bank\u00fcberweisungen oder E-Wallets verwendet werden.<\/p> <\/div> <div class=\"schema-faq-section\" id=\"faq-question-1708678505124\"><strong class=\"schema-faq-question\">Was ist eine gute Alternative zu Paysafecard in Casinos?<\/strong> <p class=\"schema-faq-answer\">CashtoCode ist eine beliebte Alternative, die \u00e4hnliche Vorteile wie Diskretion und Sicherheit bietet, aber auch h\u00f6here Einzahlungslimits erm\u00f6glicht.<\/p> <\/div> <\/div>\n","protected":false},"excerpt":{"rendered":"<p>In der Welt der Online Casinos ist die Suche nach einer sicheren und bequemen Zahlungsmethode entscheidend f\u00fcr ein reibungsloses Spielerlebnis. Paysafecard Casinos bieten genau das \u2013 eine schnelle und sichere Methode, um Einzahlungen in Online Casinos zu t\u00e4tigen. In diesem Artikel geben wir einen umfassenden Einblick in die Welt der Paysafecard Casinos und beleuchten, hervorragende [&hellip;]<\/p>\n","protected":false},"author":18,"featured_media":634385,"parent":615193,"menu_order":0,"comment_status":"closed","ping_status":"closed","template":"","meta":{"_acf_changed":false,"_gspb_post_css":".gspb_button-id-gsbp-97c416a2-6fe0{display:flex;justify-content:flex-start}.gspb_button-id-gsbp-97c416a2-6fe0 .gspb-buttonbox-text{display:flex;flex-direction:column}.gspb_button-id-gsbp-97c416a2-6fe0>.gspb-buttonbox{display:inline-block;padding:13px 26px;background-color:#00d084;text-decoration:none!important;color:#fff;font-size:16px;line-height:16px;position:relative;z-index:0;cursor:pointer;box-sizing:border-box}","footnotes":""},"categories":[],"tags":[1502],"class_list":["post-6463","page","type-page","status-publish","has-post-thumbnail","hentry","tag-paysafecard"],"acf":[],"yoast_head":"<!-- This site is optimized with the Yoast SEO Premium plugin v26.3 (Yoast SEO v26.3) - https:\/\/yoast.com\/wordpress\/plugins\/seo\/ -->\n<title>Paysafecard Casinos l 2026 | Anonyme Casino-Einzahlung<\/title>\n<meta name=\"description\" content=\"Alle Paysafecard Casinos im \u00dcberblick\u2714\ufe0f Anonyme Casino-Einzahlungen\u2714\ufe0f Top Casino-Boni\u2714\ufe0f Casino-Erfahrungsberichte zu allen Casinos\u2714\ufe0f\" \/>\n<meta name=\"robots\" content=\"index, follow, max-snippet:-1, max-image-preview:large, max-video-preview:-1\" \/>\n<link rel=\"canonical\" href=\"https:\/\/info.cashtocode.com\/de\/casinos\/paysafecard\/\" \/>\n<meta name=\"twitter:card\" content=\"summary_large_image\" \/>\n<meta name=\"twitter:title\" content=\"Paysafecard Casinos l 2026 | Anonyme Casino-Einzahlung\" \/>\n<meta name=\"twitter:description\" content=\"Alle Paysafecard Casinos im \u00dcberblick\u2714\ufe0f Anonyme Casino-Einzahlungen\u2714\ufe0f Top Casino-Boni\u2714\ufe0f Casino-Erfahrungsberichte zu allen Casinos\u2714\ufe0f\" \/>\n<meta name=\"twitter:image\" content=\"https:\/\/info.cashtocode.com\/wp-content\/uploads\/2023\/12\/Paysafecard-Casinos.jpg\" \/>\n<meta name=\"twitter:label1\" content=\"Gesch\u00e4tzte Lesezeit\" \/>\n\t<meta name=\"twitter:data1\" content=\"4\u00a0Minuten\" \/>\n<script type=\"application\/ld+json\" class=\"yoast-schema-graph\">{\"@context\":\"https:\/\/schema.org\",\"@graph\":[{\"@type\":[\"WebPage\",\"FAQPage\"],\"@id\":\"https:\/\/info.cashtocode.com\/de\/casinos\/paysafecard\/\",\"url\":\"https:\/\/info.cashtocode.com\/de\/casinos\/paysafecard\/\",\"name\":\"Paysafecard Casinos l 2026 | Anonyme Casino-Einzahlung\",\"isPartOf\":{\"@id\":\"https:\/\/info.cashtocode.com\/de\/#website\"},\"primaryImageOfPage\":{\"@id\":\"https:\/\/info.cashtocode.com\/de\/casinos\/paysafecard\/#primaryimage\"},\"image\":{\"@id\":\"https:\/\/info.cashtocode.com\/de\/casinos\/paysafecard\/#primaryimage\"},\"thumbnailUrl\":\"https:\/\/info.cashtocode.com\/wp-content\/uploads\/2023\/12\/Paysafecard-Casinos.jpg\",\"datePublished\":\"2021-08-05T13:37:08+00:00\",\"dateModified\":\"2024-10-18T07:49:11+00:00\",\"description\":\"Alle Paysafecard Casinos im \u00dcberblick\u2714\ufe0f Anonyme Casino-Einzahlungen\u2714\ufe0f Top Casino-Boni\u2714\ufe0f Casino-Erfahrungsberichte zu allen Casinos\u2714\ufe0f\",\"breadcrumb\":{\"@id\":\"https:\/\/info.cashtocode.com\/de\/casinos\/paysafecard\/#breadcrumb\"},\"mainEntity\":[{\"@id\":\"https:\/\/info.cashtocode.com\/de\/casinos\/paysafecard\/#faq-question-1708678381866\"},{\"@id\":\"https:\/\/info.cashtocode.com\/de\/casinos\/paysafecard\/#faq-question-1708678425495\"},{\"@id\":\"https:\/\/info.cashtocode.com\/de\/casinos\/paysafecard\/#faq-question-1708678468147\"},{\"@id\":\"https:\/\/info.cashtocode.com\/de\/casinos\/paysafecard\/#faq-question-1708678505124\"}],\"inLanguage\":\"de\",\"potentialAction\":[{\"@type\":\"ReadAction\",\"target\":[\"https:\/\/info.cashtocode.com\/de\/casinos\/paysafecard\/\"]}]},{\"@type\":\"ImageObject\",\"inLanguage\":\"de\",\"@id\":\"https:\/\/info.cashtocode.com\/de\/casinos\/paysafecard\/#primaryimage\",\"url\":\"https:\/\/info.cashtocode.com\/wp-content\/uploads\/2023\/12\/Paysafecard-Casinos.jpg\",\"contentUrl\":\"https:\/\/info.cashtocode.com\/wp-content\/uploads\/2023\/12\/Paysafecard-Casinos.jpg\",\"width\":1200,\"height\":628,\"caption\":\"Paysafecard Casinos\"},{\"@type\":\"BreadcrumbList\",\"@id\":\"https:\/\/info.cashtocode.com\/de\/casinos\/paysafecard\/#breadcrumb\",\"itemListElement\":[{\"@type\":\"ListItem\",\"position\":1,\"name\":\"CashtoCode Casinos \u2013 sicher &amp; gepr\u00fcft!\",\"item\":\"https:\/\/info.cashtocode.com\/de\/casinos\/\"},{\"@type\":\"ListItem\",\"position\":2,\"name\":\"Paysafecard Casinos\"}]},{\"@type\":\"WebSite\",\"@id\":\"https:\/\/info.cashtocode.com\/de\/#website\",\"url\":\"https:\/\/info.cashtocode.com\/de\/\",\"name\":\"CashtoCode Infoportal | Bar Bezahlen Im Internet leicht gemacht\u27a1\ufe0f\",\"description\":\"\",\"publisher\":{\"@id\":\"https:\/\/info.cashtocode.com\/de\/#organization\"},\"potentialAction\":[{\"@type\":\"SearchAction\",\"target\":{\"@type\":\"EntryPoint\",\"urlTemplate\":\"https:\/\/info.cashtocode.com\/de\/?s={search_term_string}\"},\"query-input\":{\"@type\":\"PropertyValueSpecification\",\"valueRequired\":true,\"valueName\":\"search_term_string\"}}],\"inLanguage\":\"de\"},{\"@type\":\"Organization\",\"@id\":\"https:\/\/info.cashtocode.com\/de\/#organization\",\"name\":\"CashtoCode Infoportal | Bar Bezahlen Im Internet leicht gemacht\u27a1\ufe0f\",\"url\":\"https:\/\/info.cashtocode.com\/de\/\",\"logo\":{\"@type\":\"ImageObject\",\"inLanguage\":\"de\",\"@id\":\"https:\/\/info.cashtocode.com\/de\/#\/schema\/logo\/image\/\",\"url\":\"https:\/\/info.cashtocode.com\/wp-content\/uploads\/2023\/12\/cashtocode-infoportal-logo.webp\",\"contentUrl\":\"https:\/\/info.cashtocode.com\/wp-content\/uploads\/2023\/12\/cashtocode-infoportal-logo.webp\",\"width\":833,\"height\":248,\"caption\":\"CashtoCode Infoportal | Bar Bezahlen Im Internet leicht gemacht\u27a1\ufe0f\"},\"image\":{\"@id\":\"https:\/\/info.cashtocode.com\/de\/#\/schema\/logo\/image\/\"}},{\"@type\":\"Question\",\"@id\":\"https:\/\/info.cashtocode.com\/de\/casinos\/paysafecard\/#faq-question-1708678381866\",\"position\":1,\"url\":\"https:\/\/info.cashtocode.com\/de\/casinos\/paysafecard\/#faq-question-1708678381866\",\"name\":\"Wie funktioniert eine Paysafecard in Online Casinos?\",\"answerCount\":1,\"acceptedAnswer\":{\"@type\":\"Answer\",\"text\":\"Du kaufst eine Paysafecard mit einem vorbestimmten Wert und verwendest den darauf befindlichen 16-stelligen PIN-Code, um in Online Casinos einzuzahlen.\",\"inLanguage\":\"de\"},\"inLanguage\":\"de\"},{\"@type\":\"Question\",\"@id\":\"https:\/\/info.cashtocode.com\/de\/casinos\/paysafecard\/#faq-question-1708678425495\",\"position\":2,\"url\":\"https:\/\/info.cashtocode.com\/de\/casinos\/paysafecard\/#faq-question-1708678425495\",\"name\":\"Gibt es Einzahlungslimits bei Paysafecard Casinos?\",\"answerCount\":1,\"acceptedAnswer\":{\"@type\":\"Answer\",\"text\":\"Ja, es gibt typischerweise ein Maximalbetrag pro Transaktion und m\u00f6glicherweise auch t\u00e4gliche oder monatliche Limits. Die Limits werden von Paysafecard selbst oder den Online Casinos festgesetzt.\",\"inLanguage\":\"de\"},\"inLanguage\":\"de\"},{\"@type\":\"Question\",\"@id\":\"https:\/\/info.cashtocode.com\/de\/casinos\/paysafecard\/#faq-question-1708678468147\",\"position\":3,\"url\":\"https:\/\/info.cashtocode.com\/de\/casinos\/paysafecard\/#faq-question-1708678468147\",\"name\":\"Kann ich mit Paysafecard Casino Auszahlungen durchf\u00fchren?\",\"answerCount\":1,\"acceptedAnswer\":{\"@type\":\"Answer\",\"text\":\"Nein, f\u00fcr Auszahlungen m\u00fcssen andere Methoden wie Bank\u00fcberweisungen oder E-Wallets verwendet werden.\",\"inLanguage\":\"de\"},\"inLanguage\":\"de\"},{\"@type\":\"Question\",\"@id\":\"https:\/\/info.cashtocode.com\/de\/casinos\/paysafecard\/#faq-question-1708678505124\",\"position\":4,\"url\":\"https:\/\/info.cashtocode.com\/de\/casinos\/paysafecard\/#faq-question-1708678505124\",\"name\":\"Was ist eine gute Alternative zu Paysafecard in Casinos?\",\"answerCount\":1,\"acceptedAnswer\":{\"@type\":\"Answer\",\"text\":\"CashtoCode ist eine beliebte Alternative, die \u00e4hnliche Vorteile wie Diskretion und Sicherheit bietet, aber auch h\u00f6here Einzahlungslimits erm\u00f6glicht.\",\"inLanguage\":\"de\"},\"inLanguage\":\"de\"}]}<\/script>\n<!-- \/ Yoast SEO Premium plugin. -->","yoast_head_json":{"title":"Paysafecard Casinos l 2026 | Anonyme Casino-Einzahlung","description":"Alle Paysafecard Casinos im \u00dcberblick\u2714\ufe0f Anonyme Casino-Einzahlungen\u2714\ufe0f Top Casino-Boni\u2714\ufe0f Casino-Erfahrungsberichte zu allen Casinos\u2714\ufe0f","robots":{"index":"index","follow":"follow","max-snippet":"max-snippet:-1","max-image-preview":"max-image-preview:large","max-video-preview":"max-video-preview:-1"},"canonical":"https:\/\/info.cashtocode.com\/de\/casinos\/paysafecard\/","twitter_card":"summary_large_image","twitter_title":"Paysafecard Casinos l 2026 | Anonyme Casino-Einzahlung","twitter_description":"Alle Paysafecard Casinos im \u00dcberblick\u2714\ufe0f Anonyme Casino-Einzahlungen\u2714\ufe0f Top Casino-Boni\u2714\ufe0f Casino-Erfahrungsberichte zu allen Casinos\u2714\ufe0f","twitter_image":"https:\/\/info.cashtocode.com\/wp-content\/uploads\/2023\/12\/Paysafecard-Casinos.jpg","twitter_misc":{"Gesch\u00e4tzte Lesezeit":"4\u00a0Minuten"},"schema":{"@context":"https:\/\/schema.org","@graph":[{"@type":["WebPage","FAQPage"],"@id":"https:\/\/info.cashtocode.com\/de\/casinos\/paysafecard\/","url":"https:\/\/info.cashtocode.com\/de\/casinos\/paysafecard\/","name":"Paysafecard Casinos l 2026 | Anonyme Casino-Einzahlung","isPartOf":{"@id":"https:\/\/info.cashtocode.com\/de\/#website"},"primaryImageOfPage":{"@id":"https:\/\/info.cashtocode.com\/de\/casinos\/paysafecard\/#primaryimage"},"image":{"@id":"https:\/\/info.cashtocode.com\/de\/casinos\/paysafecard\/#primaryimage"},"thumbnailUrl":"https:\/\/info.cashtocode.com\/wp-content\/uploads\/2023\/12\/Paysafecard-Casinos.jpg","datePublished":"2021-08-05T13:37:08+00:00","dateModified":"2024-10-18T07:49:11+00:00","description":"Alle Paysafecard Casinos im \u00dcberblick\u2714\ufe0f Anonyme Casino-Einzahlungen\u2714\ufe0f Top Casino-Boni\u2714\ufe0f Casino-Erfahrungsberichte zu allen Casinos\u2714\ufe0f","breadcrumb":{"@id":"https:\/\/info.cashtocode.com\/de\/casinos\/paysafecard\/#breadcrumb"},"mainEntity":[{"@id":"https:\/\/info.cashtocode.com\/de\/casinos\/paysafecard\/#faq-question-1708678381866"},{"@id":"https:\/\/info.cashtocode.com\/de\/casinos\/paysafecard\/#faq-question-1708678425495"},{"@id":"https:\/\/info.cashtocode.com\/de\/casinos\/paysafecard\/#faq-question-1708678468147"},{"@id":"https:\/\/info.cashtocode.com\/de\/casinos\/paysafecard\/#faq-question-1708678505124"}],"inLanguage":"de","potentialAction":[{"@type":"ReadAction","target":["https:\/\/info.cashtocode.com\/de\/casinos\/paysafecard\/"]}]},{"@type":"ImageObject","inLanguage":"de","@id":"https:\/\/info.cashtocode.com\/de\/casinos\/paysafecard\/#primaryimage","url":"https:\/\/info.cashtocode.com\/wp-content\/uploads\/2023\/12\/Paysafecard-Casinos.jpg","contentUrl":"https:\/\/info.cashtocode.com\/wp-content\/uploads\/2023\/12\/Paysafecard-Casinos.jpg","width":1200,"height":628,"caption":"Paysafecard Casinos"},{"@type":"BreadcrumbList","@id":"https:\/\/info.cashtocode.com\/de\/casinos\/paysafecard\/#breadcrumb","itemListElement":[{"@type":"ListItem","position":1,"name":"CashtoCode Casinos \u2013 sicher &amp; gepr\u00fcft!","item":"https:\/\/info.cashtocode.com\/de\/casinos\/"},{"@type":"ListItem","position":2,"name":"Paysafecard Casinos"}]},{"@type":"WebSite","@id":"https:\/\/info.cashtocode.com\/de\/#website","url":"https:\/\/info.cashtocode.com\/de\/","name":"CashtoCode Infoportal | Bar Bezahlen Im Internet leicht gemacht\u27a1\ufe0f","description":"","publisher":{"@id":"https:\/\/info.cashtocode.com\/de\/#organization"},"potentialAction":[{"@type":"SearchAction","target":{"@type":"EntryPoint","urlTemplate":"https:\/\/info.cashtocode.com\/de\/?s={search_term_string}"},"query-input":{"@type":"PropertyValueSpecification","valueRequired":true,"valueName":"search_term_string"}}],"inLanguage":"de"},{"@type":"Organization","@id":"https:\/\/info.cashtocode.com\/de\/#organization","name":"CashtoCode Infoportal | Bar Bezahlen Im Internet leicht gemacht\u27a1\ufe0f","url":"https:\/\/info.cashtocode.com\/de\/","logo":{"@type":"ImageObject","inLanguage":"de","@id":"https:\/\/info.cashtocode.com\/de\/#\/schema\/logo\/image\/","url":"https:\/\/info.cashtocode.com\/wp-content\/uploads\/2023\/12\/cashtocode-infoportal-logo.webp","contentUrl":"https:\/\/info.cashtocode.com\/wp-content\/uploads\/2023\/12\/cashtocode-infoportal-logo.webp","width":833,"height":248,"caption":"CashtoCode Infoportal | Bar Bezahlen Im Internet leicht gemacht\u27a1\ufe0f"},"image":{"@id":"https:\/\/info.cashtocode.com\/de\/#\/schema\/logo\/image\/"}},{"@type":"Question","@id":"https:\/\/info.cashtocode.com\/de\/casinos\/paysafecard\/#faq-question-1708678381866","position":1,"url":"https:\/\/info.cashtocode.com\/de\/casinos\/paysafecard\/#faq-question-1708678381866","name":"Wie funktioniert eine Paysafecard in Online Casinos?","answerCount":1,"acceptedAnswer":{"@type":"Answer","text":"Du kaufst eine Paysafecard mit einem vorbestimmten Wert und verwendest den darauf befindlichen 16-stelligen PIN-Code, um in Online Casinos einzuzahlen.","inLanguage":"de"},"inLanguage":"de"},{"@type":"Question","@id":"https:\/\/info.cashtocode.com\/de\/casinos\/paysafecard\/#faq-question-1708678425495","position":2,"url":"https:\/\/info.cashtocode.com\/de\/casinos\/paysafecard\/#faq-question-1708678425495","name":"Gibt es Einzahlungslimits bei Paysafecard Casinos?","answerCount":1,"acceptedAnswer":{"@type":"Answer","text":"Ja, es gibt typischerweise ein Maximalbetrag pro Transaktion und m\u00f6glicherweise auch t\u00e4gliche oder monatliche Limits. Die Limits werden von Paysafecard selbst oder den Online Casinos festgesetzt.","inLanguage":"de"},"inLanguage":"de"},{"@type":"Question","@id":"https:\/\/info.cashtocode.com\/de\/casinos\/paysafecard\/#faq-question-1708678468147","position":3,"url":"https:\/\/info.cashtocode.com\/de\/casinos\/paysafecard\/#faq-question-1708678468147","name":"Kann ich mit Paysafecard Casino Auszahlungen durchf\u00fchren?","answerCount":1,"acceptedAnswer":{"@type":"Answer","text":"Nein, f\u00fcr Auszahlungen m\u00fcssen andere Methoden wie Bank\u00fcberweisungen oder E-Wallets verwendet werden.","inLanguage":"de"},"inLanguage":"de"},{"@type":"Question","@id":"https:\/\/info.cashtocode.com\/de\/casinos\/paysafecard\/#faq-question-1708678505124","position":4,"url":"https:\/\/info.cashtocode.com\/de\/casinos\/paysafecard\/#faq-question-1708678505124","name":"Was ist eine gute Alternative zu Paysafecard in Casinos?","answerCount":1,"acceptedAnswer":{"@type":"Answer","text":"CashtoCode ist eine beliebte Alternative, die \u00e4hnliche Vorteile wie Diskretion und Sicherheit bietet, aber auch h\u00f6here Einzahlungslimits erm\u00f6glicht.","inLanguage":"de"},"inLanguage":"de"}]}},"_links":{"self":[{"href":"https:\/\/info.cashtocode.com\/de\/wp-json\/wp\/v2\/pages\/6463","targetHints":{"allow":["GET"]}}],"collection":[{"href":"https:\/\/info.cashtocode.com\/de\/wp-json\/wp\/v2\/pages"}],"about":[{"href":"https:\/\/info.cashtocode.com\/de\/wp-json\/wp\/v2\/types\/page"}],"author":[{"embeddable":true,"href":"https:\/\/info.cashtocode.com\/de\/wp-json\/wp\/v2\/users\/18"}],"replies":[{"embeddable":true,"href":"https:\/\/info.cashtocode.com\/de\/wp-json\/wp\/v2\/comments?post=6463"}],"version-history":[{"count":0,"href":"https:\/\/info.cashtocode.com\/de\/wp-json\/wp\/v2\/pages\/6463\/revisions"}],"up":[{"embeddable":true,"href":"https:\/\/info.cashtocode.com\/de\/wp-json\/wp\/v2\/pages\/615193"}],"wp:featuredmedia":[{"embeddable":true,"href":"https:\/\/info.cashtocode.com\/de\/wp-json\/wp\/v2\/media\/634385"}],"wp:attachment":[{"href":"https:\/\/info.cashtocode.com\/de\/wp-json\/wp\/v2\/media?parent=6463"}],"wp:term":[{"taxonomy":"category","embeddable":true,"href":"https:\/\/info.cashtocode.com\/de\/wp-json\/wp\/v2\/categories?post=6463"},{"taxonomy":"post_tag","embeddable":true,"href":"https:\/\/info.cashtocode.com\/de\/wp-json\/wp\/v2\/tags?post=6463"}],"curies":[{"name":"wp","href":"https:\/\/api.w.org\/{rel}","templated":true}]}}