{"id":616056,"date":"2023-03-15T10:42:34","date_gmt":"2023-03-15T10:42:34","guid":{"rendered":"https:\/\/info.cashtocode.com\/?post_type=product&#038;p=616056"},"modified":"2025-10-08T07:59:54","modified_gmt":"2025-10-08T07:59:54","slug":"netbet-casino","status":"publish","type":"product","link":"https:\/\/info.cashtocode.com\/de\/erfahrungen\/netbet-casino\/","title":{"rendered":"NetBet Casino Erfahrungen &#038; Test"},"content":{"rendered":"<div class=\"rate_bar_wrap\"><div class=\"review-top\"><div class=\"overall-score\"><span class=\"overall r_score_8\">7.5<\/span><span class=\"overall-text\">Expert Score<\/span><\/div><div class=\"review-text\"><div><div class=\"rehub-main-font font150 fontbold mb15\">Expertenmeinung<\/div>Das Netbet Casino punktet mit verlockenden Angeboten f\u00fcr Neu- und Bestandskunden. Die deutschsprachige Webseite und der Live-Chat sorgen f\u00fcr eine unkomplizierte Kommunikation und schnelle Hilfe bei Fragen oder Anliegen. Das hervorragende Live-Casino verspricht authentische Spielerlebnisse und spannende Unterhaltung. <\/div><\/div><\/div><div class=\"rh-line mb10 mt10\"><\/div><div class=\"pt30 mt10\"><div class=\"rate-bar clearfix\" data-percent=\"71%\">\r\n\t\t\t\t\t\t\t\t<div class=\"rate-bar-title\"><span>Spiele<\/span><\/div>\r\n\t\t\t\t\t\t\t\t<div class=\"rate-bar-bar r_score_7\"><\/div>\r\n\t\t\t\t\t\t\t\t<div class=\"rate-bar-percent\">7.1<\/div>\r\n\t\t\t\t\t\t\t<\/div><div class=\"rate-bar clearfix\" data-percent=\"80%\">\r\n\t\t\t\t\t\t\t\t<div class=\"rate-bar-title\"><span>Sicherheit<\/span><\/div>\r\n\t\t\t\t\t\t\t\t<div class=\"rate-bar-bar r_score_8\"><\/div>\r\n\t\t\t\t\t\t\t\t<div class=\"rate-bar-percent\">8<\/div>\r\n\t\t\t\t\t\t\t<\/div><div class=\"rate-bar clearfix\" data-percent=\"70%\">\r\n\t\t\t\t\t\t\t\t<div class=\"rate-bar-title\"><span>Casino Bonus<\/span><\/div>\r\n\t\t\t\t\t\t\t\t<div class=\"rate-bar-bar r_score_7\"><\/div>\r\n\t\t\t\t\t\t\t\t<div class=\"rate-bar-percent\">7<\/div>\r\n\t\t\t\t\t\t\t<\/div><div class=\"rate-bar clearfix\" data-percent=\"81%\">\r\n\t\t\t\t\t\t\t\t<div class=\"rate-bar-title\"><span>Kundenservice<\/span><\/div>\r\n\t\t\t\t\t\t\t\t<div class=\"rate-bar-bar r_score_8\"><\/div>\r\n\t\t\t\t\t\t\t\t<div class=\"rate-bar-percent\">8.1<\/div>\r\n\t\t\t\t\t\t\t<\/div><div class=\"rate-bar clearfix\" data-percent=\"74%\">\r\n\t\t\t\t\t\t\t\t<div class=\"rate-bar-title\"><span>Bezahlmethoden<\/span><\/div>\r\n\t\t\t\t\t\t\t\t<div class=\"rate-bar-bar r_score_7\"><\/div>\r\n\t\t\t\t\t\t\t\t<div class=\"rate-bar-percent\">7.4<\/div>\r\n\t\t\t\t\t\t\t<\/div><\/div><div class=\"mt20 flowhidden\"><div class=\"wpsm-one-half wpsm-column-first\"><div class=\"wpsm_pros\"><div class=\"title_pros\">PROS<\/div><ul><li>20 Freispiele ohne Einzahlung\r<\/li><li>200\u20ac Bonus + 200 Freispiele\r<\/li><li>deutschsprachige Webseite & Live-Chat\r<\/li><li>Sehr gutes Live Casino\r<\/li><li>100% sicher: europ\u00e4ische Lizenz<\/li><\/ul><\/div><\/div><div class=\"wpsm-one-half wpsm-column-last\"><div class=\"wpsm_cons\"><div class=\"title_cons\">CONS<\/div><ul><li>keine Nachteile!<\/li><\/ul><\/div><\/div><\/div><\/div>\n\n\n\n<h2 class=\"wp-block-heading\" id=\"netbet-casino-erfahrungen\">Netbet Casino Erfahrungen<\/h2>\n\n\n\n<p>Netbet ist bereits ein alter Hase in der Online Casino Welt. W\u00e4hrend viele alte Online Casinos von der Bildfl\u00e4che verschwunden sind, z\u00e4hlt Netbet heute zu den gr\u00f6\u00dften und sichersten Online Casinos der Welt. Doch woran liegt das? Wie gut ist die Spieleauswahl? Gibt es Freispiele zum Willkommensbonus? Diese und weitere Bereiche werden wir in unseren Netbet Erfahrungen mit Dir teilen.<\/p>\n\n\n\n<h2 class=\"wp-block-heading\" id=\"netbet-casino-bonus-20-freispiele-ohne-einzahlung-200-bonus-500-freispiele-fur-book-of-dead\">Netbet Casino Bonus: 20 Freispiele ohne Einzahlung + 200\u20ac Bonus + 500 Freispiele f\u00fcr Book of Dead<\/h2>\n\n\n\n<p>Das Casino Netbet schenkt allen neuen neuen Spielern 20 Freispiele ohne Einzahlung. Zus\u00e4tzlich gibt es einen 100% Bonus bis 200\u20ac mit 500 weiteren Freispielen f\u00fcr den Slot Kracher Book of Dead, welche nach der erfolgreichen Einzahlung sofort auf das Netbet Konto gutgeschrieben werden.<\/p>\n\n\n\n<h3 class=\"wp-block-heading\" id=\"bonusbedingungen\">Bonusbedingungen<\/h3>\n\n\n\n<ul class=\"wp-block-list\">\n<li>Der Bonus gilt nur f\u00fcr Neukunden des Netbet Casinos<\/li>\n\n\n\n<li>Bei der Registrierung musst Du f\u00fcr die 20 Freispiele den Bonuscode 20GRATIS eingeben<\/li>\n\n\n\n<li>F\u00fcr den Willkommensbonus muss der Bonuscode 20GRATIS eingegeben werden<\/li>\n\n\n\n<li>Der Willkommensbonus muss 30 Mal freigespielt werden.<\/li>\n\n\n\n<li>Der Bonus f\u00fcr die Freispiele muss 40 Mal freigespielt werden<\/li>\n\n\n\n<li>Minimumeinzahlung betr\u00e4gt 10\u20ac<\/li>\n<\/ul>\n\n\n\n<h2 class=\"wp-block-heading\" id=\"netbet-players-club\">Netbet Players Club!<\/h2>\n\n\n\n<p>Das Casino Netbet bietet Dir einen VIP Club mit dem Namen Players Club an, bei dem Du tolle Cash Pr\u00e4mien kassieren kannst. Der VIP Club besteht aus 7 Levels: Bronze, Silver, Gold, Diamond, Platinum, Stellar und Elite.<\/p>\n\n\n\n<p>W\u00e4hrend Du bei Netbet spielst, bekommst Du automatisch Netpunkte, die Du dann f\u00fcr Bonus Angebote und Echtgeld tauschen kannst. Je h\u00f6her Du steigst, desto mehr Netpunkte bekommst Du beim Spielen.<\/p>\n\n\n\n<h2 class=\"wp-block-heading\" id=\"netbet-spiele\">Netbet Spiele<\/h2>\n\n\n\n<p>Dank der Zusammenarbeit mit \u00fcber 20 Software Herstellern wie Play'n GO, Novomatic, NetEnt, Microgaming, Thunderkick und Oryx Gaming kannst Du aus tausenden Spielautomaten ausw\u00e4hlen.<\/p>\n\n\n\n<p>Die Suche ist dank des \u00fcbersichtlichen Men\u00fcs denkbar einfach. Tats\u00e4chlich gibt es 15 Optionen, wie man die Slots filtern kann. Diese setzten sich wie folgt zusammen: Beliebteste, Neue Spiele, Holidays, Daily Jackpot, Sport, Netbet Auswahl, Jackpot, Spielautomaten, Roulette, Blackjack, Baccarat, Live Casino, Kartenspiele, Anbieter und Alle Spiele. Zus\u00e4tzlich gibt es auch ein Suchfeld, damit Du Deinen Lieblings Slot sofort findest.<\/p>\n\n\n\n<h3 class=\"wp-block-heading\" id=\"spieleautomaten\">Spieleautomaten<\/h3>\n\n\n\n<p>Wie Du bereits auf dem Bild siehst, gibt es bei Netbet alle hochklassigen Slots zu spielen: Book of Dead, Legacy of Dead, Starburst, La Dolce Vita, Hotline, Book of Oz, The Dog House. Tats\u00e4chlich gibt es tausende weitere Slots, die nur darauf warten von Dir erkundet zu werden.<\/p>\n\n\n\n<p>Netbet listet aber auch viele neue Slots. Zum Beispiel haben wir John Hunter and the Book of Tut angespielt. Das Game, bei dem man auf eine gef\u00e4hrliche Schatzsuche geht, fesselte uns einige Stunden. Wir fanden auch Robin Hood's Wild Forest und Aztec Spins sehr unterhaltsam.<\/p>\n\n\n\n<h3 class=\"wp-block-heading\" id=\"jackpot-spiele\">Jackpot Spiele<\/h3>\n\n\n\n<p>Bei den Jackpot Spielen unterscheidet das Casino Netbet zwischen Daily Jackpots, also t\u00e4glichen Jackpots und den Mega Jackpots.<\/p>\n\n\n\n<p>Bei den t\u00e4glichen Jackpots haben wir Atlantis, The Wild Hatter und Rio Stars angetestet. Vor allem der Slot Rio Stars von Red Tiger war unglaublich unterhaltsam. Hier wurden wir in den brasilianischen Karneval &#8222;entf\u00fchrt&#8220;, wo wir von Sambat\u00e4nzern, Trommeln und Papageien umgeben waren.<\/p>\n\n\n\n<p>Bei den Mega Jackpots gibt es die \u00fcblichen Verd\u00e4chtigen wie Mega Fortune, Hall of Gods, Arabian Nights, Divine Fortune. Die Jackpots betragen in der Regel mehrere Millionen Euro und ein Gewinn auf einem dieser Slots ver\u00e4ndert bestimmt Dein Leben. Nat\u00fcrlich brauchst Du daf\u00fcr eine Menge Gl\u00fcck. Deshalb spiele bitte immer mit kleinen Betr\u00e4gen, sodass der Spa\u00dffaktor im Vordergrund bleibt.<\/p>\n\n\n\n<h2 class=\"wp-block-heading\" id=\"netbet-live-casino\">Netbet Live Casino<\/h2>\n\n\n\n<p>Das Netbet Live Casino ist klein, aber fein. Hier arbeitet das Casino mit Evolution Gaming zusammen, das ein Garant f\u00fcr einen perfekten Mix aus Entertainment und Professionalit\u00e4t ist. Egal ob Roulette, Blackjack, Poker, Lightning Dice oder Super Sic Bo, das Netbet Casino l\u00e4sst keine W\u00fcnsche offen. Des Weiteren kannst Du auch Monopoly Live, Deal or No Deal und Dream Catcher spielen. Vor allem Monopoly Live hat uns in unsere Kindheit zur\u00fcckversetzt und uns viel Spa\u00df bereitet.<\/p>\n\n\n\n<h2 class=\"wp-block-heading\" id=\"netbet-app\">Netbet App<\/h2>\n\n\n\n<p>Im Bereich des mobilen Spielens auf Smartphones und Tablets spielt das Netbet Casino in einer eigenen Liga. Die mobile Version l\u00e4uft sowohl auf Android und Apple Ger\u00e4ten fl\u00fcssig. Auch ist das Spieleangebot riesig und man wird regelm\u00e4\u00dfig \u00fcber neue Promotions in Kenntnis gesetzt. <\/p>\n\n\n\n<h2 class=\"wp-block-heading\" id=\"netbet-support\">Netbet Support<\/h2>\n\n\n\n<p>Netbet erreichst Du \u00fcber 3 M\u00f6glichkeiten. Die erste M\u00f6glichkeit ist ein Online Formular, bei dem Du Deine Frage eingibst. Hier unbedingt darauf achten, dass Du die korrekte E-Mail-Adresse angibst, damit Netbet Dir antworten kann. Au\u00dferdem steht Dir auch ein Live-Chat auf Deutsch zur Verf\u00fcgung. Seit kurzem erreichst Du das CashtoCode Casino auch \u00fcber WhatsApp. Das finden wir richtig stark!<\/p>\n\n\n\n<h2 class=\"wp-block-heading\" id=\"netbet-casino-erfahrungen-fazit\">Netbet Casino Erfahrungen & Fazit<\/h2>\n\n\n\n<p>Das Netbet Casino gl\u00e4nzt auf ganzer Linie. Der Willkommensbonus ist mit den 500 Freispielen f\u00fcr den Slot Book of Dead ein toller Einstieg. Das Angebot ist dank der Zusammenarbeit mit \u00fcber 20 Spieleherstellern gigantisch und bei Problemen erreichst Du das Casino \u00fcber Live-Chat und WhatsApp &#8211; egal ob von Deinem Laptop oder Handy.<\/p>\n\n\n\n<h2 class=\"wp-block-heading\" id=\"faq\">FAQ<\/h2>\n\n\n<div class=\"wpsm-accordion mb30\" data-accordion=\"yes\" itemscope=\"\" itemtype=\"https:\/\/schema.org\/FAQPage\"><div class=\"wpsm-accordion-item close\" itemscope=\"\" itemprop=\"mainEntity\" itemtype=\"https:\/\/schema.org\/Question\"><h3 class=\"wpsm-accordion-trigger\" itemprop=\"name\">Welche Slots bietet das Netbet Casino an?<\/h3><div class=\"accordion-content\"  itemscope=\"\" itemprop=\"acceptedAnswer\" itemtype=\"https:\/\/schema.org\/Answer\"><div itemprop=\"text\">Das Netbet Casino arbeitet mit \u00fcber 20 Software Herstellern zusammen. Zu den bekanntesten Slots z\u00e4hlen Book of Dead, Starburst, Legacy of Dead, La Dolce Vita, Hotline, Book of Oz und The Dog House. Insgesamt kannst Du aus \u00fcber 1.000 Spieleautomaten ausw\u00e4hlen.<\/div><\/div><\/div><div class=\"wpsm-accordion-item close\" itemscope=\"\" itemprop=\"mainEntity\" itemtype=\"https:\/\/schema.org\/Question\"><h3 class=\"wpsm-accordion-trigger\" itemprop=\"name\">Bietet Netbet einen VIP Club an?<\/h3><div class=\"accordion-content\"  itemscope=\"\" itemprop=\"acceptedAnswer\" itemtype=\"https:\/\/schema.org\/Answer\"><div itemprop=\"text\">Ja, bei Netbet hei\u00dft der VIP Club Players Club. Im Players Club gibt es 7 Levels, bei denen Du unterschiedlich viele Netpunkte sammeln kannst. Diese Netpunkte kannst Du gegen Bonus Angebote und Echtgeld tauschen.<\/div><\/div><\/div><\/div>\n","protected":false},"excerpt":{"rendered":"<p>Netbet Casino Erfahrungen Netbet ist bereits ein alter Hase in der Online Casino Welt. W\u00e4hrend viele alte Online Casinos von der Bildfl\u00e4che verschwunden sind, z\u00e4hlt Netbet heute zu den gr\u00f6\u00dften und sichersten Online Casinos der Welt. Doch woran liegt das? Wie gut ist die Spieleauswahl? Gibt es Freispiele zum Willkommensbonus? Diese und weitere Bereiche werden [&hellip;]<\/p>\n","protected":false},"author":18,"featured_media":618559,"template":"","meta":{"_acf_changed":false,"_gspb_post_css":""},"store":[],"product_brand":[],"product_cat":[811,691],"product_tag":[],"class_list":{"0":"post-616056","1":"product","2":"type-product","3":"status-publish","4":"has-post-thumbnail","6":"product_cat-casino","7":"product_cat-erfahrungen","9":"first","10":"instock","11":"shipping-taxable","12":"product-type-external"},"acf":[],"yoast_head":"<!-- This site is optimized with the Yoast SEO Premium plugin v26.3 (Yoast SEO v26.3) - https:\/\/yoast.com\/wordpress\/plugins\/seo\/ -->\n<title>Netbet Casino Angebots-Check 2026 | Jetzt Bonus sichern<\/title>\n<meta name=\"description\" content=\"W\u00e4hle aus 2.000+ Spielen im Netbet Casino. Erhalte bis zu 200\u20ac Bonus + 520 Freispiele. Auszahlungen innerhalb von 2 Tagen.\" \/>\n<meta name=\"robots\" content=\"index, follow, max-snippet:-1, max-image-preview:large, max-video-preview:-1\" \/>\n<link rel=\"canonical\" href=\"https:\/\/info.cashtocode.com\/de\/erfahrungen\/netbet-casino\/\" \/>\n<meta name=\"twitter:card\" content=\"summary_large_image\" \/>\n<meta name=\"twitter:title\" content=\"Netbet Casino Angebots-Check 2026 | Jetzt Bonus sichern\" \/>\n<meta name=\"twitter:description\" content=\"W\u00e4hle aus 2.000+ Spielen im Netbet Casino. Erhalte bis zu 200\u20ac Bonus + 520 Freispiele. Auszahlungen innerhalb von 2 Tagen.\" \/>\n<meta name=\"twitter:image\" content=\"https:\/\/info.cashtocode.com\/wp-content\/uploads\/2023\/03\/netbet-logo.png\" \/>\n<meta name=\"twitter:label1\" content=\"Gesch\u00e4tzte Lesezeit\" \/>\n\t<meta name=\"twitter:data1\" content=\"5\u00a0Minuten\" \/>\n<script type=\"application\/ld+json\" class=\"yoast-schema-graph\">{\"@context\":\"https:\/\/schema.org\",\"@graph\":[{\"@type\":\"WebPage\",\"@id\":\"https:\/\/info.cashtocode.com\/de\/erfahrungen\/netbet-casino\/\",\"url\":\"https:\/\/info.cashtocode.com\/de\/erfahrungen\/netbet-casino\/\",\"name\":\"Netbet Casino Angebots-Check 2026 | Jetzt Bonus sichern\",\"isPartOf\":{\"@id\":\"https:\/\/info.cashtocode.com\/de\/#website\"},\"primaryImageOfPage\":{\"@id\":\"https:\/\/info.cashtocode.com\/de\/erfahrungen\/netbet-casino\/#primaryimage\"},\"image\":{\"@id\":\"https:\/\/info.cashtocode.com\/de\/erfahrungen\/netbet-casino\/#primaryimage\"},\"thumbnailUrl\":\"https:\/\/info.cashtocode.com\/wp-content\/uploads\/2023\/03\/netbet-logo.png\",\"datePublished\":\"2023-03-15T10:42:34+00:00\",\"dateModified\":\"2025-10-08T07:59:54+00:00\",\"description\":\"W\u00e4hle aus 2.000+ Spielen im Netbet Casino. Erhalte bis zu 200\u20ac Bonus + 520 Freispiele. Auszahlungen innerhalb von 2 Tagen.\",\"breadcrumb\":{\"@id\":\"https:\/\/info.cashtocode.com\/de\/erfahrungen\/netbet-casino\/#breadcrumb\"},\"inLanguage\":\"de\",\"potentialAction\":[{\"@type\":\"ReadAction\",\"target\":[\"https:\/\/info.cashtocode.com\/de\/erfahrungen\/netbet-casino\/\"]}]},{\"@type\":\"ImageObject\",\"inLanguage\":\"de\",\"@id\":\"https:\/\/info.cashtocode.com\/de\/erfahrungen\/netbet-casino\/#primaryimage\",\"url\":\"https:\/\/info.cashtocode.com\/wp-content\/uploads\/2023\/03\/netbet-logo.png\",\"contentUrl\":\"https:\/\/info.cashtocode.com\/wp-content\/uploads\/2023\/03\/netbet-logo.png\",\"width\":600,\"height\":600,\"caption\":\"netbet\"},{\"@type\":\"BreadcrumbList\",\"@id\":\"https:\/\/info.cashtocode.com\/de\/erfahrungen\/netbet-casino\/#breadcrumb\",\"itemListElement\":[{\"@type\":\"ListItem\",\"position\":1,\"name\":\"Produkte\",\"item\":\"https:\/\/info.cashtocode.com\/de\/shop\/\"},{\"@type\":\"ListItem\",\"position\":2,\"name\":\"NetBet Casino Erfahrungen &#038; Test\"}]},{\"@type\":\"WebSite\",\"@id\":\"https:\/\/info.cashtocode.com\/de\/#website\",\"url\":\"https:\/\/info.cashtocode.com\/de\/\",\"name\":\"CashtoCode Infoportal | Bar Bezahlen Im Internet leicht gemacht\u27a1\ufe0f\",\"description\":\"\",\"publisher\":{\"@id\":\"https:\/\/info.cashtocode.com\/de\/#organization\"},\"potentialAction\":[{\"@type\":\"SearchAction\",\"target\":{\"@type\":\"EntryPoint\",\"urlTemplate\":\"https:\/\/info.cashtocode.com\/de\/?s={search_term_string}\"},\"query-input\":{\"@type\":\"PropertyValueSpecification\",\"valueRequired\":true,\"valueName\":\"search_term_string\"}}],\"inLanguage\":\"de\"},{\"@type\":\"Organization\",\"@id\":\"https:\/\/info.cashtocode.com\/de\/#organization\",\"name\":\"CashtoCode Infoportal | Bar Bezahlen Im Internet leicht gemacht\u27a1\ufe0f\",\"url\":\"https:\/\/info.cashtocode.com\/de\/\",\"logo\":{\"@type\":\"ImageObject\",\"inLanguage\":\"de\",\"@id\":\"https:\/\/info.cashtocode.com\/de\/#\/schema\/logo\/image\/\",\"url\":\"https:\/\/info.cashtocode.com\/wp-content\/uploads\/2023\/12\/cashtocode-infoportal-logo.webp\",\"contentUrl\":\"https:\/\/info.cashtocode.com\/wp-content\/uploads\/2023\/12\/cashtocode-infoportal-logo.webp\",\"width\":833,\"height\":248,\"caption\":\"CashtoCode Infoportal | Bar Bezahlen Im Internet leicht gemacht\u27a1\ufe0f\"},\"image\":{\"@id\":\"https:\/\/info.cashtocode.com\/de\/#\/schema\/logo\/image\/\"}}]}<\/script>\n<!-- \/ Yoast SEO Premium plugin. -->","yoast_head_json":{"title":"Netbet Casino Angebots-Check 2026 | Jetzt Bonus sichern","description":"W\u00e4hle aus 2.000+ Spielen im Netbet Casino. Erhalte bis zu 200\u20ac Bonus + 520 Freispiele. Auszahlungen innerhalb von 2 Tagen.","robots":{"index":"index","follow":"follow","max-snippet":"max-snippet:-1","max-image-preview":"max-image-preview:large","max-video-preview":"max-video-preview:-1"},"canonical":"https:\/\/info.cashtocode.com\/de\/erfahrungen\/netbet-casino\/","twitter_card":"summary_large_image","twitter_title":"Netbet Casino Angebots-Check 2026 | Jetzt Bonus sichern","twitter_description":"W\u00e4hle aus 2.000+ Spielen im Netbet Casino. Erhalte bis zu 200\u20ac Bonus + 520 Freispiele. Auszahlungen innerhalb von 2 Tagen.","twitter_image":"https:\/\/info.cashtocode.com\/wp-content\/uploads\/2023\/03\/netbet-logo.png","twitter_misc":{"Gesch\u00e4tzte Lesezeit":"5\u00a0Minuten"},"schema":{"@context":"https:\/\/schema.org","@graph":[{"@type":"WebPage","@id":"https:\/\/info.cashtocode.com\/de\/erfahrungen\/netbet-casino\/","url":"https:\/\/info.cashtocode.com\/de\/erfahrungen\/netbet-casino\/","name":"Netbet Casino Angebots-Check 2026 | Jetzt Bonus sichern","isPartOf":{"@id":"https:\/\/info.cashtocode.com\/de\/#website"},"primaryImageOfPage":{"@id":"https:\/\/info.cashtocode.com\/de\/erfahrungen\/netbet-casino\/#primaryimage"},"image":{"@id":"https:\/\/info.cashtocode.com\/de\/erfahrungen\/netbet-casino\/#primaryimage"},"thumbnailUrl":"https:\/\/info.cashtocode.com\/wp-content\/uploads\/2023\/03\/netbet-logo.png","datePublished":"2023-03-15T10:42:34+00:00","dateModified":"2025-10-08T07:59:54+00:00","description":"W\u00e4hle aus 2.000+ Spielen im Netbet Casino. Erhalte bis zu 200\u20ac Bonus + 520 Freispiele. Auszahlungen innerhalb von 2 Tagen.","breadcrumb":{"@id":"https:\/\/info.cashtocode.com\/de\/erfahrungen\/netbet-casino\/#breadcrumb"},"inLanguage":"de","potentialAction":[{"@type":"ReadAction","target":["https:\/\/info.cashtocode.com\/de\/erfahrungen\/netbet-casino\/"]}]},{"@type":"ImageObject","inLanguage":"de","@id":"https:\/\/info.cashtocode.com\/de\/erfahrungen\/netbet-casino\/#primaryimage","url":"https:\/\/info.cashtocode.com\/wp-content\/uploads\/2023\/03\/netbet-logo.png","contentUrl":"https:\/\/info.cashtocode.com\/wp-content\/uploads\/2023\/03\/netbet-logo.png","width":600,"height":600,"caption":"netbet"},{"@type":"BreadcrumbList","@id":"https:\/\/info.cashtocode.com\/de\/erfahrungen\/netbet-casino\/#breadcrumb","itemListElement":[{"@type":"ListItem","position":1,"name":"Produkte","item":"https:\/\/info.cashtocode.com\/de\/shop\/"},{"@type":"ListItem","position":2,"name":"NetBet Casino Erfahrungen &#038; Test"}]},{"@type":"WebSite","@id":"https:\/\/info.cashtocode.com\/de\/#website","url":"https:\/\/info.cashtocode.com\/de\/","name":"CashtoCode Infoportal | Bar Bezahlen Im Internet leicht gemacht\u27a1\ufe0f","description":"","publisher":{"@id":"https:\/\/info.cashtocode.com\/de\/#organization"},"potentialAction":[{"@type":"SearchAction","target":{"@type":"EntryPoint","urlTemplate":"https:\/\/info.cashtocode.com\/de\/?s={search_term_string}"},"query-input":{"@type":"PropertyValueSpecification","valueRequired":true,"valueName":"search_term_string"}}],"inLanguage":"de"},{"@type":"Organization","@id":"https:\/\/info.cashtocode.com\/de\/#organization","name":"CashtoCode Infoportal | Bar Bezahlen Im Internet leicht gemacht\u27a1\ufe0f","url":"https:\/\/info.cashtocode.com\/de\/","logo":{"@type":"ImageObject","inLanguage":"de","@id":"https:\/\/info.cashtocode.com\/de\/#\/schema\/logo\/image\/","url":"https:\/\/info.cashtocode.com\/wp-content\/uploads\/2023\/12\/cashtocode-infoportal-logo.webp","contentUrl":"https:\/\/info.cashtocode.com\/wp-content\/uploads\/2023\/12\/cashtocode-infoportal-logo.webp","width":833,"height":248,"caption":"CashtoCode Infoportal | Bar Bezahlen Im Internet leicht gemacht\u27a1\ufe0f"},"image":{"@id":"https:\/\/info.cashtocode.com\/de\/#\/schema\/logo\/image\/"}}]}},"_links":{"self":[{"href":"https:\/\/info.cashtocode.com\/de\/wp-json\/wp\/v2\/product\/616056","targetHints":{"allow":["GET"]}}],"collection":[{"href":"https:\/\/info.cashtocode.com\/de\/wp-json\/wp\/v2\/product"}],"about":[{"href":"https:\/\/info.cashtocode.com\/de\/wp-json\/wp\/v2\/types\/product"}],"author":[{"embeddable":true,"href":"https:\/\/info.cashtocode.com\/de\/wp-json\/wp\/v2\/users\/18"}],"wp:featuredmedia":[{"embeddable":true,"href":"https:\/\/info.cashtocode.com\/de\/wp-json\/wp\/v2\/media\/618559"}],"wp:attachment":[{"href":"https:\/\/info.cashtocode.com\/de\/wp-json\/wp\/v2\/media?parent=616056"}],"wp:term":[{"taxonomy":"store","embeddable":true,"href":"https:\/\/info.cashtocode.com\/de\/wp-json\/wp\/v2\/store?post=616056"},{"taxonomy":"product_brand","embeddable":true,"href":"https:\/\/info.cashtocode.com\/de\/wp-json\/wp\/v2\/product_brand?post=616056"},{"taxonomy":"product_cat","embeddable":true,"href":"https:\/\/info.cashtocode.com\/de\/wp-json\/wp\/v2\/product_cat?post=616056"},{"taxonomy":"product_tag","embeddable":true,"href":"https:\/\/info.cashtocode.com\/de\/wp-json\/wp\/v2\/product_tag?post=616056"}],"curies":[{"name":"wp","href":"https:\/\/api.w.org\/{rel}","templated":true}]}}