{"id":616812,"date":"2023-03-22T10:14:58","date_gmt":"2023-03-22T10:14:58","guid":{"rendered":"https:\/\/info.cashtocode.com\/?post_type=product&#038;p=616812"},"modified":"2025-10-08T06:21:07","modified_gmt":"2025-10-08T06:21:07","slug":"campobet-sportwetten","status":"publish","type":"product","link":"https:\/\/info.cashtocode.com\/de\/erfahrungen\/campobet-sportwetten\/","title":{"rendered":"CampoBet Erfahrungen &#038; Test"},"content":{"rendered":"<div class=\"rate_bar_wrap\"><div class=\"review-top\"><div class=\"overall-score\"><span class=\"overall r_score_8\">8.1<\/span><span class=\"overall-text\">Expert Score<\/span><\/div><div class=\"review-text\"><div><div class=\"rehub-main-font font150 fontbold mb15\">Expertenmeinung<\/div>Campobet Sportwetten \u00fcberzeugt mit einem 100% Willkommensbonus von bis zu 200\u20ac und bietet den Spielern 10% Cashback auf Verluste. Die Plattform pr\u00e4sentiert eine breite Palette von \u00fcber 30 Sportarten, einschlie\u00dflich einer gro\u00dfen Auswahl an E-Sports.<\/div><\/div><\/div><div class=\"rh-line mb10 mt10\"><\/div><div class=\"mt20 flowhidden\"><div class=\"wpsm-one-half wpsm-column-first\"><div class=\"wpsm_pros\"><div class=\"title_pros\">PROS<\/div><ul><li>100% Bonus bis 200\u20ac\r<\/li><li>10% Cashback\r<\/li><li>\u00fcber 30 Sportarten\r<\/li><li>gro\u00dfe E-sports Auswahl\r<\/li><li>50% Reload Bonus<\/li><\/ul><\/div><\/div><div class=\"wpsm-one-half wpsm-column-last\"><div class=\"wpsm_cons\"><div class=\"title_cons\">CONS<\/div><ul><li>deutschsprachiger Support nicht immer verf\u00fcgbar<\/li><\/ul><\/div><\/div><\/div><\/div>\n\n\n\n<h2 class=\"wp-block-heading\" id=\"campobet-erfahrungen\">CampoBet Erfahrungen<\/h2>\n\n\n\n<p>Der Wettanbieter CampoBet versucht sich als Neueinsteiger mit einem <strong>ausgefallenen Wettangebot<\/strong> von der Konkurrenz abzuheben. Ist das die richtige Strategie? Wie ist der <strong>Willkommensbonus<\/strong>? Kann dieser mit Tipbet oder BetWinner mithalten? Welche weiteren <strong>Angebote<\/strong> gibt es und wie steht es um die <strong>Wettfunktionen<\/strong>? Gibt es <strong>faire Quoten<\/strong> und einen <strong>deutschsprachigen<\/strong> <strong>Kundenservice<\/strong>? Der CashtoCode Test liefert dir die Antworten auf alle Fragen. Wir versprechen dir, dass sich das Lesen lohnen wird.<\/p>\n\n\n\n<h2 class=\"wp-block-heading\" id=\"campobet-bonus-100-bis-200\">CampoBet Bonus: 100% bis 200\u20ac<\/h2>\n\n\n\n<p>Der <strong> Wettanbieter<\/strong> bietet dir auf deine erste Einzahlung einen klassischen <strong>100% Bonus bis 200\u20ac<\/strong> an. <strong>WICHTIG<\/strong>: Um den Bonus zu erhalten musst du den Live-Chat kontaktieren, da dieser nicht automatisch gutgeschrieben wird.<\/p>\n\n\n\n<h3 class=\"wp-block-heading\" id=\"bonusbedingungen\">Bonusbedingungen<\/h3>\n\n\n\n<ul class=\"wp-block-list\">\n<li>Die Mindesteinzahlung ist 20\u20ac.<\/li>\n\n\n\n<li>Der Maximalbetrag betr\u00e4gt 200\u20ac.<\/li>\n\n\n\n<li>Der Bonus muss 5x umgesetzt werden.<\/li>\n\n\n\n<li>Die Mindestquote pro Einzelwette betr\u00e4gt 2,00.<\/li>\n\n\n\n<li>Die Mindestquote pro Kombiwette betr\u00e4gt 1,50.<\/li>\n\n\n\n<li>Die Bonusbedingungen m\u00fcssen innerhalb 30 Tage erf\u00fcllt werden.<\/li>\n\n\n\n<li>Bonus kann nicht im Casino und Live-Casino verwendet werden.<\/li>\n\n\n\n<li><\/li>\n<\/ul>\n\n\n\n<h2 class=\"wp-block-heading\" id=\"campobet-wettangebot\">CampoBet Wettangebot<\/h2>\n\n\n\n<p>Die <strong>CampoBet Erfahrungen<\/strong> zeigen, dass der<strong> Wettanbieter<\/strong> dir ein vielseitiges Wettangebot bietet. So kannst du aus \u00fcber <strong>30 Sportarten<\/strong> w\u00e4hlen. Aufgepasst, denn es gibt sogar eine <strong>Spezial-Rubrik<\/strong>, die Wetten innerhalb der <strong>Unterhaltung<\/strong>, der <strong>Politik<\/strong> oder der <strong>Musik<\/strong> anbietet. Das hei\u00dft, dass du bei verschiedenen Wahlen oder Awards auf K\u00fcnstler oder Politiker setzen kannst. Ansonsten steht aber der Sport im Vordergrund. <strong>Australian Football<\/strong> oder auch <strong>Bandy<\/strong> sind beispielsweise nicht bei jedem anderen Sportwettenanbieter zu finden.<\/p>\n\n\n\n<p>Zudem konzentriert sich der <strong> Wettanbieter <\/strong>auch auf virtuelle Sportarten. Hier kannst zwischen <strong>Counter-Strike<\/strong>, <strong>Dota 2, FIFA, NBA2K, StarCraft 2 <\/strong>oder <strong>League of Legends<\/strong> w\u00e4hlen. Nat\u00fcrlich stehen aber auch die klassischen Sportarten wie <strong>Fu\u00dfball<\/strong>, <strong>Basketball<\/strong>, <strong>Tennis<\/strong> oder <strong>Eishockey<\/strong> zur Auswahl. Die Tiefe innerhalb dieser bekannten Sportarten macht dein Wetterlebnis noch abwechslungsreicher. In <strong>Deutschland<\/strong>, <strong>England<\/strong>, <strong>Italien<\/strong> oder <strong>Spanien<\/strong> findest du im Fu\u00dfball so auch Spiele aus den <strong>Amateurligen<\/strong>.<\/p>\n\n\n\n<h3 class=\"wp-block-heading\" id=\"campobet-wettfunktionen\">CampoBet Wettfunktionen<\/h3>\n\n\n\n<p>Die Auswahl der Wettfunktionen bei CampoBet wird dir sicher gefallen. Neben den Klassikern wie der <strong>Ergebnis-Wette<\/strong>, der <strong>Handicap-Wette<\/strong>, der <strong>doppelten Chance<\/strong> oder auch der <strong>\u00dcber\/Unter-Wette<\/strong> gibt es weitere interessante Wettfunktionen im Angebot. Im Fu\u00dfball kannst du so beispielsweise auf <strong>Ecken<\/strong>, <strong>Karten<\/strong> oder <strong>Spieler<\/strong> setzen. \u00c4hnliches gilt auch f\u00fcr andere Sportarten, wo du ebenfalls individuelle <strong>Spezialwetten<\/strong> angeboten bekommst.<\/p>\n\n\n\n<h3 class=\"wp-block-heading\" id=\"campobet-quoten\">CampoBet Quoten<\/h3>\n\n\n\n<p>Der Wettanbieter hat mit einem <strong>Quotenschl\u00fcssel<\/strong> von durchschnittlich \u00fcber <strong>93 Prozent<\/strong> attraktive Wetten im Angebot. Der <strong>CashtoCode Test <\/strong>best\u00e4tigt damit, dass die Gewinnspanne des Wettanbieters also in der Regel nicht \u00fcber als <strong>7 Prozent<\/strong> liegt. Somit wirst du bei <strong>CampoBet<\/strong> immer eine Wette mit Nervenkitzel und einer <strong>attraktiven Quote<\/strong> finden.<\/p>\n\n\n\n<h2 class=\"wp-block-heading\" id=\"weitere-bonus-angebote\">Weitere Bonus-Angebote:<\/h2>\n\n\n\n<h3 class=\"wp-block-heading\" id=\"freiwette-fur-den-spieltag\">Freiwette f\u00fcr den Spieltag<\/h3>\n\n\n\n<p>Tauche in die Welt der englischen Premier League, der deutschen Bundesliga und der Serie A ein und bekomme bis zu 300\u20ac als Gratiswette retour. Damit du den Bonus erh\u00e4ltst, musst du drei Wetten mit einer Mindestquote von 1,8 oder h\u00f6her platzieren. Der Mindesteinsatz der Gewinne aus der Gratiswette vor einer Auszahlung betr\u00e4gt x3. Auch hier muss man den Live Chat nach der Gratiswette fragen.<\/p>\n\n\n\n<h3 class=\"wp-block-heading\" id=\"cashback-bonus\">Cashback Bonus<\/h3>\n\n\n\n<p>Hier kannst du dich auf bis zu <strong>500\u20ac<\/strong> <strong>Cashback<\/strong> freuen. CampoBet belohnt dich auch hier wieder mit einem <strong>10% Bonus vom Gesamtbetrag deiner Verluste<\/strong>. Um diesen <strong>CampoBet Bonus <\/strong>zu erhalten, musst du wie bei den anderen Angeboten den <strong>Live-Chat <\/strong>oder den <strong>E-Mail<\/strong> Support kontaktieren.<\/p>\n\n\n\n<h3 class=\"wp-block-heading\" id=\"gesicherte-wette\">Gesicherte Wette<\/h3>\n\n\n\n<p>Verlierst du eine riskante <strong>Kombi-Wette<\/strong>, gibt es f\u00fcr dich die M\u00f6glichkeit einen beeindruckenden <strong>50% CampoBet Bonus<\/strong> zu bekommen. Voraussetzung ist eine Kombination aus mindestens <strong>f\u00fcnf Wetten<\/strong>, die je Ereignis eine Quote von mindestens <strong>1,8<\/strong> vorweist. Der minimale Wettbetrag ist <strong>25\u20ac<\/strong>, jedoch kannst du daf\u00fcr bis zu <strong>500\u20ac<\/strong> zur\u00fcckbekommen.<\/p>\n\n\n\n<h3 class=\"wp-block-heading\" id=\"wochentlicher-bonus\">W\u00f6chentlicher Bonus<\/h3>\n\n\n\n<p>Vom Wettanbieter erh\u00e4ltst du <strong>50% CampoBet Bonus<\/strong> auf deine erste Einzahlung pro Woche. Die Mindesteinzahlung betr\u00e4gt <strong>25\u20ac<\/strong>. Du kannst allerdings bis <strong>500\u20ac Bonus<\/strong> bekommen. Um den Bonus zu erhalten, muss der komplette Einzahlungsbetrag allerdings einmal mit der <strong>Mindestquote 1,5<\/strong> umgesetzt werden. Du erh\u00e4ltst den CampoBet Bonus auf Anfrage an den <strong>Live-Chat<\/strong> oder dem <strong>E-Mail Support Team<\/strong>.<\/p>\n\n\n\n<h3 class=\"wp-block-heading\" id=\"virtuelle-sport-aufregung\">Virtuelle Sport-Aufregung<\/h3>\n\n\n\n<p>Ja, da haben die deutschen \u00dcbersetzer von CampoBet ganze Arbeit geleistet \ud83d\ude09 &#8230; Jedoch ist das Angebot top. Bist du begeisterter E-Sports Fan? Dann hat der <strong>Wettanbieter Campobet<\/strong> ein interessantes Bonus-Angebot f\u00fcr dich. Verwettest du mindestens <strong>200\u20ac<\/strong> im virtuellen Sport-Bereich, dann erh\u00e4ltst du <strong>10% Bonus<\/strong> <strong>des<\/strong> <strong>Gesamtwertes als Gratiswette <\/strong>zur\u00fcck.<\/p>\n\n\n\n<h2 class=\"wp-block-heading\" id=\"campobet-app\">CampoBet App<\/h2>\n\n\n\n<p>Der <strong>Wettanbieter<\/strong> hat sich etwas besonders \u00fcberlegt, um das Wetterlebnis auf dein Handy oder Tablet zu transportieren. Du wirst n\u00e4mlich direkt auf die mobile Webseite weitergeleitet. In der <strong>kompakten Form<\/strong> bekommst du aber einen <strong>besseren \u00dcberblick<\/strong>, sodass die Inhalte einfach an die Gr\u00f6\u00dfe des jeweiligen mobilen Endger\u00e4ts angepasst werden. Der CashtoCode Test best\u00e4tigt, dass du auch auf den mobilen Endger\u00e4ten, egal ob iPhone oder Android, alle <strong>Live-Events<\/strong> und <strong>deine Wetten<\/strong> immer im \u00dcberblick hast.<\/p>\n\n\n\n<h2 class=\"wp-block-heading\" id=\"ist-campobet-sicher-oder-betrug\">Ist CampoBet sicher oder Betrug?<\/h2>\n\n\n\n<p>Der <strong>Sportwettenanbieter<\/strong> geh\u00f6rt zum Unternehmen <strong>Araxio Development N.V.<\/strong> . Das Unternehmen hat bereits 16 Casinos und Wettanbieter, wie zum Beispiel Cadoola, auf den Markt gebracht. Dank einer Lizenz aus Curacao und der HTTPS-Verschl\u00fcsselung, welche du in der Adresszeile deines Browsers \u00fcberpr\u00fcfen kannst, sind deine Daten und dein Geld jederzeit sicher.<\/p>\n\n\n\n<p>Der CashtoCode <a href=\"https:\/\/info.cashtocode.com\/de\/sportwetten-anbieter\/\">Wettanbieter <\/a>besch\u00e4ftigt sich auch mit dem verantwortungsvollen Spielen. Bitte wende dich an <strong>GamCare<\/strong>, <strong>Gamblersanonymous<\/strong> oder <strong>Gamblingtherapy<\/strong> wenn der Spa\u00df nicht mehr im Vordergrund steht.<\/p>\n\n\n\n<h2 class=\"wp-block-heading\" id=\"campobet-support\">CampoBet Support<\/h2>\n\n\n\n<p>Die CampoBet Erfahrungen zeigen, dass der <strong>deutschsprachige<\/strong> <strong>Live-Chat<\/strong> rund um die Uhr erreichbar ist. Zudem kannst du <strong>CampoBet<\/strong> auch telefonisch erreichen. <strong>Acht Telefonnummern<\/strong> stehen dir hier zur Auswahl. F\u00fcr dich steht eine <strong>kostenlose Nummer<\/strong> zur Verf\u00fcgung. Wahrscheinlich findest du deine Antwort aber schon im <strong>F.A.Q.-Bereich<\/strong>. Dort werden mit <strong>zw\u00f6lf Fragen<\/strong> alle wichtigen Themen abgedeckt. Au\u00dferdem bietet dir <strong>CampoBet<\/strong> zur Kontaktaufnahme auch eine <strong>E-Mail-Adresse<\/strong> an.<\/p>\n\n\n\n<h2 class=\"wp-block-heading\" id=\"campobet-erfahrungen-fazit\">CampoBet Erfahrungen & Fazit<\/h2>\n\n\n\n<p>Der <strong>CampoBet Wettanbieter<\/strong> \u00fcberzeugt im <strong>CashtoCode Test <\/strong>auf voller Linie. Das liegt nicht nur an dem guten 100% Willkommensbonus bis 200\u20ac. Hinzu kommen weitere beeindruckende Angebote mit dem <strong>Live-Wettbonus<\/strong>, der <strong>Freiwette f\u00fcr den Spieltag<\/strong>, dem <strong>Cashback Bonus<\/strong>, der <strong>gesicherten Wette<\/strong>, der <strong>genauen Ergebnis Freiwette<\/strong>, dem <strong>w\u00f6chentlichen Bonus<\/strong>, der <strong>unbegrenzten Kombi-Wette<\/strong> und der <strong>virtuellen Sport-Aufregung<\/strong>. Ja! Der Satz ist lang aber wir wollten hier wirklich alle Bestandskunden-Aktionen noch einmal f\u00fcr dich auff\u00fchren ????<\/p>\n\n\n\n<p>Zusammen mit dem vielseitigen<strong> Wettangeboten<\/strong>, den abwechslungsreichen<strong> Wettfunktionen<\/strong> und den <strong>fairen Quoten<\/strong> wirst du sicherlich deinen Nervenkitzel bekommen. Abgerundet wird das starke Angebot des Wettanbieters mit einem <strong>deutschsprachigen Kundenservice<\/strong> und dem hohen Sicherheitslevel. So kannst du dich voll auf deine Wettm\u00f6glichkeiten konzentrieren, w\u00e4hrend CampoBet dir die passende Unterst\u00fctzung bietet.<\/p>\n\n\n\n<h2 class=\"wp-block-heading\" id=\"faq\">FAQ<\/h2>\n\n\n<div class=\"wpsm-accordion mb30\" data-accordion=\"yes\" itemscope=\"\" itemtype=\"https:\/\/schema.org\/FAQPage\"><div class=\"wpsm-accordion-item close\" itemscope=\"\" itemprop=\"mainEntity\" itemtype=\"https:\/\/schema.org\/Question\"><h3 class=\"wpsm-accordion-trigger\" itemprop=\"name\">Gibt es einen CampoBet Bonus?<\/h3><div class=\"accordion-content\"  itemscope=\"\" itemprop=\"acceptedAnswer\" itemtype=\"https:\/\/schema.org\/Answer\"><div itemprop=\"text\">Jeder Neukunde kann sich einen CampoBet Bonus von 100% bis 200\u20ac sichern. Daf\u00fcr musst du direkt den Live-Chat kontaktieren, da der Bonus nicht automatisch gutgeschrieben wird.<\/div><\/div><\/div><div class=\"wpsm-accordion-item close\" itemscope=\"\" itemprop=\"mainEntity\" itemtype=\"https:\/\/schema.org\/Question\"><h3 class=\"wpsm-accordion-trigger\" itemprop=\"name\">Welche Bedingungen gelten f\u00fcr den CampoBet Bonus?<\/h3><div class=\"accordion-content\"  itemscope=\"\" itemprop=\"acceptedAnswer\" itemtype=\"https:\/\/schema.org\/Answer\"><div itemprop=\"text\">Die Mindesteinzahlung muss 20\u20ac oder h\u00f6her sein. Der Maximalbetrag betr\u00e4gt 200\u20ac. Der Bonus muss 5x umgesetzt werden.Die Mindestquote pro Einzelwette betr\u00e4gt 2,00. Die Mindestquote pro Kombiwette betr\u00e4gt 1,50. Die Bonusbedingungen m\u00fcssen innerhalb 30 Tage erf\u00fcllt werden. Bonus kann nicht im Casino und Live-Casino verwendet werden.<\/div><\/div><\/div><div class=\"wpsm-accordion-item close\" itemscope=\"\" itemprop=\"mainEntity\" itemtype=\"https:\/\/schema.org\/Question\"><h3 class=\"wpsm-accordion-trigger\" itemprop=\"name\">Gibt es eine CampoBet App?<\/h3><div class=\"accordion-content\"  itemscope=\"\" itemprop=\"acceptedAnswer\" itemtype=\"https:\/\/schema.org\/Answer\"><div itemprop=\"text\">Eine native CampoBet App f\u00fcr Android oder iOS ist nicht vorhanden. Daf\u00fcr bietet CampoBet eine hervorragende mobile Webseite, die in ihren Funktionen einer App in keiner Weise nachsteht.<\/div><\/div><\/div><\/div>\n","protected":false},"excerpt":{"rendered":"<p>CampoBet Erfahrungen Der Wettanbieter CampoBet versucht sich als Neueinsteiger mit einem ausgefallenen Wettangebot von der Konkurrenz abzuheben. Ist das die richtige Strategie? Wie ist der Willkommensbonus? Kann dieser mit Tipbet oder BetWinner mithalten? Welche weiteren Angebote gibt es und wie steht es um die Wettfunktionen? Gibt es faire Quoten und einen deutschsprachigen Kundenservice? Der CashtoCode [&hellip;]<\/p>\n","protected":false},"author":18,"featured_media":617875,"template":"","meta":{"_acf_changed":false,"_gspb_post_css":""},"store":[],"product_brand":[],"product_cat":[691,812],"product_tag":[],"class_list":{"0":"post-616812","1":"product","2":"type-product","3":"status-publish","4":"has-post-thumbnail","6":"product_cat-erfahrungen","7":"product_cat-sportwette","9":"first","10":"instock","11":"shipping-taxable","12":"product-type-external"},"acf":[],"yoast_head":"<!-- This site is optimized with the Yoast SEO Premium plugin v26.3 (Yoast SEO v26.3) - https:\/\/yoast.com\/wordpress\/plugins\/seo\/ -->\n<title>CampoBet Sportwetten Check 2026 | Jetzt Bonus sichern<\/title>\n<meta name=\"description\" content=\"W\u00e4hle aus 30+ Sportarten bei CampoBet. Erhalte bis zu 200\u20ac Bonus. Auszahlungen innerhalb von 3 Tagen.\" \/>\n<meta name=\"robots\" content=\"index, follow, max-snippet:-1, max-image-preview:large, max-video-preview:-1\" \/>\n<link rel=\"canonical\" href=\"https:\/\/info.cashtocode.com\/de\/erfahrungen\/campobet-sportwetten\/\" \/>\n<meta name=\"twitter:card\" content=\"summary_large_image\" \/>\n<meta name=\"twitter:title\" content=\"CampoBet Sportwetten Check 2026 | Jetzt Bonus sichern\" \/>\n<meta name=\"twitter:description\" content=\"W\u00e4hle aus 30+ Sportarten bei CampoBet. Erhalte bis zu 200\u20ac Bonus. Auszahlungen innerhalb von 3 Tagen.\" \/>\n<meta name=\"twitter:image\" content=\"https:\/\/info.cashtocode.com\/wp-content\/uploads\/2023\/03\/Campobet-logo.png\" \/>\n<meta name=\"twitter:label1\" content=\"Gesch\u00e4tzte Lesezeit\" \/>\n\t<meta name=\"twitter:data1\" content=\"6\u00a0Minuten\" \/>\n<script type=\"application\/ld+json\" class=\"yoast-schema-graph\">{\"@context\":\"https:\/\/schema.org\",\"@graph\":[{\"@type\":\"WebPage\",\"@id\":\"https:\/\/info.cashtocode.com\/de\/erfahrungen\/campobet-sportwetten\/\",\"url\":\"https:\/\/info.cashtocode.com\/de\/erfahrungen\/campobet-sportwetten\/\",\"name\":\"CampoBet Sportwetten Check 2026 | Jetzt Bonus sichern\",\"isPartOf\":{\"@id\":\"https:\/\/info.cashtocode.com\/de\/#website\"},\"primaryImageOfPage\":{\"@id\":\"https:\/\/info.cashtocode.com\/de\/erfahrungen\/campobet-sportwetten\/#primaryimage\"},\"image\":{\"@id\":\"https:\/\/info.cashtocode.com\/de\/erfahrungen\/campobet-sportwetten\/#primaryimage\"},\"thumbnailUrl\":\"https:\/\/info.cashtocode.com\/wp-content\/uploads\/2023\/03\/Campobet-logo.png\",\"datePublished\":\"2023-03-22T10:14:58+00:00\",\"dateModified\":\"2025-10-08T06:21:07+00:00\",\"description\":\"W\u00e4hle aus 30+ Sportarten bei CampoBet. Erhalte bis zu 200\u20ac Bonus. Auszahlungen innerhalb von 3 Tagen.\",\"breadcrumb\":{\"@id\":\"https:\/\/info.cashtocode.com\/de\/erfahrungen\/campobet-sportwetten\/#breadcrumb\"},\"inLanguage\":\"de\",\"potentialAction\":[{\"@type\":\"ReadAction\",\"target\":[\"https:\/\/info.cashtocode.com\/de\/erfahrungen\/campobet-sportwetten\/\"]}]},{\"@type\":\"ImageObject\",\"inLanguage\":\"de\",\"@id\":\"https:\/\/info.cashtocode.com\/de\/erfahrungen\/campobet-sportwetten\/#primaryimage\",\"url\":\"https:\/\/info.cashtocode.com\/wp-content\/uploads\/2023\/03\/Campobet-logo.png\",\"contentUrl\":\"https:\/\/info.cashtocode.com\/wp-content\/uploads\/2023\/03\/Campobet-logo.png\",\"width\":600,\"height\":600,\"caption\":\"Campobet\"},{\"@type\":\"BreadcrumbList\",\"@id\":\"https:\/\/info.cashtocode.com\/de\/erfahrungen\/campobet-sportwetten\/#breadcrumb\",\"itemListElement\":[{\"@type\":\"ListItem\",\"position\":1,\"name\":\"Produkte\",\"item\":\"https:\/\/info.cashtocode.com\/de\/shop\/\"},{\"@type\":\"ListItem\",\"position\":2,\"name\":\"CampoBet Erfahrungen &#038; Test\"}]},{\"@type\":\"WebSite\",\"@id\":\"https:\/\/info.cashtocode.com\/de\/#website\",\"url\":\"https:\/\/info.cashtocode.com\/de\/\",\"name\":\"CashtoCode Infoportal | Bar Bezahlen Im Internet leicht gemacht\u27a1\ufe0f\",\"description\":\"\",\"publisher\":{\"@id\":\"https:\/\/info.cashtocode.com\/de\/#organization\"},\"potentialAction\":[{\"@type\":\"SearchAction\",\"target\":{\"@type\":\"EntryPoint\",\"urlTemplate\":\"https:\/\/info.cashtocode.com\/de\/?s={search_term_string}\"},\"query-input\":{\"@type\":\"PropertyValueSpecification\",\"valueRequired\":true,\"valueName\":\"search_term_string\"}}],\"inLanguage\":\"de\"},{\"@type\":\"Organization\",\"@id\":\"https:\/\/info.cashtocode.com\/de\/#organization\",\"name\":\"CashtoCode Infoportal | Bar Bezahlen Im Internet leicht gemacht\u27a1\ufe0f\",\"url\":\"https:\/\/info.cashtocode.com\/de\/\",\"logo\":{\"@type\":\"ImageObject\",\"inLanguage\":\"de\",\"@id\":\"https:\/\/info.cashtocode.com\/de\/#\/schema\/logo\/image\/\",\"url\":\"https:\/\/info.cashtocode.com\/wp-content\/uploads\/2023\/12\/cashtocode-infoportal-logo.webp\",\"contentUrl\":\"https:\/\/info.cashtocode.com\/wp-content\/uploads\/2023\/12\/cashtocode-infoportal-logo.webp\",\"width\":833,\"height\":248,\"caption\":\"CashtoCode Infoportal | Bar Bezahlen Im Internet leicht gemacht\u27a1\ufe0f\"},\"image\":{\"@id\":\"https:\/\/info.cashtocode.com\/de\/#\/schema\/logo\/image\/\"}}]}<\/script>\n<!-- \/ Yoast SEO Premium plugin. -->","yoast_head_json":{"title":"CampoBet Sportwetten Check 2026 | Jetzt Bonus sichern","description":"W\u00e4hle aus 30+ Sportarten bei CampoBet. Erhalte bis zu 200\u20ac Bonus. Auszahlungen innerhalb von 3 Tagen.","robots":{"index":"index","follow":"follow","max-snippet":"max-snippet:-1","max-image-preview":"max-image-preview:large","max-video-preview":"max-video-preview:-1"},"canonical":"https:\/\/info.cashtocode.com\/de\/erfahrungen\/campobet-sportwetten\/","twitter_card":"summary_large_image","twitter_title":"CampoBet Sportwetten Check 2026 | Jetzt Bonus sichern","twitter_description":"W\u00e4hle aus 30+ Sportarten bei CampoBet. Erhalte bis zu 200\u20ac Bonus. Auszahlungen innerhalb von 3 Tagen.","twitter_image":"https:\/\/info.cashtocode.com\/wp-content\/uploads\/2023\/03\/Campobet-logo.png","twitter_misc":{"Gesch\u00e4tzte Lesezeit":"6\u00a0Minuten"},"schema":{"@context":"https:\/\/schema.org","@graph":[{"@type":"WebPage","@id":"https:\/\/info.cashtocode.com\/de\/erfahrungen\/campobet-sportwetten\/","url":"https:\/\/info.cashtocode.com\/de\/erfahrungen\/campobet-sportwetten\/","name":"CampoBet Sportwetten Check 2026 | Jetzt Bonus sichern","isPartOf":{"@id":"https:\/\/info.cashtocode.com\/de\/#website"},"primaryImageOfPage":{"@id":"https:\/\/info.cashtocode.com\/de\/erfahrungen\/campobet-sportwetten\/#primaryimage"},"image":{"@id":"https:\/\/info.cashtocode.com\/de\/erfahrungen\/campobet-sportwetten\/#primaryimage"},"thumbnailUrl":"https:\/\/info.cashtocode.com\/wp-content\/uploads\/2023\/03\/Campobet-logo.png","datePublished":"2023-03-22T10:14:58+00:00","dateModified":"2025-10-08T06:21:07+00:00","description":"W\u00e4hle aus 30+ Sportarten bei CampoBet. Erhalte bis zu 200\u20ac Bonus. Auszahlungen innerhalb von 3 Tagen.","breadcrumb":{"@id":"https:\/\/info.cashtocode.com\/de\/erfahrungen\/campobet-sportwetten\/#breadcrumb"},"inLanguage":"de","potentialAction":[{"@type":"ReadAction","target":["https:\/\/info.cashtocode.com\/de\/erfahrungen\/campobet-sportwetten\/"]}]},{"@type":"ImageObject","inLanguage":"de","@id":"https:\/\/info.cashtocode.com\/de\/erfahrungen\/campobet-sportwetten\/#primaryimage","url":"https:\/\/info.cashtocode.com\/wp-content\/uploads\/2023\/03\/Campobet-logo.png","contentUrl":"https:\/\/info.cashtocode.com\/wp-content\/uploads\/2023\/03\/Campobet-logo.png","width":600,"height":600,"caption":"Campobet"},{"@type":"BreadcrumbList","@id":"https:\/\/info.cashtocode.com\/de\/erfahrungen\/campobet-sportwetten\/#breadcrumb","itemListElement":[{"@type":"ListItem","position":1,"name":"Produkte","item":"https:\/\/info.cashtocode.com\/de\/shop\/"},{"@type":"ListItem","position":2,"name":"CampoBet Erfahrungen &#038; Test"}]},{"@type":"WebSite","@id":"https:\/\/info.cashtocode.com\/de\/#website","url":"https:\/\/info.cashtocode.com\/de\/","name":"CashtoCode Infoportal | Bar Bezahlen Im Internet leicht gemacht\u27a1\ufe0f","description":"","publisher":{"@id":"https:\/\/info.cashtocode.com\/de\/#organization"},"potentialAction":[{"@type":"SearchAction","target":{"@type":"EntryPoint","urlTemplate":"https:\/\/info.cashtocode.com\/de\/?s={search_term_string}"},"query-input":{"@type":"PropertyValueSpecification","valueRequired":true,"valueName":"search_term_string"}}],"inLanguage":"de"},{"@type":"Organization","@id":"https:\/\/info.cashtocode.com\/de\/#organization","name":"CashtoCode Infoportal | Bar Bezahlen Im Internet leicht gemacht\u27a1\ufe0f","url":"https:\/\/info.cashtocode.com\/de\/","logo":{"@type":"ImageObject","inLanguage":"de","@id":"https:\/\/info.cashtocode.com\/de\/#\/schema\/logo\/image\/","url":"https:\/\/info.cashtocode.com\/wp-content\/uploads\/2023\/12\/cashtocode-infoportal-logo.webp","contentUrl":"https:\/\/info.cashtocode.com\/wp-content\/uploads\/2023\/12\/cashtocode-infoportal-logo.webp","width":833,"height":248,"caption":"CashtoCode Infoportal | Bar Bezahlen Im Internet leicht gemacht\u27a1\ufe0f"},"image":{"@id":"https:\/\/info.cashtocode.com\/de\/#\/schema\/logo\/image\/"}}]}},"_links":{"self":[{"href":"https:\/\/info.cashtocode.com\/de\/wp-json\/wp\/v2\/product\/616812","targetHints":{"allow":["GET"]}}],"collection":[{"href":"https:\/\/info.cashtocode.com\/de\/wp-json\/wp\/v2\/product"}],"about":[{"href":"https:\/\/info.cashtocode.com\/de\/wp-json\/wp\/v2\/types\/product"}],"author":[{"embeddable":true,"href":"https:\/\/info.cashtocode.com\/de\/wp-json\/wp\/v2\/users\/18"}],"wp:featuredmedia":[{"embeddable":true,"href":"https:\/\/info.cashtocode.com\/de\/wp-json\/wp\/v2\/media\/617875"}],"wp:attachment":[{"href":"https:\/\/info.cashtocode.com\/de\/wp-json\/wp\/v2\/media?parent=616812"}],"wp:term":[{"taxonomy":"store","embeddable":true,"href":"https:\/\/info.cashtocode.com\/de\/wp-json\/wp\/v2\/store?post=616812"},{"taxonomy":"product_brand","embeddable":true,"href":"https:\/\/info.cashtocode.com\/de\/wp-json\/wp\/v2\/product_brand?post=616812"},{"taxonomy":"product_cat","embeddable":true,"href":"https:\/\/info.cashtocode.com\/de\/wp-json\/wp\/v2\/product_cat?post=616812"},{"taxonomy":"product_tag","embeddable":true,"href":"https:\/\/info.cashtocode.com\/de\/wp-json\/wp\/v2\/product_tag?post=616812"}],"curies":[{"name":"wp","href":"https:\/\/api.w.org\/{rel}","templated":true}]}}