{"id":616895,"date":"2023-03-22T15:31:40","date_gmt":"2023-03-22T15:31:40","guid":{"rendered":"https:\/\/info.cashtocode.com\/?post_type=product&#038;p=616895"},"modified":"2025-10-08T06:02:25","modified_gmt":"2025-10-08T06:02:25","slug":"sultanbet-sportwetten","status":"publish","type":"product","link":"https:\/\/info.cashtocode.com\/de\/erfahrungen\/sultanbet-sportwetten\/","title":{"rendered":"Sultanbet Sportwetten Erfahrungen &#038; Test"},"content":{"rendered":"<div class=\"rate_bar_wrap\"><div class=\"review-top\"><div class=\"overall-score\"><span class=\"overall r_score_9\">9.2<\/span><span class=\"overall-text\">Expert Score<\/span><\/div><div class=\"review-text\"><div><div class=\"rehub-main-font font150 fontbold mb15\">Expertenmeinung<\/div>Sultanbet Sportwetten bietet Neukunden einen gro\u00dfz\u00fcgigen Bonus und eine beeindruckende Auswahl von \u00fcber 25 Sportarten. Mit mehr als 80.000 Veranstaltungen pro Monat und \u00fcber 1.000 Wettm\u00e4rkten bleibt hier kaum ein Wunsch offen. Der 24\/7 Kundenservice rundet das positive Wetterlebnis ab.<\/div><\/div><\/div><div class=\"rh-line mb10 mt10\"><\/div><div class=\"mt20 flowhidden\"><div class=\"wpsm-one-half wpsm-column-first\"><div class=\"wpsm_pros\"><div class=\"title_pros\">PROS<\/div><ul><li>100% Bonus bis zu 2.000\u20ac\r<\/li><li>\u00fcber 25 Sportarten\r<\/li><li>80.000+ Veranstaltungen im Monat\r<\/li><li>1.000+ M\u00e4rkte\r<\/li><li>24\/7 Kundenservice<\/li><\/ul><\/div><\/div><div class=\"wpsm-one-half wpsm-column-last\"><div class=\"wpsm_cons\"><div class=\"title_cons\">CONS<\/div><ul><li>keine Telefonhotline<\/li><\/ul><\/div><\/div><\/div><\/div>\n\n\n\n<p>Bist du auf der Suche nach <strong>vielf\u00e4ltiger Sportwetten-Action?<\/strong> Dann k\u00f6nnte Sultanbet der richtige Anbieter f\u00fcr dich sein. Dort findest du t\u00e4glich unz\u00e4hlige Quoten auf Fu\u00dfball, Tennis, Basketball, Eishockey sowie andere Weltsportarten. Ebenso sind eSports und Virtual Sports im Programm.<\/p>\n\n\n\n<p>Doch gibt es auch einen <strong>Sultanbet Sport-Bonus<\/strong>? Was du im Einzelnen erwarten kannst, wenn du dich bei Sultanbet anmeldest, erf\u00e4hrst du in diesem <a href=\"https:\/\/info.cashtocode.com\/de\/sportwetten-anbieter\/\">CashtoCode Wettanbieter<\/a> Test.<\/p>\n\n\n\n<h2 class=\"wp-block-heading\" id=\"sultanbet-sport-bonus\">Sultanbet Sport Bonus<\/h2>\n\n\n\n<p>F\u00fcr einen gelungen Start gibt es beim  Wettanbieter einen <strong>100% bis zu 2.000\u20ac Sport Willkommensbonus.<\/strong> Um den Sultanbet Bonus zu beanspruchen, musst du zun\u00e4chst ein Konto erstellen und danach eine<strong> Sportwetten-Einzahlung <\/strong>von mindestens 25\u20ac durchf\u00fchren. Du ben\u00f6tigst keinen <strong>Sultanbet Bonus-Code<\/strong>, um diesen zu aktivieren.<\/p>\n\n\n\n<p>Das ist ein beachtlich gutes Angebot im Bereich Sportwetten. Es handelt sich zudem um einen <strong>Non-Sticky Bonus, <\/strong>bei welchem zun\u00e4chst dein Einzahlungsbetrag und erst dann das Bonusguthaben zum Wetten verwendet wird.<\/p>\n\n\n\n<h3 class=\"wp-block-heading\" id=\"bonusbedingungen\">Bonusbedingungen<\/h3>\n\n\n\n<ul class=\"wp-block-list\">\n<li>Der Sport-Bonus kann nur von Neukunden beansprucht werden.<\/li>\n\n\n\n<li>Der Mindesteinzahlungsbetrag betr\u00e4gt 20\u20ac.<\/li>\n\n\n\n<li>Die Einzahlung muss 1x und das Bonusgeld 7x auf jeder Sportart oder jedem Markt umgesetzt werden. Der maximale einsetzbare Betrag, bis der Bonuseinsatz abgeschlossen ist, ist die Summe aus Kapital und Bonus.<\/li>\n\n\n\n<li>Systemwetten, Handicap, Asian Handicap, Double Change Wetten auf das gleiche Match und Cashout Wetten sind nicht g\u00fcltig, um die Umsatzbedingungen zu erf\u00fcllen.<\/li>\n\n\n\n<li>Bonuseinsatz: Coupon muss eine Quote von 1,85 oder h\u00f6her haben.<\/li>\n<\/ul>\n\n\n\n\n\n\n<h2 class=\"wp-block-heading\" id=\"so-holst-du-dir-deinen-sultanbet-bonus-mit-cashtocode\"><\/h2>\n\n\n\n<h2 class=\"wp-block-heading\" id=\"weitere-bonus-angebote\">Weitere Bonus-Angebote<\/h2>\n\n\n\n<p>Im Sportbereich des  Wettanbieters gibt es noch ein paar weitere Angebote zu begutachten. So gibt es neben einem <strong>VIP-Programm<\/strong> und saisonalen Aktionen, auch ein <strong>Cashback-Programm<\/strong>, ein <strong>Multibet Boost und eine 5\u20ac Gratiswette.<\/strong> Wir haben uns die Sport-Angebote in den Sultanbet Erfahrungen genauer angeschaut und stellen dir ein paar davon im Anschluss vor.<\/p>\n\n\n\n<h3 class=\"wp-block-heading\" id=\"vip-programm\">VIP-Programm<\/h3>\n\n\n\n<p>Der <strong>Sultanbet VIP-Club <\/strong>ist sehr durchdacht aufgebaut, sodass du sowohl als Sport- als auch als Casino-Fan davon profitieren kannst. Um dem Club beizutreten, musst du bereits einen bestimmten Gesamteinzahlungsbetrag erreicht haben. Dieser bestimmt dein VIP-Level. Es gibt vier VIP-Level: Bronze Member, Silver Member, Gold Member und Platinum Member. Jede Stufe hat einen <strong>pers\u00f6nlichen Account-Manager<\/strong>, der dir bei Fragen und Anliegen zur Verf\u00fcgung steht. Du kannst au\u00dferdem <strong>VIP-Geschenke <\/strong>erhalten und von <strong>h\u00f6heren Auszahlungslimits und schnelleren Auszahlungen<\/strong> profitieren. Zus\u00e4tzlich gibt es <strong>w\u00f6chentliche Anerkennungen<\/strong> f\u00fcr VIP-Mitglieder.<\/p>\n\n\n\n<h3 class=\"wp-block-heading\" id=\"cashback\">Cashback<\/h3>\n\n\n\n<p>Das <strong>Sultanbet Cashback-Programm <\/strong>ist ebenfalls eine Aktion, die du sowohl im Bereich der Sportwetten als auch im Casino und Live-Casino nutzen kannst. Insgesamt kannst du <strong>10% Cashback-Bonus bis zu 1.000\u20ac <\/strong>auf deine Echtgeld-Verluste der letzten 30 Tage anfordern. Der erhaltene Cashback-Betrag muss 10x umgesetzt werden, damit du deine Gewinne auszahlen kannst. Um am Cashback-Programm teilzunehmen, musst du eine E-Mail an den Kundendienst senden und seine Teilnahme best\u00e4tigen.<\/p>\n\n\n\n<h3 class=\"wp-block-heading\" id=\"multibet-boost\">Multibet Boost<\/h3>\n\n\n\n<p>Mit der <strong>Multibet Boost Aktion <\/strong>des Wettanbieters kannst du mit etwas Geschick deine Gewinne auf Wetten steigern, indem du deine Quoten zwischen <strong>5% und 50%<\/strong> erh\u00f6hst, wenn du Mehrfachwetten setzt. Gehe dazu einfach auf deinen Wettschein, klicke auf Multibet-Option und f\u00fcge mindestens f\u00fcnf Auswahlen hinzu.<\/p>\n\n\n\n<h3 class=\"wp-block-heading\" id=\"5-gratiswette\">5\u20ac Gratiswette<\/h3>\n\n\n\n<p>Eine weitere Aktion des Sportwettenanbieters ist die <strong>Sultanbet 5\u20ac Gratiswette<\/strong>. Diese bekommst du, wenn du Einzel- oder Mehrfachwetten f\u00fcr 50\u20ac auf eine beliebige Sportart setzt. Die Gratiswette kann nur einmalig und nicht f\u00fcr virtuelle Sportarten in Anspruch genommen werden. Alle weiteren Bedingungen findest du direkt beim Angebot.<\/p>\n\n\n\n<h2 class=\"wp-block-heading\" id=\"sultanbet-wettangebot\">Sultanbet Wettangebot<\/h2>\n\n\n\n<p>In den Sultanbet Erfahrungen waren wir positiv \u00fcberrascht vom gro\u00dfartigen Wettangebot des Anbieters. Fu\u00dfball-Fans kommen ganz besonders auf ihre Kosten, da das Angebot in diesem Bereich am gr\u00f6\u00dften ist. So sind die weltweit wichtigsten Ligen, aber auch Verb\u00e4nde aus kleineren Fu\u00dfball-Staaten vertreten.<\/p>\n\n\n\n<p>Neben Fu\u00dfball hat der Wettanbieter <strong>mehr als 25 verschiedene Sportarten<\/strong> gelistet. Mit von der Partie sind unter anderem <strong>Basketball, Eishockey, Tennis, Volleyball, American Football, Baseball, Motorsport <\/strong>und viele mehr. Insgesamt gibt es <strong>\u00fcber 80.000 Veranstaltung<\/strong> im Monat und \u00fcber 1.000 M\u00e4rkte.<\/p>\n\n\n\n<h2 class=\"wp-block-heading\" id=\"sultanbet-live-wetten\">Sultanbet Live-Wetten<\/h2>\n\n\n\n<p>Du kannst dich darauf verlassen, dass Sultanbet immer an seinem Angebot arbeitet und deshalb auch immer wieder neue M\u00f6glichkeiten f\u00fcr Live-Wetten schafft. So achtet der Buchmacher darauf, dass m\u00f6glichst viele Sportfans erreicht werden, weshalb <strong>Live-Wetten <\/strong>weit \u00fcber den Fu\u00dfball-Wettmarkt hinaus angeboten werden.<\/p>\n\n\n\n<p>In den Sultanbet Erfahrungen haben wir selbst am fr\u00fchen Morgen Live-Events tippen k\u00f6nnen. <strong>E-Sports, wie E-Football oder E-Basketball,<\/strong> waren auch immer zu finden. Richtig viel los ist am Wochenende, wo du dich auch auf eine tolle Performance und schnelle Ladezeiten verlassen kannst, damit du keine Quoten verpasst.<\/p>\n\n\n\n<h2 class=\"wp-block-heading\" id=\"sultanbet-quoten\">Sultanbet Quoten<\/h2>\n\n\n\n<p>Du hast dich bestimmt schon gefragt, wie die Quoten von Sultanbet im Vergleich zu anderen Buchmachern abschneiden. Auch wir haben uns dieser Frage im Wettanbieter Test angenommen und f\u00fcr dich recherchiert. Immerhin ist eine gute Quotenqualit\u00e4t wichtig, um m\u00f6glichst viel aus deinen Wetten herausholen zu k\u00f6nnen.<\/p>\n\n\n\n<p>Um den <strong>Quotenschl\u00fcssel von Sultanbet <\/strong>zu berechnen, haben wir zehn Werte aus ihrem Portfolio betrachtet, um Verzerrungen durch Quotenausrei\u00dfer zu minimieren. Dabei haben wir einen Quotenschl\u00fcssen von rund 92 % errechnet. Die attraktivsten Quoten gibt es in den beliebtesten Sportarten wie Fu\u00dfball oder in den Top-Ligen. Dort liegen die Quoten durchschnittlich im <strong>Bereich von 95%.<\/strong><\/p>\n\n\n\n<h2 class=\"wp-block-heading\" id=\"sultanbet-app\">Sultanbet App<\/h2>\n\n\n\n<p>Du platzierst deine Wetten am liebsten von unterwegs auf deinem Handy? Das ist kein Problem mit dem Wettanbieter Sultanbet. Dir wird f\u00fcr die gesamte Plattform eine <strong>perfekt optimierte mobile Webseite<\/strong> geboten, die du \u00fcber den mobilen Browser deines Smartphones oder Tablets aufrufen kannst. Du musst dabei auf keine Wettm\u00f6glichkeiten verzichten, denn das gesamte Sport-Angebot und auch der Cashout stehen dir auf dem Handy zur Verf\u00fcgung. Solange du eine stabile Internetverbindung hast, kommt es auch zu keinerlei Verz\u00f6gerungen, sodass du selbst Live-Wetten problemlos verfolgen kannst. So gelungen die mobile Webseite auch sein mag, sei an dieser Stelle vermerkt, dass es keine eigene <strong>Sultanbet App <\/strong>zum Downloaden gibt.<\/p>\n\n\n\n<h2 class=\"wp-block-heading\" id=\"ist-sultanbet-sicher\">Ist Sultanbet sicher?<\/h2>\n\n\n\n<p>Der Sportwettanbieter operiert mit einer Lizenz aus Cura\u00e7ao. Diese Lizenz ist innerhalb der Europ\u00e4ischen Union zul\u00e4ssig, wodurch Sultanbet seine Sportwetten anbieten darf. Hinter Sultanbet steht die <strong>Continental Solutions Ltd B.V.,<\/strong> ein Unternehmen, das bereits andere bekannte Namen in seinem Portfolio hat.<\/p>\n\n\n\n<p>Eine m\u00f6glichst hohe Sicherheit im Bereich Transaktionen und Datenschutz wird dir durch eine <strong>SSL-Verschl\u00fcsselungstechnologie<\/strong> geboten. Im Bereich Spielerschutz gibt es unter anderem die M\u00f6glichkeit Limits zu setzen oder dich an empfohlene Hilfsstellen zu wenden. \u00a0Auch die Kooperation mit vielen <strong>vertrauensw\u00fcrdigen Bezahlmethoden<\/strong> spricht f\u00fcr die Vertrauensw\u00fcrdigkeit des Anbieters.<\/p>\n\n\n\n<h2 class=\"wp-block-heading\" id=\"sultanbet-support\">Sultanbet Support<\/h2>\n\n\n\n<p>In unseren Sultanbet Erfahrungen haben wir uns intensiv mit dem Support und den Hilfem\u00f6glichkeiten des Anbieters besch\u00e4ftigt. Taucht eine Frage auf, kannst du dich jederzeit \u00fcber den <strong>Live-Chat-Support<\/strong> an den Kundenservice wenden, der <strong>24\/7 verf\u00fcgbar<\/strong> ist. Du findest diesen unter dem Chat-Symbol in der linken Ecke der Webseite. Die Mitarbeiter reagieren schnell und bem\u00fchen sich, deine Anliegen so bald wie m\u00f6glich zu l\u00f6sen.<\/p>\n\n\n\n<p>Wir empfehlen den <strong>Sultanbet Live-Chat<\/strong> als prim\u00e4re Kontaktm\u00f6glichkeit, aber du kannst auch das Kontaktformular auf der Webseite oder die <strong>Support-E-Mail-Adresse<\/strong> nutzen, um dich mit dem Kundenservice in Verbindung zu setzen. Ein positiver Aspekt ist auch die <strong>FAQ-Sektion<\/strong> in der Fu\u00dfzeile der Webseite, in der du viele hilfreiche Informationen finden kannst.<\/p>\n\n\n\n<h2 class=\"wp-block-heading\" id=\"sultanbet-sportwetten-erfahrungen-fazit\">Sultanbet Sportwetten Erfahrungen & Fazit<\/h2>\n\n\n\n<p>Es gibt viele stichhaltige Gr\u00fcnde, Sultanbet als deinen Wettanbieter zu w\u00e4hlen. Mit \u00fcber <strong>25 Sportarten, um die 80.000 Veranstaltungen im Monat, 1.000+ M\u00e4rkten<\/strong> ist auf der Plattform immer was los. Solide Quoten und ein <strong>fantastischer Sport-Willkommensbonus <\/strong>machen den Wettanbieter noch attraktiver. Kommt die Lust nach Abwechslung auf, kannst du das riesige <strong>Sultanbet Casino <\/strong>nutzen, ohne die Webseite oder Anbieter wechseln zu m\u00fcssen. In unserem <a href=\"https:\/\/info.cashtocode.com\/de\/erfahrungen\/sultanbet-casino\/\">Sultanbet Casino Test <\/a>erf\u00e4hrst du mehr \u00fcber den Casino-Bereich der Plattform.<\/p>\n\n\n\n<p>Alles in allem, m\u00f6chten wir unsere Sultanbet Erfahrungen nicht missen und k\u00f6nnen dir nur empfehlen, dich anzumelden und den Anbieter selbst zu testen!<\/p>\n\n\n\n<h2 class=\"wp-block-heading\" id=\"faq\">FAQ<\/h2>\n\n\n<div class=\"wpsm-accordion mb30\" data-accordion=\"yes\" itemscope=\"\" itemtype=\"https:\/\/schema.org\/FAQPage\"><div class=\"wpsm-accordion-item close\" itemscope=\"\" itemprop=\"mainEntity\" itemtype=\"https:\/\/schema.org\/Question\"><h3 class=\"wpsm-accordion-trigger\" itemprop=\"name\">Gibt es Sultanbet Virtual Sports?<\/h3><div class=\"accordion-content\"  itemscope=\"\" itemprop=\"acceptedAnswer\" itemtype=\"https:\/\/schema.org\/Answer\"><div itemprop=\"text\">Ja. Es gibt einen eigenen Men\u00fcpunkt auf der Webseite, wo du das umfangreiche Angebot im Bereich Virtual Sports findest.<\/div><\/div><\/div><div class=\"wpsm-accordion-item close\" itemscope=\"\" itemprop=\"mainEntity\" itemtype=\"https:\/\/schema.org\/Question\"><h3 class=\"wpsm-accordion-trigger\" itemprop=\"name\">Wie hoch ist der Sultanbet Sport Bonus?<\/h3><div class=\"accordion-content\"  itemscope=\"\" itemprop=\"acceptedAnswer\" itemtype=\"https:\/\/schema.org\/Answer\"><div itemprop=\"text\">Der Sultanbet Sport Bonus f\u00fcr Neukunden kann dir bis zu 2.000\u20ac Bonus auf deine erste Einzahlung bringen.<\/div><\/div><\/div><div class=\"wpsm-accordion-item close\" itemscope=\"\" itemprop=\"mainEntity\" itemtype=\"https:\/\/schema.org\/Question\"><h3 class=\"wpsm-accordion-trigger\" itemprop=\"name\">Gibt es einen Sultanbet Bonus ohne Einzahlung?<\/h3><div class=\"accordion-content\"  itemscope=\"\" itemprop=\"acceptedAnswer\" itemtype=\"https:\/\/schema.org\/Answer\"><div itemprop=\"text\">Weder im Sportwetten-Bereich noch im Casino steht dir aktuell ein Sultanbet Bonus ohne Einzahlung zur Verf\u00fcgung.<\/div><\/div><\/div><\/div>\n","protected":false},"excerpt":{"rendered":"<p>Bist du auf der Suche nach vielf\u00e4ltiger Sportwetten-Action? Dann k\u00f6nnte Sultanbet der richtige Anbieter f\u00fcr dich sein. Dort findest du t\u00e4glich unz\u00e4hlige Quoten auf Fu\u00dfball, Tennis, Basketball, Eishockey sowie andere Weltsportarten. Ebenso sind eSports und Virtual Sports im Programm. Doch gibt es auch einen Sultanbet Sport-Bonus? Was du im Einzelnen erwarten kannst, wenn du dich [&hellip;]<\/p>\n","protected":false},"author":18,"featured_media":618539,"template":"","meta":{"_acf_changed":false,"_gspb_post_css":""},"store":[],"product_brand":[],"product_cat":[691,812],"product_tag":[],"class_list":{"0":"post-616895","1":"product","2":"type-product","3":"status-publish","4":"has-post-thumbnail","6":"product_cat-erfahrungen","7":"product_cat-sportwette","9":"first","10":"instock","11":"shipping-taxable","12":"product-type-external"},"acf":[],"yoast_head":"<!-- This site is optimized with the Yoast SEO Premium plugin v26.3 (Yoast SEO v26.3) - https:\/\/yoast.com\/wordpress\/plugins\/seo\/ -->\n<title>Sultanbet Sportwetten Check 2026 | Jetzt Bonus sichern<\/title>\n<meta name=\"description\" content=\"W\u00e4hle aus 25+ Sportarten bei Sultanbet. Erhalte bis zu 2.000\u20ac Bonus. Auszahlungen innerhalb von 3 Tagen.\" \/>\n<meta name=\"robots\" content=\"index, follow, max-snippet:-1, max-image-preview:large, max-video-preview:-1\" \/>\n<link rel=\"canonical\" href=\"https:\/\/info.cashtocode.com\/de\/erfahrungen\/sultanbet-sportwetten\/\" \/>\n<meta name=\"twitter:card\" content=\"summary_large_image\" \/>\n<meta name=\"twitter:title\" content=\"Sultanbet Sportwetten Check 2026 | Jetzt Bonus sichern\" \/>\n<meta name=\"twitter:description\" content=\"W\u00e4hle aus 25+ Sportarten bei Sultanbet. Erhalte bis zu 2.000\u20ac Bonus. Auszahlungen innerhalb von 3 Tagen.\" \/>\n<meta name=\"twitter:image\" content=\"https:\/\/info.cashtocode.com\/wp-content\/uploads\/2023\/03\/sultanbet-logo.png\" \/>\n<meta name=\"twitter:label1\" content=\"Gesch\u00e4tzte Lesezeit\" \/>\n\t<meta name=\"twitter:data1\" content=\"6\u00a0Minuten\" \/>\n<script type=\"application\/ld+json\" class=\"yoast-schema-graph\">{\"@context\":\"https:\/\/schema.org\",\"@graph\":[{\"@type\":\"WebPage\",\"@id\":\"https:\/\/info.cashtocode.com\/de\/erfahrungen\/sultanbet-sportwetten\/\",\"url\":\"https:\/\/info.cashtocode.com\/de\/erfahrungen\/sultanbet-sportwetten\/\",\"name\":\"Sultanbet Sportwetten Check 2026 | Jetzt Bonus sichern\",\"isPartOf\":{\"@id\":\"https:\/\/info.cashtocode.com\/de\/#website\"},\"primaryImageOfPage\":{\"@id\":\"https:\/\/info.cashtocode.com\/de\/erfahrungen\/sultanbet-sportwetten\/#primaryimage\"},\"image\":{\"@id\":\"https:\/\/info.cashtocode.com\/de\/erfahrungen\/sultanbet-sportwetten\/#primaryimage\"},\"thumbnailUrl\":\"https:\/\/info.cashtocode.com\/wp-content\/uploads\/2023\/03\/sultanbet-logo.png\",\"datePublished\":\"2023-03-22T15:31:40+00:00\",\"dateModified\":\"2025-10-08T06:02:25+00:00\",\"description\":\"W\u00e4hle aus 25+ Sportarten bei Sultanbet. Erhalte bis zu 2.000\u20ac Bonus. Auszahlungen innerhalb von 3 Tagen.\",\"breadcrumb\":{\"@id\":\"https:\/\/info.cashtocode.com\/de\/erfahrungen\/sultanbet-sportwetten\/#breadcrumb\"},\"inLanguage\":\"de\",\"potentialAction\":[{\"@type\":\"ReadAction\",\"target\":[\"https:\/\/info.cashtocode.com\/de\/erfahrungen\/sultanbet-sportwetten\/\"]}]},{\"@type\":\"ImageObject\",\"inLanguage\":\"de\",\"@id\":\"https:\/\/info.cashtocode.com\/de\/erfahrungen\/sultanbet-sportwetten\/#primaryimage\",\"url\":\"https:\/\/info.cashtocode.com\/wp-content\/uploads\/2023\/03\/sultanbet-logo.png\",\"contentUrl\":\"https:\/\/info.cashtocode.com\/wp-content\/uploads\/2023\/03\/sultanbet-logo.png\",\"width\":600,\"height\":600,\"caption\":\"sultanbet\"},{\"@type\":\"BreadcrumbList\",\"@id\":\"https:\/\/info.cashtocode.com\/de\/erfahrungen\/sultanbet-sportwetten\/#breadcrumb\",\"itemListElement\":[{\"@type\":\"ListItem\",\"position\":1,\"name\":\"Produkte\",\"item\":\"https:\/\/info.cashtocode.com\/de\/shop\/\"},{\"@type\":\"ListItem\",\"position\":2,\"name\":\"Sultanbet Sportwetten Erfahrungen &#038; Test\"}]},{\"@type\":\"WebSite\",\"@id\":\"https:\/\/info.cashtocode.com\/de\/#website\",\"url\":\"https:\/\/info.cashtocode.com\/de\/\",\"name\":\"CashtoCode Infoportal | Bar Bezahlen Im Internet leicht gemacht\u27a1\ufe0f\",\"description\":\"\",\"publisher\":{\"@id\":\"https:\/\/info.cashtocode.com\/de\/#organization\"},\"potentialAction\":[{\"@type\":\"SearchAction\",\"target\":{\"@type\":\"EntryPoint\",\"urlTemplate\":\"https:\/\/info.cashtocode.com\/de\/?s={search_term_string}\"},\"query-input\":{\"@type\":\"PropertyValueSpecification\",\"valueRequired\":true,\"valueName\":\"search_term_string\"}}],\"inLanguage\":\"de\"},{\"@type\":\"Organization\",\"@id\":\"https:\/\/info.cashtocode.com\/de\/#organization\",\"name\":\"CashtoCode Infoportal | Bar Bezahlen Im Internet leicht gemacht\u27a1\ufe0f\",\"url\":\"https:\/\/info.cashtocode.com\/de\/\",\"logo\":{\"@type\":\"ImageObject\",\"inLanguage\":\"de\",\"@id\":\"https:\/\/info.cashtocode.com\/de\/#\/schema\/logo\/image\/\",\"url\":\"https:\/\/info.cashtocode.com\/wp-content\/uploads\/2023\/12\/cashtocode-infoportal-logo.webp\",\"contentUrl\":\"https:\/\/info.cashtocode.com\/wp-content\/uploads\/2023\/12\/cashtocode-infoportal-logo.webp\",\"width\":833,\"height\":248,\"caption\":\"CashtoCode Infoportal | Bar Bezahlen Im Internet leicht gemacht\u27a1\ufe0f\"},\"image\":{\"@id\":\"https:\/\/info.cashtocode.com\/de\/#\/schema\/logo\/image\/\"}}]}<\/script>\n<!-- \/ Yoast SEO Premium plugin. -->","yoast_head_json":{"title":"Sultanbet Sportwetten Check 2026 | Jetzt Bonus sichern","description":"W\u00e4hle aus 25+ Sportarten bei Sultanbet. Erhalte bis zu 2.000\u20ac Bonus. Auszahlungen innerhalb von 3 Tagen.","robots":{"index":"index","follow":"follow","max-snippet":"max-snippet:-1","max-image-preview":"max-image-preview:large","max-video-preview":"max-video-preview:-1"},"canonical":"https:\/\/info.cashtocode.com\/de\/erfahrungen\/sultanbet-sportwetten\/","twitter_card":"summary_large_image","twitter_title":"Sultanbet Sportwetten Check 2026 | Jetzt Bonus sichern","twitter_description":"W\u00e4hle aus 25+ Sportarten bei Sultanbet. Erhalte bis zu 2.000\u20ac Bonus. Auszahlungen innerhalb von 3 Tagen.","twitter_image":"https:\/\/info.cashtocode.com\/wp-content\/uploads\/2023\/03\/sultanbet-logo.png","twitter_misc":{"Gesch\u00e4tzte Lesezeit":"6\u00a0Minuten"},"schema":{"@context":"https:\/\/schema.org","@graph":[{"@type":"WebPage","@id":"https:\/\/info.cashtocode.com\/de\/erfahrungen\/sultanbet-sportwetten\/","url":"https:\/\/info.cashtocode.com\/de\/erfahrungen\/sultanbet-sportwetten\/","name":"Sultanbet Sportwetten Check 2026 | Jetzt Bonus sichern","isPartOf":{"@id":"https:\/\/info.cashtocode.com\/de\/#website"},"primaryImageOfPage":{"@id":"https:\/\/info.cashtocode.com\/de\/erfahrungen\/sultanbet-sportwetten\/#primaryimage"},"image":{"@id":"https:\/\/info.cashtocode.com\/de\/erfahrungen\/sultanbet-sportwetten\/#primaryimage"},"thumbnailUrl":"https:\/\/info.cashtocode.com\/wp-content\/uploads\/2023\/03\/sultanbet-logo.png","datePublished":"2023-03-22T15:31:40+00:00","dateModified":"2025-10-08T06:02:25+00:00","description":"W\u00e4hle aus 25+ Sportarten bei Sultanbet. Erhalte bis zu 2.000\u20ac Bonus. Auszahlungen innerhalb von 3 Tagen.","breadcrumb":{"@id":"https:\/\/info.cashtocode.com\/de\/erfahrungen\/sultanbet-sportwetten\/#breadcrumb"},"inLanguage":"de","potentialAction":[{"@type":"ReadAction","target":["https:\/\/info.cashtocode.com\/de\/erfahrungen\/sultanbet-sportwetten\/"]}]},{"@type":"ImageObject","inLanguage":"de","@id":"https:\/\/info.cashtocode.com\/de\/erfahrungen\/sultanbet-sportwetten\/#primaryimage","url":"https:\/\/info.cashtocode.com\/wp-content\/uploads\/2023\/03\/sultanbet-logo.png","contentUrl":"https:\/\/info.cashtocode.com\/wp-content\/uploads\/2023\/03\/sultanbet-logo.png","width":600,"height":600,"caption":"sultanbet"},{"@type":"BreadcrumbList","@id":"https:\/\/info.cashtocode.com\/de\/erfahrungen\/sultanbet-sportwetten\/#breadcrumb","itemListElement":[{"@type":"ListItem","position":1,"name":"Produkte","item":"https:\/\/info.cashtocode.com\/de\/shop\/"},{"@type":"ListItem","position":2,"name":"Sultanbet Sportwetten Erfahrungen &#038; Test"}]},{"@type":"WebSite","@id":"https:\/\/info.cashtocode.com\/de\/#website","url":"https:\/\/info.cashtocode.com\/de\/","name":"CashtoCode Infoportal | Bar Bezahlen Im Internet leicht gemacht\u27a1\ufe0f","description":"","publisher":{"@id":"https:\/\/info.cashtocode.com\/de\/#organization"},"potentialAction":[{"@type":"SearchAction","target":{"@type":"EntryPoint","urlTemplate":"https:\/\/info.cashtocode.com\/de\/?s={search_term_string}"},"query-input":{"@type":"PropertyValueSpecification","valueRequired":true,"valueName":"search_term_string"}}],"inLanguage":"de"},{"@type":"Organization","@id":"https:\/\/info.cashtocode.com\/de\/#organization","name":"CashtoCode Infoportal | Bar Bezahlen Im Internet leicht gemacht\u27a1\ufe0f","url":"https:\/\/info.cashtocode.com\/de\/","logo":{"@type":"ImageObject","inLanguage":"de","@id":"https:\/\/info.cashtocode.com\/de\/#\/schema\/logo\/image\/","url":"https:\/\/info.cashtocode.com\/wp-content\/uploads\/2023\/12\/cashtocode-infoportal-logo.webp","contentUrl":"https:\/\/info.cashtocode.com\/wp-content\/uploads\/2023\/12\/cashtocode-infoportal-logo.webp","width":833,"height":248,"caption":"CashtoCode Infoportal | Bar Bezahlen Im Internet leicht gemacht\u27a1\ufe0f"},"image":{"@id":"https:\/\/info.cashtocode.com\/de\/#\/schema\/logo\/image\/"}}]}},"_links":{"self":[{"href":"https:\/\/info.cashtocode.com\/de\/wp-json\/wp\/v2\/product\/616895","targetHints":{"allow":["GET"]}}],"collection":[{"href":"https:\/\/info.cashtocode.com\/de\/wp-json\/wp\/v2\/product"}],"about":[{"href":"https:\/\/info.cashtocode.com\/de\/wp-json\/wp\/v2\/types\/product"}],"author":[{"embeddable":true,"href":"https:\/\/info.cashtocode.com\/de\/wp-json\/wp\/v2\/users\/18"}],"wp:featuredmedia":[{"embeddable":true,"href":"https:\/\/info.cashtocode.com\/de\/wp-json\/wp\/v2\/media\/618539"}],"wp:attachment":[{"href":"https:\/\/info.cashtocode.com\/de\/wp-json\/wp\/v2\/media?parent=616895"}],"wp:term":[{"taxonomy":"store","embeddable":true,"href":"https:\/\/info.cashtocode.com\/de\/wp-json\/wp\/v2\/store?post=616895"},{"taxonomy":"product_brand","embeddable":true,"href":"https:\/\/info.cashtocode.com\/de\/wp-json\/wp\/v2\/product_brand?post=616895"},{"taxonomy":"product_cat","embeddable":true,"href":"https:\/\/info.cashtocode.com\/de\/wp-json\/wp\/v2\/product_cat?post=616895"},{"taxonomy":"product_tag","embeddable":true,"href":"https:\/\/info.cashtocode.com\/de\/wp-json\/wp\/v2\/product_tag?post=616895"}],"curies":[{"name":"wp","href":"https:\/\/api.w.org\/{rel}","templated":true}]}}