{"id":617190,"date":"2023-03-23T14:29:42","date_gmt":"2023-03-23T14:29:42","guid":{"rendered":"https:\/\/info.cashtocode.com\/?post_type=product&#038;p=617190"},"modified":"2025-10-08T05:53:07","modified_gmt":"2025-10-08T05:53:07","slug":"crypto-voucher","status":"publish","type":"product","link":"https:\/\/info.cashtocode.com\/de\/erfahrungen\/crypto-voucher\/","title":{"rendered":"Crypto Voucher Erfahrungen &#038; Test"},"content":{"rendered":"<div class=\"rate_bar_wrap\"><div class=\"review-top\"><div class=\"overall-score\"><span class=\"overall r_score_9\">9.4<\/span><span class=\"overall-text\">Expert Score<\/span><\/div><div class=\"review-text\"><div><div class=\"rehub-main-font font150 fontbold mb15\">Expertenmeinung<\/div>Crypto Voucher bietet Zugang zu den bekanntesten Kryptow\u00e4hrungen, unterst\u00fctzt zahlreiche Zahlungsmethoden und punktet durch niedrige Transaktionsgeb\u00fchren. Die schnellen Transaktionen und die benutzerfreundliche Oberfl\u00e4che machen das Handeln mit Kryptow\u00e4hrungen besonders einfach und angenehm.<\/div><\/div><\/div><div class=\"rh-line mb10 mt10\"><\/div><div class=\"mt20 flowhidden\"><div class=\"wpsm-one-half wpsm-column-first\"><div class=\"wpsm_pros\"><div class=\"title_pros\">PROS<\/div><ul><li>Top-Kryptow\u00e4hrungen verf\u00fcgbar\r<\/li><li>viele Zahlungsmethoden\r<\/li><li>niedrige Transaktionsgeb\u00fchren\r<\/li><li>schnelle Transaktionen\r<\/li><li>einfache Benutzeroberfl\u00e4che<\/li><\/ul><\/div><\/div><div class=\"wpsm-one-half wpsm-column-last\"><div class=\"wpsm_cons\"><div class=\"title_cons\">CONS<\/div><ul><li>keine deutschsprachige Webseite<\/li><\/ul><\/div><\/div><\/div><\/div>\n\n\n\n<p><strong>Crypto Voucher<\/strong>&nbsp;wirbt damit, die perfekte L\u00f6sung f\u00fcr all jene zu bieten, die nach einer einfachen M\u00f6glichkeit suchen, Bitcoin und andere Kryptow\u00e4hrungen zu kaufen. Doch trifft dies tats\u00e4chlich zu? Welche&nbsp;<strong>Kryptow\u00e4hrungen<\/strong>&nbsp;sind auf der Plattform verf\u00fcgbar? Wer steckt hinter dem Unternehmen? Gibt es einen reaktionsschnellen Online-Support? Wir haben die Seite von A bis Z \u00fcberpr\u00fcft und getestet und verraten dir alle wichtigen Fakten in den nachfolgenden&nbsp;<strong>Crypto Voucher Erfahrungen.<\/strong><\/p>\n\n\n\n<h2 class=\"wp-block-heading\" id=\"was-ist-crypto-voucher\">Was ist Crypto Voucher?<\/h2>\n\n\n\n<p><strong>Crypto Voucher<\/strong>&nbsp;wurde im&nbsp;<strong>Jahr 2017<\/strong>&nbsp;mit dem Ziel gegr\u00fcndet Kryptow\u00e4hrungen leichter zug\u00e4nglich zu machen. Das ist dem Start-up gelungen, sodass das Unternehmen seinen Kunden seither einen einfachen Weg bietet,&nbsp;<strong>Bitcoin, Ethereum und andere Kryptow\u00e4hrungen<\/strong>&nbsp;zu erwerben. Dabei kombiniert die Plattform<strong>&nbsp;innovative Technologien<\/strong>&nbsp;mit einem effektiven Gesch\u00e4ftsmodell, um einen schnellen und sicheren Prozess zum sofortigen Kauf von Kryptow\u00e4hrungen zu erm\u00f6glichen.<\/p>\n\n\n\n<h2 class=\"wp-block-heading\" id=\"verfugbare-kryptowahrungen\">Verf\u00fcgbare Kryptow\u00e4hrungen<\/h2>\n\n\n\n<p>Im Moment kannst du<strong>&nbsp;8 verschiedene Kryptow\u00e4hrungen<\/strong>&nbsp;auf der Plattform erwerben und handeln. In unseren CashtoCode Erfahrungen haben wir&nbsp;<strong>Bitcoin, Ethereum, Litecoin, Dogecoin, USD Coin, Binance Coin, Polygon\u2019s MATIC und Solana&nbsp;<\/strong>gesichtet. Damit deckt der Anbieter bereits ein breites Spektrum beliebter Kryptos ab und es ist nat\u00fcrlich nicht ausgeschlossen, dass das Portfolio in der Zukunft noch erweitert wird.<\/p>\n\n\n\n<h2 class=\"wp-block-heading\" id=\"crypto-voucher-registrierung-login\">Crypto Voucher Registrierung & Login<\/h2>\n\n\n\n<p>Ehe du mit dem Handeln von Kryptow\u00e4hrungen loslegen kannst, musst du&nbsp;<strong>ein Konto&nbsp;<\/strong>auf der Webseite erstellen. Das ist in 3 einfachen Schritten erledigt. In unseren Crypto Voucher Erfahrungen hat es unter 2 Minuten gedauert, bis unser Konto einsatzbereit war. Um deine Anmeldung erfolgreich abzuschlie\u00dfen, folgst du diesen Schritten:<\/p>\n\n\n\n<ol class=\"wp-block-list\">\n<li>Klicke zun\u00e4chst auf den Button \u201eCreate Account\u201c in der oberen rechten Ecke der Webseite.<\/li>\n\n\n\n<li>Danach gibst du deine E-Mail-Adresse ein, woraufhin dir zur Best\u00e4tigung ein E-Mail zugesandt wird.<\/li>\n\n\n\n<li>Klicke auf den Link im E-Mail, um mit der Anmeldung fortzufahren. Im Fenster, welches sich \u00f6ffnet, kannst du nun ein sicheres Passwort bestimmen.<\/li>\n<\/ol>\n\n\n\n<h2 class=\"wp-block-heading\" id=\"crypto-voucher-verifizierung\">Crypto Voucher Verifizierung<\/h2>\n\n\n\n<p>Bevor du deine erste Einzahlung machen und Kryptow\u00e4hrungen mit Fiat-Geld kaufen kannst, steht dir noch die&nbsp;<strong>Crypto Voucher Verifizierung&nbsp;<\/strong>bevor. Dabei handelt es sich um eine \u00fcbliche&nbsp;<strong>Kundenidentifikation<\/strong>. Diese Verifizierung besteht aus drei Phasen:<\/p>\n\n\n\n<ol class=\"wp-block-list\">\n<li>Angabe personenbezogener Daten<\/li>\n\n\n\n<li>Zuweisung eines Vouchers<\/li>\n\n\n\n<li>Verifizierung deiner Dokumente<\/li>\n<\/ol>\n\n\n\n<p>Schritt 1 und 2 sind mit der Angabe deiner Daten im Handumdrehen erledigt. Bei der Verifizierung deiner Dokumente kannst du dich entscheiden, ob du den&nbsp;<strong>automatischen oder manuellen KYC-Prozess&nbsp;<\/strong>starten m\u00f6chtest. W\u00e4hlst du den automatischen Weg, ist der Verifizierungsvorgang in&nbsp;<strong>5-10 Minuten<\/strong>&nbsp;abgeschlossen. \u00dcber den manuellen Weg kann es bis zu 10 Stunden dauern, bis die Verifizierung deiner Dokumente abgeschlossen ist. In unseren Crypto Voucher Erfahrungen haben wir die empfohlene automatische Verifizierung gew\u00e4hlt und konnten den Vorgang problemlos in unter 10 Minuten abschlie\u00dfen.<\/p>\n\n\n\n<h2 class=\"wp-block-heading\" id=\"wo-kannst-du-crypto-voucher-kaufen\">Wo kannst du Crypto Voucher kaufen?<\/h2>\n\n\n\n<p>Die Plattform bietet dir eine breite Palette an Bezahlm\u00f6glichkeiten. Du kannst deinen Voucher mit&nbsp;<strong>Kreditkarte oder Bank\u00fcberweisung<\/strong>&nbsp;kaufen oder mithilfe von verschiedenen&nbsp;<strong>Geschenkkarten<\/strong>&nbsp;umtauschen. Au\u00dferdem hast du die M\u00f6glichkeit&nbsp;<strong>Prepaid-Zahlungsmittel<\/strong>&nbsp;zu nutzen, mit welchen du entweder beim Online-H\u00e4ndler oder in einem Partnershop in deiner N\u00e4he bezahlen kannst. <\/p>\n\n\n\n<p>Dein erworbener Voucher ist\u00a0<strong>180 Tage ab Kaufdatum g\u00fcltig.\u00a0<\/strong>Wir empfehlen dir, diesen auch innerhalb dieses Zeitraumes zu verwenden. Deinen Voucher kannst du sofort nach dem Kauf gegen eine bestimmte Kryptow\u00e4hrung zum Echtzeitkurs der Kryptow\u00e4hrung umtauschen. Deine verf\u00fcgbaren\u00a0<strong>Voucher\u00a0<\/strong>findest du in deinem Konto im Punkt\u00a0<strong>\u201eMy Vouchers\u201c.<\/strong><\/p>\n\n\n\n<h2 class=\"wp-block-heading\" id=\"ist-crypto-voucher-sicher\">Ist Crypto Voucher sicher?<\/h2>\n\n\n\n<p>Hinter Crypto Voucher steht das&nbsp;<strong>Unternehmen Fintegence, s.r.o.&nbsp;<\/strong>mit Sitz in der Slowakei. \u00dcber die Jahre hinweg konnte sich das Unternehmen etablieren und einen guten Ruf aufbauen.<\/p>\n\n\n\n<p>Auf der kritischen&nbsp;<strong>Bewertungsplattform Trustpilot&nbsp;<\/strong>gab es im Zeitpunkt unseres Crypto Voucher Tests&nbsp;<strong>76% \u201eExzellente\u201c Bewertungen<\/strong>&nbsp;bei gesamt&nbsp;<strong>4.4. vergebenen Sternen.<\/strong>&nbsp;Beschwerden betreffen h\u00e4ufig den&nbsp;<strong>Verifizierungsprozess,&nbsp;<\/strong>welcher jedoch eine notwendige Vorkehrung ist, um maximale Sicherheit auf der Plattform zu gew\u00e4hrleisten.<\/p>\n\n\n\n<p>Die Webseite bietet&nbsp;<strong>modernste Verschl\u00fcsselungstechnologien<\/strong>&nbsp;zum Schutz deiner Daten und Internetverbindung. Zudem findest du in der Fu\u00dfzeile viele relevante Informationen, zum Beispiel zum Datenschutzes. Auch nach Durchsicht der&nbsp;<strong>AGB<\/strong>&nbsp;haben wir gl\u00fccklicherweise keine b\u00f6sen \u00dcberraschungen entdeckt.<\/p>\n\n\n\n<p>Nicht zuletzt sagt auch die Kooperation mit vielen sicheren Bezahlmethoden etwas \u00fcber die Vertrauensw\u00fcrdigkeit des Anbieters aus. <\/p>\n\n\n\n<p>Um dein Konto zus\u00e4tzlich abzusichern, kannst du in den Kontoeinstellungen die&nbsp;<strong>Zwei-Faktor-Authentifizierung (2FA)&nbsp;<\/strong>aktivieren. Du hast die Wahl zwischen&nbsp;<strong>Google Authenticator oder Verifizierung \u00fcber SMS.&nbsp;<\/strong>Wir k\u00f6nnen dir diese Sicherheitsvorkehrung nur w\u00e4rmstens empfehlen, um dein Online-Konto<strong>&nbsp;<\/strong>zus\u00e4tzlich abzusichern.<\/p>\n\n\n\n<h2 class=\"wp-block-heading\" id=\"crypto-voucher-support\">Crypto Voucher Support<\/h2>\n\n\n\n<p>Im&nbsp;<strong>Men\u00fcpunkt Helpdesk<\/strong>&nbsp;findest du einen ausf\u00fchrlichen<strong>&nbsp;FAQ-Bereich.<\/strong>&nbsp;Dieser bietet sich als erste Anlaufstelle an, wenn eine Frage auftaucht. Dort werden Themen wie&nbsp;<strong>Zahlungsprozesse, Konto, Marktplatz, Wallet&nbsp;<\/strong>usw. im Detail behandelt.<\/p>\n\n\n\n<p>Findest du im Helpdesk nicht die Antwort auf deine Frage, kannst du direkt bei den einzelnen Fragen ein Kontaktformular ausf\u00fcllen und dem&nbsp;<strong>Crypto Voucher Support<\/strong>&nbsp;dein Anliegen mitteilen. Die Antwortzeiten variieren, wobei wir in unseren Crypto Voucher Erfahrungen stets&nbsp;<strong>R\u00fcckmeldungen innerhalb einer Stunde<\/strong>&nbsp;erhalten haben.<\/p>\n\n\n\n<p>Einen Live-Chat direkt auf der Webseite haben wir im CashtoCode Test nicht gefunden. Es gibt in der Fu\u00dfzeile der Webseite jedoch neben den Links zu&nbsp;<strong>diversen Social-Media-Plattformen<\/strong>&nbsp;auch einen&nbsp;<strong>Link zu Discord.<\/strong>&nbsp;Dort kannst du deine Fragen im Chat an das<strong>&nbsp;Support-Team<\/strong>&nbsp;richten.<\/p>\n\n\n\n<h2 class=\"wp-block-heading\" id=\"crypto-voucher-gebuhren-und-entgelte\">Crypto Voucher Geb\u00fchren und Entgelte<\/h2>\n\n\n\n<p>Alle Informationen \u00fcber&nbsp;<strong>Geb\u00fchren, Entgelte und Limits<\/strong>&nbsp;findest du im Punkt \u201eFees and limits\u201c im Footer der Webseite. Die Geb\u00fchren f\u00fcr die Einzahlung in deine&nbsp;<strong>Crypto Voucher Wallet<\/strong>&nbsp;h\u00e4ngen immer von deiner gew\u00e4hlten Zahlungsmethode ab. F\u00fcr deine erste Einzahlung im Monat werden vom Anbieter selbst keine Servicegeb\u00fchren verrechnet. F\u00fcr alle weiteren Einzahlungen im Zeitraum von 30 Tagen f\u00e4llt eine&nbsp;<strong>Servicegeb\u00fchr von 4%&nbsp;<\/strong>an. Der endg\u00fcltige Betrag deines Kaufs wird dir, inklusive Geb\u00fchren, nach der Auswahl der Zahlungsmethode angezeigt.<\/p>\n\n\n\n<h2 class=\"wp-block-heading\" id=\"crypto-voucher-erfahrungen-fazit\">Crypto Voucher Erfahrungen & Fazit<\/h2>\n\n\n\n<p>Unsere Crypto Voucher Erfahrungen k\u00f6nnen mit einem durchwegs&nbsp;<strong>positivem Fazit<\/strong>&nbsp;abgeschlossen werden. Der \u00fcbersichtliche und&nbsp;<strong>intuitive Aufbau der Webseite&nbsp;<\/strong>macht es selbst f\u00fcr Neulinge in der Krypto-Szene m\u00f6glich, unkompliziert und sicher Kryptow\u00e4hrungen zu erwerben. Insbesondere f\u00fcr unsere deutschsprachige&nbsp;<strong>CashtoCode Community<\/strong>&nbsp;w\u00fcrden wir uns f\u00fcr die Zukunft noch w\u00fcnschen, dass eine&nbsp;<strong>deutschsprachige Version der Webseite&nbsp;<\/strong>verf\u00fcgbar wird.<\/p>\n\n\n\n<p>Neben den<strong>&nbsp;8 verf\u00fcgbaren Kryptow\u00e4hrungen,<\/strong>&nbsp;welche mit dem Crypto Voucher gekauft werden k\u00f6nnen, stehen dir auch zahlreiche sicherer Methoden f\u00fcr deine Einzahlungen bereit. Die Geb\u00fchren sind absolut \u00fcberschaubar und fallen im Vergleich zu vielen anderen Anbietern sogar noch etwas g\u00fcnstiger aus.<\/p>\n\n\n\n<p>Zusammengefasst hat uns der Anbieter durchwegs \u00fcberzeugt. Du hast hier die M\u00f6glichkeit eine <strong>sichere Plattform<\/strong>&nbsp;zu nutzen, um auf einfachen und schnellen Wege Kryptow\u00e4hrungen zu erwerben. Schau dich am besten selbst auf der Webseite um und probiere&nbsp;<strong>Crypto Voucher&nbsp;<\/strong>aus!<\/p>\n\n\n\n<h2 class=\"wp-block-heading\" id=\"faq\">FAQ<\/h2>\n\n\n<div class=\"wpsm-accordion mb30\" data-accordion=\"yes\" itemscope=\"\" itemtype=\"https:\/\/schema.org\/FAQPage\"><div class=\"wpsm-accordion-item close\" itemscope=\"\" itemprop=\"mainEntity\" itemtype=\"https:\/\/schema.org\/Question\"><h3 class=\"wpsm-accordion-trigger\" itemprop=\"name\">Was bedeutet Crypto Voucher redeem?<\/h3><div class=\"accordion-content\"  itemscope=\"\" itemprop=\"acceptedAnswer\" itemtype=\"https:\/\/schema.org\/Answer\"><div itemprop=\"text\">Du kannst deinen Voucher einl\u00f6sen, indem du dich in dein Konto einloggst und im Men\u00fc auf die Schaltfl\u00e4che \u201eredeem\u201c klickst.<\/div><\/div><\/div><div class=\"wpsm-accordion-item close\" itemscope=\"\" itemprop=\"mainEntity\" itemtype=\"https:\/\/schema.org\/Question\"><h3 class=\"wpsm-accordion-trigger\" itemprop=\"name\">Ist Crypto Voucher sicher oder Scam?<\/h3><div class=\"accordion-content\"  itemscope=\"\" itemprop=\"acceptedAnswer\" itemtype=\"https:\/\/schema.org\/Answer\"><div itemprop=\"text\">Der Anbieter ist sicher, das konnten unsere Crypto Voucher Erfahrungen im Detail best\u00e4tigen.<\/div><\/div><\/div><div class=\"wpsm-accordion-item close\" itemscope=\"\" itemprop=\"mainEntity\" itemtype=\"https:\/\/schema.org\/Question\"><h3 class=\"wpsm-accordion-trigger\" itemprop=\"name\">Gibt es eine Crypto Voucher App?<\/h3><div class=\"accordion-content\"  itemscope=\"\" itemprop=\"acceptedAnswer\" itemtype=\"https:\/\/schema.org\/Answer\"><div itemprop=\"text\">Nein, es gibt keine Crypto Voucher App zum Downloaden. Du kannst jedoch ganz einfach \u00fcber den Browser deines Mobilger\u00e4tes auf die Webseite zugreifen und die mobile Version der Webseite nutzen.<\/div><\/div><\/div><\/div>\n","protected":false},"excerpt":{"rendered":"<p>Crypto Voucher&nbsp;wirbt damit, die perfekte L\u00f6sung f\u00fcr all jene zu bieten, die nach einer einfachen M\u00f6glichkeit suchen, Bitcoin und andere Kryptow\u00e4hrungen zu kaufen. Doch trifft dies tats\u00e4chlich zu? Welche&nbsp;Kryptow\u00e4hrungen&nbsp;sind auf der Plattform verf\u00fcgbar? Wer steckt hinter dem Unternehmen? Gibt es einen reaktionsschnellen Online-Support? Wir haben die Seite von A bis Z \u00fcberpr\u00fcft und getestet und [&hellip;]<\/p>\n","protected":false},"author":18,"featured_media":618579,"template":"","meta":{"_acf_changed":false,"_gspb_post_css":""},"store":[],"product_brand":[],"product_cat":[691],"product_tag":[],"class_list":{"0":"post-617190","1":"product","2":"type-product","3":"status-publish","4":"has-post-thumbnail","6":"product_cat-erfahrungen","8":"first","9":"instock","10":"shipping-taxable","11":"product-type-external"},"acf":[],"yoast_head":"<!-- This site is optimized with the Yoast SEO Premium plugin v26.3 (Yoast SEO v26.3) - https:\/\/yoast.com\/wordpress\/plugins\/seo\/ -->\n<title>Crypto Voucher Angebots-Check 2026 | Jetzt Bonus sichern<\/title>\n<meta name=\"description\" content=\"W\u00e4hle aus allen Kryptow\u00e4hrungen bei CryptoVoucher. Kaufe die besten Kryptow\u00e4hrungen zu niedrigen Transaktionsgeb\u00fchren.\" \/>\n<meta name=\"robots\" content=\"index, follow, max-snippet:-1, max-image-preview:large, max-video-preview:-1\" \/>\n<link rel=\"canonical\" href=\"https:\/\/info.cashtocode.com\/de\/erfahrungen\/crypto-voucher\/\" \/>\n<meta name=\"twitter:card\" content=\"summary_large_image\" \/>\n<meta name=\"twitter:title\" content=\"Crypto Voucher Angebots-Check 2026 | Jetzt Bonus sichern\" \/>\n<meta name=\"twitter:description\" content=\"W\u00e4hle aus allen Kryptow\u00e4hrungen bei CryptoVoucher. Kaufe die besten Kryptow\u00e4hrungen zu niedrigen Transaktionsgeb\u00fchren.\" \/>\n<meta name=\"twitter:image\" content=\"https:\/\/info.cashtocode.com\/wp-content\/uploads\/2023\/03\/crypto-voucher-io-logo.png\" \/>\n<meta name=\"twitter:label1\" content=\"Gesch\u00e4tzte Lesezeit\" \/>\n\t<meta name=\"twitter:data1\" content=\"6\u00a0Minuten\" \/>\n<script type=\"application\/ld+json\" class=\"yoast-schema-graph\">{\"@context\":\"https:\/\/schema.org\",\"@graph\":[{\"@type\":\"WebPage\",\"@id\":\"https:\/\/info.cashtocode.com\/de\/erfahrungen\/crypto-voucher\/\",\"url\":\"https:\/\/info.cashtocode.com\/de\/erfahrungen\/crypto-voucher\/\",\"name\":\"Crypto Voucher Angebots-Check 2026 | Jetzt Bonus sichern\",\"isPartOf\":{\"@id\":\"https:\/\/info.cashtocode.com\/de\/#website\"},\"primaryImageOfPage\":{\"@id\":\"https:\/\/info.cashtocode.com\/de\/erfahrungen\/crypto-voucher\/#primaryimage\"},\"image\":{\"@id\":\"https:\/\/info.cashtocode.com\/de\/erfahrungen\/crypto-voucher\/#primaryimage\"},\"thumbnailUrl\":\"https:\/\/info.cashtocode.com\/wp-content\/uploads\/2023\/03\/crypto-voucher-io-logo.png\",\"datePublished\":\"2023-03-23T14:29:42+00:00\",\"dateModified\":\"2025-10-08T05:53:07+00:00\",\"description\":\"W\u00e4hle aus allen Kryptow\u00e4hrungen bei CryptoVoucher. Kaufe die besten Kryptow\u00e4hrungen zu niedrigen Transaktionsgeb\u00fchren.\",\"breadcrumb\":{\"@id\":\"https:\/\/info.cashtocode.com\/de\/erfahrungen\/crypto-voucher\/#breadcrumb\"},\"inLanguage\":\"de\",\"potentialAction\":[{\"@type\":\"ReadAction\",\"target\":[\"https:\/\/info.cashtocode.com\/de\/erfahrungen\/crypto-voucher\/\"]}]},{\"@type\":\"ImageObject\",\"inLanguage\":\"de\",\"@id\":\"https:\/\/info.cashtocode.com\/de\/erfahrungen\/crypto-voucher\/#primaryimage\",\"url\":\"https:\/\/info.cashtocode.com\/wp-content\/uploads\/2023\/03\/crypto-voucher-io-logo.png\",\"contentUrl\":\"https:\/\/info.cashtocode.com\/wp-content\/uploads\/2023\/03\/crypto-voucher-io-logo.png\",\"width\":600,\"height\":600,\"caption\":\"crypto voucher io\"},{\"@type\":\"BreadcrumbList\",\"@id\":\"https:\/\/info.cashtocode.com\/de\/erfahrungen\/crypto-voucher\/#breadcrumb\",\"itemListElement\":[{\"@type\":\"ListItem\",\"position\":1,\"name\":\"Produkte\",\"item\":\"https:\/\/info.cashtocode.com\/de\/shop\/\"},{\"@type\":\"ListItem\",\"position\":2,\"name\":\"Crypto Voucher Erfahrungen &#038; Test\"}]},{\"@type\":\"WebSite\",\"@id\":\"https:\/\/info.cashtocode.com\/de\/#website\",\"url\":\"https:\/\/info.cashtocode.com\/de\/\",\"name\":\"CashtoCode Infoportal | Bar Bezahlen Im Internet leicht gemacht\u27a1\ufe0f\",\"description\":\"\",\"publisher\":{\"@id\":\"https:\/\/info.cashtocode.com\/de\/#organization\"},\"potentialAction\":[{\"@type\":\"SearchAction\",\"target\":{\"@type\":\"EntryPoint\",\"urlTemplate\":\"https:\/\/info.cashtocode.com\/de\/?s={search_term_string}\"},\"query-input\":{\"@type\":\"PropertyValueSpecification\",\"valueRequired\":true,\"valueName\":\"search_term_string\"}}],\"inLanguage\":\"de\"},{\"@type\":\"Organization\",\"@id\":\"https:\/\/info.cashtocode.com\/de\/#organization\",\"name\":\"CashtoCode Infoportal | Bar Bezahlen Im Internet leicht gemacht\u27a1\ufe0f\",\"url\":\"https:\/\/info.cashtocode.com\/de\/\",\"logo\":{\"@type\":\"ImageObject\",\"inLanguage\":\"de\",\"@id\":\"https:\/\/info.cashtocode.com\/de\/#\/schema\/logo\/image\/\",\"url\":\"https:\/\/info.cashtocode.com\/wp-content\/uploads\/2023\/12\/cashtocode-infoportal-logo.webp\",\"contentUrl\":\"https:\/\/info.cashtocode.com\/wp-content\/uploads\/2023\/12\/cashtocode-infoportal-logo.webp\",\"width\":833,\"height\":248,\"caption\":\"CashtoCode Infoportal | Bar Bezahlen Im Internet leicht gemacht\u27a1\ufe0f\"},\"image\":{\"@id\":\"https:\/\/info.cashtocode.com\/de\/#\/schema\/logo\/image\/\"}}]}<\/script>\n<!-- \/ Yoast SEO Premium plugin. -->","yoast_head_json":{"title":"Crypto Voucher Angebots-Check 2026 | Jetzt Bonus sichern","description":"W\u00e4hle aus allen Kryptow\u00e4hrungen bei CryptoVoucher. Kaufe die besten Kryptow\u00e4hrungen zu niedrigen Transaktionsgeb\u00fchren.","robots":{"index":"index","follow":"follow","max-snippet":"max-snippet:-1","max-image-preview":"max-image-preview:large","max-video-preview":"max-video-preview:-1"},"canonical":"https:\/\/info.cashtocode.com\/de\/erfahrungen\/crypto-voucher\/","twitter_card":"summary_large_image","twitter_title":"Crypto Voucher Angebots-Check 2026 | Jetzt Bonus sichern","twitter_description":"W\u00e4hle aus allen Kryptow\u00e4hrungen bei CryptoVoucher. Kaufe die besten Kryptow\u00e4hrungen zu niedrigen Transaktionsgeb\u00fchren.","twitter_image":"https:\/\/info.cashtocode.com\/wp-content\/uploads\/2023\/03\/crypto-voucher-io-logo.png","twitter_misc":{"Gesch\u00e4tzte Lesezeit":"6\u00a0Minuten"},"schema":{"@context":"https:\/\/schema.org","@graph":[{"@type":"WebPage","@id":"https:\/\/info.cashtocode.com\/de\/erfahrungen\/crypto-voucher\/","url":"https:\/\/info.cashtocode.com\/de\/erfahrungen\/crypto-voucher\/","name":"Crypto Voucher Angebots-Check 2026 | Jetzt Bonus sichern","isPartOf":{"@id":"https:\/\/info.cashtocode.com\/de\/#website"},"primaryImageOfPage":{"@id":"https:\/\/info.cashtocode.com\/de\/erfahrungen\/crypto-voucher\/#primaryimage"},"image":{"@id":"https:\/\/info.cashtocode.com\/de\/erfahrungen\/crypto-voucher\/#primaryimage"},"thumbnailUrl":"https:\/\/info.cashtocode.com\/wp-content\/uploads\/2023\/03\/crypto-voucher-io-logo.png","datePublished":"2023-03-23T14:29:42+00:00","dateModified":"2025-10-08T05:53:07+00:00","description":"W\u00e4hle aus allen Kryptow\u00e4hrungen bei CryptoVoucher. Kaufe die besten Kryptow\u00e4hrungen zu niedrigen Transaktionsgeb\u00fchren.","breadcrumb":{"@id":"https:\/\/info.cashtocode.com\/de\/erfahrungen\/crypto-voucher\/#breadcrumb"},"inLanguage":"de","potentialAction":[{"@type":"ReadAction","target":["https:\/\/info.cashtocode.com\/de\/erfahrungen\/crypto-voucher\/"]}]},{"@type":"ImageObject","inLanguage":"de","@id":"https:\/\/info.cashtocode.com\/de\/erfahrungen\/crypto-voucher\/#primaryimage","url":"https:\/\/info.cashtocode.com\/wp-content\/uploads\/2023\/03\/crypto-voucher-io-logo.png","contentUrl":"https:\/\/info.cashtocode.com\/wp-content\/uploads\/2023\/03\/crypto-voucher-io-logo.png","width":600,"height":600,"caption":"crypto voucher io"},{"@type":"BreadcrumbList","@id":"https:\/\/info.cashtocode.com\/de\/erfahrungen\/crypto-voucher\/#breadcrumb","itemListElement":[{"@type":"ListItem","position":1,"name":"Produkte","item":"https:\/\/info.cashtocode.com\/de\/shop\/"},{"@type":"ListItem","position":2,"name":"Crypto Voucher Erfahrungen &#038; Test"}]},{"@type":"WebSite","@id":"https:\/\/info.cashtocode.com\/de\/#website","url":"https:\/\/info.cashtocode.com\/de\/","name":"CashtoCode Infoportal | Bar Bezahlen Im Internet leicht gemacht\u27a1\ufe0f","description":"","publisher":{"@id":"https:\/\/info.cashtocode.com\/de\/#organization"},"potentialAction":[{"@type":"SearchAction","target":{"@type":"EntryPoint","urlTemplate":"https:\/\/info.cashtocode.com\/de\/?s={search_term_string}"},"query-input":{"@type":"PropertyValueSpecification","valueRequired":true,"valueName":"search_term_string"}}],"inLanguage":"de"},{"@type":"Organization","@id":"https:\/\/info.cashtocode.com\/de\/#organization","name":"CashtoCode Infoportal | Bar Bezahlen Im Internet leicht gemacht\u27a1\ufe0f","url":"https:\/\/info.cashtocode.com\/de\/","logo":{"@type":"ImageObject","inLanguage":"de","@id":"https:\/\/info.cashtocode.com\/de\/#\/schema\/logo\/image\/","url":"https:\/\/info.cashtocode.com\/wp-content\/uploads\/2023\/12\/cashtocode-infoportal-logo.webp","contentUrl":"https:\/\/info.cashtocode.com\/wp-content\/uploads\/2023\/12\/cashtocode-infoportal-logo.webp","width":833,"height":248,"caption":"CashtoCode Infoportal | Bar Bezahlen Im Internet leicht gemacht\u27a1\ufe0f"},"image":{"@id":"https:\/\/info.cashtocode.com\/de\/#\/schema\/logo\/image\/"}}]}},"_links":{"self":[{"href":"https:\/\/info.cashtocode.com\/de\/wp-json\/wp\/v2\/product\/617190","targetHints":{"allow":["GET"]}}],"collection":[{"href":"https:\/\/info.cashtocode.com\/de\/wp-json\/wp\/v2\/product"}],"about":[{"href":"https:\/\/info.cashtocode.com\/de\/wp-json\/wp\/v2\/types\/product"}],"author":[{"embeddable":true,"href":"https:\/\/info.cashtocode.com\/de\/wp-json\/wp\/v2\/users\/18"}],"wp:featuredmedia":[{"embeddable":true,"href":"https:\/\/info.cashtocode.com\/de\/wp-json\/wp\/v2\/media\/618579"}],"wp:attachment":[{"href":"https:\/\/info.cashtocode.com\/de\/wp-json\/wp\/v2\/media?parent=617190"}],"wp:term":[{"taxonomy":"store","embeddable":true,"href":"https:\/\/info.cashtocode.com\/de\/wp-json\/wp\/v2\/store?post=617190"},{"taxonomy":"product_brand","embeddable":true,"href":"https:\/\/info.cashtocode.com\/de\/wp-json\/wp\/v2\/product_brand?post=617190"},{"taxonomy":"product_cat","embeddable":true,"href":"https:\/\/info.cashtocode.com\/de\/wp-json\/wp\/v2\/product_cat?post=617190"},{"taxonomy":"product_tag","embeddable":true,"href":"https:\/\/info.cashtocode.com\/de\/wp-json\/wp\/v2\/product_tag?post=617190"}],"curies":[{"name":"wp","href":"https:\/\/api.w.org\/{rel}","templated":true}]}}